{"id":1019,"date":"2017-11-06T13:58:49","date_gmt":"2017-11-06T13:58:49","guid":{"rendered":"http:\/\/localhost\/autoconsumo\/?page_id=1019"},"modified":"2017-12-04T15:53:39","modified_gmt":"2017-12-04T15:53:39","slug":"instrumentos-de-fomento-para-sst","status":"publish","type":"page","link":"https:\/\/autoconsumo.minenergia.cl\/?page_id=1019","title":{"rendered":"Instrumentos de fomento para SST"},"content":{"rendered":"<p>En la actualidad existen tres mecanismos de fomento para la instalaci\u00f3n de Sistemas Solares T\u00e9rmicos para la provisi\u00f3n de agua caliente sanitaria en viviendas.<\/p>\n<p>Para mayor informaci\u00f3n visite la secci\u00f3n de Sistemas Solares t\u00e9rmicas del Ministerio de Energ\u00eda <a href=\"http:\/\/www.minenergia.cl\/sst\/\" target=\"_blank\" rel=\"noopener noreferrer\">aqu\u00ed.<\/a><\/p>\n<p><a href=\"http:\/\/www.minenergia.cl\/sst\/\" target=\"_blank\" rel=\"noopener noreferrer\"><img loading=\"lazy\" decoding=\"async\" class=\"alignnone size-full wp-image-1021\" src=\"https:\/\/autoconsumo.minenergia.cl\/wp-content\/uploads\/2017\/11\/baner_SST.jpg\" alt=\"\" width=\"321\" height=\"101\" srcset=\"https:\/\/autoconsumo.minenergia.cl\/wp-content\/uploads\/2017\/11\/baner_SST.jpg 321w, https:\/\/autoconsumo.minenergia.cl\/wp-content\/uploads\/2017\/11\/baner_SST-300x94.jpg 300w, https:\/\/autoconsumo.minenergia.cl\/wp-content\/uploads\/2017\/11\/baner_SST-320x101.jpg 320w\" sizes=\"auto, (max-width: 321px) 100vw, 321px\" \/><\/a><\/p>\n<p>Descargue informativo sobre los Instrumentos de Fomento para SST <a href=\"http:\/\/www.minenergia.cl\/sst\/wp-content\/uploads\/2016\/05\/Diptico-SST-abril-2017.pdf\" target=\"_blank\" rel=\"noopener noreferrer\">aqu\u00ed<\/a>.<\/p>\n<p><a href=\"http:\/\/www.minenergia.cl\/sst\/wp-content\/uploads\/2016\/05\/Diptico-SST-abril-2017.pdf\" target=\"_blank\" rel=\"noopener noreferrer\"><img loading=\"lazy\" decoding=\"async\" class=\"alignnone wp-image-1023\" src=\"https:\/\/autoconsumo.minenergia.cl\/wp-content\/uploads\/2017\/11\/informativo-instrumentos-sst.png\" alt=\"\" width=\"174\" height=\"227\" srcset=\"https:\/\/autoconsumo.minenergia.cl\/wp-content\/uploads\/2017\/11\/informativo-instrumentos-sst.png 377w, https:\/\/autoconsumo.minenergia.cl\/wp-content\/uploads\/2017\/11\/informativo-instrumentos-sst-230x300.png 230w\" sizes=\"auto, (max-width: 174px) 100vw, 174px\" \/><\/a><\/p>\n<p>El Explorador\u00a0 Solar del Ministerio de Energ\u00eda cuenta con una herramienta que permite a cualquier ciudadano calcular el ahorro que generar\u00eda la instalaci\u00f3n de un SST para la generaci\u00f3n de agua caliente sanitaria en cualquier lugar del pa\u00eds.<\/p>\n<p>De manera complementaria el m\u00f3dulo Sistema Solar T\u00e9rmico del Explorador Solar permite calcular la Contribuci\u00f3n Solar M\u00ednima (CSM) exigida para la recepci\u00f3n beneficios considerados en los distintos\u00a0 Instrumentos de Fomentos.<\/p>\n<p><a href=\"http:\/\/ernc.dgf.uchile.cl:48080\/termico\" target=\"_blank\" rel=\"noopener noreferrer\"><img loading=\"lazy\" decoding=\"async\" class=\"alignnone wp-image-1025\" src=\"https:\/\/autoconsumo.minenergia.cl\/wp-content\/uploads\/2017\/11\/explorador_sst.png\" alt=\"\" width=\"198\" height=\"251\" srcset=\"https:\/\/autoconsumo.minenergia.cl\/wp-content\/uploads\/2017\/11\/explorador_sst.png 260w, https:\/\/autoconsumo.minenergia.cl\/wp-content\/uploads\/2017\/11\/explorador_sst-236x300.png 236w\" sizes=\"auto, (max-width: 198px) 100vw, 198px\" \/><\/a><\/p>\n","protected":false},"excerpt":{"rendered":"<p>En la actualidad existen tres mecanismos de fomento para la instalaci\u00f3n de Sistemas Solares T\u00e9rmicos para la provisi\u00f3n de agua caliente sanitaria en viviendas. Para mayor informaci\u00f3n visite la secci\u00f3n de Sistemas Solares t\u00e9rmicas del Ministerio de Energ\u00eda aqu\u00ed. Descargue informativo sobre los Instrumentos de Fomento para SST aqu\u00ed. El Explorador\u00a0 Solar del Ministerio de [&hellip;]<\/p>\n","protected":false},"author":3,"featured_media":0,"parent":70,"menu_order":0,"comment_status":"closed","ping_status":"closed","template":"","meta":{"footnotes":""},"class_list":["post-1019","page","type-page","status-publish","hentry"],"_links":{"self":[{"href":"https:\/\/autoconsumo.minenergia.cl\/index.php?rest_route=\/wp\/v2\/pages\/1019","targetHints":{"allow":["GET"]}}],"collection":[{"href":"https:\/\/autoconsumo.minenergia.cl\/index.php?rest_route=\/wp\/v2\/pages"}],"about":[{"href":"https:\/\/autoconsumo.minenergia.cl\/index.php?rest_route=\/wp\/v2\/types\/page"}],"author":[{"embeddable":true,"href":"https:\/\/autoconsumo.minenergia.cl\/index.php?rest_route=\/wp\/v2\/users\/3"}],"replies":[{"embeddable":true,"href":"https:\/\/autoconsumo.minenergia.cl\/index.php?rest_route=%2Fwp%2Fv2%2Fcomments&post=1019"}],"version-history":[{"count":8,"href":"https:\/\/autoconsumo.minenergia.cl\/index.php?rest_route=\/wp\/v2\/pages\/1019\/revisions"}],"predecessor-version":[{"id":1566,"href":"https:\/\/autoconsumo.minenergia.cl\/index.php?rest_route=\/wp\/v2\/pages\/1019\/revisions\/1566"}],"up":[{"embeddable":true,"href":"https:\/\/autoconsumo.minenergia.cl\/index.php?rest_route=\/wp\/v2\/pages\/70"}],"wp:attachment":[{"href":"https:\/\/autoconsumo.minenergia.cl\/index.php?rest_route=%2Fwp%2Fv2%2Fmedia&parent=1019"}],"curies":[{"name":"wp","href":"https:\/\/api.w.org\/{rel}","templated":true}]}}