{"id":1642,"date":"2018-01-02T14:48:30","date_gmt":"2018-01-02T14:48:30","guid":{"rendered":"http:\/\/www.minenergia.cl\/autoconsumo\/?page_id=1642"},"modified":"2018-01-19T17:58:50","modified_gmt":"2018-01-19T17:58:50","slug":"evalua-tu-proyecto-solar-termico","status":"publish","type":"page","link":"https:\/\/autoconsumo.minenergia.cl\/?page_id=1642","title":{"rendered":"Eval\u00faa tu Proyecto Solar T\u00e9rmico"},"content":{"rendered":"<h4>1.- Calcula el ahorro que genera un Sistema Solar T\u00e9rmico con el Explorador Solar<\/h4>\n<p>Ingresa al Explorador Solar <a href=\"http:\/\/www.minenergia.cl\/exploradorsolar\/\" target=\"_blank\" rel=\"noopener noreferrer\">aqu\u00ed<\/a>, y luego ingresa a la herramienta para Calcular Sistemas Solares T\u00e9rmicos, para agua caliente sanitaria.<\/p>\n<p><a href=\"http:\/\/www.minenergia.cl\/exploradorsolar\/\"><img loading=\"lazy\" decoding=\"async\" class=\"alignnone size-full wp-image-1720\" src=\"https:\/\/autoconsumo.minenergia.cl\/wp-content\/uploads\/2018\/01\/SST.jpg\" alt=\"\" width=\"240\" height=\"327\" srcset=\"https:\/\/autoconsumo.minenergia.cl\/wp-content\/uploads\/2018\/01\/SST.jpg 240w, https:\/\/autoconsumo.minenergia.cl\/wp-content\/uploads\/2018\/01\/SST-220x300.jpg 220w\" sizes=\"auto, (max-width: 240px) 100vw, 240px\" \/><\/a><\/p>\n","protected":false},"excerpt":{"rendered":"<p>1.- Calcula el ahorro que genera un Sistema Solar T\u00e9rmico con el Explorador Solar Ingresa al Explorador Solar aqu\u00ed, y luego ingresa a la herramienta para Calcular Sistemas Solares T\u00e9rmicos, para agua caliente sanitaria.<\/p>\n","protected":false},"author":3,"featured_media":0,"parent":0,"menu_order":0,"comment_status":"closed","ping_status":"closed","template":"","meta":{"footnotes":""},"class_list":["post-1642","page","type-page","status-publish","hentry"],"_links":{"self":[{"href":"https:\/\/autoconsumo.minenergia.cl\/index.php?rest_route=\/wp\/v2\/pages\/1642","targetHints":{"allow":["GET"]}}],"collection":[{"href":"https:\/\/autoconsumo.minenergia.cl\/index.php?rest_route=\/wp\/v2\/pages"}],"about":[{"href":"https:\/\/autoconsumo.minenergia.cl\/index.php?rest_route=\/wp\/v2\/types\/page"}],"author":[{"embeddable":true,"href":"https:\/\/autoconsumo.minenergia.cl\/index.php?rest_route=\/wp\/v2\/users\/3"}],"replies":[{"embeddable":true,"href":"https:\/\/autoconsumo.minenergia.cl\/index.php?rest_route=%2Fwp%2Fv2%2Fcomments&post=1642"}],"version-history":[{"count":2,"href":"https:\/\/autoconsumo.minenergia.cl\/index.php?rest_route=\/wp\/v2\/pages\/1642\/revisions"}],"predecessor-version":[{"id":1721,"href":"https:\/\/autoconsumo.minenergia.cl\/index.php?rest_route=\/wp\/v2\/pages\/1642\/revisions\/1721"}],"wp:attachment":[{"href":"https:\/\/autoconsumo.minenergia.cl\/index.php?rest_route=%2Fwp%2Fv2%2Fmedia&parent=1642"}],"curies":[{"name":"wp","href":"https:\/\/api.w.org\/{rel}","templated":true}]}}