{"id":1745,"date":"2018-01-22T18:48:40","date_gmt":"2018-01-22T18:48:40","guid":{"rendered":"http:\/\/www.minenergia.cl\/autoconsumo\/?page_id=1745"},"modified":"2018-04-03T14:10:46","modified_gmt":"2018-04-03T14:10:46","slug":"videos02","status":"publish","type":"page","link":"https:\/\/autoconsumo.minenergia.cl\/?page_id=1745","title":{"rendered":"Videos"},"content":{"rendered":"<h3 class=\"title style-scope ytd-video-primary-info-renderer\">Energ\u00edas Renovables para Autoconsumo &#8211; Vi\u00f1edos Emiliana<\/h3>\n<p><iframe loading=\"lazy\" src=\"https:\/\/www.youtube.com\/embed\/vEgsLdNwpRg?rel=0\" width=\"500\" height=\"281\" frameborder=\"0\" allowfullscreen=\"allowfullscreen\"><\/iframe><\/p>\n<h3>Energ\u00edas Renovables para Autoconsumo &#8211; Vi\u00f1a Miguel Torres<\/h3>\n<p class=\"title style-scope ytd-video-primary-info-renderer\"><iframe loading=\"lazy\" title=\"Vi\u00f1a Miguel Torres | Energ\u00edas Renovables para Autoconsumo\" width=\"500\" height=\"281\" src=\"https:\/\/www.youtube.com\/embed\/FMmRImN3Yao?feature=oembed\" frameborder=\"0\" allow=\"accelerometer; autoplay; clipboard-write; encrypted-media; gyroscope; picture-in-picture; web-share\" referrerpolicy=\"strict-origin-when-cross-origin\" allowfullscreen><\/iframe><\/p>\n<h3 class=\"title style-scope ytd-video-primary-info-renderer\">Energ\u00edas Renovables para Autoconsumo &#8211; Vi\u00f1a Maquis<\/h3>\n<p><iframe loading=\"lazy\" title=\"Vi\u00f1a Maquis | Energ\u00edas Renovables para Autoconsumo\" width=\"500\" height=\"281\" src=\"https:\/\/www.youtube.com\/embed\/KKWeQx3gwLU?feature=oembed\" frameborder=\"0\" allow=\"accelerometer; autoplay; clipboard-write; encrypted-media; gyroscope; picture-in-picture; web-share\" referrerpolicy=\"strict-origin-when-cross-origin\" allowfullscreen><\/iframe><\/p>\n<h3>Genera tu propia Energ\u00eda<\/h3>\n<p><iframe loading=\"lazy\" title=\"Genera tu propia Energ\u00eda\" width=\"500\" height=\"281\" src=\"https:\/\/www.youtube.com\/embed\/EU1Lk7Xn3-U?feature=oembed\" frameborder=\"0\" allow=\"accelerometer; autoplay; clipboard-write; encrypted-media; gyroscope; picture-in-picture; web-share\" referrerpolicy=\"strict-origin-when-cross-origin\" allowfullscreen><\/iframe><\/p>\n<h3>Beneficios de la Ley de Generaci\u00f3n Distribuida<\/h3>\n<p><iframe loading=\"lazy\" title=\"Beneficios de la Ley de Generaci\u00f3n Distribuida\" width=\"500\" height=\"281\" src=\"https:\/\/www.youtube.com\/embed\/tUftxqE2j9s?feature=oembed\" frameborder=\"0\" allow=\"accelerometer; autoplay; clipboard-write; encrypted-media; gyroscope; picture-in-picture; web-share\" referrerpolicy=\"strict-origin-when-cross-origin\" allowfullscreen><\/iframe><\/p>\n<h3>Energ\u00eda Solar<\/h3>\n<p><iframe loading=\"lazy\" title=\"Conoce Tu Energ\u00eda - Energ\u00eda Solar\" width=\"500\" height=\"281\" src=\"https:\/\/www.youtube.com\/embed\/jO8HBDaok5I?feature=oembed\" frameborder=\"0\" allow=\"accelerometer; autoplay; clipboard-write; encrypted-media; gyroscope; picture-in-picture; web-share\" referrerpolicy=\"strict-origin-when-cross-origin\" allowfullscreen><\/iframe><\/p>\n<h3>Energ\u00eda E\u00f3lica<\/h3>\n<p><iframe loading=\"lazy\" title=\"Conoce Tu Energ\u00eda - Energ\u00eda E\u00f3lica\" width=\"500\" height=\"281\" src=\"https:\/\/www.youtube.com\/embed\/cFrVgHGVZvw?feature=oembed\" frameborder=\"0\" allow=\"accelerometer; autoplay; clipboard-write; encrypted-media; gyroscope; picture-in-picture; web-share\" referrerpolicy=\"strict-origin-when-cross-origin\" allowfullscreen><\/iframe><\/p>\n<h3>Energ\u00eda Hidr\u00e1ulica<\/h3>\n<p><iframe loading=\"lazy\" title=\"Conoce tu Energ\u00eda - Energ\u00eda Hidr\u00e1ulica\" width=\"500\" height=\"281\" src=\"https:\/\/www.youtube.com\/embed\/bTEj1h3il48?feature=oembed\" frameborder=\"0\" allow=\"accelerometer; autoplay; clipboard-write; encrypted-media; gyroscope; picture-in-picture; web-share\" referrerpolicy=\"strict-origin-when-cross-origin\" allowfullscreen><\/iframe><\/p>\n<h3>Biomasa<\/h3>\n<p><iframe loading=\"lazy\" title=\"Capitulo 7 Biomasa\" width=\"500\" height=\"281\" src=\"https:\/\/www.youtube.com\/embed\/l7U4kdCfG-8?feature=oembed\" frameborder=\"0\" allow=\"accelerometer; autoplay; clipboard-write; encrypted-media; gyroscope; picture-in-picture; web-share\" referrerpolicy=\"strict-origin-when-cross-origin\" allowfullscreen><\/iframe><\/p>\n<h3>Biog\u00e1s<\/h3>\n<p><iframe loading=\"lazy\" title=\"Capitulo 6 Biog\u00e1s\" width=\"500\" height=\"281\" src=\"https:\/\/www.youtube.com\/embed\/EnU9ZwwHELg?feature=oembed\" frameborder=\"0\" allow=\"accelerometer; autoplay; clipboard-write; encrypted-media; gyroscope; picture-in-picture; web-share\" referrerpolicy=\"strict-origin-when-cross-origin\" allowfullscreen><\/iframe><\/p>\n<h3>Cr\u00e9dito para Autoconsumo<\/h3>\n<div style=\"width: 1080px;\" class=\"wp-video\"><!--[if lt IE 9]><script>document.createElement('video');<\/script><![endif]-->\n<video class=\"wp-video-shortcode\" id=\"video-1745-1\" width=\"1080\" height=\"1080\" preload=\"metadata\" controls=\"controls\"><source type=\"video\/mp4\" src=\"https:\/\/autoconsumo.minenergia.cl\/wp-content\/uploads\/2017\/12\/Credito-Banco-Estado.mp4?_=1\" \/><a href=\"https:\/\/autoconsumo.minenergia.cl\/wp-content\/uploads\/2017\/12\/Credito-Banco-Estado.mp4\">https:\/\/autoconsumo.minenergia.cl\/wp-content\/uploads\/2017\/12\/Credito-Banco-Estado.mp4<\/a><\/video><\/div>\n<p>&nbsp;<\/p>\n","protected":false},"excerpt":{"rendered":"<p>Energ\u00edas Renovables para Autoconsumo &#8211; Vi\u00f1edos Emiliana Energ\u00edas Renovables para Autoconsumo &#8211; Vi\u00f1a Miguel Torres Energ\u00edas Renovables para Autoconsumo &#8211; Vi\u00f1a Maquis Genera tu propia Energ\u00eda Beneficios de la Ley de Generaci\u00f3n Distribuida Energ\u00eda Solar Energ\u00eda E\u00f3lica Energ\u00eda Hidr\u00e1ulica Biomasa Biog\u00e1s Cr\u00e9dito para Autoconsumo &nbsp;<\/p>\n","protected":false},"author":3,"featured_media":0,"parent":0,"menu_order":0,"comment_status":"closed","ping_status":"closed","template":"page-videos.php","meta":{"footnotes":""},"class_list":["post-1745","page","type-page","status-publish","hentry"],"_links":{"self":[{"href":"https:\/\/autoconsumo.minenergia.cl\/index.php?rest_route=\/wp\/v2\/pages\/1745","targetHints":{"allow":["GET"]}}],"collection":[{"href":"https:\/\/autoconsumo.minenergia.cl\/index.php?rest_route=\/wp\/v2\/pages"}],"about":[{"href":"https:\/\/autoconsumo.minenergia.cl\/index.php?rest_route=\/wp\/v2\/types\/page"}],"author":[{"embeddable":true,"href":"https:\/\/autoconsumo.minenergia.cl\/index.php?rest_route=\/wp\/v2\/users\/3"}],"replies":[{"embeddable":true,"href":"https:\/\/autoconsumo.minenergia.cl\/index.php?rest_route=%2Fwp%2Fv2%2Fcomments&post=1745"}],"version-history":[{"count":13,"href":"https:\/\/autoconsumo.minenergia.cl\/index.php?rest_route=\/wp\/v2\/pages\/1745\/revisions"}],"predecessor-version":[{"id":1954,"href":"https:\/\/autoconsumo.minenergia.cl\/index.php?rest_route=\/wp\/v2\/pages\/1745\/revisions\/1954"}],"wp:attachment":[{"href":"https:\/\/autoconsumo.minenergia.cl\/index.php?rest_route=%2Fwp%2Fv2%2Fmedia&parent=1745"}],"curies":[{"name":"wp","href":"https:\/\/api.w.org\/{rel}","templated":true}]}}