{"id":220,"date":"2017-07-31T19:16:02","date_gmt":"2017-07-31T19:16:02","guid":{"rendered":"http:\/\/localhost\/autoconsumo\/?page_id=220"},"modified":"2024-12-11T17:30:14","modified_gmt":"2024-12-11T17:30:14","slug":"credito-para-autoconsumo","status":"publish","type":"page","link":"https:\/\/autoconsumo.minenergia.cl\/?page_id=220","title":{"rendered":"Cr\u00e9dito para Autoconsumo"},"content":{"rendered":"<p><video autoplay=\"autoplay\" controls=\"controls\" width=\"472\" height=\"472\"><source src=\"https:\/\/autoconsumo.minenergia.cl\/wp-content\/uploads\/2017\/07\/Credito-Banco-Estado.mp4\" type=\"video\/mp4\" \/><\/video><\/p>\n<p>Los proyectos de autoconsumo con energ\u00edas renovables se pueden financiar 100% con capital propio (equity), usar cr\u00e9ditos comerciales, bancarios o leasing y a trav\u00e9s del modelo de financiamiento ESCO. Dependiendo del tipo de proyecto, el tipo de cliente, los indicadores de evaluaci\u00f3n del proyecto y la disposici\u00f3n en el mercado, el cliente elige la alternativa de financiamiento m\u00e1s ajustada.<\/p>\n<p>El Ministerio de Energ\u00eda, a trav\u00e9s de la Divisi\u00f3n de Energ\u00edas Sostenibles, ha trabajado para estimular la creaci\u00f3n de instrumentos financieros enfocados al desarrollo de proyectos de autoconsumo con energ\u00edas renovables y eficiencia energ\u00e9tica. Producto de ello, ya existe en el mercado el primer cr\u00e9dito para Autoconsumo Energ\u00edas Renovables y Eficiencia Energ\u00e9tica del Banco Estado y se est\u00e1 incursionando por parte de los servicios p\u00fablicos y el sector privado en el modelo <a href=\"https:\/\/autoconsumo.minenergia.cl\/?page_id=222\">ESCO <\/a>como alternativa v\u00e1lida.<\/p>\n<p><strong>Banco Estado<\/strong>, en un trabajo mancomunado con el <strong>Ministerio de Energ\u00eda<\/strong>, ha dispuesto el primer <strong>cr\u00e9dito especializado para el financiamiento de proyectos de autoconsumo mediante ERNC y Eficiencia Energ\u00e9tica para empresas de menor tama\u00f1o.\u00a0<\/strong><\/p>\n<p>Para conocer m\u00e1s detalles del cr\u00e9dito y c\u00f3mo solicitar el financiamiento,\u00a0ingresar<span style=\"font-size: 12pt;\">\u00a0<a href=\"https:\/\/www.bancoestado.cl\/content\/bancoestado-public\/cl\/es\/home\/home\/productos-\/impacto-verde.html#\/\" target=\"_blank\" rel=\"noopener\">aqu\u00ed.<\/a>\u00a0<\/span><\/p>\n\n\n<p><\/p>\n","protected":false},"excerpt":{"rendered":"<p>Los proyectos de autoconsumo con energ\u00edas renovables se pueden financiar 100% con capital propio (equity), usar cr\u00e9ditos comerciales, bancarios o leasing y a trav\u00e9s del modelo de financiamiento ESCO. Dependiendo del tipo de proyecto, el tipo de cliente, los indicadores de evaluaci\u00f3n del proyecto y la disposici\u00f3n en el mercado, el cliente elige la alternativa [&hellip;]<\/p>\n","protected":false},"author":3,"featured_media":1703,"parent":0,"menu_order":0,"comment_status":"closed","ping_status":"closed","template":"","meta":{"footnotes":""},"class_list":["post-220","page","type-page","status-publish","has-post-thumbnail","hentry"],"_links":{"self":[{"href":"https:\/\/autoconsumo.minenergia.cl\/index.php?rest_route=\/wp\/v2\/pages\/220","targetHints":{"allow":["GET"]}}],"collection":[{"href":"https:\/\/autoconsumo.minenergia.cl\/index.php?rest_route=\/wp\/v2\/pages"}],"about":[{"href":"https:\/\/autoconsumo.minenergia.cl\/index.php?rest_route=\/wp\/v2\/types\/page"}],"author":[{"embeddable":true,"href":"https:\/\/autoconsumo.minenergia.cl\/index.php?rest_route=\/wp\/v2\/users\/3"}],"replies":[{"embeddable":true,"href":"https:\/\/autoconsumo.minenergia.cl\/index.php?rest_route=%2Fwp%2Fv2%2Fcomments&post=220"}],"version-history":[{"count":43,"href":"https:\/\/autoconsumo.minenergia.cl\/index.php?rest_route=\/wp\/v2\/pages\/220\/revisions"}],"predecessor-version":[{"id":3593,"href":"https:\/\/autoconsumo.minenergia.cl\/index.php?rest_route=\/wp\/v2\/pages\/220\/revisions\/3593"}],"wp:featuredmedia":[{"embeddable":true,"href":"https:\/\/autoconsumo.minenergia.cl\/index.php?rest_route=\/wp\/v2\/media\/1703"}],"wp:attachment":[{"href":"https:\/\/autoconsumo.minenergia.cl\/index.php?rest_route=%2Fwp%2Fv2%2Fmedia&parent=220"}],"curies":[{"name":"wp","href":"https:\/\/api.w.org\/{rel}","templated":true}]}}