{"id":222,"date":"2017-07-31T19:17:57","date_gmt":"2017-07-31T19:17:57","guid":{"rendered":"http:\/\/localhost\/autoconsumo\/?page_id=222"},"modified":"2024-12-11T17:32:31","modified_gmt":"2024-12-11T17:32:31","slug":"escos","status":"publish","type":"page","link":"https:\/\/autoconsumo.minenergia.cl\/?page_id=222","title":{"rendered":"ESCOS"},"content":{"rendered":"<div class=\"row\"><\/div>\n<p><video autoplay=\"autoplay\" controls=\"controls\" width=\"595\" height=\"auto\"><source src=\"https:\/\/autoconsumo.minenergia.cl\/wp-content\/uploads\/2017\/07\/Video-general_PostAudio.mp4\" type=\"video\/mp4\" \/><\/video><\/p>\n<p>Existen modelos de financiamiento que pueden suplir la falta de capital como lo es el modelo\u00a0ESCO.<\/p>\n<p>La empresa Energy Service Company, ESCO por sus siglas en ingl\u00e9s, son empresas que est\u00e1n orientadas a mejorar la forma en que utiliza la energ\u00eda.<\/p>\n<p>Ofrecen implementar soluciones de Eficiencia Energ\u00e9tica (EE) o Energ\u00edas Renovables (ER) en todo el espectro de proyectos, facilitando el acceso al financiamiento para su ejecuci\u00f3n.<\/p>\n<p>Los proyectos se financian con el ahorro generado, ya sea por EE y\/o ER.<\/p>\n<p>La empresa ESCO, como especialista, se hace cargo del dise\u00f1o, instalaci\u00f3n, operaci\u00f3n y mantenci\u00f3n de los equipos destinados para generar energ\u00eda renovable o implementar medidas de eficiencia energ\u00e9tica durante el periodo del contrato, y as\u00ed el cliente puede concentrar sus recursos en su propio negocio.<\/p>\n<p><img loading=\"lazy\" decoding=\"async\" class=\"alignnone size-full wp-image-223\" src=\"https:\/\/autoconsumo.minenergia.cl\/wp-content\/uploads\/2017\/07\/esco01.png\" alt=\"\" width=\"712\" height=\"401\" srcset=\"https:\/\/autoconsumo.minenergia.cl\/wp-content\/uploads\/2017\/07\/esco01.png 712w, https:\/\/autoconsumo.minenergia.cl\/wp-content\/uploads\/2017\/07\/esco01-300x169.png 300w, https:\/\/autoconsumo.minenergia.cl\/wp-content\/uploads\/2017\/07\/esco01-660x372.png 660w\" sizes=\"auto, (max-width: 712px) 100vw, 712px\" \/><\/p>\n<p>El Ministerio de Energ\u00eda ha identificado al menos 17 empresas que ofrecen el modelo ESCO como alternativa de financiamiento para el desarrollo de proyectos fotovoltaicos. Cabe destacar, que mayoritariamente las empresas ESCO de autoconsumo no son las mismas que se dedican a financiar proyectos de Eficiencia Energ\u00e9tica, puesto que en general, son desarrolladoras de proyectos fotovoltaicos que cuentan con un fuerte financiamiento nacional o extranjero que les permite hacer frente a estas demandas.<\/p>\n<p>En general los contratos ofrecidos por las ESCOs fluct\u00faan entre 10 a 20 a\u00f1os de plazo y los descuentos sobre la tarifa de distribuci\u00f3n van desde 5% al 20%. Su \u00e1mbito de financiamiento incluye proyectos desde los 20 kWp hasta los 9 MW.<\/p>\n<h3>Listado Preliminar de Escos<\/h3>\n<p>\u200b<\/p>\n<table class=\"table\" style=\"width: 828px; height: 457px;\">\n<thead>\n<tr style=\"height: 8px;\">\n<th style=\"height: 8px; width: 5.64815px;\"><\/th>\n<\/tr>\n<\/thead>\n<tbody>\n<tr style=\"height: 66px;\">\n<th style=\"height: 66px; width: 5.64815px;\" scope=\"row\"><\/th>\n<td style=\"width: 222.685px; height: 66px;\"><a href=\"http:\/\/www.aesgener.cl\" target=\"_blank\" rel=\"noopener noreferrer\"><img loading=\"lazy\" decoding=\"async\" class=\"wp-image-449 aligncenter\" src=\"https:\/\/autoconsumo.minenergia.cl\/wp-content\/uploads\/2017\/07\/aes.jpg\" alt=\"\" width=\"162\" height=\"55\" \/><\/a><\/td>\n<td style=\"width: 330.833px; height: 66px;\"><a href=\"http:\/\/www.cintac.cl\/cintac-solar\/\" target=\"_blank\" rel=\"noopener noreferrer\"><img loading=\"lazy\" decoding=\"async\" class=\"wp-image-450 aligncenter\" src=\"https:\/\/autoconsumo.minenergia.cl\/wp-content\/uploads\/2017\/07\/cintac.png\" alt=\"\" width=\"243\" height=\"34\" srcset=\"https:\/\/autoconsumo.minenergia.cl\/wp-content\/uploads\/2017\/07\/cintac.png 795w, https:\/\/autoconsumo.minenergia.cl\/wp-content\/uploads\/2017\/07\/cintac-300x42.png 300w, https:\/\/autoconsumo.minenergia.cl\/wp-content\/uploads\/2017\/07\/cintac-768x108.png 768w, https:\/\/autoconsumo.minenergia.cl\/wp-content\/uploads\/2017\/07\/cintac-660x93.png 660w\" sizes=\"auto, (max-width: 243px) 100vw, 243px\" \/><\/a><\/td>\n<td style=\"width: 243.426px; text-align: center; height: 66px;\"><a href=\"http:\/\/www.ciudadluz.cl\/\" target=\"_blank\" rel=\"noopener noreferrer\"><img loading=\"lazy\" decoding=\"async\" class=\"alignnone wp-image-1656\" src=\"https:\/\/autoconsumo.minenergia.cl\/wp-content\/uploads\/2017\/07\/ciudad-luz.jpg\" alt=\"\" width=\"98\" height=\"85\" \/><\/a><\/td>\n<\/tr>\n<tr style=\"height: 68px;\">\n<th style=\"height: 68px; width: 5.64815px;\" scope=\"row\"><\/th>\n<td style=\"width: 222.685px; height: 68px;\"><a href=\"http:\/\/www.coxenergy.com\/es\/home\" target=\"_blank\" rel=\"noopener noreferrer\"><img loading=\"lazy\" decoding=\"async\" class=\"wp-image-452 aligncenter\" src=\"https:\/\/autoconsumo.minenergia.cl\/wp-content\/uploads\/2017\/07\/cox.png\" alt=\"\" width=\"183\" height=\"76\" \/><\/a><\/td>\n<td style=\"width: 330.833px; text-align: center; height: 68px;\"><a href=\"http:\/\/ecoenergias.cl\/\" target=\"_blank\" rel=\"noopener noreferrer\"><img loading=\"lazy\" decoding=\"async\" class=\"alignnone wp-image-1658\" src=\"https:\/\/autoconsumo.minenergia.cl\/wp-content\/uploads\/2017\/07\/ecoenergias.png\" alt=\"\" width=\"248\" height=\"41\" \/><\/a><\/td>\n<td style=\"width: 243.426px; height: 68px;\"><a href=\"http:\/\/efesolar.cl\/\" target=\"_blank\" rel=\"noopener noreferrer\"><img loading=\"lazy\" decoding=\"async\" class=\"wp-image-453 aligncenter\" src=\"https:\/\/autoconsumo.minenergia.cl\/wp-content\/uploads\/2017\/07\/efe_solar.png\" alt=\"\" width=\"190\" height=\"76\" \/><\/a><\/td>\n<\/tr>\n<tr style=\"height: 120px;\">\n<th style=\"height: 120px; width: 5.64815px;\" scope=\"row\"><\/th>\n<td style=\"width: 222.685px; text-align: center; height: 120px;\"><a href=\"http:\/\/www.empresaere.cl\" target=\"_blank\" rel=\"noopener noreferrer\"><img loading=\"lazy\" decoding=\"async\" class=\"wp-image-454 aligncenter\" src=\"https:\/\/autoconsumo.minenergia.cl\/wp-content\/uploads\/2017\/07\/ere.png\" alt=\"\" width=\"148\" height=\"69\" \/><\/a><\/td>\n<td style=\"width: 330.833px; height: 120px;\"><a href=\"http:\/\/www.fluxsolar.cl\/\" target=\"_blank\" rel=\"noopener noreferrer\"><img loading=\"lazy\" decoding=\"async\" class=\"size-full wp-image-1659 aligncenter\" src=\"https:\/\/autoconsumo.minenergia.cl\/wp-content\/uploads\/2017\/07\/fluxsolar.png\" alt=\"\" width=\"192\" height=\"87\" \/><\/a><\/td>\n<td style=\"width: 243.426px; text-align: center; height: 120px;\"><a href=\"http:\/\/www.grammer-solar.com\/cl\/\" target=\"_blank\" rel=\"noopener noreferrer\"><img loading=\"lazy\" decoding=\"async\" class=\"wp-image-455 aligncenter\" src=\"https:\/\/autoconsumo.minenergia.cl\/wp-content\/uploads\/2017\/07\/grammer_solar.png\" alt=\"\" width=\"111\" height=\"89\" \/><\/a><\/td>\n<\/tr>\n<tr style=\"height: 3px;\">\n<th style=\"height: 3px; width: 5.64815px;\" scope=\"row\"><\/th>\n<td style=\"width: 222.685px; height: 3px;\"><a href=\"http:\/\/www.mgminnovagroup.com\/\" target=\"_blank\" rel=\"noopener noreferrer\"><img loading=\"lazy\" decoding=\"async\" class=\"alignnone wp-image-1661\" src=\"https:\/\/autoconsumo.minenergia.cl\/wp-content\/uploads\/2017\/07\/panasonic-300x85.jpg\" alt=\"\" width=\"257\" height=\"73\" srcset=\"https:\/\/autoconsumo.minenergia.cl\/wp-content\/uploads\/2017\/07\/panasonic-300x85.jpg 300w, https:\/\/autoconsumo.minenergia.cl\/wp-content\/uploads\/2017\/07\/panasonic.jpg 384w\" sizes=\"auto, (max-width: 257px) 100vw, 257px\" \/><\/a><\/td>\n<td style=\"width: 330.833px; text-align: center; height: 3px;\"><a href=\"http:\/\/puntosolar.cl\/\" target=\"_blank\" rel=\"noopener noreferrer\"><img loading=\"lazy\" decoding=\"async\" class=\"alignnone wp-image-1662\" src=\"https:\/\/autoconsumo.minenergia.cl\/wp-content\/uploads\/2017\/07\/punto-solar.png\" alt=\"\" width=\"208\" height=\"96\" \/><\/a><\/td>\n<td style=\"width: 243.426px; height: 3px; vertical-align: middle;\"><a href=\"http:\/\/w3.siemens.com\/mcms\/sensor-systems\/es\/Soluciones-industriales\/energias-renovables\/Pages\/energias-renovables.aspx\" target=\"_blank\" rel=\"noopener noreferrer\"><img loading=\"lazy\" decoding=\"async\" class=\"size-medium wp-image-1664 alignnone\" src=\"https:\/\/autoconsumo.minenergia.cl\/wp-content\/uploads\/2017\/07\/siemens.jpg-300x142.png\" alt=\"\" width=\"300\" height=\"142\" srcset=\"https:\/\/autoconsumo.minenergia.cl\/wp-content\/uploads\/2017\/07\/siemens.jpg-300x142.png 300w, https:\/\/autoconsumo.minenergia.cl\/wp-content\/uploads\/2017\/07\/siemens.jpg.png 312w\" sizes=\"auto, (max-width: 300px) 100vw, 300px\" \/><\/a><\/td>\n<\/tr>\n<tr style=\"height: 89px;\">\n<th style=\"height: 89px; width: 5.64815px;\" scope=\"row\"><\/th>\n<td style=\"width: 222.685px; height: 89px;\"><a href=\"http:\/\/www.solarity.cl\/#\/\" target=\"_blank\" rel=\"noopener noreferrer\"><img loading=\"lazy\" decoding=\"async\" class=\"alignnone size-full wp-image-1666\" src=\"https:\/\/autoconsumo.minenergia.cl\/wp-content\/uploads\/2017\/07\/solarity-1.jpg\" alt=\"\" width=\"220\" height=\"61\" \/><\/a><\/td>\n<td style=\"width: 330.833px; text-align: center; height: 89px;\"><a href=\"https:\/\/www.solcorchile.com\/servicios\/financiamiento-modelo-esco\/\"><img loading=\"lazy\" decoding=\"async\" class=\"\" src=\"https:\/\/www.solcorchile.com\/wp-content\/uploads\/2020\/08\/logo-solcor.png\" width=\"212\" height=\"60\" \/><\/a><\/td>\n<td style=\"width: 243.426px; height: 89px;\"><a href=\"http:\/\/www2.soventix.cl\/\" target=\"_blank\" rel=\"noopener noreferrer\"><img loading=\"lazy\" decoding=\"async\" class=\"wp-image-460 aligncenter\" src=\"https:\/\/autoconsumo.minenergia.cl\/wp-content\/uploads\/2017\/07\/soventix.jpg\" alt=\"\" width=\"161\" height=\"89\" \/><\/a><\/td>\n<\/tr>\n<tr style=\"height: 89px;\">\n<th style=\"height: 89px; width: 5.64815px;\" scope=\"row\"><\/th>\n<td style=\"width: 222.685px; height: 89px;\"><a href=\"http:\/\/www.sunplicity.cl\/\" target=\"_blank\" rel=\"noopener noreferrer\"><img loading=\"lazy\" decoding=\"async\" class=\"wp-image-461 aligncenter\" src=\"https:\/\/autoconsumo.minenergia.cl\/wp-content\/uploads\/2017\/07\/sunplicity.png\" alt=\"\" width=\"191\" height=\"54\" \/><\/a><\/td>\n<td style=\"width: 330.833px; text-align: center; height: 89px;\"><a href=\"http:\/\/www.teslaenergy.cl\/\" target=\"_blank\" rel=\"noopener noreferrer\"><img loading=\"lazy\" decoding=\"async\" class=\"alignnone wp-image-1667\" src=\"https:\/\/autoconsumo.minenergia.cl\/wp-content\/uploads\/2017\/07\/tesla.jpg\" alt=\"\" width=\"198\" height=\"78\" \/><\/a><\/td>\n<td style=\"width: 243.426px; height: 89px;\"><\/td>\n<\/tr>\n<\/tbody>\n<\/table>\n<p>Este listado no representa en ning\u00fan caso una recomendaci\u00f3n por parte del Ministerio de Energ\u00eda.<\/p>\n","protected":false},"excerpt":{"rendered":"<p>Existen modelos de financiamiento que pueden suplir la falta de capital como lo es el modelo\u00a0ESCO. La empresa Energy Service Company, ESCO por sus siglas en ingl\u00e9s, son empresas que est\u00e1n orientadas a mejorar la forma en que utiliza la energ\u00eda. Ofrecen implementar soluciones de Eficiencia Energ\u00e9tica (EE) o Energ\u00edas Renovables (ER) en todo el [&hellip;]<\/p>\n","protected":false},"author":3,"featured_media":0,"parent":0,"menu_order":0,"comment_status":"closed","ping_status":"closed","template":"","meta":{"footnotes":""},"class_list":["post-222","page","type-page","status-publish","hentry"],"_links":{"self":[{"href":"https:\/\/autoconsumo.minenergia.cl\/index.php?rest_route=\/wp\/v2\/pages\/222","targetHints":{"allow":["GET"]}}],"collection":[{"href":"https:\/\/autoconsumo.minenergia.cl\/index.php?rest_route=\/wp\/v2\/pages"}],"about":[{"href":"https:\/\/autoconsumo.minenergia.cl\/index.php?rest_route=\/wp\/v2\/types\/page"}],"author":[{"embeddable":true,"href":"https:\/\/autoconsumo.minenergia.cl\/index.php?rest_route=\/wp\/v2\/users\/3"}],"replies":[{"embeddable":true,"href":"https:\/\/autoconsumo.minenergia.cl\/index.php?rest_route=%2Fwp%2Fv2%2Fcomments&post=222"}],"version-history":[{"count":57,"href":"https:\/\/autoconsumo.minenergia.cl\/index.php?rest_route=\/wp\/v2\/pages\/222\/revisions"}],"predecessor-version":[{"id":3595,"href":"https:\/\/autoconsumo.minenergia.cl\/index.php?rest_route=\/wp\/v2\/pages\/222\/revisions\/3595"}],"wp:attachment":[{"href":"https:\/\/autoconsumo.minenergia.cl\/index.php?rest_route=%2Fwp%2Fv2%2Fmedia&parent=222"}],"curies":[{"name":"wp","href":"https:\/\/api.w.org\/{rel}","templated":true}]}}