{"id":226,"date":"2017-07-31T19:19:07","date_gmt":"2017-07-31T19:19:07","guid":{"rendered":"http:\/\/localhost\/autoconsumo\/?page_id=226"},"modified":"2024-12-16T22:27:15","modified_gmt":"2024-12-16T22:27:15","slug":"buscador-de-financiamiento","status":"publish","type":"page","link":"https:\/\/autoconsumo.minenergia.cl\/?page_id=226","title":{"rendered":"Financiamiento y apoyo t\u00e9cnico"},"content":{"rendered":"\n<p>El Ministerio de Energ\u00eda ha trabajado para estimular la creaci\u00f3n de instrumentos para el financiamiento y de apoyo t\u00e9cnico para el desarrollo de proyectos de autoconsumo, en su compromiso por apoyar a las empresas en el proceso de cambio a energ\u00edas limpias.<\/p>\n\n\n<h5><strong>Conoce algunas de las iniciativas<\/strong><\/h5>\n\n\n<ul class=\"wp-block-list\">\n<li><strong><u>Mundo Verde de Banco Estado. <\/u><\/strong>El primer <a href=\"https:\/\/www.bancoestado.cl\/content\/bancoestado-public\/cl\/es\/home\/home\/productos-\/impacto-verde.html#\/\" target=\"_blank\" rel=\"noopener\">cr\u00e9dito especializado<\/a> para el financiamiento de proyectos de autoconsumo mediante Energ\u00edas Renovables y Eficiencia Energ\u00e9tica para empresas de menor tama\u00f1o.<\/li>\n\n\n\n<li><u><strong>SERCOTEC<\/strong><\/u><strong>&#8211;<\/strong><strong> APOYO PARA EMPRESAS DE DIVERSOS SECTORES. <\/strong>Ofrece financiamiento para proyectos de eficiencia energ\u00e9tica y energ\u00edas renovables en empresas. Ac\u00e9rcate a tu <a style=\"font-size: revert;\" href=\"https:\/\/www.sercotec.cl\/centros-de-negocios\" target=\"_blank\" rel=\"noopener\">Centro de Negocios SERCOTEC<\/a><span style=\"font-size: revert; color: initial;\"> m\u00e1s cercano.<\/span><\/li>\n\n\n\n<li><strong><u>INDAP<\/u><\/strong><strong>&#8211; SOLUCIONES PARA PEQUE\u00d1OS AGRICULTORES<\/strong>. Ofrece l\u00edneas de apoyo para mejorar sistemas de riego mediante el uso de energ\u00edas renovables. Ac\u00e9rcate a algunas de las <a href=\"https:\/\/www.indap.gob.cl\/agencias-y-oficinas-de-indap\" target=\"_blank\" rel=\"noopener\">oficinas de INDAP<\/a>.<\/li>\n\n\n\n<li><strong><u>CNR<\/u>&#8211; FINANCIAMIENTO PARA OBRAS DE RIEGO<\/strong>. Realiza llamados a <a style=\"font-size: revert;\" href=\"http:\/\/www.cnr.gob.cl\" target=\"_blank\" rel=\"noopener\">concursos<\/a><span style=\"font-size: revert; color: initial;\"> que permiten financiar obras de riego utilizando energ\u00edas renovables.<\/span><\/li>\n\n\n\n<li><strong><u>CONADI<\/u>&#8211; APOYO A PROYECTOS DE PUEBLOS ORIGINARIOS<\/strong>. Ofrece financiamiento para proyectos de <a href=\"http:\/\/www.conadi.gob.cl\" target=\"_blank\" rel=\"noopener\">energ\u00edas renovables<\/a> en actividades productivas.<\/li>\n<\/ul>\n\n\n<h5><strong>Gestiona Energ\u00eda MiPyMEs<\/strong><\/h5>\n\n\n<figure class=\"wp-block-image\"><a href=\"https:\/\/mipymes.gestionaenergia.cl\/\" target=\"_blank\" rel=\"noreferrer noopener\"><img decoding=\"async\" src=\"https:\/\/mipymes.gestionaenergia.cl\/sites\/default\/files\/Logo-Gestiona-MiPyMEs-1.png\" alt=\"Inicio\"\/><\/a><\/figure>\n\n\n\n<p>Programa del Ministerio de Energ\u00eda que entrega conocimientos b\u00e1sicos de gesti\u00f3n de la energ\u00eda y apoyo t\u00e9cnico para las Micro, Peque\u00f1as y Medianas Empresas con el fin de facilitar la implementaci\u00f3n de proyectos de eficiencia energ\u00e9tica y energ\u00edas renovables. Ingrese <a href=\"https:\/\/mipymes.gestionaenergia.cl\/\" target=\"_blank\" rel=\"noopener\">aqu\u00ed<\/a>.<\/p>\n\n\n<h5><strong>Buscador de Financiamiento<\/strong><\/h5>\n\n\n<p>El sector p\u00fablico, a trav\u00e9s de sus Ministerios y organismos relacionados, dispone de muchas y variadas iniciativas de financiamiento y cofinanciamiento para distintos sectores econ\u00f3micos, destinados a actividades de pre-inversi\u00f3n e inversi\u00f3n, los cuales podr\u00edan ser utilizados para la implementaci\u00f3n de proyectos de energ\u00eda. El Ministerio de Energ\u00eda realiz\u00f3 un esfuerzo para sistematizar la informaci\u00f3n de financiamiento contenida en las distintas reparticiones p\u00fablicas. Ingrese <a href=\"http:\/\/www.minenergia.cl\/pfinanciamiento\/\">aqu\u00ed<\/a>.<\/p>\n\n\n\n<figure class=\"wp-block-image\"><a href=\"http:\/\/www.minenergia.cl\/pfinanciamiento\/\" target=\"_blank\" rel=\"noopener noreferrer\"><img loading=\"lazy\" decoding=\"async\" width=\"321\" height=\"101\" src=\"https:\/\/autoconsumo.minenergia.cl\/wp-content\/uploads\/2017\/07\/borde_ban_financiamiento.jpg\" alt=\"\" class=\"wp-image-597\" srcset=\"https:\/\/autoconsumo.minenergia.cl\/wp-content\/uploads\/2017\/07\/borde_ban_financiamiento.jpg 321w, https:\/\/autoconsumo.minenergia.cl\/wp-content\/uploads\/2017\/07\/borde_ban_financiamiento-300x94.jpg 300w, https:\/\/autoconsumo.minenergia.cl\/wp-content\/uploads\/2017\/07\/borde_ban_financiamiento-320x101.jpg 320w\" sizes=\"auto, (max-width: 321px) 100vw, 321px\" \/><\/a><\/figure>\n\n\n\n<p><\/p>\n","protected":false},"excerpt":{"rendered":"<p>El Ministerio de Energ\u00eda ha trabajado para estimular la creaci\u00f3n de instrumentos para el financiamiento y de apoyo t\u00e9cnico para el desarrollo de proyectos de autoconsumo, en su compromiso por apoyar a las empresas en el proceso de cambio a energ\u00edas limpias. Conoce algunas de las iniciativas Gestiona Energ\u00eda MiPyMEs Programa del Ministerio de Energ\u00eda [&hellip;]<\/p>\n","protected":false},"author":3,"featured_media":0,"parent":0,"menu_order":0,"comment_status":"closed","ping_status":"closed","template":"","meta":{"footnotes":""},"class_list":["post-226","page","type-page","status-publish","hentry"],"_links":{"self":[{"href":"https:\/\/autoconsumo.minenergia.cl\/index.php?rest_route=\/wp\/v2\/pages\/226","targetHints":{"allow":["GET"]}}],"collection":[{"href":"https:\/\/autoconsumo.minenergia.cl\/index.php?rest_route=\/wp\/v2\/pages"}],"about":[{"href":"https:\/\/autoconsumo.minenergia.cl\/index.php?rest_route=\/wp\/v2\/types\/page"}],"author":[{"embeddable":true,"href":"https:\/\/autoconsumo.minenergia.cl\/index.php?rest_route=\/wp\/v2\/users\/3"}],"replies":[{"embeddable":true,"href":"https:\/\/autoconsumo.minenergia.cl\/index.php?rest_route=%2Fwp%2Fv2%2Fcomments&post=226"}],"version-history":[{"count":19,"href":"https:\/\/autoconsumo.minenergia.cl\/index.php?rest_route=\/wp\/v2\/pages\/226\/revisions"}],"predecessor-version":[{"id":3807,"href":"https:\/\/autoconsumo.minenergia.cl\/index.php?rest_route=\/wp\/v2\/pages\/226\/revisions\/3807"}],"wp:attachment":[{"href":"https:\/\/autoconsumo.minenergia.cl\/index.php?rest_route=%2Fwp%2Fv2%2Fmedia&parent=226"}],"curies":[{"name":"wp","href":"https:\/\/api.w.org\/{rel}","templated":true}]}}