{"id":241,"date":"2017-07-31T21:11:59","date_gmt":"2017-07-31T21:11:59","guid":{"rendered":"http:\/\/localhost\/autoconsumo\/?page_id=241"},"modified":"2018-07-24T21:21:33","modified_gmt":"2018-07-24T21:21:33","slug":"pmgd","status":"publish","type":"page","link":"https:\/\/autoconsumo.minenergia.cl\/?page_id=241","title":{"rendered":"Peque\u00f1o Medio de Generaci\u00f3n Distribuida"},"content":{"rendered":"<p><iframe loading=\"lazy\" title=\"Energ\u00edas Renovables para Autoconsumo | Peque\u00f1os Medios de Generaci\u00f3n Distribuida\" width=\"500\" height=\"281\" src=\"https:\/\/www.youtube.com\/embed\/py2FL6vY2bs?feature=oembed\" frameborder=\"0\" allow=\"accelerometer; autoplay; clipboard-write; encrypted-media; gyroscope; picture-in-picture; web-share\" referrerpolicy=\"strict-origin-when-cross-origin\" allowfullscreen><\/iframe><\/p>\n<p>Los PMGD, o Peque\u00f1os Medios de Generaci\u00f3n Distribuida, son sistemas de potencia instalada de hasta 9 MW conectados a la red de distribuci\u00f3n, que pueden inyectar sus excedentes o bien inyectar toda la energ\u00eda que generan.<\/p>\n<p>En este caso se debe ajustar a lo establecido en el Decreto Supremo 244 y la norma t\u00e9cnica de conexi\u00f3n y operaci\u00f3n (NTCO) en lo que respecta a condiciones y procedimientos de conexi\u00f3n y operaci\u00f3n. Aplica para cualquier tipo de consumidor (regulado o libre) y para cualquier tipo de medio de generaci\u00f3n de energ\u00eda.<\/p>\n<p>Hasta los 1,5 MW existe un procedimiento de conexi\u00f3n a la red abreviado. La energ\u00eda inyectada se vende a empresas de generaci\u00f3n el\u00e9ctrica a costo marginal (horario) o a precio estabilizado (precio de nudo).<\/p>\n<p><img loading=\"lazy\" decoding=\"async\" class=\"alignnone size-medium wp-image-1779\" src=\"https:\/\/autoconsumo.minenergia.cl\/wp-content\/uploads\/2017\/07\/PA_029_01-300x216.jpg\" alt=\"\" width=\"300\" height=\"216\" srcset=\"https:\/\/autoconsumo.minenergia.cl\/wp-content\/uploads\/2017\/07\/PA_029_01-300x216.jpg 300w, https:\/\/autoconsumo.minenergia.cl\/wp-content\/uploads\/2017\/07\/PA_029_01-768x553.jpg 768w, https:\/\/autoconsumo.minenergia.cl\/wp-content\/uploads\/2017\/07\/PA_029_01-1024x737.jpg 1024w, https:\/\/autoconsumo.minenergia.cl\/wp-content\/uploads\/2017\/07\/PA_029_01-660x475.jpg 660w, https:\/\/autoconsumo.minenergia.cl\/wp-content\/uploads\/2017\/07\/PA_029_01.jpg 1251w\" sizes=\"auto, (max-width: 300px) 100vw, 300px\" \/><br \/>\nImagen:\u00a0Microcentral hidroel\u00e9ctrica Dosal<\/p>\n<p><img loading=\"lazy\" decoding=\"async\" class=\"alignnone size-medium wp-image-1781\" src=\"https:\/\/autoconsumo.minenergia.cl\/wp-content\/uploads\/2017\/07\/PA_006_1-300x225.jpg\" alt=\"\" width=\"300\" height=\"225\" srcset=\"https:\/\/autoconsumo.minenergia.cl\/wp-content\/uploads\/2017\/07\/PA_006_1-300x225.jpg 300w, https:\/\/autoconsumo.minenergia.cl\/wp-content\/uploads\/2017\/07\/PA_006_1.jpg 640w\" sizes=\"auto, (max-width: 300px) 100vw, 300px\" \/><br \/>\nImagen:\u00a0Planta de Biog\u00e1s Molina, Vi\u00f1a Pan Pedro<\/p>\n<p>Para m\u00e1s informaci\u00f3n ingresar a la web de la\u00a0Superintendencia de Electricidad y Combustibles &#8211; PMGD\u00a0<a href=\"http:\/\/www.sec.cl\/portal\/page?_pageid=33,6097709&amp;_dad=portal&amp;_schema=PORTAL\">aqu\u00ed.<\/a><\/p>\n","protected":false},"excerpt":{"rendered":"<p>Los PMGD, o Peque\u00f1os Medios de Generaci\u00f3n Distribuida, son sistemas de potencia instalada de hasta 9 MW conectados a la red de distribuci\u00f3n, que pueden inyectar sus excedentes o bien inyectar toda la energ\u00eda que generan. En este caso se debe ajustar a lo establecido en el Decreto Supremo 244 y la norma t\u00e9cnica de [&hellip;]<\/p>\n","protected":false},"author":3,"featured_media":0,"parent":57,"menu_order":0,"comment_status":"closed","ping_status":"closed","template":"","meta":{"footnotes":""},"class_list":["post-241","page","type-page","status-publish","hentry"],"_links":{"self":[{"href":"https:\/\/autoconsumo.minenergia.cl\/index.php?rest_route=\/wp\/v2\/pages\/241","targetHints":{"allow":["GET"]}}],"collection":[{"href":"https:\/\/autoconsumo.minenergia.cl\/index.php?rest_route=\/wp\/v2\/pages"}],"about":[{"href":"https:\/\/autoconsumo.minenergia.cl\/index.php?rest_route=\/wp\/v2\/types\/page"}],"author":[{"embeddable":true,"href":"https:\/\/autoconsumo.minenergia.cl\/index.php?rest_route=\/wp\/v2\/users\/3"}],"replies":[{"embeddable":true,"href":"https:\/\/autoconsumo.minenergia.cl\/index.php?rest_route=%2Fwp%2Fv2%2Fcomments&post=241"}],"version-history":[{"count":14,"href":"https:\/\/autoconsumo.minenergia.cl\/index.php?rest_route=\/wp\/v2\/pages\/241\/revisions"}],"predecessor-version":[{"id":2478,"href":"https:\/\/autoconsumo.minenergia.cl\/index.php?rest_route=\/wp\/v2\/pages\/241\/revisions\/2478"}],"up":[{"embeddable":true,"href":"https:\/\/autoconsumo.minenergia.cl\/index.php?rest_route=\/wp\/v2\/pages\/57"}],"wp:attachment":[{"href":"https:\/\/autoconsumo.minenergia.cl\/index.php?rest_route=%2Fwp%2Fv2%2Fmedia&parent=241"}],"curies":[{"name":"wp","href":"https:\/\/api.w.org\/{rel}","templated":true}]}}