{"id":245,"date":"2017-07-31T21:14:00","date_gmt":"2017-07-31T21:14:00","guid":{"rendered":"http:\/\/localhost\/autoconsumo\/?page_id=245"},"modified":"2020-10-15T21:35:20","modified_gmt":"2020-10-15T21:35:20","slug":"net-billing","status":"publish","type":"page","link":"https:\/\/autoconsumo.minenergia.cl\/?page_id=245","title":{"rendered":"Net Billing"},"content":{"rendered":"<p><iframe loading=\"lazy\" title=\"Energ\u00edas Renovables para autoconsumo | Ley de Generaci\u00f3n Distribuida\" width=\"500\" height=\"281\" src=\"https:\/\/www.youtube.com\/embed\/xU21CxnnvW8?feature=oembed\" frameborder=\"0\" allow=\"accelerometer; autoplay; clipboard-write; encrypted-media; gyroscope; picture-in-picture; web-share\" referrerpolicy=\"strict-origin-when-cross-origin\" allowfullscreen><\/iframe><\/p>\n<h4><strong>\u00a0<\/strong><\/h4>\n<p>La Ley de Generaci\u00f3n Distribuida para el Autoconcumo (tambi\u00e9n conocida como Ley de Facturaci\u00f3n Neta o <strong>Net Billing<\/strong>)\u00a0da derecho a los clientes regulados a instalar sus propios sistemas de autogeneraci\u00f3n y vender sus excedentes a la red de distribuci\u00f3n a un precio regulado, siempre que \u00e9stos sean medios de generaci\u00f3n de energ\u00edas renovables no convencionales o cogeneraci\u00f3n eficiente y <strong>no superen los 300 [kW] de capacidad instalada<\/strong> por cada inmueble o instalaci\u00f3n de un cliente o usuario final.<\/p>\n<p>Adem\u00e1s de consumir tu propia energ\u00eda, la ley te permite inyectar los excedentes de energ\u00eda de tu sistema de autoconsumo. Estos excedentes inyectados a la red ser\u00e1n valorizados a un precio regulado y luego vendidos a la distribuidora el\u00e9ctrica para generar un descuento adicional en tu cuenta de electricidad. Para una mayor comprensi\u00f3n, puedes ver el siguiente gr\u00e1fico:<\/p>\n<p><img loading=\"lazy\" decoding=\"async\" class=\"size-full wp-image-2992 aligncenter\" src=\"https:\/\/autoconsumo.minenergia.cl\/wp-content\/uploads\/2017\/07\/Captura.png\" alt=\"\" width=\"757\" height=\"380\" srcset=\"https:\/\/autoconsumo.minenergia.cl\/wp-content\/uploads\/2017\/07\/Captura.png 757w, https:\/\/autoconsumo.minenergia.cl\/wp-content\/uploads\/2017\/07\/Captura-300x151.png 300w, https:\/\/autoconsumo.minenergia.cl\/wp-content\/uploads\/2017\/07\/Captura-660x331.png 660w\" sizes=\"auto, (max-width: 757px) 100vw, 757px\" \/><\/p>\n<p>Finalmente, la Ley permite el pago de excedentes que no hayan podido ser descontados de las cuentas de suministro el\u00e9ctrico a aquellos usuarios que cumplan con alguna de las siguientes consideraciones:<\/p>\n<ul>\n<li>Clientes residenciales cuya potencia conectada no supere los 20 [kW].<\/li>\n<li>Personas jur\u00eddicas sin fines de lucro cuya potencia conectada no supere los 50 [kW].<\/li>\n<li>Otros clientes que demuestren que sus sistema fue originalmente dise\u00f1ado para el autoconsumo.<\/li>\n<\/ul>\n<h4><\/h4>\n","protected":false},"excerpt":{"rendered":"<p>\u00a0 La Ley de Generaci\u00f3n Distribuida para el Autoconcumo (tambi\u00e9n conocida como Ley de Facturaci\u00f3n Neta o Net Billing)\u00a0da derecho a los clientes regulados a instalar sus propios sistemas de autogeneraci\u00f3n y vender sus excedentes a la red de distribuci\u00f3n a un precio regulado, siempre que \u00e9stos sean medios de generaci\u00f3n de energ\u00edas renovables no [&hellip;]<\/p>\n","protected":false},"author":3,"featured_media":0,"parent":0,"menu_order":0,"comment_status":"closed","ping_status":"closed","template":"","meta":{"footnotes":""},"class_list":["post-245","page","type-page","status-publish","hentry"],"_links":{"self":[{"href":"https:\/\/autoconsumo.minenergia.cl\/index.php?rest_route=\/wp\/v2\/pages\/245","targetHints":{"allow":["GET"]}}],"collection":[{"href":"https:\/\/autoconsumo.minenergia.cl\/index.php?rest_route=\/wp\/v2\/pages"}],"about":[{"href":"https:\/\/autoconsumo.minenergia.cl\/index.php?rest_route=\/wp\/v2\/types\/page"}],"author":[{"embeddable":true,"href":"https:\/\/autoconsumo.minenergia.cl\/index.php?rest_route=\/wp\/v2\/users\/3"}],"replies":[{"embeddable":true,"href":"https:\/\/autoconsumo.minenergia.cl\/index.php?rest_route=%2Fwp%2Fv2%2Fcomments&post=245"}],"version-history":[{"count":51,"href":"https:\/\/autoconsumo.minenergia.cl\/index.php?rest_route=\/wp\/v2\/pages\/245\/revisions"}],"predecessor-version":[{"id":2999,"href":"https:\/\/autoconsumo.minenergia.cl\/index.php?rest_route=\/wp\/v2\/pages\/245\/revisions\/2999"}],"wp:attachment":[{"href":"https:\/\/autoconsumo.minenergia.cl\/index.php?rest_route=%2Fwp%2Fv2%2Fmedia&parent=245"}],"curies":[{"name":"wp","href":"https:\/\/api.w.org\/{rel}","templated":true}]}}