{"id":3071,"date":"2024-09-09T19:09:27","date_gmt":"2024-09-09T19:09:27","guid":{"rendered":"https:\/\/autoconsumo.minenergia.cl\/?page_id=3071"},"modified":"2024-10-14T13:59:35","modified_gmt":"2024-10-14T13:59:35","slug":"bio","status":"publish","type":"page","link":"https:\/\/autoconsumo.minenergia.cl\/?page_id=3071","title":{"rendered":"Biogas"},"content":{"rendered":"<p><!-- Inicio del bloque: Embedded de YouTube --><\/p>\n<div style=\"position: relative; width: 100%; padding-bottom: 56.25%; margin-bottom: 20px;\"><iframe style=\"position: absolute; top: 0; left: 0; width: 100%; height: 100%;\" src=\"https:\/\/www.youtube.com\/embed\/G5bZEdZ5Cdw?si=4aSVwBw9BJ9r1taX\" frameborder=\"0\" allowfullscreen=\"allowfullscreen\"><br \/>\n<\/iframe><\/div>\n<p><!-- Fin del bloque: Embedded de YouTube --><br \/>\n<!-- Inicio del bloque: Aspectos Generales --><\/p>\n<div style=\"background-color: #f0f0f0; padding: 10px; margin-bottom: 15px;\">\n<h2 style=\"color: #333; font-size: 18px; margin-top: 0;\">Aspectos Generales<\/h2>\n<p style=\"font-size: 14px; line-height: 1.5;\">El biog\u00e1s es un gas combustible que proviene de la descomposici\u00f3n de desechos org\u00e1nicos gracias bacterias que los utilizan para alimentarse. Como resultado de la descomposici\u00f3n que realizan las bacterias, se produce gas metano, que corresponde qu\u00edmicamente al mismo combustible que conocemos comercialmente como gas natural y un fertilizante org\u00e1nico llamado digestato. Todo este proceso ocurre en ausencia de ox\u00edgeno, generalmente en un equipo llamado reactor, biodigestor o digestor anaer\u00f3bico.<\/p>\n<p style=\"font-size: 14px; line-height: 1.5;\">Los desechos o residuos org\u00e1nicos que sirven para producir biog\u00e1s pueden ser de todo tipo, como esti\u00e9rcol de animales, purines, basura org\u00e1nica vegetal y animal de mercados, mataderos, lodos de plantas de tratamiento de aguas servidas domiciliarias, residuos de cocina y procesos de transformaci\u00f3n alimentaria (suero de leche, industria vitivin\u00edcola, cervecera, etc.).<\/p>\n<p style=\"font-size: 14px; line-height: 1.5;\">Los compontes principales del biog\u00e1s son metano (CH4) y di\u00f3xido de carbono (CO2), con presencia menor de otros gases como nitr\u00f3geno, ox\u00edgeno, \u00e1cido sulfh\u00eddrico y otros. Mientras mayor sea la cantidad de metano, mayor ser\u00e1 el poder calor\u00edfico o el potencial energ\u00e9tico del biog\u00e1s.<\/p>\n<\/div>\n<div style=\"background-color: #e0f2f1; padding: 10px; margin-bottom: 15px;\">\n<h2 style=\"color: #00796b; font-size: 18px; margin-top: 0;\">Impacto Ambiental y Usos<\/h2>\n<p style=\"font-size: 14px; line-height: 1.5;\">El metano es un Gas de Efecto Invernadero (GEI) que tiene una alta incidencia en el calentamiento global (23 veces mayor al de una mol\u00e9cula de di\u00f3xido de carbono). Por lo tanto, capturar y utilizar directamente el biog\u00e1s para cocinar, calefaccionar o generar electricidad contribuye a mitigar el efecto invernadero derivado de la descomposici\u00f3n de los residuos.<\/p>\n<p style=\"font-size: 14px; line-height: 1.5;\">El biog\u00e1s se puede combustionar para generar electricidad y calor, o se puede purificar en un mayor grado para obtener biometano, un gas similar al gas natural y que tiene las mismas aplicaciones. El biometano se puede inyectar en las redes de distribuci\u00f3n de gas o se puede comprimir para ser usado como biocombustible en veh\u00edculos de transporte.<\/p>\n<p style=\"font-size: 14px; line-height: 1.5;\">Un biodigestor es un contenedor en el cual se produce la degradaci\u00f3n anaer\u00f3bica de la materia org\u00e1nica, conocido tambi\u00e9n como digestor, reactor o fermentador.<\/p>\n<\/div>\n<div style=\"background-color: #e1f5fe; padding: 10px; margin-bottom: 15px;\">\n<h2 style=\"color: #0277bd; font-size: 18px; margin-top: 0;\">Registro de Plantas de Biog\u00e1s<\/h2>\n<p style=\"font-size: 14px; line-height: 1.5;\">El registro de plantas de Biog\u00e1s es una base de datos que es elaborada y actualizada por la Superintendencia de Electricidad y Combustibles (SEC), de acuerdo con la Ley N\u00ba 20.999, de 2017, que modific\u00f3 el Decreto con Fuerza de Ley N\u00ba 1, de 1978, del Ministerio de Miner\u00eda. Esta ley se\u00f1ala que es la SEC el organismo responsable de establecer y mantener un registro de inscripci\u00f3n de las instalaciones que sirvan para la producci\u00f3n, importaci\u00f3n, refinaci\u00f3n, transporte, distribuci\u00f3n, almacenamiento, abastecimiento, regasificaci\u00f3n o comercializaci\u00f3n de biog\u00e1s.<\/p>\n<p style=\"font-size: 14px; line-height: 1.5;\">Es importante mencionar que la Resoluci\u00f3n Exenta N\u00ba 22.337, de fecha 7 de febrero de 2018, de la SEC, establece el Procedimiento para el Registro y Cierre de Plantas de Biog\u00e1s. Dicha resoluci\u00f3n indica que \u201cEl propietario de la planta de biog\u00e1s, por medio de un instalador de gas clase 4, en adelante \u201cdeclarante\u201d, podr\u00e1 iniciar el tr\u00e1mite de registro de una planta de Biog\u00e1s en cualquier oficina de la Superintendencia de Electricidad y Combustibles (SEC).\u201d<\/p>\n<\/div>\n<div style=\"background-color: #fff3e0; padding: 10px; margin-bottom: 15px;\">\n<h2 style=\"color: #e65100; font-size: 18px; margin-top: 0;\">Materiales y Herramientas<\/h2>\n<h2 style=\"color: #e65100; font-size: 18px; margin-top: 0;\">Buscador de Normas de Bioenerg\u00eda<\/h2>\n<p style=\"font-size: 14px; line-height: 1.5;\">El Ministerio de Energ\u00eda ha elaborado un Buscador de Normas de Bioenerg\u00eda que contiene una sistematizaci\u00f3n del marco legal vigente para la bioenerg\u00eda, abordando la regulaci\u00f3n del combustible, las tecnolog\u00edas de generaci\u00f3n, los sistemas de transporte y distribuci\u00f3n, y otros aspectos como el tratamiento tributario.<\/p>\n<p style=\"font-size: 14px; line-height: 1.5;\">El buscador incorpora:<\/p>\n<ul style=\"list-style-type: disc; padding-left: 20px; margin: 0;\">\n<li>Marco legal aplicable al Biog\u00e1s, Biometano y subproductos<\/li>\n<li>Marco legal aplicable a la biomasa<\/li>\n<li>Marco legal aplicable a biocombustibles l\u00edquidos (etanol y biodiesel)<\/li>\n<\/ul>\n<p style=\"font-size: 12px; font-style: italic;\">Nota: El buscador no incorpora el marco legal relativo a la tramitaci\u00f3n ambiental de los proyectos.<\/p>\n<\/div>\n<div style=\"background-color: #e8eaf6; padding: 10px; margin-bottom: 15px;\">\n<h2 style=\"color: #3f51b5; font-size: 18px; margin-top: 0;\">Claves de un Biodigestor<\/h2>\n<ul style=\"list-style-type: disc; padding-left: 20px; margin: 0;\">\n<li>Tecnolog\u00eda consolidada en el mundo, y en desarrollo en Chile.<\/li>\n<li>El prop\u00f3sito principal es ambiental y sanitario, debido a que los biodigestores tratan residuos.<\/li>\n<li>Se dise\u00f1an a medida, seg\u00fan el tipo y cantidad de residuos org\u00e1nicos disponibles para degradar.<\/li>\n<li>La operaci\u00f3n necesita personal capacitado.<\/li>\n<li>Debe acogerse al nuevo Reglamento de Seguridad de Instalaciones de Biog\u00e1s.<\/li>\n<\/ul>\n<\/div>\n<div style=\"background-color: #e8f5e9; padding: 10px;\">\n<h2 style=\"color: #2e7d32; font-size: 18px; margin-top: 0;\">Aplicaciones<\/h2>\n<ul style=\"list-style-type: disc; padding-left: 20px; margin: 0;\">\n<li>Autoconsumo de energ\u00eda t\u00e9rmica para agua caliente sanitaria, cocci\u00f3n, calefacci\u00f3n y calor de proceso, entre otros.<\/li>\n<li>Inyecci\u00f3n de biometano a red de gas natural.<\/li>\n<li>Uso como combustible vehicular.<\/li>\n<li>Sistemas con generadores a gas para autoconsumo de energ\u00eda el\u00e9ctrica y en cogeneraci\u00f3n (a mediana y gran escala).<\/li>\n<li>Dar acceso a energ\u00eda t\u00e9rmica y el\u00e9ctrica en zonas aisladas (con residuos org\u00e1nicos disponibles).<\/li>\n<li>Posibilidad de vender los excedentes de electricidad generada a la red de distribuci\u00f3n.<\/li>\n<\/ul>\n<\/div>\n<p><!-- Fin del bloque: Aplicaciones --><\/p>\n","protected":false},"excerpt":{"rendered":"<p>Aspectos Generales El biog\u00e1s es un gas combustible que proviene de la descomposici\u00f3n de desechos org\u00e1nicos gracias bacterias que los utilizan para alimentarse. Como resultado de la descomposici\u00f3n que realizan las bacterias, se produce gas metano, que corresponde qu\u00edmicamente al mismo combustible que conocemos comercialmente como gas natural y un fertilizante org\u00e1nico llamado digestato. Todo [&hellip;]<\/p>\n","protected":false},"author":3,"featured_media":0,"parent":0,"menu_order":0,"comment_status":"closed","ping_status":"closed","template":"page-biogas.php","meta":{"footnotes":""},"class_list":["post-3071","page","type-page","status-publish","hentry"],"_links":{"self":[{"href":"https:\/\/autoconsumo.minenergia.cl\/index.php?rest_route=\/wp\/v2\/pages\/3071","targetHints":{"allow":["GET"]}}],"collection":[{"href":"https:\/\/autoconsumo.minenergia.cl\/index.php?rest_route=\/wp\/v2\/pages"}],"about":[{"href":"https:\/\/autoconsumo.minenergia.cl\/index.php?rest_route=\/wp\/v2\/types\/page"}],"author":[{"embeddable":true,"href":"https:\/\/autoconsumo.minenergia.cl\/index.php?rest_route=\/wp\/v2\/users\/3"}],"replies":[{"embeddable":true,"href":"https:\/\/autoconsumo.minenergia.cl\/index.php?rest_route=%2Fwp%2Fv2%2Fcomments&post=3071"}],"version-history":[{"count":7,"href":"https:\/\/autoconsumo.minenergia.cl\/index.php?rest_route=\/wp\/v2\/pages\/3071\/revisions"}],"predecessor-version":[{"id":3191,"href":"https:\/\/autoconsumo.minenergia.cl\/index.php?rest_route=\/wp\/v2\/pages\/3071\/revisions\/3191"}],"wp:attachment":[{"href":"https:\/\/autoconsumo.minenergia.cl\/index.php?rest_route=%2Fwp%2Fv2%2Fmedia&parent=3071"}],"curies":[{"name":"wp","href":"https:\/\/api.w.org\/{rel}","templated":true}]}}