{"id":3247,"date":"2024-12-04T19:06:28","date_gmt":"2024-12-04T19:06:28","guid":{"rendered":"https:\/\/autoconsumo.minenergia.cl\/?page_id=3247"},"modified":"2024-12-11T15:11:52","modified_gmt":"2024-12-11T15:11:52","slug":"1-sistema-solar-fotovoltaico","status":"publish","type":"page","link":"https:\/\/autoconsumo.minenergia.cl\/?page_id=3247","title":{"rendered":"1. Sistema solar fotovoltaico"},"content":{"rendered":"\n<h2 class=\"wp-block-heading\">\u00bfQu\u00e9 es un sistema solar fotovoltaico?<\/h2>\n\n\n\n<iframe loading=\"lazy\" width=\"560\" height=\"315\" src=\"https:\/\/www.youtube.com\/embed\/jO8HBDaok5I?si=bYXi0VW4g0CP1EEx\" title=\"YouTube video player\" frameborder=\"0\" allow=\"accelerometer; autoplay; clipboard-write; encrypted-media; gyroscope; picture-in-picture; web-share\" referrerpolicy=\"strict-origin-when-cross-origin\" allowfullscreen><\/iframe>\n\n\n\n<p>Un sistema solar fotovoltaico es un medio de generaci\u00f3n de energ\u00eda que transforma la radiaci\u00f3n solar en energ\u00eda el\u00e9ctrica, a trav\u00e9s del uso de paneles fotovoltaicos.<\/p>\n\n\n\n<p>Los paneles fotovoltaicos son los componentes principales del sistema, fabricados a partir de un conjunto de peque\u00f1as celdas de silicio, material que permite la generaci\u00f3n de electricidad mediante una reacci\u00f3n fotovoltaica con la luz.<\/p>\n\n\n\n<p>Una de las caracter\u00edsticas principales de estos sistemas es que son de f\u00e1cil y r\u00e1pida implementaci\u00f3n, escalables y modulares, pudiendo generar electricidad para encender desde una lampara a cubrir grandes demandas de energ\u00eda, a\u00f1adiendo los paneles y sistemas necesarios para soluciones de mayor capacidad.<\/p>\n\n\n\n<h2 class=\"wp-block-heading\">Claves de un sistema fotovoltaico<\/h2>\n\n\n\n<ul class=\"wp-block-list\">\n<li>Tecnolog\u00eda consolidada y a precios competitivos.<\/li>\n\n\n\n<li>F\u00e1cil instalaci\u00f3n.<\/li>\n\n\n\n<li>Vida \u00fatil de a lo menos 20 a\u00f1os.<\/li>\n\n\n\n<li>M\u00ednima mantenci\u00f3n, principalmente limpieza peri\u00f3dica de los paneles.<\/li>\n\n\n\n<li>Son rentables, con plazos medianos de recuperaci\u00f3n de la inversi\u00f3n.<\/li>\n\n\n\n<li>Existen alrededor de 27.000 sistemas acogidos a la Ley de Generaci\u00f3n Distribuida en el pa\u00eds al 2024, sumando m\u00e1s de 296 MW de capacidad instalada.<\/li>\n<\/ul>\n\n\n\n<h2 class=\"wp-block-heading\">Aplicaciones<\/h2>\n\n\n\n<ul class=\"wp-block-list\">\n<li>Autoconsumo de energ\u00eda el\u00e9ctrica.<\/li>\n\n\n\n<li>Posibilidad de vender los excedentes de electricidad generada a la red de distribuci\u00f3n.<\/li>\n\n\n\n<li>Dar acceso a energ\u00eda el\u00e9ctrica en zonas aisladas.<\/li>\n\n\n\n<li>Posibilidad de agregar sistemas de almacenamiento y operar de forma aislada (off-grid).<\/li>\n<\/ul>\n\n\n\n<ol class=\"wp-block-list\">\n<li><\/li>\n<\/ol>\n\n\n\n<h3 class=\"wp-block-heading\"><\/h3>\n","protected":false},"excerpt":{"rendered":"<p>\u00bfQu\u00e9 es un sistema solar fotovoltaico? Un sistema solar fotovoltaico es un medio de generaci\u00f3n de energ\u00eda que transforma la radiaci\u00f3n solar en energ\u00eda el\u00e9ctrica, a trav\u00e9s del uso de paneles fotovoltaicos. Los paneles fotovoltaicos son los componentes principales del sistema, fabricados a partir de un conjunto de peque\u00f1as celdas de silicio, material que permite [&hellip;]<\/p>\n","protected":false},"author":7,"featured_media":0,"parent":0,"menu_order":0,"comment_status":"closed","ping_status":"closed","template":"","meta":{"footnotes":""},"class_list":["post-3247","page","type-page","status-publish","hentry"],"_links":{"self":[{"href":"https:\/\/autoconsumo.minenergia.cl\/index.php?rest_route=\/wp\/v2\/pages\/3247","targetHints":{"allow":["GET"]}}],"collection":[{"href":"https:\/\/autoconsumo.minenergia.cl\/index.php?rest_route=\/wp\/v2\/pages"}],"about":[{"href":"https:\/\/autoconsumo.minenergia.cl\/index.php?rest_route=\/wp\/v2\/types\/page"}],"author":[{"embeddable":true,"href":"https:\/\/autoconsumo.minenergia.cl\/index.php?rest_route=\/wp\/v2\/users\/7"}],"replies":[{"embeddable":true,"href":"https:\/\/autoconsumo.minenergia.cl\/index.php?rest_route=%2Fwp%2Fv2%2Fcomments&post=3247"}],"version-history":[{"count":14,"href":"https:\/\/autoconsumo.minenergia.cl\/index.php?rest_route=\/wp\/v2\/pages\/3247\/revisions"}],"predecessor-version":[{"id":3570,"href":"https:\/\/autoconsumo.minenergia.cl\/index.php?rest_route=\/wp\/v2\/pages\/3247\/revisions\/3570"}],"wp:attachment":[{"href":"https:\/\/autoconsumo.minenergia.cl\/index.php?rest_route=%2Fwp%2Fv2%2Fmedia&parent=3247"}],"curies":[{"name":"wp","href":"https:\/\/api.w.org\/{rel}","templated":true}]}}