{"id":3251,"date":"2024-12-04T19:05:15","date_gmt":"2024-12-04T19:05:15","guid":{"rendered":"https:\/\/autoconsumo.minenergia.cl\/?page_id=3251"},"modified":"2025-04-22T15:20:13","modified_gmt":"2025-04-22T15:20:13","slug":"1-1-aspectos-tecnicos-y-economicos","status":"publish","type":"page","link":"https:\/\/autoconsumo.minenergia.cl\/?page_id=3251","title":{"rendered":"1.2 Aspectos t\u00e9cnicos y econ\u00f3micos &#8211; Energ\u00eda solar fotovoltaica"},"content":{"rendered":"<h3>Pasos para implementar un Sistema Solar Fotovoltaico<\/h3>\n\n\n<p>Los pasos clave para dimensionar e implementar un sistema fotovoltaico conectado a la red son:<\/p>\n\n\n\n<ul class=\"wp-block-list\">\n<li>1. Identificar el <strong>consumo anual de energ\u00eda el\u00e9ctrica<\/strong>, revisa tus doce ultimas boletas de electricidad.<\/li>\n\n\n\n<li>2. Identificar un <strong>\u00e1rea disponible<\/strong> (techo, patio, estacionamiento o terreno) para instalar un sistema fotovoltaico. Se debe evitar las sombras.<\/li>\n\n\n\n<li>3. Estimar el <strong>tama\u00f1o del sistema fotovoltaico<\/strong> que se podr\u00eda instalar, es la capacidad m\u00e1xima seg\u00fan el espacio disponible. Hay que recordar que por cada 1 kWp se necesitan de 5 a 10 m2 de superficie.<\/li>\n\n\n\n<li>4. Calcular la <strong>generaci\u00f3n anual de energ\u00eda<\/strong> del sistema fotovoltaico utilizando el Explorador Solar del Ministerio de Energ\u00eda y compararla con el consumo el\u00e9ctrico.&nbsp;Revisar el tutorial&nbsp;<a href=\"https:\/\/youtu.be\/8AedqjC2r_k\" target=\"_blank\" rel=\"noreferrer noopener\">aqu\u00ed.<\/a>&nbsp;<\/li>\n\n\n\n<li>5. Redefinir el tama\u00f1o del sistema fotovoltaico de manera de ajustarlo a las necesidades de consumo de energ\u00eda identificadas en el paso 1.<\/li>\n\n\n\n<li>6. Escoger la <strong>opci\u00f3n de financiamiento<\/strong> de acuerdo con la capacidad de inversi\u00f3n (capital propio, cr\u00e9dito comercial o leasing, modelo ESCO).<\/li>\n\n\n\n<li>7. Se recomienda <strong>cotizar con al menos tres empresas especializadas<\/strong>, <strong>y verificar las referencias, <\/strong>consultar por la atenci\u00f3n posterior a la venta e instalaci\u00f3n y solicitar garant\u00eda del sistema instalado.<\/li>\n\n\n\n<li>8. Con la informaci\u00f3n de las cotizaciones, se puede utilizar la <strong>Calculadora del Explorador Solar<\/strong>, para calcular el ahorro generado y el retorno de la inversi\u00f3n del sistema. <\/li>\n\n\n\n<li>Ingresa al Explorador Solar&nbsp;<a href=\"http:\/\/www.minenergia.cl\/exploradorsolar\/\" target=\"_blank\" rel=\"noreferrer noopener\">aqu\u00ed&nbsp;<\/a>y luego ingresa a la herramienta para Calcular el ahorro en la cuenta de luz.<\/li>\n<\/ul>\n\n\n<h3>Proveedores<\/h3>\n\n\n<p>Cotice con varios proveedores. Verifique las referencias, consulte por la atenci\u00f3n posterior a la venta e instalaci\u00f3n y solicite garant\u00eda del sistema instalado.  <\/p>\n\n\n\n<ul class=\"wp-block-list\">\n<li><a href=\"http:\/\/www.sec.cl\/gda\/proveedores-e-instaladores\/\" target=\"_blank\" rel=\"noreferrer noopener\">Registro de instaladores y empresas proveedoras de la Superintendencia de Electricidad y Combustibles.<\/a><\/li>\n\n\n\n<li><a href=\"https:\/\/www.registroenergetico.cl\/\" target=\"_blank\" rel=\"noreferrer noopener\">Registro de Consultores de la Agencia de Sostenibilidad Energ\u00e9tica<\/a>.<\/li>\n<\/ul>\n\n\n<table>\n<tbody>\n<tr>\n<td>\n<p>Solicita al proveedor que te entregue un <strong>Plan de operaci\u00f3n y mantenimiento<\/strong>, y que realice una <strong>capacitaci\u00f3n al personal que operar\u00e1 el sistema<\/strong>, el que considere mantenimientos preventivos y peri\u00f3dicos; monitoreo de la operaci\u00f3n y medici\u00f3n de la producci\u00f3n del sistema; mantenimiento peri\u00f3dico de las instalaciones el\u00e9ctricas tales como empalmes, medidores u otros; \u00a0aspectos de seguridad en la operaci\u00f3n (uso de elementos de protecci\u00f3n, protocolos de conexi\u00f3n-desconexi\u00f3n, apagado, puesta en marcha); manejo de emergencias, frente a incidentes y fallas de de acuerdo a lo establecido por el fabricante y la normativa aplicable;<\/p>\n<p>Solicita al proveedor que te entregue <strong>fichas t\u00e9cnicas de los principales equipos y manuales de servicio t\u00e9cnico<\/strong> en caso de que corresponda.<\/p>\n<\/td>\n<\/tr>\n<\/tbody>\n<\/table>\n<h3>Tipos de sistemas solares fotovoltaicos<\/h3>\n\n\n<h2 class=\"wp-block-heading has-text-align-center\"><strong>Sistema fotovoltaico con inyecci\u00f3n de excedentes<\/strong><\/h2>\n\n\n\n<figure class=\"wp-block-image\"><img loading=\"lazy\" decoding=\"async\" width=\"1481\" height=\"444\" src=\"https:\/\/autoconsumo.minenergia.cl\/wp-content\/uploads\/2017\/10\/sistema-fotovoltaico-conectado-a-la-red.png\" alt=\"\" class=\"wp-image-808\" srcset=\"https:\/\/autoconsumo.minenergia.cl\/wp-content\/uploads\/2017\/10\/sistema-fotovoltaico-conectado-a-la-red.png 1481w, https:\/\/autoconsumo.minenergia.cl\/wp-content\/uploads\/2017\/10\/sistema-fotovoltaico-conectado-a-la-red-300x90.png 300w, https:\/\/autoconsumo.minenergia.cl\/wp-content\/uploads\/2017\/10\/sistema-fotovoltaico-conectado-a-la-red-768x230.png 768w, https:\/\/autoconsumo.minenergia.cl\/wp-content\/uploads\/2017\/10\/sistema-fotovoltaico-conectado-a-la-red-1024x307.png 1024w, https:\/\/autoconsumo.minenergia.cl\/wp-content\/uploads\/2017\/10\/sistema-fotovoltaico-conectado-a-la-red-660x198.png 660w\" sizes=\"auto, (max-width: 1481px) 100vw, 1481px\" \/><\/figure>\n\n\n\n<p><strong>Figura: Componentes de un sistema fotovoltaico conectado a la red<\/strong><\/p>\n\n\n\n<p>Los sistemas fotovoltaicos conectados a la red el\u00e9ctrica tienen cuatro componentes principales:<\/p>\n\n\n\n<ul class=\"wp-block-list\">\n<li>Paneles o m\u00f3dulos fotovoltaicos.<\/li>\n\n\n\n<li>Un inversor, equipo electr\u00f3nico que convierte la corriente continua generada por los paneles en corriente alterna para su uso en instalaciones o para inyectar a la red el\u00e9ctrica.<\/li>\n\n\n\n<li>Una estructura de soporte, la cual fija de manera segura los paneles fotovoltaicos al techo de la instalaci\u00f3n (o a la superficie donde se instale), en la orientaci\u00f3n e inclinaci\u00f3n de dise\u00f1o determinado.<\/li>\n\n\n\n<li>Un medidor de energ\u00eda bidireccional que permite contabilizar los excedentes de electricidad inyectados a la red el\u00e9ctrica.<\/li>\n<\/ul>\n\n\n\n<p>Adicionalmente se puede contar con un sistema de monitoreo para verificar el funcionamiento del sistema fotovoltaico.<\/p>\n\n\n\n<h2 class=\"wp-block-heading has-text-align-center\"><strong>Sistema fotovoltaico aislado<\/strong><\/h2>\n\n\n\n<figure class=\"wp-block-image\"><img loading=\"lazy\" decoding=\"async\" width=\"1479\" height=\"414\" src=\"https:\/\/autoconsumo.minenergia.cl\/wp-content\/uploads\/2017\/10\/sistema-fotovoltaico-aislado.png\" alt=\"\" class=\"wp-image-810\" srcset=\"https:\/\/autoconsumo.minenergia.cl\/wp-content\/uploads\/2017\/10\/sistema-fotovoltaico-aislado.png 1479w, https:\/\/autoconsumo.minenergia.cl\/wp-content\/uploads\/2017\/10\/sistema-fotovoltaico-aislado-300x84.png 300w, https:\/\/autoconsumo.minenergia.cl\/wp-content\/uploads\/2017\/10\/sistema-fotovoltaico-aislado-768x215.png 768w, https:\/\/autoconsumo.minenergia.cl\/wp-content\/uploads\/2017\/10\/sistema-fotovoltaico-aislado-1024x287.png 1024w, https:\/\/autoconsumo.minenergia.cl\/wp-content\/uploads\/2017\/10\/sistema-fotovoltaico-aislado-660x185.png 660w\" sizes=\"auto, (max-width: 1479px) 100vw, 1479px\" \/><\/figure>\n\n\n\n<p><strong>Figura: Componentes de un sistema fotovoltaico aislado<\/strong><\/p>\n\n\n\n<p>Los sistemas fotovoltaicos aislados (no conectados a la red el\u00e9ctrica) tienen cinco componentes principales:<\/p>\n\n\n\n<ul class=\"wp-block-list\">\n<li>Paneles o m\u00f3dulos fotovoltaicos.<\/li>\n\n\n\n<li>Un controlador se encarga de regular el flujo de energ\u00eda desde los paneles al banco de bater\u00edas para almacenarla.<\/li>\n\n\n\n<li>Banco de bater\u00edas, un conjunto de bater\u00edas que se cargan con la energ\u00eda el\u00e9ctrica generada por el sistema fotovoltaico y que suministra la potencia base para el consumo.<\/li>\n\n\n\n<li>Un inversor, equipo electr\u00f3nico que convierte la corriente continua almacenada en las bater\u00edas en corriente alterna para su uso.<\/li>\n<\/ul>\n\n\n\n<p>Una estructura de soporte, la cual fija de manera segura los paneles fotovoltaicos al techo de la instalaci\u00f3n (o a la superficie donde se instale), en la orientaci\u00f3n e inclinaci\u00f3n de dise\u00f1o determinado.<\/p>\n\n\n\n<p>Para m\u00e1s informaci\u00f3n sobre los tipos de autoconsumo, haz click&nbsp;<a href=\"https:\/\/autoconsumo.minenergia.cl\/?page_id=57\">aqu\u00ed<\/a>.<\/p>\n\n\n\n<iframe loading=\"lazy\" width=\"560\" height=\"315\" src=\"https:\/\/www.youtube.com\/embed\/HVvHTh5SLIM?si=QqHbHZZNzj0KzHmE\" title=\"YouTube video player\" frameborder=\"0\" allow=\"accelerometer; autoplay; clipboard-write; encrypted-media; gyroscope; picture-in-picture; web-share\" referrerpolicy=\"strict-origin-when-cross-origin\" allowfullscreen><\/iframe>\n\n\n\n<p>Video: Energ\u00eda Solar Fotovoltaica &#8211; Ministerio de Energ\u00eda<\/p>\n\n\n\n<p><\/p>\n","protected":false},"excerpt":{"rendered":"<p>Pasos para implementar un Sistema Solar Fotovoltaico Los pasos clave para dimensionar e implementar un sistema fotovoltaico conectado a la red son: Proveedores Cotice con varios proveedores. Verifique las referencias, consulte por la atenci\u00f3n posterior a la venta e instalaci\u00f3n y solicite garant\u00eda del sistema instalado. Solicita al proveedor que te entregue un Plan de [&hellip;]<\/p>\n","protected":false},"author":7,"featured_media":0,"parent":0,"menu_order":0,"comment_status":"closed","ping_status":"closed","template":"","meta":{"footnotes":""},"class_list":["post-3251","page","type-page","status-publish","hentry"],"_links":{"self":[{"href":"https:\/\/autoconsumo.minenergia.cl\/index.php?rest_route=\/wp\/v2\/pages\/3251","targetHints":{"allow":["GET"]}}],"collection":[{"href":"https:\/\/autoconsumo.minenergia.cl\/index.php?rest_route=\/wp\/v2\/pages"}],"about":[{"href":"https:\/\/autoconsumo.minenergia.cl\/index.php?rest_route=\/wp\/v2\/types\/page"}],"author":[{"embeddable":true,"href":"https:\/\/autoconsumo.minenergia.cl\/index.php?rest_route=\/wp\/v2\/users\/7"}],"replies":[{"embeddable":true,"href":"https:\/\/autoconsumo.minenergia.cl\/index.php?rest_route=%2Fwp%2Fv2%2Fcomments&post=3251"}],"version-history":[{"count":26,"href":"https:\/\/autoconsumo.minenergia.cl\/index.php?rest_route=\/wp\/v2\/pages\/3251\/revisions"}],"predecessor-version":[{"id":4040,"href":"https:\/\/autoconsumo.minenergia.cl\/index.php?rest_route=\/wp\/v2\/pages\/3251\/revisions\/4040"}],"wp:attachment":[{"href":"https:\/\/autoconsumo.minenergia.cl\/index.php?rest_route=%2Fwp%2Fv2%2Fmedia&parent=3251"}],"curies":[{"name":"wp","href":"https:\/\/api.w.org\/{rel}","templated":true}]}}