{"id":3255,"date":"2024-12-04T19:06:07","date_gmt":"2024-12-04T19:06:07","guid":{"rendered":"https:\/\/autoconsumo.minenergia.cl\/?page_id=3255"},"modified":"2025-01-23T20:55:13","modified_gmt":"2025-01-23T20:55:13","slug":"1-2-materiales-y-herramientas-de-interes","status":"publish","type":"page","link":"https:\/\/autoconsumo.minenergia.cl\/?page_id=3255","title":{"rendered":"1.2 Materiales y herramientas de inter\u00e9s &#8211; Energ\u00eda solar fotovoltaica"},"content":{"rendered":"\n<h2 class=\"wp-block-heading\">Explorador Solar Ministerio de Energ\u00eda<\/h2>\n\n\n\n<figure class=\"wp-block-image size-full\"><img loading=\"lazy\" decoding=\"async\" width=\"322\" height=\"157\" src=\"https:\/\/autoconsumo.minenergia.cl\/wp-content\/uploads\/2024\/12\/image-8.png\" alt=\"\" class=\"wp-image-3485\" srcset=\"https:\/\/autoconsumo.minenergia.cl\/wp-content\/uploads\/2024\/12\/image-8.png 322w, https:\/\/autoconsumo.minenergia.cl\/wp-content\/uploads\/2024\/12\/image-8-300x146.png 300w, https:\/\/autoconsumo.minenergia.cl\/wp-content\/uploads\/2024\/12\/image-8-320x157.png 320w\" sizes=\"auto, (max-width: 322px) 100vw, 322px\" \/><\/figure>\n\n\n\n<p>El <strong>Explorador Solar del Ministerio de Energ\u00eda <\/strong>es una herramienta de acceso p\u00fablico que permite estimar la generaci\u00f3n el\u00e9ctrica con las caracter\u00edsticas espec\u00edficas de cada tipo de panel fotovoltaico y conocer la orientaci\u00f3n \u00f3ptima para maximizar su generaci\u00f3n de electricidad durante el a\u00f1o y calcular los ahorros y el retorno de la inversi\u00f3n en el sistema.<\/p>\n\n\n\n<p>Si quires calcular de forma r\u00e1pida el&nbsp;<strong>ahorro que podr\u00edas obtener al instalar un sistema solar fotovoltaico<\/strong>&nbsp;y conectarlo a la red, de acuerdo a la Ley de Generaci\u00f3n Distribuida, ingresa a las<strong><a href=\"https:\/\/calculadora-ahorro.web.app\/#\/\" target=\"_blank\" rel=\"noreferrer noopener\">&nbsp;CALCULADORA B\u00c1SICA<\/a>&nbsp;<\/strong>o a la&nbsp;<strong><a href=\"https:\/\/solar.minenergia.cl\/calculadora\" target=\"_blank\" rel=\"noreferrer noopener\">CALCULADORA AVANZADA<\/a>.<\/strong><\/p>\n\n\n\n<p>Si quieres hacer&nbsp;<strong>an\u00e1lisis con mayor detalle, para sistemas solares fotovoltaicos<\/strong>, puedes ingresar al&nbsp;<strong>Explorador de Energ\u00eda Solar<\/strong>&nbsp;<a href=\"https:\/\/solar.minenergia.cl\/inicio\" target=\"_blank\" rel=\"noreferrer noopener\">aqu\u00ed.<\/a>&nbsp;Para proyectos en el sector agr\u00edcola puedes ingresar al&nbsp;<strong>Explorador AgroSolar&nbsp;<\/strong><a href=\"https:\/\/agrosolar.exploradorenergia.cl\/\" target=\"_blank\" rel=\"noreferrer noopener\">aqu\u00ed.<\/a> <\/p>\n\n\n\n<ul class=\"wp-block-list\">\n<li>Aprende a usar el <strong>Explorador Sola<\/strong>r <a href=\"https:\/\/www.youtube.com\/watch?v=8AedqjC2r_k\" target=\"_blank\" rel=\"noreferrer noopener\">aqu\u00ed.<\/a><\/li>\n\n\n\n<li>Aprende a usar la <strong>Calculadora Avanzada Solar<\/strong> <a href=\"https:\/\/youtu.be\/dN2Hh5q0XH0\" target=\"_blank\" rel=\"noreferrer noopener\">aqu\u00ed<\/a>, que te permite calcular el ahorro en la cuenta de la luz.<\/li>\n<\/ul>\n\n\n\n<h2 class=\"wp-block-heading\">Portal de informaci\u00f3n ley de generaci\u00f3n distribuida para autoconsumo de la SEC<\/h2>\n\n\n\n<p>Explica como funciona la ley, reglamentos y sus tr\u00e1mites. Presenta estad\u00edsticas de las instalaciones inscritas a la fecha por sector y ubicaci\u00f3n a nivel nacional. Ingresar&nbsp;<a href=\"https:\/\/www.sec.cl\/gda\/#\" target=\"_blank\" rel=\"noreferrer noopener\">aqu\u00ed.<\/a><\/p>\n\n\n\n<p>Puedes conocer el estado y verificar los antecedentes asociados a una declaraci\u00f3n de los tr\u00e1mites de generaci\u00f3n distribu\u00edda TE4 y Electromovilidad TE6. Ingresar <a href=\"https:\/\/wlhttp.sec.cl\/edeclaradorTE4\/autentificacion.do;jsessionid=pxKUc0WmliljgU1YotYpJrdwLhB3o58wNnfEaxhOFCvV640PoSIb!-2085340252\" target=\"_blank\" rel=\"noreferrer noopener\">aqu\u00ed<\/a>.<\/p>\n\n\n\n<h2 class=\"wp-block-heading\">Explorador de Capacidad para Generaci\u00f3n Distribuida de la SEC<\/h2>\n\n\n\n<p>Este mapa interactivo nos permite evaluar de manera preliminar la capacidad disponible en las redes de distribuci\u00f3n de baja tensi\u00f3n para conectar nuevos Equipamientos de Generaci\u00f3n (EG) Renovable. Ingresar <a href=\"https:\/\/experience.arcgis.com\/experience\/4a78489b911f438ca443b978e4a35e7a\/page\/P%C3%A1gina\/\" target=\"_blank\" rel=\"noreferrer noopener\">aqu\u00ed. <\/a><\/p>\n\n\n\n<h2 class=\"wp-block-heading\">Indice de precios sistemas fotovoltaicos en Chile 2020<\/h2>\n\n\n\n<p>El estudio muestra los rangos de precio para sistemas FV conectados a la red en Chile (llave en mano), los cuales fueron extra\u00eddos de una encuesta realizada a proveedores fotovoltaicos con experiencia en la conexi\u00f3n de plantas bajo net billing. Ingresar <a href=\"https:\/\/energia.gob.cl\/sites\/default\/files\/documentos\/factsheet_idp_fv_2020.pdf\" target=\"_blank\" rel=\"noreferrer noopener\">aqu\u00ed.<\/a><\/p>\n\n\n\n<h2 class=\"wp-block-heading\">Sistemas de Almacenamiento con Energ\u00eda Solar Fotovoltaica en Chile<\/h2>\n\n\n\n<p>El documento&nbsp;permite dar una orientaci\u00f3n acerca de los sistemas de almacenamiento, como su caracterizaci\u00f3n, seguridad, aplicaciones y arquitecturas, adem\u00e1s de algunos an\u00e1lisis t\u00e9cnico-econ\u00f3micos. Ingresar&nbsp;<a href=\"https:\/\/energia.gob.cl\/sites\/default\/files\/documentos\/sistemas-de-almacenamiento_web.pdf\" target=\"_blank\" rel=\"noreferrer noopener\">aqu\u00ed.<\/a><\/p>\n\n\n\n<h2 class=\"wp-block-heading\">Programa Techos Solares P\u00fablicos Ministerio de Energ\u00eda<\/h2>\n\n\n\n<p>En la p\u00e1gina del Programa de Techos Solares P\u00fablicos se encuentran los documentos asociados al sistema fotovoltaico instalado en cada liceo, seleccione en la pesta\u00f1a proyectos, la regi\u00f3n y luego el establecimiento, dentro de ellos: Bases de licitaci\u00f3n para los sistemas fotovoltaicos, estudio de pre Factibilidad, ingenier\u00eda de detalle, TE4. Ingresar&nbsp;<a href=\"https:\/\/techossolares.minenergia.cl\/?page_id=6\" target=\"_blank\" rel=\"noreferrer noopener\">aqu\u00ed.<\/a><\/p>\n\n\n\n<p>Gu\u00edas relacionadas a la instalaci\u00f3n, operaci\u00f3n y mantenimiento de plantas fotovoltaicas para autoconsumo. Ingresar&nbsp;<a href=\"https:\/\/techossolares.minenergia.cl\/?page_id=9\" target=\"_blank\" rel=\"noreferrer noopener\">aqu\u00ed.<\/a><\/p>\n\n\n\n<p><\/p>\n\n\n\n<p><\/p>\n\n\n\n<p><\/p>\n","protected":false},"excerpt":{"rendered":"<p>Explorador Solar Ministerio de Energ\u00eda El Explorador Solar del Ministerio de Energ\u00eda es una herramienta de acceso p\u00fablico que permite estimar la generaci\u00f3n el\u00e9ctrica con las caracter\u00edsticas espec\u00edficas de cada tipo de panel fotovoltaico y conocer la orientaci\u00f3n \u00f3ptima para maximizar su generaci\u00f3n de electricidad durante el a\u00f1o y calcular los ahorros y el retorno [&hellip;]<\/p>\n","protected":false},"author":7,"featured_media":0,"parent":0,"menu_order":0,"comment_status":"closed","ping_status":"closed","template":"","meta":{"footnotes":""},"class_list":["post-3255","page","type-page","status-publish","hentry"],"_links":{"self":[{"href":"https:\/\/autoconsumo.minenergia.cl\/index.php?rest_route=\/wp\/v2\/pages\/3255","targetHints":{"allow":["GET"]}}],"collection":[{"href":"https:\/\/autoconsumo.minenergia.cl\/index.php?rest_route=\/wp\/v2\/pages"}],"about":[{"href":"https:\/\/autoconsumo.minenergia.cl\/index.php?rest_route=\/wp\/v2\/types\/page"}],"author":[{"embeddable":true,"href":"https:\/\/autoconsumo.minenergia.cl\/index.php?rest_route=\/wp\/v2\/users\/7"}],"replies":[{"embeddable":true,"href":"https:\/\/autoconsumo.minenergia.cl\/index.php?rest_route=%2Fwp%2Fv2%2Fcomments&post=3255"}],"version-history":[{"count":21,"href":"https:\/\/autoconsumo.minenergia.cl\/index.php?rest_route=\/wp\/v2\/pages\/3255\/revisions"}],"predecessor-version":[{"id":4002,"href":"https:\/\/autoconsumo.minenergia.cl\/index.php?rest_route=\/wp\/v2\/pages\/3255\/revisions\/4002"}],"wp:attachment":[{"href":"https:\/\/autoconsumo.minenergia.cl\/index.php?rest_route=%2Fwp%2Fv2%2Fmedia&parent=3255"}],"curies":[{"name":"wp","href":"https:\/\/api.w.org\/{rel}","templated":true}]}}