{"id":3258,"date":"2024-12-04T19:07:35","date_gmt":"2024-12-04T19:07:35","guid":{"rendered":"https:\/\/autoconsumo.minenergia.cl\/?page_id=3258"},"modified":"2025-01-23T19:30:02","modified_gmt":"2025-01-23T19:30:02","slug":"1-3-normativa","status":"publish","type":"page","link":"https:\/\/autoconsumo.minenergia.cl\/?page_id=3258","title":{"rendered":"1.3 Normativa &#8211; Energ\u00eda solar fotovoltaica"},"content":{"rendered":"\n<h2 class=\"wp-block-heading\"><strong>Proyectos de generaci\u00f3n distribuida para el autoconsumo conectado a la red, con inyecci\u00f3n (sin giro comercial) \u2013 Netbilling<\/strong><\/h2>\n\n\n\n<ul class=\"wp-block-list\">\n<li>Ley General de Servicios El\u00e9ctricos, en particular el Art\u00edculo 149.<\/li>\n\n\n\n<li><a href=\"https:\/\/www.sec.cl\/sitio-web\/wp-content\/uploads\/2020\/10\/publicacion_decreto_57_de_2019.pdf\" target=\"_blank\" rel=\"noreferrer noopener\">Decreto Supremo N\u00b0 57<\/a>, de 2020, del Ministerio de Energ\u00eda, que aprueba Reglamento de<br>generaci\u00f3n distribuida para autoconsumo.<\/li>\n\n\n\n<li>Norma t\u00e9cnica de conexi\u00f3n y operaci\u00f3n de equipamiento de generaci\u00f3n en baja tensi\u00f3n.<\/li>\n\n\n\n<li><a href=\"https:\/\/www.sec.cl\/sitio-web\/wp-content\/uploads\/2025\/01\/RGR-N-01-2024_v8-Destacada.pdf\" target=\"_blank\" rel=\"noreferrer noopener\">Instrucci\u00f3n T\u00e9cnica RGR N\u00b0 01\/2024<\/a>: Procedimiento de comunicaci\u00f3n de energizaci\u00f3n de<br>generadoras residenciales.<\/li>\n\n\n\n<li><a href=\"https:\/\/www.sec.cl\/sitio-web\/wp-content\/uploads\/2025\/01\/RGR-N-02-2024-V11-destacada.pdf\" target=\"_blank\" rel=\"noreferrer noopener\">Instrucci\u00f3n T\u00e9cnica RGR N\u00b0 02\/2024:<\/a> Dise\u00f1o y ejecuci\u00f3n de las instalaciones fotovoltaicas<br>conectadas a redes de distribuci\u00f3n.<\/li>\n\n\n\n<li><a href=\"https:\/\/www.sec.cl\/sitio-web\/wp-content\/uploads\/2025\/01\/RGR-N-06-2024_v4-destacada.pdf\" target=\"_blank\" rel=\"noreferrer noopener\">Instrucci\u00f3n T\u00e9cnica RGR N\u00b006\/2024<\/a>: Dise\u00f1o y ejecuci\u00f3n de instalaciones de sistemas de<br>almacenamiento de energ\u00eda a trav\u00e9s de bater\u00edas en instalaciones el\u00e9ctricas.<\/li>\n\n\n\n<li><a href=\"https:\/\/www.sec.cl\/reglamento-de-seguridad-de-las-instalaciones-de-consumo-de-energia-electrica-decreto-08\/\" target=\"_blank\" rel=\"noreferrer noopener\">Decreto Supremo N\u00b0 8, de 2020<\/a>, del Ministerio de Energ\u00eda, que aprueba Reglamento de<br>seguridad de las instalaciones de consumo de energ\u00eda el\u00e9ctrica, Ex NCH El\u00e9ctrica N\u00b04.<\/li>\n\n\n\n<li><a href=\"https:\/\/www.sec.cl\/sitio-web\/wp-content\/uploads\/2025\/01\/RESOLUCION-EXENTA-SEC-N%C2%B0-29787.pdf\" data-type=\"link\" data-id=\"https:\/\/www.sec.cl\/sitio-web\/wp-content\/uploads\/2025\/01\/RESOLUCION-EXENTA-SEC-N%C2%B0-29787.pdf\" target=\"_blank\" rel=\"noreferrer noopener\">Resoluci\u00f3n Exenta N\u00b029.787<\/a>, de 2024 de la SEC, modifica los Instructivos T\u00e9cnicos de Generaci\u00f3n Distribuida para Autoconsumo, en particular los RGR N\u00b001\/2024, RGR N\u00b002\/2024 y RGR N\u00b006\/2024.<\/li>\n<\/ul>\n\n\n\n<h2 class=\"wp-block-heading\"><strong>Proyectos de generaci\u00f3n distribuida para el autoconsumo conectado a la red, sin inyecci\u00f3n (autogeneraci\u00f3n o de inyecci\u00f3n cero)<\/strong><\/h2>\n\n\n\n<ul class=\"wp-block-list\">\n<li><a href=\"https:\/\/www.sec.cl\/reglamento-de-seguridad-de-las-instalaciones-de-consumo-de-energia-electrica-decreto-08\/\" target=\"_blank\" rel=\"noreferrer noopener\">Decreto Supremo N\u00b0 8, de 2020<\/a>, del Ministerio de Energ\u00eda, que aprueba Reglamento de<br>seguridad de las instalaciones de consumo de energ\u00eda el\u00e9ctrica, Ex NCH El\u00e9ctrica N\u00b04.<\/li>\n\n\n\n<li><a href=\"https:\/\/www.sec.cl\/sitio-web\/wp-content\/uploads\/2021\/01\/RIC-N09-Sistemas-de-autogeneracion.pdf\" target=\"_blank\" rel=\"noreferrer noopener\">Pliego t\u00e9cnico normativo RIC N\u00b009\/2021<\/a> Sistemas de autogeneraci\u00f3n.<\/li>\n\n\n\n<li><a href=\"https:\/\/www.sec.cl\/sitio-web\/wp-content\/uploads\/2025\/01\/RGR-N-06-2024_v4-destacada.pdf\" target=\"_blank\" rel=\"noreferrer noopener\">Instrucci\u00f3n T\u00e9cnica RGR N\u00b006\/2024:<\/a> Dise\u00f1o y ejecuci\u00f3n de instalaciones de sistemas dealmacenamiento de energ\u00eda a trav\u00e9s de bater\u00edas en instalaciones el\u00e9ctricas.<\/li>\n<\/ul>\n\n\n\n<h2 class=\"wp-block-heading\"><strong>Proyectos fotovoltaicos no conectado a la red (aislados) \u2013 Off Grid<\/strong><\/h2>\n\n\n\n<ul class=\"wp-block-list\">\n<li><a href=\"https:\/\/www.sec.cl\/reglamento-de-seguridad-de-las-instalaciones-de-consumo-de-energia-electrica-decreto-08\/\" target=\"_blank\" rel=\"noreferrer noopener\">Decreto Supremo N\u00b0 8, de 2020<\/a>, del Ministerio de Energ\u00eda, que aprueba Reglamento de<br>seguridad de las instalaciones de consumo de energ\u00eda el\u00e9ctrica, Ex NCH El\u00e9ctrica N\u00b04.<\/li>\n\n\n\n<li><a href=\"https:\/\/www.sec.cl\/sitio-web\/wp-content\/uploads\/2021\/05\/REX-6669-ITG-RIC-9.1-2021.pdf\" data-type=\"link\" data-id=\"https:\/\/www.sec.cl\/sitio-web\/wp-content\/uploads\/2021\/05\/REX-6669-ITG-RIC-9.1-2021.pdf\" target=\"_blank\" rel=\"noreferrer noopener\">Instrucci\u00f3n T\u00e9cnica General RIC N\u00b09.1\/2021<\/a>: Dise\u00f1o y ejecuci\u00f3n de las instalaciones<br>fotovoltaicas aisladas de las redes de distribuci\u00f3n.<\/li>\n\n\n\n<li><a href=\"https:\/\/www.sec.cl\/sitio-web\/wp-content\/uploads\/2025\/01\/RGR-N-06-2024_v4-destacada.pdf\" target=\"_blank\" rel=\"noreferrer noopener\">Instrucci\u00f3n T\u00e9cnica RGR N\u00b006\/2024: <\/a>Dise\u00f1o y ejecuci\u00f3n de instalaciones de sistemas dealmacenamiento de energ\u00eda a trav\u00e9s de bater\u00edas en instalaciones el\u00e9ctricas.<\/li>\n<\/ul>\n\n\n\n<h2 class=\"wp-block-heading\"><strong>Proyectos de generaci\u00f3n distribuida con vocaci\u00f3n comercial &#8211; PMGD<\/strong><\/h2>\n\n\n\n<ul class=\"wp-block-list\">\n<li>Ley General de Servicios El\u00e9ctricos, en particular el Art\u00edculo 149.<\/li>\n\n\n\n<li><a href=\"https:\/\/www.sec.cl\/sitio-web\/descargar\/460\/pmgd\/27131\/dec_88_2019_0.pdf\" target=\"_blank\" rel=\"noreferrer noopener\">Decreto Supremo N\u00b0 88\/2020<\/a>, del Ministerio de Energ\u00eda, que aprueba el Reglamento para medios de<br>generaci\u00f3n de peque\u00f1a escala.<\/li>\n\n\n\n<li><a href=\"https:\/\/www.sec.cl\/sitio-web\/wp-content\/uploads\/2019\/10\/NTCO-PMGD-Julio-2019.pdf\" target=\"_blank\" rel=\"noreferrer noopener\">Norma t\u00e9cnica de conexi\u00f3n y operaci\u00f3n de PMGD<\/a> en instalaciones de media tensi\u00f3n<\/li>\n<\/ul>\n\n\n\n<p><\/p>\n","protected":false},"excerpt":{"rendered":"<p>Proyectos de generaci\u00f3n distribuida para el autoconsumo conectado a la red, con inyecci\u00f3n (sin giro comercial) \u2013 Netbilling Proyectos de generaci\u00f3n distribuida para el autoconsumo conectado a la red, sin inyecci\u00f3n (autogeneraci\u00f3n o de inyecci\u00f3n cero) Proyectos fotovoltaicos no conectado a la red (aislados) \u2013 Off Grid Proyectos de generaci\u00f3n distribuida con vocaci\u00f3n comercial &#8211; [&hellip;]<\/p>\n","protected":false},"author":7,"featured_media":0,"parent":0,"menu_order":0,"comment_status":"closed","ping_status":"closed","template":"","meta":{"footnotes":""},"class_list":["post-3258","page","type-page","status-publish","hentry"],"_links":{"self":[{"href":"https:\/\/autoconsumo.minenergia.cl\/index.php?rest_route=\/wp\/v2\/pages\/3258","targetHints":{"allow":["GET"]}}],"collection":[{"href":"https:\/\/autoconsumo.minenergia.cl\/index.php?rest_route=\/wp\/v2\/pages"}],"about":[{"href":"https:\/\/autoconsumo.minenergia.cl\/index.php?rest_route=\/wp\/v2\/types\/page"}],"author":[{"embeddable":true,"href":"https:\/\/autoconsumo.minenergia.cl\/index.php?rest_route=\/wp\/v2\/users\/7"}],"replies":[{"embeddable":true,"href":"https:\/\/autoconsumo.minenergia.cl\/index.php?rest_route=%2Fwp%2Fv2%2Fcomments&post=3258"}],"version-history":[{"count":15,"href":"https:\/\/autoconsumo.minenergia.cl\/index.php?rest_route=\/wp\/v2\/pages\/3258\/revisions"}],"predecessor-version":[{"id":3999,"href":"https:\/\/autoconsumo.minenergia.cl\/index.php?rest_route=\/wp\/v2\/pages\/3258\/revisions\/3999"}],"wp:attachment":[{"href":"https:\/\/autoconsumo.minenergia.cl\/index.php?rest_route=%2Fwp%2Fv2%2Fmedia&parent=3258"}],"curies":[{"name":"wp","href":"https:\/\/api.w.org\/{rel}","templated":true}]}}