{"id":3265,"date":"2024-12-04T19:15:12","date_gmt":"2024-12-04T19:15:12","guid":{"rendered":"https:\/\/autoconsumo.minenergia.cl\/?page_id=3265"},"modified":"2024-12-11T14:19:07","modified_gmt":"2024-12-11T14:19:07","slug":"2-sistema-solar-termico","status":"publish","type":"page","link":"https:\/\/autoconsumo.minenergia.cl\/?page_id=3265","title":{"rendered":"2. Sistema Solar T\u00e9rmico"},"content":{"rendered":"\n<iframe loading=\"lazy\" width=\"560\" height=\"315\" src=\"https:\/\/www.youtube.com\/embed\/jO8HBDaok5I?si=VR6JS0KwKfn9Nh2b\" title=\"YouTube video player\" frameborder=\"0\" allow=\"accelerometer; autoplay; clipboard-write; encrypted-media; gyroscope; picture-in-picture; web-share\" referrerpolicy=\"strict-origin-when-cross-origin\" allowfullscreen><\/iframe>\n\n\n\n<h2 class=\"wp-block-heading\">\u00bfQue es un sistema solar t\u00e9rmico?<\/h2>\n\n\n\n<p>Un sistema solar t\u00e9rmico (SST) es un sistema capaz de captar la energ\u00eda del sol y transferirla a un fluido para calentarlo y luego almacenarlo para su posterior consumo.<\/p>\n\n\n\n<p>La energ\u00eda t\u00e9rmica que se produce a partir de un SST se puede utilizar de diversas maneras, siendo el uso m\u00e1s com\u00fan la generaci\u00f3n de agua caliente sanitaria en forma directa. Sin embargo, la energ\u00eda t\u00e9rmica tambi\u00e9n se puede utilizar en sistemas combinados de agua caliente, calefacci\u00f3n de recintos y calentamiento de piscinas, as\u00ed como sistemas de calefacci\u00f3n distrital de gran escala y aplicaciones industriales, pudiendo disminuir el consumo de combustibles f\u00f3siles y\/o de electricidad.<\/p>\n\n\n\n<p>En Chile en los \u00faltimos a\u00f1os se ha visto un crecimiento importante del mercado solar t\u00e9rmico, principalmente ligado al sector residencial para consumo de agua caliente sanitaria. A\u00fan se aprecia una baja inserci\u00f3n de estas tecnolog\u00edas para calefacci\u00f3n, as\u00ed como para procesos t\u00e9rmicos de la industria productiva.<\/p>\n\n\n\n<p>El mayor y \u00faltimo desarrollo se ha dado en la industria minera, observ\u00e1ndose un alto potencial y elevada factibilidad t\u00e9cnico-econ\u00f3mica de los proyectos.<\/p>\n\n\n\n<h2 class=\"wp-block-heading\">Claves de un sistema solar t\u00e9rmico<\/h2>\n\n\n\n<ul class=\"wp-block-list\">\n<li>Tecnolog\u00eda consolidada, con proyectos en Chile ligados principalmente al sector residencial, y desarrollos en la industria minera.<\/li>\n\n\n\n<li>Hay m\u00e1s de 182 mil viviendas beneficiadas con SST mediante instrumentos de fomento (entre el 2010 y el 2023).<\/li>\n\n\n\n<li>Son rentables, con plazos medianos de recuperaci\u00f3n de la inversi\u00f3n.<\/li>\n<\/ul>\n\n\n\n<h2 class=\"wp-block-heading\">Aplicaciones<\/h2>\n\n\n\n<ul class=\"wp-block-list\">\n<li>Autoconsumo de energ\u00eda t\u00e9rmica para agua caliente sanitaria, calefacci\u00f3n de recintos y piscinas, calor para procesos industriales (secado, limpieza, esterilizaci\u00f3n, cocci\u00f3n, etc.), entre otros.<\/li>\n<\/ul>\n","protected":false},"excerpt":{"rendered":"<p>\u00bfQue es un sistema solar t\u00e9rmico? Un sistema solar t\u00e9rmico (SST) es un sistema capaz de captar la energ\u00eda del sol y transferirla a un fluido para calentarlo y luego almacenarlo para su posterior consumo. La energ\u00eda t\u00e9rmica que se produce a partir de un SST se puede utilizar de diversas maneras, siendo el uso [&hellip;]<\/p>\n","protected":false},"author":7,"featured_media":0,"parent":0,"menu_order":0,"comment_status":"closed","ping_status":"closed","template":"","meta":{"footnotes":""},"class_list":["post-3265","page","type-page","status-publish","hentry"],"_links":{"self":[{"href":"https:\/\/autoconsumo.minenergia.cl\/index.php?rest_route=\/wp\/v2\/pages\/3265","targetHints":{"allow":["GET"]}}],"collection":[{"href":"https:\/\/autoconsumo.minenergia.cl\/index.php?rest_route=\/wp\/v2\/pages"}],"about":[{"href":"https:\/\/autoconsumo.minenergia.cl\/index.php?rest_route=\/wp\/v2\/types\/page"}],"author":[{"embeddable":true,"href":"https:\/\/autoconsumo.minenergia.cl\/index.php?rest_route=\/wp\/v2\/users\/7"}],"replies":[{"embeddable":true,"href":"https:\/\/autoconsumo.minenergia.cl\/index.php?rest_route=%2Fwp%2Fv2%2Fcomments&post=3265"}],"version-history":[{"count":6,"href":"https:\/\/autoconsumo.minenergia.cl\/index.php?rest_route=\/wp\/v2\/pages\/3265\/revisions"}],"predecessor-version":[{"id":3564,"href":"https:\/\/autoconsumo.minenergia.cl\/index.php?rest_route=\/wp\/v2\/pages\/3265\/revisions\/3564"}],"wp:attachment":[{"href":"https:\/\/autoconsumo.minenergia.cl\/index.php?rest_route=%2Fwp%2Fv2%2Fmedia&parent=3265"}],"curies":[{"name":"wp","href":"https:\/\/api.w.org\/{rel}","templated":true}]}}