{"id":3277,"date":"2024-12-04T19:18:48","date_gmt":"2024-12-04T19:18:48","guid":{"rendered":"https:\/\/autoconsumo.minenergia.cl\/?page_id=3277"},"modified":"2024-12-17T15:43:45","modified_gmt":"2024-12-17T15:43:45","slug":"2-2-materiales-y-herramientas-de-interes","status":"publish","type":"page","link":"https:\/\/autoconsumo.minenergia.cl\/?page_id=3277","title":{"rendered":"2.2 Materiales y herramientas de inter\u00e9s &#8211; Energ\u00eda solar t\u00e9rmica"},"content":{"rendered":"\n<h2 class=\"wp-block-heading\">Explorador Solar Ministerio de Energ\u00eda<\/h2>\n\n\n\n<figure class=\"wp-block-image size-full\"><img loading=\"lazy\" decoding=\"async\" width=\"322\" height=\"157\" src=\"https:\/\/autoconsumo.minenergia.cl\/wp-content\/uploads\/2024\/12\/image-8.png\" alt=\"\" class=\"wp-image-3485\" srcset=\"https:\/\/autoconsumo.minenergia.cl\/wp-content\/uploads\/2024\/12\/image-8.png 322w, https:\/\/autoconsumo.minenergia.cl\/wp-content\/uploads\/2024\/12\/image-8-300x146.png 300w, https:\/\/autoconsumo.minenergia.cl\/wp-content\/uploads\/2024\/12\/image-8-320x157.png 320w\" sizes=\"auto, (max-width: 322px) 100vw, 322px\" \/><\/figure>\n\n\n\n<p>El <a href=\"https:\/\/solar.minenergia.cl\/termico\" target=\"_blank\" rel=\"noreferrer noopener\"><strong>Explorador\u00a0 Solar del Ministerio de Energ\u00eda<\/strong> <\/a>cuenta con una herramienta que permite a cualquier ciudadano calcular el ahorro que generar\u00eda la instalaci\u00f3n de un <strong>Sistema Solar T\u00e9rmico (SST) <\/strong>para la generaci\u00f3n de agua caliente sanitaria en cualquier lugar del pa\u00eds. De manera complementaria el m\u00f3dulo Sistema Solar T\u00e9rmico del Explorador Solar permite calcular la Contribuci\u00f3n Solar M\u00ednima (CSM) exigida para la recepci\u00f3n de beneficios considerados en distintos\u00a0Instrumentos de Fomentos.<\/p>\n\n\n\n<ul class=\"wp-block-list\">\n<li><a href=\"https:\/\/solar.minenergia.cl\/termico\" target=\"_blank\" rel=\"noreferrer noopener\">Calculadora de Sistemas Solares Termicos<\/a>, herramienta para calcular el ahorro que genera la instalaci\u00f3n de un SST para agua caliente sanitaria.<\/li>\n\n\n\n<li><a href=\"https:\/\/solar.minenergia.cl\/industriales\" target=\"_blank\" rel=\"noreferrer noopener\">Calculadora de Sistemas Solares Termicos Industriales<\/a>, herramienta para calcular generaci\u00f3n y retorno de la inversi\u00f3n de un SST a escala industrial.<\/li>\n<\/ul>\n\n\n\n<h2 class=\"wp-block-heading\">Gu\u00eda de buenas pr\u00e1cticas con base en la experiencia de instalaciones solares t\u00e9rmicas<\/h2>\n\n\n\n<p>La guia busca entregar recomendaciones y lineamientos de buenas pr\u00e1cticas a implementadores, operadores y usuarios de Proyectos de Sistemas Solares T\u00e9rmicos (SST) de generaci\u00f3n de Agua Caliente Sanitaria (ACS), enfoc\u00e1ndose en los procesos de selecci\u00f3n de componentes y materiales, montaje e instalaci\u00f3n, realizaci\u00f3n de pruebas de puesta en marcha y entradas en operaci\u00f3n, y en la ejecuci\u00f3n programas de mantenci\u00f3n diferenciados entre preventivos y correctivos, bas\u00e1ndose en la motivaci\u00f3n de contribuir al correcto funcionamiento de Proyectos SST, a su integridad material, a una producci\u00f3n t\u00e9rmica efectiva y de brindar seguridad a las personas y su entorno. Ingresar&nbsp;<a href=\"https:\/\/sst.minenergia.cl\/wp-content\/uploads\/2022\/10\/PUBLICACIO%CC%81N-guia-SST-V4.pdf\" target=\"_blank\" rel=\"noreferrer noopener\">aqu\u00ed.<\/a><\/p>\n\n\n\n<ol class=\"wp-block-list\">\n<li><\/li>\n<\/ol>\n\n\n\n<h2 class=\"wp-block-heading\">Referencias Bibliogr\u00e1ficas<\/h2>\n\n\n\n<ul class=\"wp-block-list\">\n<li>Agencia Internacional de Energ\u00eda, 2014. Heath without global warming. 86 p.&nbsp;<a href=\"https:\/\/www.iea.org\/publications\/freepublications\/publication\/FeaturedInsight_HeatingWithoutGlobalWarming_FINAL.pdf\" target=\"_blank\" rel=\"noreferrer noopener\">Descargar aqu\u00ed.<\/a><\/li>\n\n\n\n<li>APPSOL. Manual de dise\u00f1o de Sistemas Solares T\u00e9rmicos para la Industria Chilena.&nbsp;<a href=\"http:\/\/appsol.cl\/wp-content\/uploads\/2017\/03\/APPSOL.Manual-FINAL.pdf\" target=\"_blank\" rel=\"noreferrer noopener\">Descargar aqu\u00ed.<\/a><\/li>\n\n\n\n<li>GIZ, 2014. Experiencias de plantas solares en Chile. 55p.&nbsp;<a href=\"https:\/\/www.4echile.cl\/4echile\/wp-content\/uploads\/2017\/03\/Experiencias-de-Plantas-Solares-en-Chile.pdf\" target=\"_blank\" rel=\"noreferrer noopener\">Descargar aqu\u00ed.<\/a><\/li>\n\n\n\n<li>NREL, 2015. Initial investigation into the potential of CSP industrial process heat for the Southwest United States. 78p.&nbsp;<a href=\"https:\/\/www.nrel.gov\/docs\/fy16osti\/64709.pdf\" target=\"_blank\" rel=\"noreferrer noopener\">Descargue aqu\u00ed.<\/a><\/li>\n\n\n\n<li>Programa Solar, Sistema solar t\u00e9rmico termosif\u00f3n para viviendas unifamiliares.<a href=\"http:\/\/www.minenergia.cl\/sst\/wp-content\/uploads\/2016\/05\/termosifon_viviendas_unifamiliares-1.pdf\" target=\"_blank\" rel=\"noreferrer noopener\">&nbsp;Descargar aqu\u00ed.<\/a><\/li>\n\n\n\n<li>Solar Heat Worldwide, Edici\u00f3n 2017. 86 p.&nbsp;<a href=\"http:\/\/www.iea-shc.org\/data\/sites\/1\/publications\/Solar-Heat-Worldwide-2017.pdf\" target=\"_blank\" rel=\"noreferrer noopener\">Descargue aqu\u00ed.<\/a><\/li>\n<\/ul>\n","protected":false},"excerpt":{"rendered":"<p>Explorador Solar Ministerio de Energ\u00eda El Explorador\u00a0 Solar del Ministerio de Energ\u00eda cuenta con una herramienta que permite a cualquier ciudadano calcular el ahorro que generar\u00eda la instalaci\u00f3n de un Sistema Solar T\u00e9rmico (SST) para la generaci\u00f3n de agua caliente sanitaria en cualquier lugar del pa\u00eds. De manera complementaria el m\u00f3dulo Sistema Solar T\u00e9rmico del [&hellip;]<\/p>\n","protected":false},"author":7,"featured_media":0,"parent":0,"menu_order":0,"comment_status":"closed","ping_status":"closed","template":"","meta":{"footnotes":""},"class_list":["post-3277","page","type-page","status-publish","hentry"],"_links":{"self":[{"href":"https:\/\/autoconsumo.minenergia.cl\/index.php?rest_route=\/wp\/v2\/pages\/3277","targetHints":{"allow":["GET"]}}],"collection":[{"href":"https:\/\/autoconsumo.minenergia.cl\/index.php?rest_route=\/wp\/v2\/pages"}],"about":[{"href":"https:\/\/autoconsumo.minenergia.cl\/index.php?rest_route=\/wp\/v2\/types\/page"}],"author":[{"embeddable":true,"href":"https:\/\/autoconsumo.minenergia.cl\/index.php?rest_route=\/wp\/v2\/users\/7"}],"replies":[{"embeddable":true,"href":"https:\/\/autoconsumo.minenergia.cl\/index.php?rest_route=%2Fwp%2Fv2%2Fcomments&post=3277"}],"version-history":[{"count":10,"href":"https:\/\/autoconsumo.minenergia.cl\/index.php?rest_route=\/wp\/v2\/pages\/3277\/revisions"}],"predecessor-version":[{"id":3863,"href":"https:\/\/autoconsumo.minenergia.cl\/index.php?rest_route=\/wp\/v2\/pages\/3277\/revisions\/3863"}],"wp:attachment":[{"href":"https:\/\/autoconsumo.minenergia.cl\/index.php?rest_route=%2Fwp%2Fv2%2Fmedia&parent=3277"}],"curies":[{"name":"wp","href":"https:\/\/api.w.org\/{rel}","templated":true}]}}