{"id":3280,"date":"2024-12-04T19:19:48","date_gmt":"2024-12-04T19:19:48","guid":{"rendered":"https:\/\/autoconsumo.minenergia.cl\/?page_id=3280"},"modified":"2024-12-16T19:09:15","modified_gmt":"2024-12-16T19:09:15","slug":"2-3-normativa","status":"publish","type":"page","link":"https:\/\/autoconsumo.minenergia.cl\/?page_id=3280","title":{"rendered":"2.3 Normativa \u2013 Energ\u00eda solar t\u00e9rmica"},"content":{"rendered":"\n<h2 class=\"wp-block-heading\">Sistemas solares t\u00e9rmicos prefabricados o termosif\u00f3n de circulaci\u00f3n natural<\/h2>\n\n\n\n<ul class=\"wp-block-list\">\n<li><a href=\"https:\/\/www.minvu.gob.cl\/wp-content\/uploads\/2020\/08\/Res-Ex-720-V.-y-U.-de-2019-queaprueba-itemizados-tecnicos-para-proyecrtos-de-energias-renovables-sistemas-solarestecmicos-y-sistema-solares-fotovoltaicos.pdf\" target=\"_blank\" rel=\"noreferrer noopener\">Resoluci\u00f3n Exenta N\u00b0 720\/2019<\/a> del Ministerio de Vivienda, que aprueba Itemizados t\u00e9cnicos<br>para proyectos de energ\u00edas renovables: sistemas solares t\u00e9rmicos y sistemas solares<br>fotovoltaicos, en el marco de los programas habitacionales del MINVU, en lo que respecta a<br>sistemas solares t\u00e9rmicos prefabricados. <\/li>\n\n\n\n<li>Resoluci\u00f3n Exenta N\u00b0502 \/2010 del Ministerio de Energ\u00eda, que modifica Norma t\u00e9cnica que<br>determina algoritmo para la verificaci\u00f3n de la contribuci\u00f3n solar m\u00ednima de los sistemas<br>solares t\u00e9rmicos acogidos a la franquicia tributaria de la ley N\u00ba 20.365.<\/li>\n\n\n\n<li>Sus componentes principales, esto es, colectores solares t\u00e9rmicos y dep\u00f3sitos acumuladores,<br>deber\u00e1n pertenecer al <a href=\"http:\/\/wlhttp.sec.cl\/BuscadorSST\/buscador.do\" data-type=\"link\" data-id=\"http:\/\/wlhttp.sec.cl\/BuscadorSST\/buscador.do\" target=\"_blank\" rel=\"noreferrer noopener\">Registro de Productos Autorizados <\/a>de la Superintendencia de<br>Electricidad y Combustibles.<\/li>\n\n\n\n<li>Tomar como referencia la <a href=\"https:\/\/sst.minenergia.cl\/wp-content\/uploads\/2022\/10\/PUBLICACIO%CC%81N-guia-SSTV4.pdf\" target=\"_blank\" rel=\"noreferrer noopener\">Gu\u00eda de Buenas Pr\u00e1cticas<\/a> con base en la experiencia de<br>instalaciones solares t\u00e9rmicas. <br><\/li>\n<\/ul>\n\n\n\n<h2 class=\"wp-block-heading\">Sistemas solares t\u00e9rmicos compuestos (forzados)<\/h2>\n\n\n\n<ul class=\"wp-block-list\">\n<li>Decreto Supremo N\u00b0 331, de 2009, Ministerio de Econom\u00eda, Fomento y Reconstrucci\u00f3n, que<br>aprueba Reglamento de la Ley N\u00b0 20.365, que establece franquicia tributaria respecto de sistemas solares t\u00e9rmicos y el Decreto N\u00b0 33, de 2016, del Ministerio de Energ\u00eda, que modifica el referido decreto.<\/li>\n\n\n\n<li>Resoluci\u00f3n Exenta N\u00b0502, de 2010 del Ministerio de Energ\u00eda, que modifica Norma t\u00e9cnica que determina algoritmo para la verificaci\u00f3n de la contribuci\u00f3n solar m\u00ednima de los sistemas solares t\u00e9rmicos acogidos a la franquicia tributaria de la ley N\u00b0 20.365.<\/li>\n\n\n\n<li>Sus componentes principales, esto es, colectores solares t\u00e9rmicos y dep\u00f3sitos acumuladores,<br>deber\u00e1n pertenecer al <a href=\"http:\/\/wlhttp.sec.cl\/BuscadorSST\/buscador.do\" data-type=\"link\" data-id=\"http:\/\/wlhttp.sec.cl\/BuscadorSST\/buscador.do\" target=\"_blank\" rel=\"noreferrer noopener\">Registro de Productos Autorizados <\/a>de la Superintendencia de<br>Electricidad y Combustibles.<\/li>\n\n\n\n<li>Tomar como referencia la <a href=\"https:\/\/sst.minenergia.cl\/wp-content\/uploads\/2022\/10\/PUBLICACIO%CC%81N-guia-SSTV4.pdf\" target=\"_blank\" rel=\"noreferrer noopener\">Gu\u00eda de Buenas Pr\u00e1cticas<\/a> con base en la experiencia de<br>instalaciones solares t\u00e9rmicas. <\/li>\n\n\n\n<li>Decreto Supremo N\u00b0 40, de 1969, del Ministerio del Trabajo y Previsi\u00f3n Social, que aprueba<br>reglamento sobre prevenci\u00f3n de riesgos profesionales.<\/li>\n<\/ul>\n\n\n\n<p><\/p>\n","protected":false},"excerpt":{"rendered":"<p>Sistemas solares t\u00e9rmicos prefabricados o termosif\u00f3n de circulaci\u00f3n natural Sistemas solares t\u00e9rmicos compuestos (forzados)<\/p>\n","protected":false},"author":7,"featured_media":0,"parent":0,"menu_order":0,"comment_status":"closed","ping_status":"closed","template":"","meta":{"footnotes":""},"class_list":["post-3280","page","type-page","status-publish","hentry"],"_links":{"self":[{"href":"https:\/\/autoconsumo.minenergia.cl\/index.php?rest_route=\/wp\/v2\/pages\/3280","targetHints":{"allow":["GET"]}}],"collection":[{"href":"https:\/\/autoconsumo.minenergia.cl\/index.php?rest_route=\/wp\/v2\/pages"}],"about":[{"href":"https:\/\/autoconsumo.minenergia.cl\/index.php?rest_route=\/wp\/v2\/types\/page"}],"author":[{"embeddable":true,"href":"https:\/\/autoconsumo.minenergia.cl\/index.php?rest_route=\/wp\/v2\/users\/7"}],"replies":[{"embeddable":true,"href":"https:\/\/autoconsumo.minenergia.cl\/index.php?rest_route=%2Fwp%2Fv2%2Fcomments&post=3280"}],"version-history":[{"count":4,"href":"https:\/\/autoconsumo.minenergia.cl\/index.php?rest_route=\/wp\/v2\/pages\/3280\/revisions"}],"predecessor-version":[{"id":3778,"href":"https:\/\/autoconsumo.minenergia.cl\/index.php?rest_route=\/wp\/v2\/pages\/3280\/revisions\/3778"}],"wp:attachment":[{"href":"https:\/\/autoconsumo.minenergia.cl\/index.php?rest_route=%2Fwp%2Fv2%2Fmedia&parent=3280"}],"curies":[{"name":"wp","href":"https:\/\/api.w.org\/{rel}","templated":true}]}}