{"id":3283,"date":"2024-12-04T19:23:43","date_gmt":"2024-12-04T19:23:43","guid":{"rendered":"https:\/\/autoconsumo.minenergia.cl\/?page_id=3283"},"modified":"2024-12-16T19:09:45","modified_gmt":"2024-12-16T19:09:45","slug":"2-4-iniciativas-relacionadas","status":"publish","type":"page","link":"https:\/\/autoconsumo.minenergia.cl\/?page_id=3283","title":{"rendered":"2.4 Iniciativas relacionadas\u00a0\u2013 Energ\u00eda solar t\u00e9rmica"},"content":{"rendered":"\n<h3 class=\"wp-block-heading\">Programa de Mejoramiento de Viviendas y Barrios, Hogar Mejor MINVU<\/h3>\n\n\n\n<p><strong>Programa de Mejoramiento de Vivienda y Barrios <\/strong>busca mejorar la calidad de vida de las familias y la eficiencia energ\u00e9tica de sus viviendas\u00a0unifamiliares a trav\u00e9s del revestimiento de paredes para aislamiento t\u00e9rmico, mejora de ventanas, y tambi\u00e9n la incorporaci\u00f3n de energ\u00edas limpias que permiten el ahorro en el presupuesto familiar.<\/p>\n\n\n\n<p>A familias de ingresos medios y m\u00e1s bajos que no cuentan con presupuesto para realizar trabajos de este tipo en sus viviendas.<\/p>\n\n\n\n<h5 class=\"wp-block-heading\">\u00bfQu\u00e9 tipos de proyectos se pueden postular? <\/h5>\n\n\n\n<p>Son cinco tipos de proyectos:<\/p>\n\n\n\n<ul class=\"wp-block-list\">\n<li><strong>Sistemas solares t\u00e9rmicos (SST) o colectores solares: financia la instalaci\u00f3n de sistemas que ayudan a calentar el agua para que la gente ahorre en gas.<\/strong><\/li>\n\n\n\n<li>Sistemas fotovoltaicos (SFV): financia la instalaci\u00f3n de equipos que generan electricidad a trav\u00e9s de la luz solar para que la gente ahorre en la cuenta de la luz.<\/li>\n\n\n\n<li>Acondicionamiento t\u00e9rmico para comunas con Planes de Descontaminaci\u00f3n Atmosf\u00e9rica (PDA): financia la instalaci\u00f3n de aislaci\u00f3n t\u00e9rmico en muros, techumbres y pisos, adem\u00e1s del recambio de ventanas simples al tipo termo panel e instalaci\u00f3n de ventilaci\u00f3n. Esto con un est\u00e1ndar&nbsp;superior al de la norma actual.<\/li>\n\n\n\n<li>Acondicionamiento t\u00e9rmico para el resto de las comunas del sur del pa\u00eds: desde 2022 financia&nbsp;proyectos del mismo est\u00e1ndar que el est\u00e1ndar para el acondicionamiento t\u00e9rmico PDA.<\/li>\n\n\n\n<li>Recambio de calefactores: para los proyectos de acondicionamiento t\u00e9rmico PDA, se financia el&nbsp;recambio de calefactores a le\u00f1as por calefactores eficientes. Ayuda a disminuir la contaminaci\u00f3n ambiental e intradomiciliaria.<\/li>\n<\/ul>\n\n\n\n<h5 class=\"wp-block-heading\">\u00bfA qui\u00e9n va dirigido este programa?<\/h5>\n\n\n\n<p>A familias de ingresos medios y m\u00e1s bajos que no cuentan con presupuesto para realizar trabajos de este tipo en sus viviendas.<\/p>\n\n\n\n<h5 class=\"wp-block-heading\">\u00bfCu\u00e1les son los requisitos para postular a este llamado?<\/h5>\n\n\n\n<ul class=\"wp-block-list\">\n<li>La postulaci\u00f3n es individual o grupal.<\/li>\n\n\n\n<li>Ahorro de 3 UF para las familias sobre el tramo del 80% del Registro Social de Hogares (RSH).<\/li>\n\n\n\n<li>Pueden postular viviendas construidas por el Serviu en cada regi\u00f3n o viviendas de hasta 1.375 UF o aquellas ubicadas en zonas Planes de Descontaminaci\u00f3n Atmosf\u00e9rica (PDA), independiente de su valor. (Si comuna es zona PDA puede consultarse en Serviu de respectiva regi\u00f3n).<\/li>\n\n\n\n<li>En zonas PDA no se pedir\u00e1 RSH para postular.<\/li>\n\n\n\n<li>Personas beneficiadas anteriormente con un Subsidio de Mejoramiento podr\u00e1n postular nuevamente.<\/li>\n<\/ul>\n\n\n\n<h5 class=\"wp-block-heading\">\u00bfC\u00f3mo postular?<\/h5>\n\n\n\n<ol class=\"wp-block-list\">\n<li>Ingresar a&nbsp;<a href=\"http:\/\/www.minvu.cl\/\" target=\"_blank\" rel=\"noreferrer noopener\">www.minvu.cl<\/a>.<\/li>\n\n\n\n<li>Elegir una Entidad Patrocinante (EP) para desarrollar su proyecto.<\/li>\n\n\n\n<li>EP inicia el dise\u00f1o del proyecto, apoya a las personas a elegir una empresa constructora y prepara los antecedentes para postular a las familias en Minvu.<\/li>\n\n\n\n<li>Minvu asigna subsidios a los proyectos seleccionados para iniciar las obras y las labores de asistencia t\u00e9cnica para cada proyecto.<\/li>\n<\/ol>\n\n\n\n<p><\/p>\n","protected":false},"excerpt":{"rendered":"<p>Programa de Mejoramiento de Viviendas y Barrios, Hogar Mejor MINVU Programa de Mejoramiento de Vivienda y Barrios busca mejorar la calidad de vida de las familias y la eficiencia energ\u00e9tica de sus viviendas\u00a0unifamiliares a trav\u00e9s del revestimiento de paredes para aislamiento t\u00e9rmico, mejora de ventanas, y tambi\u00e9n la incorporaci\u00f3n de energ\u00edas limpias que permiten el [&hellip;]<\/p>\n","protected":false},"author":7,"featured_media":0,"parent":0,"menu_order":0,"comment_status":"closed","ping_status":"closed","template":"","meta":{"footnotes":""},"class_list":["post-3283","page","type-page","status-publish","hentry"],"_links":{"self":[{"href":"https:\/\/autoconsumo.minenergia.cl\/index.php?rest_route=\/wp\/v2\/pages\/3283","targetHints":{"allow":["GET"]}}],"collection":[{"href":"https:\/\/autoconsumo.minenergia.cl\/index.php?rest_route=\/wp\/v2\/pages"}],"about":[{"href":"https:\/\/autoconsumo.minenergia.cl\/index.php?rest_route=\/wp\/v2\/types\/page"}],"author":[{"embeddable":true,"href":"https:\/\/autoconsumo.minenergia.cl\/index.php?rest_route=\/wp\/v2\/users\/7"}],"replies":[{"embeddable":true,"href":"https:\/\/autoconsumo.minenergia.cl\/index.php?rest_route=%2Fwp%2Fv2%2Fcomments&post=3283"}],"version-history":[{"count":7,"href":"https:\/\/autoconsumo.minenergia.cl\/index.php?rest_route=\/wp\/v2\/pages\/3283\/revisions"}],"predecessor-version":[{"id":3779,"href":"https:\/\/autoconsumo.minenergia.cl\/index.php?rest_route=\/wp\/v2\/pages\/3283\/revisions\/3779"}],"wp:attachment":[{"href":"https:\/\/autoconsumo.minenergia.cl\/index.php?rest_route=%2Fwp%2Fv2%2Fmedia&parent=3283"}],"curies":[{"name":"wp","href":"https:\/\/api.w.org\/{rel}","templated":true}]}}