{"id":3288,"date":"2024-12-04T20:03:27","date_gmt":"2024-12-04T20:03:27","guid":{"rendered":"https:\/\/autoconsumo.minenergia.cl\/?page_id=3288"},"modified":"2024-12-06T16:48:55","modified_gmt":"2024-12-06T16:48:55","slug":"3-que-es-una-bomba-de-calor-aerotermica","status":"publish","type":"page","link":"https:\/\/autoconsumo.minenergia.cl\/?page_id=3288","title":{"rendered":"3. Bomba de calor aerot\u00e9rmica"},"content":{"rendered":"\n<h2 class=\"wp-block-heading\">\u00bfQu\u00e9 es una bomba de calor aerot\u00e9rmica?<\/h2>\n\n\n\n<p>Una bomba de calor es un sistema que, v\u00eda un proceso termodin\u00e1mico, puede transferir calor con gran eficiencia desde un medio fr\u00edo a un medio con temperaturas mayores y viceversa. La principal caracter\u00edstica de estos equipos es que, con un poco de trabajo (adicionando una peque\u00f1a cantidad de energ\u00eda al sistema), puede \u201cbombear el calor\u201d invirtiendo el flujo natural de la energ\u00eda, aprovechando as\u00ed la energ\u00eda existente para calentar un medio, enfriando otro. De esta forma, el \u201cbombeo del calor\u201d resultante es independiente de la temperatura a la que se encuentra cada uno de los medios entre los que se transfiere.<\/p>\n\n\n\n<p>Las bombas de calor pueden utilizar diversos medios renovables para la obtenci\u00f3n de energ\u00eda, tales como flujos de agua superficial, la energ\u00eda proveniente de la tierra o la energ\u00eda del aire ambiente.<\/p>\n\n\n\n<p>Se le llama bombas de calor aerot\u00e9rmicas a las que utilizan la energ\u00eda contenida en el aire ambiente, como medio de intercambio para la obtenci\u00f3n de calor para calefacci\u00f3n, generaci\u00f3n de agua caliente sanitaria (ACS), calentamiento de piscinas o procesos industriales. As\u00ed como aquellas que inversamente, tambi\u00e9n utilizan el aire ambiente como sumidero para rechazar calor, proveniente desde el interior de una edificaci\u00f3n, un refrigerador o una c\u00e1mara frigor\u00edfica, bajando la temperatura interior.<\/p>\n\n\n\n<p>Las bombas de calor aerot\u00e9rmicas reciben el nombre de aire acondicionado o sistema de refrigeraci\u00f3n cuando el objetivo de la bomba de calor es extraer calor de un recinto o proceso y transferirlo al ambiente.<\/p>\n\n\n\n<p>En general esta es una tecnolog\u00eda madura en Chile, existen varias empresas entregando soluciones a nivel residencial individual, en especial a lo referido a la climatizaci\u00f3n, pero tambi\u00e9n a la generaci\u00f3n de agua caliente sanitaria con equipos compactos (que incluyen el acumulador de agua caliente); sistemas residenciales colectivos como en edificios donde por medio de sistemas centralizados se entrega tanto agua caliente como calefacci\u00f3n a los residentes.<\/p>\n\n\n\n<h2 class=\"wp-block-heading\">Claves de la aerotermia<\/h2>\n\n\n\n<ul class=\"wp-block-list\">\n<li>Tecnolog\u00eda consolidada, enfocada principalmente en climatizaci\u00f3n, para confort humano y en refrigeraci\u00f3n de alimentos.<\/li>\n\n\n\n<li>Transfieren energ\u00eda t\u00e9rmica entre el aire ambiente y otro medio (calent\u00e1ndolo o enfri\u00e1ndolo seg\u00fan se requiera).<\/li>\n\n\n\n<li>Mantenimiento y operaci\u00f3n reducida.<\/li>\n\n\n\n<li>Desempe\u00f1o depende de un buen dimensionamiento de los sistemas y condiciones de temperatura ambiente.<\/li>\n\n\n\n<li>Es el sistema m\u00e1s ampliamente utilizado en sectores con necesidad de climatizaci\u00f3n de espacios y refrigeraci\u00f3n.<\/li>\n<\/ul>\n\n\n\n<h2 class=\"wp-block-heading\">Aplicaciones<\/h2>\n\n\n\n<ul class=\"wp-block-list\">\n<li>Autoconsumo de energ\u00eda t\u00e9rmica para agua caliente sanitaria, cocci\u00f3n, calefacci\u00f3n, calor de proceso, climatizaci\u00f3n y refrigeraci\u00f3n, entre otros.<\/li>\n<\/ul>\n","protected":false},"excerpt":{"rendered":"<p>\u00bfQu\u00e9 es una bomba de calor aerot\u00e9rmica? Una bomba de calor es un sistema que, v\u00eda un proceso termodin\u00e1mico, puede transferir calor con gran eficiencia desde un medio fr\u00edo a un medio con temperaturas mayores y viceversa. La principal caracter\u00edstica de estos equipos es que, con un poco de trabajo (adicionando una peque\u00f1a cantidad de [&hellip;]<\/p>\n","protected":false},"author":7,"featured_media":0,"parent":0,"menu_order":0,"comment_status":"closed","ping_status":"closed","template":"","meta":{"footnotes":""},"class_list":["post-3288","page","type-page","status-publish","hentry"],"_links":{"self":[{"href":"https:\/\/autoconsumo.minenergia.cl\/index.php?rest_route=\/wp\/v2\/pages\/3288","targetHints":{"allow":["GET"]}}],"collection":[{"href":"https:\/\/autoconsumo.minenergia.cl\/index.php?rest_route=\/wp\/v2\/pages"}],"about":[{"href":"https:\/\/autoconsumo.minenergia.cl\/index.php?rest_route=\/wp\/v2\/types\/page"}],"author":[{"embeddable":true,"href":"https:\/\/autoconsumo.minenergia.cl\/index.php?rest_route=\/wp\/v2\/users\/7"}],"replies":[{"embeddable":true,"href":"https:\/\/autoconsumo.minenergia.cl\/index.php?rest_route=%2Fwp%2Fv2%2Fcomments&post=3288"}],"version-history":[{"count":5,"href":"https:\/\/autoconsumo.minenergia.cl\/index.php?rest_route=\/wp\/v2\/pages\/3288\/revisions"}],"predecessor-version":[{"id":3527,"href":"https:\/\/autoconsumo.minenergia.cl\/index.php?rest_route=\/wp\/v2\/pages\/3288\/revisions\/3527"}],"wp:attachment":[{"href":"https:\/\/autoconsumo.minenergia.cl\/index.php?rest_route=%2Fwp%2Fv2%2Fmedia&parent=3288"}],"curies":[{"name":"wp","href":"https:\/\/api.w.org\/{rel}","templated":true}]}}