{"id":3290,"date":"2024-12-04T20:04:23","date_gmt":"2024-12-04T20:04:23","guid":{"rendered":"https:\/\/autoconsumo.minenergia.cl\/?page_id=3290"},"modified":"2024-12-16T19:10:28","modified_gmt":"2024-12-16T19:10:28","slug":"3-1-aspectos-tecnicos-economicos","status":"publish","type":"page","link":"https:\/\/autoconsumo.minenergia.cl\/?page_id=3290","title":{"rendered":"3.1 Aspectos t\u00e9cnicos econ\u00f3micos \u2013 Aerotermia"},"content":{"rendered":"\n<h3 class=\"wp-block-heading\">Funcionamiento y Ventajas de una bomba de calor aerot\u00e9rmica <\/h3>\n\n\n\n<figure class=\"wp-block-image\"><img loading=\"lazy\" decoding=\"async\" width=\"830\" height=\"507\" src=\"https:\/\/autoconsumo.minenergia.cl\/wp-content\/uploads\/2017\/10\/bomba-calor-de-agua-caliente-sanitaria.png\" alt=\"\" class=\"wp-image-981\" srcset=\"https:\/\/autoconsumo.minenergia.cl\/wp-content\/uploads\/2017\/10\/bomba-calor-de-agua-caliente-sanitaria.png 830w, https:\/\/autoconsumo.minenergia.cl\/wp-content\/uploads\/2017\/10\/bomba-calor-de-agua-caliente-sanitaria-300x183.png 300w, https:\/\/autoconsumo.minenergia.cl\/wp-content\/uploads\/2017\/10\/bomba-calor-de-agua-caliente-sanitaria-768x469.png 768w, https:\/\/autoconsumo.minenergia.cl\/wp-content\/uploads\/2017\/10\/bomba-calor-de-agua-caliente-sanitaria-660x403.png 660w\" sizes=\"auto, (max-width: 830px) 100vw, 830px\" \/><\/figure>\n\n\n\n<p><strong>Figura: Diagrama de una bomba de calor para el calentamiento de agua caliente sanitaria.<br><\/strong><strong>Fuente: IDAE, 2015.<\/strong><\/p>\n\n\n\n<p>En la figura se muestra un diagrama simplificado de una <strong>bomba de calor para agua caliente sanitaria,<\/strong> donde solo una parte peque\u00f1a del calor proviene, en este caso, de la energ\u00eda el\u00e9ctrica que se utiliza para hacer funcionar el compresor.<\/p>\n\n\n\n<p>La ventaja de las bombas de calor aerot\u00e9rmicas es que, por cada unidad de energ\u00eda utilizada para el transporte del calor, pueden movilizar entre 2 y 6 veces m\u00e1s energ\u00eda t\u00e9rmica. A esta proporci\u00f3n nominal se le denomina <strong>Coeficiente de Desempe\u00f1o o COP<\/strong> por sus siglas en ingl\u00e9s.<\/p>\n\n\n\n<p>Por otra parte, el <strong>SCOP o factor de rendimiento estacional del sistema bomba de calor<\/strong>, cuenta el consumo de energ\u00eda del sistema bomba de calor y de los equipos auxiliares (como las bombas, ventiladores y sistemas de control), durante todas las estaciones del a\u00f1o en los que se utiliza. En Chile este valor ronda los 2,5 a 3,5 unidades de energ\u00eda producida por cada unidad de energ\u00eda inyectada a la m\u00e1quina, variando adem\u00e1s seg\u00fan la ubicaci\u00f3n geogr\u00e1fica (zona m\u00e1s c\u00e1lida o fr\u00eda) donde se utiliza el equipo.<\/p>\n\n\n\n<h3 class=\"wp-block-heading\">Aspectos t\u00e9cnico-econ\u00f3micos<\/h3>\n\n\n\n<p>Las bombas de calor se dimensionan de acuerdo con el perfil de uso y a la localizaci\u00f3n del proyecto:<\/p>\n\n\n\n<ul class=\"wp-block-list\">\n<li><strong>Perfil de uso que se tenga:<\/strong> de acuerdo el nivel y tipo de consumo de energ\u00eda que se requiera abastecer, como por ejemplo calefacci\u00f3n de una habitaci\u00f3n, procesos industriales, agua caliente sanitaria, etc., se podr\u00e1 hacer uso directo del calor entregado por el equipo o se deber\u00e1 plantear un sistema de almacenamiento de calor, como un acumulador de agua.<\/li>\n\n\n\n<li><strong>Localizaci\u00f3n: <\/strong>Dependiendo de las caracter\u00edsticas clim\u00e1ticas (variaci\u00f3n de las temperaturas) donde se opera una bomba de calor aerot\u00e9rmica, \u00e9sta puede tener grandes variaciones en la eficiencia con que puede realizar su trabajo. En lugares donde la temperatura ambiente no var\u00eda mucho durante el a\u00f1o, una bomba aerot\u00e9rmica puede ser una muy buena opci\u00f3n. Sin embargo, en lugares con alta oscilaci\u00f3n t\u00e9rmica pueden ser interesantes las bombas geot\u00e9rmicas, capaces de hacer intercambio con el subsuelo, dado que bajo los 5 a 7 metros se mantienen temperaturas estables, cercanas a la temperatura media anual durante todo el a\u00f1o. No obstante, \u00e9sta \u00faltima opci\u00f3n requiere de una alta inversi\u00f3n para su implementaci\u00f3n.<\/li>\n<\/ul>\n\n\n\n<h3 class=\"wp-block-heading\">Tipos de bombas de calor aerot\u00e9rmicas<\/h3>\n\n\n\n<p>En general las bombas de calor aerot\u00e9rmicas, que bordean los 60\u00b0C de temperatura m\u00e1xima, son utilizadas en calefacci\u00f3n y calentamiento de agua sanitaria (ACS), aportando la energ\u00eda del consumo base. Cuando existen consumos extras como per\u00edodos punta e imprevistos, se puede apoyar en equipo auxiliar de generaci\u00f3n de calor como calderas o calefones a base de combusti\u00f3n.<\/p>\n\n\n\n<p>Las bombas de calor se pueden agrupar por su configuraci\u00f3n y uso:<\/p>\n\n\n\n<p><strong>Bombas de Calor Split<\/strong>: son las bombas de calor utilizadas para aire acondicionado y calefacci\u00f3n que cuentan el intercambiador con aire ambiente y mayor\u00eda del sistema fuera del recinto, manteniendo en el recinto el intercambiador con aire interno.<\/p>\n\n\n\n<p><strong>&nbsp;<\/strong><strong>Sistemas compactos y murales:<\/strong>&nbsp;son las bombas de calor utilizadas para aire acondicionado y calefacci\u00f3n que por su forma cerrada se instalan directamente en muros y ventanas o se utilizan manteniendo un ducto de intercambio con el aire exterior.<\/p>\n\n\n\n<figure class=\"wp-block-image\"><img loading=\"lazy\" decoding=\"async\" width=\"300\" height=\"225\" src=\"https:\/\/autoconsumo.minenergia.cl\/wp-content\/uploads\/2017\/10\/bomba-de-calor01.jpg\" alt=\"\" class=\"wp-image-986\"\/><\/figure>\n\n\n\n<p><strong>Bomba de calor para ACS:&nbsp;<\/strong>son las bombas de calor utilizadas para calentamiento de ACS residencial. En general esta bomba se incluye como un solo elemento junto con el estanque de almacenamiento de agua caliente.<\/p>\n\n\n\n<p><strong>Sistemas centralizados:&nbsp;<\/strong>Sistemas de bombas de calor donde los equipos se encuentran en un espacio propio para ellos, y desde aqu\u00ed se realiza la distribuci\u00f3n de calor para ACS, calefacci\u00f3n o procesos industriales.<\/p>\n\n\n\n<figure class=\"wp-block-image\"><img loading=\"lazy\" decoding=\"async\" width=\"510\" height=\"652\" src=\"https:\/\/autoconsumo.minenergia.cl\/wp-content\/uploads\/2017\/10\/bomba-de-calor03.jpg\" alt=\"\" class=\"wp-image-988\" srcset=\"https:\/\/autoconsumo.minenergia.cl\/wp-content\/uploads\/2017\/10\/bomba-de-calor03.jpg 510w, https:\/\/autoconsumo.minenergia.cl\/wp-content\/uploads\/2017\/10\/bomba-de-calor03-235x300.jpg 235w\" sizes=\"auto, (max-width: 510px) 100vw, 510px\" \/><\/figure>\n\n\n\n<p>Ejemplo de una bomba de calor aerot\u00e9rmica para calefacci\u00f3n de aire residencial. La potencia t\u00e9rmica instalada es de 3.5 kWt, con una inversi\u00f3n: 500 mil CLP.<\/p>\n\n\n\n<figure class=\"wp-block-image\"><img loading=\"lazy\" decoding=\"async\" width=\"360\" height=\"227\" src=\"https:\/\/autoconsumo.minenergia.cl\/wp-content\/uploads\/2017\/10\/bomba-de-calor04.jpg\" alt=\"\" class=\"wp-image-990\" srcset=\"https:\/\/autoconsumo.minenergia.cl\/wp-content\/uploads\/2017\/10\/bomba-de-calor04.jpg 360w, https:\/\/autoconsumo.minenergia.cl\/wp-content\/uploads\/2017\/10\/bomba-de-calor04-300x189.jpg 300w\" sizes=\"auto, (max-width: 360px) 100vw, 360px\" \/><\/figure>\n\n\n\n<p><strong>Figura: Diagrama de funcionamiento de una bomba de calor para el calentamiento de agua caliente sanitaria.<br><\/strong><strong>Fuente: IDAE, 2015.<\/strong><\/p>\n\n\n\n<p><\/p>\n","protected":false},"excerpt":{"rendered":"<p>Funcionamiento y Ventajas de una bomba de calor aerot\u00e9rmica Figura: Diagrama de una bomba de calor para el calentamiento de agua caliente sanitaria.Fuente: IDAE, 2015. En la figura se muestra un diagrama simplificado de una bomba de calor para agua caliente sanitaria, donde solo una parte peque\u00f1a del calor proviene, en este caso, de la [&hellip;]<\/p>\n","protected":false},"author":7,"featured_media":0,"parent":0,"menu_order":0,"comment_status":"closed","ping_status":"closed","template":"","meta":{"footnotes":""},"class_list":["post-3290","page","type-page","status-publish","hentry"],"_links":{"self":[{"href":"https:\/\/autoconsumo.minenergia.cl\/index.php?rest_route=\/wp\/v2\/pages\/3290","targetHints":{"allow":["GET"]}}],"collection":[{"href":"https:\/\/autoconsumo.minenergia.cl\/index.php?rest_route=\/wp\/v2\/pages"}],"about":[{"href":"https:\/\/autoconsumo.minenergia.cl\/index.php?rest_route=\/wp\/v2\/types\/page"}],"author":[{"embeddable":true,"href":"https:\/\/autoconsumo.minenergia.cl\/index.php?rest_route=\/wp\/v2\/users\/7"}],"replies":[{"embeddable":true,"href":"https:\/\/autoconsumo.minenergia.cl\/index.php?rest_route=%2Fwp%2Fv2%2Fcomments&post=3290"}],"version-history":[{"count":8,"href":"https:\/\/autoconsumo.minenergia.cl\/index.php?rest_route=\/wp\/v2\/pages\/3290\/revisions"}],"predecessor-version":[{"id":3780,"href":"https:\/\/autoconsumo.minenergia.cl\/index.php?rest_route=\/wp\/v2\/pages\/3290\/revisions\/3780"}],"wp:attachment":[{"href":"https:\/\/autoconsumo.minenergia.cl\/index.php?rest_route=%2Fwp%2Fv2%2Fmedia&parent=3290"}],"curies":[{"name":"wp","href":"https:\/\/api.w.org\/{rel}","templated":true}]}}