{"id":3292,"date":"2024-12-04T20:05:12","date_gmt":"2024-12-04T20:05:12","guid":{"rendered":"https:\/\/autoconsumo.minenergia.cl\/?page_id=3292"},"modified":"2024-12-16T19:01:19","modified_gmt":"2024-12-16T19:01:19","slug":"3-2-materiales-y-herramientas-de-interes","status":"publish","type":"page","link":"https:\/\/autoconsumo.minenergia.cl\/?page_id=3292","title":{"rendered":"3.2 Materiales y herramientas de inter\u00e9s &#8211; Aerotermia"},"content":{"rendered":"\n<h2 class=\"wp-block-heading\">Bombas de calor: una guia para el usuario<\/h2>\n\n\n\n<p><\/p>\n\n\n\n<figure class=\"wp-block-image size-full is-resized\"><a href=\"https:\/\/autoconsumo.minenergia.cl\/wp-content\/uploads\/2020\/10\/Guia-Bombas-de-Calor.pdf\" target=\"_blank\" rel=\"noreferrer noopener\"><img loading=\"lazy\" decoding=\"async\" width=\"390\" height=\"555\" src=\"https:\/\/autoconsumo.minenergia.cl\/wp-content\/uploads\/2024\/12\/image-2.png\" alt=\"\" class=\"wp-image-3302\" style=\"width:193px;height:auto\" srcset=\"https:\/\/autoconsumo.minenergia.cl\/wp-content\/uploads\/2024\/12\/image-2.png 390w, https:\/\/autoconsumo.minenergia.cl\/wp-content\/uploads\/2024\/12\/image-2-211x300.png 211w\" sizes=\"auto, (max-width: 390px) 100vw, 390px\" \/><\/a><\/figure>\n\n\n\n<h2 class=\"wp-block-heading\">Indice de precios Bombas de Calor Geot\u00e9rmicas y Aerot\u00e9rmicas en Chile 2019<\/h2>\n\n\n\n<figure class=\"wp-block-image size-full is-resized\"><a href=\"https:\/\/www.energia.gob.cl\/sites\/default\/files\/indice_de_precios.pdf\" target=\"_blank\" rel=\"noreferrer noopener\"><img loading=\"lazy\" decoding=\"async\" width=\"696\" height=\"859\" src=\"https:\/\/autoconsumo.minenergia.cl\/wp-content\/uploads\/2024\/12\/image.png\" alt=\"\" class=\"wp-image-3299\" style=\"width:193px;height:auto\" srcset=\"https:\/\/autoconsumo.minenergia.cl\/wp-content\/uploads\/2024\/12\/image.png 696w, https:\/\/autoconsumo.minenergia.cl\/wp-content\/uploads\/2024\/12\/image-243x300.png 243w, https:\/\/autoconsumo.minenergia.cl\/wp-content\/uploads\/2024\/12\/image-660x815.png 660w\" sizes=\"auto, (max-width: 696px) 100vw, 696px\" \/><\/a><\/figure>\n\n\n\n<p>El objetivo general es elaborar para el a\u00f1o 2019, los primeros indicadores de precios<br>referentes al mercado de bombas de calor aerot\u00e9rmicas y geot\u00e9rmicas en Chile,<br>considerando de manera desagregada precios de venta, instalaci\u00f3n y mantenci\u00f3n<br>preventiva de las principales tecnolog\u00edas de bombas de calor, adem\u00e1s de precios de<br>suministro e instalaci\u00f3n de sistemas emisores.<\/p>\n\n\n\n<h2 class=\"wp-block-heading\">Listado de proveedores bombas de calor geotermicas y aerotermicas en Chile, 2020<\/h2>\n\n\n\n<figure class=\"wp-block-image size-full is-resized\"><a href=\"https:\/\/www.energia.gob.cl\/sites\/default\/files\/lista_de_proveedores.pdf\" target=\"_blank\" rel=\"noreferrer noopener\"><img loading=\"lazy\" decoding=\"async\" width=\"648\" height=\"827\" src=\"https:\/\/autoconsumo.minenergia.cl\/wp-content\/uploads\/2024\/12\/image-3.png\" alt=\"\" class=\"wp-image-3303\" style=\"width:195px;height:auto\" srcset=\"https:\/\/autoconsumo.minenergia.cl\/wp-content\/uploads\/2024\/12\/image-3.png 648w, https:\/\/autoconsumo.minenergia.cl\/wp-content\/uploads\/2024\/12\/image-3-235x300.png 235w\" sizes=\"auto, (max-width: 648px) 100vw, 648px\" \/><\/a><\/figure>\n\n\n\n<p>Corresponde al catastro de todas las empresas que participaron del estudio: \u201c\u00cdndice<br>de Precios de Bombas de Calor Geot\u00e9rmicas y Aerot\u00e9rmicas en Chile\u201d, exponiendo su logotipo y una breve rese\u00f1a de los servicios que realizan con relaci\u00f3n al mercado de bombas de calor. Asimismo, se incorporan las \u00e1reas contestadas por cada una de las empresas en la encuesta que fue parte de este estudio de mercado.<\/p>\n\n\n\n<h2 class=\"wp-block-heading\">Referencias bibliogr\u00e1ficas<\/h2>\n\n\n\n<p>Instituto para la Diversificaci\u00f3n y Ahorro de la Energ\u00eda, 2015. S\u00edntesis del Estudio Parque de Bombas de Calor en Espa\u00f1a. 42 p Descargar&nbsp;<a href=\"http:\/\/www.idae.es\/uploads\/documentos\/documentos_Bombas-de-calor_FINAL_04ee7f42.pdf\" target=\"_blank\" rel=\"noreferrer noopener\">aqu\u00ed.<\/a><\/p>\n","protected":false},"excerpt":{"rendered":"<p>Bombas de calor: una guia para el usuario Indice de precios Bombas de Calor Geot\u00e9rmicas y Aerot\u00e9rmicas en Chile 2019 El objetivo general es elaborar para el a\u00f1o 2019, los primeros indicadores de preciosreferentes al mercado de bombas de calor aerot\u00e9rmicas y geot\u00e9rmicas en Chile,considerando de manera desagregada precios de venta, instalaci\u00f3n y mantenci\u00f3npreventiva de [&hellip;]<\/p>\n","protected":false},"author":7,"featured_media":0,"parent":0,"menu_order":0,"comment_status":"closed","ping_status":"closed","template":"","meta":{"footnotes":""},"class_list":["post-3292","page","type-page","status-publish","hentry"],"_links":{"self":[{"href":"https:\/\/autoconsumo.minenergia.cl\/index.php?rest_route=\/wp\/v2\/pages\/3292","targetHints":{"allow":["GET"]}}],"collection":[{"href":"https:\/\/autoconsumo.minenergia.cl\/index.php?rest_route=\/wp\/v2\/pages"}],"about":[{"href":"https:\/\/autoconsumo.minenergia.cl\/index.php?rest_route=\/wp\/v2\/types\/page"}],"author":[{"embeddable":true,"href":"https:\/\/autoconsumo.minenergia.cl\/index.php?rest_route=\/wp\/v2\/users\/7"}],"replies":[{"embeddable":true,"href":"https:\/\/autoconsumo.minenergia.cl\/index.php?rest_route=%2Fwp%2Fv2%2Fcomments&post=3292"}],"version-history":[{"count":8,"href":"https:\/\/autoconsumo.minenergia.cl\/index.php?rest_route=\/wp\/v2\/pages\/3292\/revisions"}],"predecessor-version":[{"id":3769,"href":"https:\/\/autoconsumo.minenergia.cl\/index.php?rest_route=\/wp\/v2\/pages\/3292\/revisions\/3769"}],"wp:attachment":[{"href":"https:\/\/autoconsumo.minenergia.cl\/index.php?rest_route=%2Fwp%2Fv2%2Fmedia&parent=3292"}],"curies":[{"name":"wp","href":"https:\/\/api.w.org\/{rel}","templated":true}]}}