{"id":3310,"date":"2024-12-06T19:04:16","date_gmt":"2024-12-06T19:04:16","guid":{"rendered":"https:\/\/autoconsumo.minenergia.cl\/?page_id=3310"},"modified":"2024-12-19T19:11:11","modified_gmt":"2024-12-19T19:11:11","slug":"4-1-aspectos-tecnicos-y-economicos","status":"publish","type":"page","link":"https:\/\/autoconsumo.minenergia.cl\/?page_id=3310","title":{"rendered":"4.1 Aspectos t\u00e9cnicos y econ\u00f3micos\u00a0\u2013 Bombas de calor geotermicas"},"content":{"rendered":"\n<h2 class=\"wp-block-heading\">\u00bfQu\u00e9 es una bomba de calor geot\u00e9rmica?<\/h2>\n\n\n\n<p>Una bomba de calor geot\u00e9rmica es una m\u00e1quina que transfiere calor desde una fuente de menor temperatura a una fuente receptora de m\u00e1s temperatura, en donde una de estas fuentes es el suelo\u201d &nbsp;(Lund,2001).<\/p>\n\n\n\n<p><strong>\u00bfC\u00f3mo se ve?<\/strong><\/p>\n\n\n\n<p><img loading=\"lazy\" decoding=\"async\" width=\"248\" height=\"332\" srcset=\"https:\/\/autoconsumo.minenergia.cl\/wp-content\/uploads\/2017\/10\/51601-5514557.jpg 445w, https:\/\/autoconsumo.minenergia.cl\/wp-content\/uploads\/2017\/10\/51601-5514557-224x300.jpg 224w\" src=\"https:\/\/autoconsumo.minenergia.cl\/wp-content\/uploads\/2017\/10\/51601-5514557.jpg\" alt=\"\"><br><strong>Figura: Ejemplo de bomba de calor, Modelo ecoGEO b-basic.<br>Fuente:&nbsp;<a href=\"http:\/\/www.voher.cl\/\" target=\"_blank\" rel=\"noreferrer noopener\">www.voher.cl.<\/a><\/strong><\/p>\n\n\n\n<p><strong>\u00bfC\u00f3mo funciona?<\/strong><\/p>\n\n\n\n<p>Funciona con electricidad, entrega 4 unidades de energ\u00eda por unidad de electricidad consumida.<\/p>\n\n\n\n<p>Est\u00e1 dise\u00f1ada para extraer energ\u00eda aplicando el&nbsp;<strong>\u201cciclo termodin\u00e1mico de Carnot<\/strong>\u201d, por lo cual es conocida tambi\u00e9n como \u201cm\u00e1quina de Carnot\u201d e involucra 4 etapas reversibles en donde existen 2 procesos a igual temperatura y dos procesos que no intercambian energ\u00eda con el medio o aislados (adiab\u00e1ticos).<\/p>\n\n\n\n<p>Al ser reversibles estos procesos puede funcionar en:<\/p>\n\n\n\n<ul class=\"wp-block-list\">\n<li>Modo calor: Extrae calor de la tierra y la entrega al lugar y\/o proceso.<\/li>\n\n\n\n<li>Modo fr\u00edo: Extrae calor del lugar y\/o proceso y la entrega a la tierra.<\/li>\n<\/ul>\n\n\n\n<p><strong>\u00bf<\/strong><strong>Para qu\u00e9 sirve?<\/strong><\/p>\n\n\n\n<p>Una bomba de calor permite transferir calor desde la tierra a un lugar y\/o proceso, y con ella se puede lograr un incremento de +-60\u00b0C o una disminuci\u00f3n de 30\u00b0C en la temperatura<\/p>\n\n\n\n<p><strong>Tipos de instalaci\u00f3n<\/strong><\/p>\n\n\n\n<p>Estos sistemas pueden ser instalados en configuraciones de circuitos abiertos o cerrados. Los circuitos abiertos tienen interacci\u00f3n con cuerpos de agua ya sea pozos o, estanques, etc., y el fluido que ayuda a la transferencia de calor es agua. En los circuitos cerrados el fluido circulante para la transferencia de calor tiene una temperatura de congelaci\u00f3n m\u00e1s baja que el agua, para lo cual se emplean mezclas como etileno-glycol\/propileno glicol entre otros.<\/p>\n\n\n\n<p><img loading=\"lazy\" decoding=\"async\" src=\"https:\/\/autoconsumo.minenergia.cl\/wp-content\/uploads\/2017\/10\/Bombas-de-calor-geotermicas-instaladas-como-sistemas-cerrados.jpg\" alt=\"\" width=\"727\" height=\"268\" srcset=\"https:\/\/autoconsumo.minenergia.cl\/wp-content\/uploads\/2017\/10\/Bombas-de-calor-geotermicas-instaladas-como-sistemas-cerrados.jpg 727w, https:\/\/autoconsumo.minenergia.cl\/wp-content\/uploads\/2017\/10\/Bombas-de-calor-geotermicas-instaladas-como-sistemas-cerrados-300x111.jpg 300w, https:\/\/autoconsumo.minenergia.cl\/wp-content\/uploads\/2017\/10\/Bombas-de-calor-geotermicas-instaladas-como-sistemas-cerrados-660x243.jpg 660w\"><br><strong>Figura: Bombas de calor geot\u00e9rmicas instaladas como sistemas cerrados. Algunas de las configuraciones m\u00e1s usadas en este tipo de sistemas.<br><\/strong><strong>Fuente: Geo-Heat Center, Oregon Institute of Technology<\/strong><\/p>\n\n\n\n<p><img loading=\"lazy\" decoding=\"async\" width=\"616\" height=\"271\" srcset=\"https:\/\/autoconsumo.minenergia.cl\/wp-content\/uploads\/2017\/10\/Bombas-de-calor-geotermicas-instaladas-como-sistemas-abierto.jpg 675w, https:\/\/autoconsumo.minenergia.cl\/wp-content\/uploads\/2017\/10\/Bombas-de-calor-geotermicas-instaladas-como-sistemas-abierto-300x132.jpg 300w, https:\/\/autoconsumo.minenergia.cl\/wp-content\/uploads\/2017\/10\/Bombas-de-calor-geotermicas-instaladas-como-sistemas-abierto-660x290.jpg 660w\" src=\"https:\/\/autoconsumo.minenergia.cl\/wp-content\/uploads\/2017\/10\/Bombas-de-calor-geotermicas-instaladas-como-sistemas-abierto.jpg\" alt=\"\"><br><strong>Figura: Bombas de calor geot\u00e9rmicas instaladas como sistemas abierto. Ejemplos de instalaciones en sistemas abiertos y su relaci\u00f3n con cuerpos o pozos de agua.<br>Fuente: Geo-Heat Center, Oregon Institute of Technology.<\/strong><\/p>\n\n\n\n<iframe loading=\"lazy\" width=\"560\" height=\"315\" src=\"https:\/\/www.youtube.com\/embed\/XvaXQYwARCA?si=Frle7U3yEi0aBRZd\" title=\"YouTube video player\" frameborder=\"0\" allow=\"accelerometer; autoplay; clipboard-write; encrypted-media; gyroscope; picture-in-picture; web-share\" referrerpolicy=\"strict-origin-when-cross-origin\" allowfullscreen><\/iframe>\n\n\n\n<p>Video: Energ\u00eda Geotermica a trav\u00e9s de Bombas de Calor \u2013 Ministerio de Energ\u00eda<\/p>\n\n\n\n<iframe loading=\"lazy\" width=\"560\" height=\"315\" src=\"https:\/\/www.youtube.com\/embed\/ePglpKAMkok?si=7uv2L66V7j7JJRt_\" title=\"YouTube video player\" frameborder=\"0\" allow=\"accelerometer; autoplay; clipboard-write; encrypted-media; gyroscope; picture-in-picture; web-share\" referrerpolicy=\"strict-origin-when-cross-origin\" allowfullscreen><\/iframe>\n\n\n\n<p>Video: Bombas de Calor Geot\u00e9rmicas: Mercado Urbano Tobalaba (MUT) \u2013 Ministerio de Energ\u00eda<\/p>\n\n\n\n<iframe loading=\"lazy\" width=\"560\" height=\"315\" src=\"https:\/\/www.youtube.com\/embed\/R1s1bi_iXao?si=LFjtAzy0Baj2VaOp\" title=\"YouTube video player\" frameborder=\"0\" allow=\"accelerometer; autoplay; clipboard-write; encrypted-media; gyroscope; picture-in-picture; web-share\" referrerpolicy=\"strict-origin-when-cross-origin\" allowfullscreen><\/iframe>\n\n\n\n<p>Video: Bombas de Calor Geot\u00e9rmicas: Vivero Sunnyridge; Melipilla \u2013 Ministerio de Energ\u00eda<\/p>\n\n\n\n<iframe loading=\"lazy\" width=\"560\" height=\"315\" src=\"https:\/\/www.youtube.com\/embed\/R9S0Pmu4oso?si=To3eo_u0qItoUXCm\" title=\"YouTube video player\" frameborder=\"0\" allow=\"accelerometer; autoplay; clipboard-write; encrypted-media; gyroscope; picture-in-picture; web-share\" referrerpolicy=\"strict-origin-when-cross-origin\" allowfullscreen><\/iframe>\n\n\n\n<p>Video: Bombas de Calor Geot\u00e9rmicas: Colegio Calera de Tango \u2013 Ministerio de Energ\u00eda<\/p>\n\n\n\n<p><\/p>\n","protected":false},"excerpt":{"rendered":"<p>\u00bfQu\u00e9 es una bomba de calor geot\u00e9rmica? Una bomba de calor geot\u00e9rmica es una m\u00e1quina que transfiere calor desde una fuente de menor temperatura a una fuente receptora de m\u00e1s temperatura, en donde una de estas fuentes es el suelo\u201d &nbsp;(Lund,2001). \u00bfC\u00f3mo se ve? Figura: Ejemplo de bomba de calor, Modelo ecoGEO b-basic.Fuente:&nbsp;www.voher.cl. \u00bfC\u00f3mo funciona? [&hellip;]<\/p>\n","protected":false},"author":7,"featured_media":0,"parent":0,"menu_order":0,"comment_status":"closed","ping_status":"closed","template":"","meta":{"footnotes":""},"class_list":["post-3310","page","type-page","status-publish","hentry"],"_links":{"self":[{"href":"https:\/\/autoconsumo.minenergia.cl\/index.php?rest_route=\/wp\/v2\/pages\/3310","targetHints":{"allow":["GET"]}}],"collection":[{"href":"https:\/\/autoconsumo.minenergia.cl\/index.php?rest_route=\/wp\/v2\/pages"}],"about":[{"href":"https:\/\/autoconsumo.minenergia.cl\/index.php?rest_route=\/wp\/v2\/types\/page"}],"author":[{"embeddable":true,"href":"https:\/\/autoconsumo.minenergia.cl\/index.php?rest_route=\/wp\/v2\/users\/7"}],"replies":[{"embeddable":true,"href":"https:\/\/autoconsumo.minenergia.cl\/index.php?rest_route=%2Fwp%2Fv2%2Fcomments&post=3310"}],"version-history":[{"count":11,"href":"https:\/\/autoconsumo.minenergia.cl\/index.php?rest_route=\/wp\/v2\/pages\/3310\/revisions"}],"predecessor-version":[{"id":3942,"href":"https:\/\/autoconsumo.minenergia.cl\/index.php?rest_route=\/wp\/v2\/pages\/3310\/revisions\/3942"}],"wp:attachment":[{"href":"https:\/\/autoconsumo.minenergia.cl\/index.php?rest_route=%2Fwp%2Fv2%2Fmedia&parent=3310"}],"curies":[{"name":"wp","href":"https:\/\/api.w.org\/{rel}","templated":true}]}}