{"id":3404,"date":"2024-12-11T13:48:15","date_gmt":"2024-12-11T13:48:15","guid":{"rendered":"https:\/\/autoconsumo.minenergia.cl\/?page_id=3404"},"modified":"2024-12-16T19:20:33","modified_gmt":"2024-12-16T19:20:33","slug":"8-1-aspectos-tecnicos-y-economicos","status":"publish","type":"page","link":"https:\/\/autoconsumo.minenergia.cl\/?page_id=3404","title":{"rendered":"8.1 Aspectos t\u00e9cnicos y econ\u00f3micos \u2013 Aerogenerador"},"content":{"rendered":"\n<h2 class=\"wp-block-heading\">Dise\u00f1o<\/h2>\n\n\n\n<p>Para la ubicaci\u00f3n de parques e\u00f3licos \u2013 con aerogeneradores sobre 1,5 MW de potencia \u2013 se recomienda una velocidad media del viento m\u00ednima de 6 m\/s, permitiendo a trav\u00e9s de este par\u00e1metro cuantificar la potencialidad de diferentes lugares. Cabe se\u00f1alar que el viento tiene ligada una variabilidad importante que puede ser tanto diaria como durante el a\u00f1o, por lo que es necesario conocer su comportamiento, ya que esta intermitencia afecta el desempe\u00f1o que tienen los aerogeneradores para generar energ\u00eda.<\/p>\n\n\n\n<p>Para realizar una evaluaci\u00f3n preliminar del recurso e\u00f3lico en un determinado lugar, se encuentra disponible el Explorador de Energ\u00eda E\u00f3lica. Es una herramienta de an\u00e1lisis del recurso e\u00f3lico disponible, que entrega resultados de una simulaci\u00f3n num\u00e9rica de las condiciones de viento y densidad del aire. <strong>Ingresar al Explorador de Energ\u00eda E\u00f3lica&nbsp;<\/strong><a href=\"https:\/\/eolico.minenergia.cl\/inicio\" target=\"_blank\" rel=\"noreferrer noopener\">aqu\u00ed<\/a>.<\/p>\n\n\n\n<p>Para su mejor operaci\u00f3n, tambi\u00e9n es necesario ubicar los aerogeneradores en lugares donde el viento tenga menos turbulencia, sin obst\u00e1culos. Por ello, en ocasiones se construyen en grandes planicies cercanos al mar (onshore) o mar adentro (offshore), en estructuras fijas al suelo marino o en plataformas flotantes, donde el recurso e\u00f3lico presenta mayor potencial (con mayores velocidades, m\u00e1s constante y menos turbulencia).<\/p>\n\n\n\n<p>El estudio de potencialidad de alg\u00fan sitio para la eventual construcci\u00f3n de un proyecto e\u00f3lico -adem\u00e1s de considerar las condiciones del viento- debe analizar y buscar un equilibrio entre las condiciones socio-ambientales y las tecnolog\u00edas disponibles.<\/p>\n\n\n\n<p>En el caso de la peque\u00f1a generaci\u00f3n tambi\u00e9n se recomiendan velocidades medias sobre los 6 m\/s para mantener la factibilidad econ\u00f3mica interesante, adem\u00e1s de alturas superiores a los 12 metros para evitar el efecto de turbulencia provocado por las estructuras adyacentes (edificios, \u00e1rboles, etc.).<\/p>\n\n\n\n<h2 class=\"wp-block-heading\">Costos<\/h2>\n\n\n\n<p>El dimensionamiento del sistema e\u00f3lico depende de la tecnolog\u00eda escogida; la localizaci\u00f3n del emplazamiento (que provee de magnitudes de viento y costos de energ\u00eda particulares a cada zona) y el perfil de demanda del sistema afectan directamente los costos de inversi\u00f3n y su amortizaci\u00f3n, siendo muy importante el revisar a conciencia estas variables al momento de pensar en una soluci\u00f3n de este tipo, siendo importante asesorarse t\u00e9cnicamente para evaluar la factibilidad de estos sistemas como soluci\u00f3n energ\u00e9tica.<\/p>\n\n\n\n<p>Al ser equipos con una gran cantidad de componentes mec\u00e1nicos necesitan mantenciones peri\u00f3dicas. En particular en el sector de peque\u00f1a generaci\u00f3n, los costos de operaci\u00f3n y mantenimiento dependen directamente de la confiabilidad y robustez de los equipos, as\u00ed como en la disponibilidad de mano de obra calificada para hacer este trabajo.<\/p>\n\n\n\n<h2 class=\"wp-block-heading\">Sistemas Conectados y Aislados<\/h2>\n\n\n\n<p>En el caso de sistemas aislados (off grid), las turbinas e\u00f3licas proveen energ\u00eda aut\u00f3nomamente, como por ejemplo para el autoconsumo de en un hogar sin conexi\u00f3n a un sistema el\u00e9ctrico o bien pueden ser parte de sistemas aislados h\u00edbridos, los que utilizan m\u00e1s de una tecnolog\u00eda para abastecer el consumo.<\/p>\n\n\n\n<figure class=\"wp-block-image\"><img loading=\"lazy\" decoding=\"async\" width=\"300\" height=\"157\" src=\"https:\/\/autoconsumo.minenergia.cl\/wp-content\/uploads\/2024\/09\/Imagen2-300x157.png\" alt=\"\" class=\"wp-image-3089\" srcset=\"https:\/\/autoconsumo.minenergia.cl\/wp-content\/uploads\/2024\/09\/Imagen2-300x157.png 300w, https:\/\/autoconsumo.minenergia.cl\/wp-content\/uploads\/2024\/09\/Imagen2.png 559w\" sizes=\"auto, (max-width: 300px) 100vw, 300px\" \/><\/figure>\n\n\n\n<p>Figura: Sistema conectado a la red. Fuente: Modificado desde Wind Exchange, U.S. Department of Energy. Small Wind Guidebook.<\/p>\n\n\n\n<figure class=\"wp-block-image\"><img loading=\"lazy\" decoding=\"async\" width=\"300\" height=\"198\" src=\"https:\/\/autoconsumo.minenergia.cl\/wp-content\/uploads\/2024\/09\/Sistema-hibrido-aislado-300x198.png\" alt=\"\" class=\"wp-image-3139\" srcset=\"https:\/\/autoconsumo.minenergia.cl\/wp-content\/uploads\/2024\/09\/Sistema-hibrido-aislado-300x198.png 300w, https:\/\/autoconsumo.minenergia.cl\/wp-content\/uploads\/2024\/09\/Sistema-hibrido-aislado-320x210.png 320w, https:\/\/autoconsumo.minenergia.cl\/wp-content\/uploads\/2024\/09\/Sistema-hibrido-aislado.png 549w\" sizes=\"auto, (max-width: 300px) 100vw, 300px\" \/><\/figure>\n\n\n\n<p>Figura: Sistema h\u00edbrido aislado. Fuente: Modificado desde Wind Exchange, U.S. Department of Energy.&nbsp;<a href=\"https:\/\/windexchange.energy.gov\/small-wind-guidebook\" target=\"_blank\" rel=\"noreferrer noopener\">Small Wind Guidebook<\/a>.<\/p>\n\n\n\n<h2 class=\"wp-block-heading\">Historia y Usos Tradicionales<\/h2>\n\n\n\n<p>Desde la antig\u00fcedad se ha aprovechado la energ\u00eda e\u00f3lica directamente como energ\u00eda mec\u00e1nica en sistemas como bombeo de aguas subterr\u00e1neas. En Chile, por ejemplo, se ha utilizado para bombeo de aguas en las salitreras y molienda de mineral, y para bombeo de agua y molienda de granos.<\/p>\n\n\n\n<p>En Villa Alemana, regi\u00f3n de Valpara\u00edso, se lleg\u00f3 a tener 330 molinos previos a la llegada del agua potable a la zona (m\u00e1s informaci\u00f3n&nbsp;<a href=\"http:\/\/www.plataformaurbana.cl\/archive\/2016\/02\/14\/buscan-preservar-los-caracteristicos-molinos-de-viento-de-villa-alemana\/\" target=\"_blank\" rel=\"noreferrer noopener\">aqu\u00ed<\/a>). Si bien actualmente existe comercializaci\u00f3n de estos equipos, han sido desplazados por el bombeo el\u00e9ctrico y motobombas.<\/p>\n\n\n\n<figure class=\"wp-block-image\"><img loading=\"lazy\" decoding=\"async\" width=\"280\" height=\"300\" src=\"https:\/\/autoconsumo.minenergia.cl\/wp-content\/uploads\/2024\/09\/Molino-de-viento-para-bombeo-de-agua-en-Villa-Alemana-1-280x300.jpg\" alt=\"\" class=\"wp-image-3140\" srcset=\"https:\/\/autoconsumo.minenergia.cl\/wp-content\/uploads\/2024\/09\/Molino-de-viento-para-bombeo-de-agua-en-Villa-Alemana-1-280x300.jpg 280w, https:\/\/autoconsumo.minenergia.cl\/wp-content\/uploads\/2024\/09\/Molino-de-viento-para-bombeo-de-agua-en-Villa-Alemana-1.jpg 481w\" sizes=\"auto, (max-width: 280px) 100vw, 280px\" \/><\/figure>\n\n\n\n<p>Imagen: Molino de viento para bombeo de agua en Villa Alemana. Fuente: Soy Chile<\/p>\n\n\n\n<h2 class=\"wp-block-heading\">Tipos de Aerogeneradores<\/h2>\n\n\n\n<p><img loading=\"lazy\" decoding=\"async\" src=\"https:\/\/autoconsumo.minenergia.cl\/wp-content\/uploads\/2017\/10\/Componentes-de-un-aerogenerador.png\" alt=\"\" width=\"516\" height=\"285\" srcset=\"https:\/\/autoconsumo.minenergia.cl\/wp-content\/uploads\/2017\/10\/Componentes-de-un-aerogenerador.png 644w, https:\/\/autoconsumo.minenergia.cl\/wp-content\/uploads\/2017\/10\/Componentes-de-un-aerogenerador-300x166.png 300w\"><br><strong>Figura: Componentes de un aerogenerador.<br><\/strong><strong>Fuente: Modificado desde Wind Energy Technology Office, U.S. Department of Energy.&nbsp;&nbsp;<a href=\"https:\/\/energy.gov\/eere\/wind\/how-do-wind-turbines-work\">How a wind turbine works<\/a>.<\/strong><\/p>\n\n\n\n<p>Componentes de un sistema de aerogeneraci\u00f3n peque\u00f1o:<\/p>\n\n\n\n<ul class=\"wp-block-list\">\n<li>Base: secci\u00f3n soporte de todo el sistema, generalmente es de hormig\u00f3n y se encuentra enterrado. La base debe soportar el peso del equipamiento y estabilizar el mismo de las cargas de viento que soportar\u00e1. En el caso de aerogeneradores muy peque\u00f1os estos puede que no mantengan este elemento.<\/li>\n\n\n\n<li>Torre: estructura inmediatamente superior a la base que mantiene al aerogenerador elevado a una altura a la cual puede acceder a vientos de mayor magnitud. Esta estructura puede ser desde una barra hueca, o una estructura tipo mecano, hasta una estructura de acero tubular en el caso de los grandes generadores.<\/li>\n\n\n\n<li>G\u00f3ndola: estructura adosada a la torre, pero que mantiene la posibilidad de rotaci\u00f3n horizontalmente, que contiene la mayor\u00eda de los componentes para la generaci\u00f3n el\u00e9ctrica:\n<ul class=\"wp-block-list\">\n<li>Eje de baja velocidad (desde el rotor): Encargado de transmitir la energ\u00eda mec\u00e1nica captada por las aspas al sistema de generaci\u00f3n.<\/li>\n\n\n\n<li>Sistema de frenado: detiene la rotaci\u00f3n del aerogenerador en caso de fallas o de mantenimiento del equipo.<\/li>\n<\/ul>\n<\/li>\n\n\n\n<li>Caja multiplicadora: encagarda de traspasar la energ\u00eda desde el rotor a baja velocidad de rotaci\u00f3n a un eje que rota a mayor velocidad para el funcionamiento del generador el\u00e9ctrico.<\/li>\n\n\n\n<li>Generador el\u00e9ctrico: motor de generaci\u00f3n normalmente sincrono o de inducci\u00f3n.<\/li>\n\n\n\n<li>Rotor y aspas: Secci\u00f3n encargada de transformar la energ\u00eda del viento en energ\u00eda mec\u00e1nica, las aspas est\u00e1n conectadas al rotor. En el caso de las aspas m\u00e1s grandes pueden cambiar la posici\u00f3n de sus caras o \u00e1ngulo de ataque seg\u00fan las condiciones del viento del lugar. El rotor por su parte se encuentra adosado al eje que transmite la energ\u00eda hacia el interior de la g\u00f3ndola.<\/li>\n<\/ul>\n\n\n\n<p>Los aerogeneradores se pueden dividir seg\u00fan la posici\u00f3n del eje del rotor:<\/p>\n\n\n\n<ul class=\"wp-block-list\">\n<li>Aerogeneradores de eje horizontal: mantienen el eje paralelo al suelo y las aspas perpendiculares al eje de rotaci\u00f3n del sistema generador. Son los&nbsp; m\u00e1s reconocidos, manteniendo un desarrollo y maduraci\u00f3n sostenido.<\/li>\n\n\n\n<li>Aerogeneradores de eje vertical: presentan su eje perpendicular al suelo, sus aspas tambi\u00e9n se encuentran en la misma direcci\u00f3n por lo que el viento puede incidir desde todas las direcciones, no necesitando posicionamiento. De este tipo se pueden encontrar los siguientes ejemplares:\n<ul class=\"wp-block-list\">\n<li>Darrieus: consisten en dos o tres arcos que giran alrededor del eje.<\/li>\n\n\n\n<li>Panemonas: cuatro o m\u00e1s semic\u00edrculos unidos al eje central.<\/li>\n\n\n\n<li>Sabonius: dos o m\u00e1s filas de semicilindros colocados de forma opuesta.<\/li>\n<\/ul>\n<\/li>\n<\/ul>\n\n\n\n<p>Los parques e\u00f3licos tambi\u00e9n se pueden clasificar seg\u00fan su lugar de instalaci\u00f3n: Off-Shore (ubicados en mar abierto) y On-Shore (ubicados en tierra firme). Al 2024 no existe ning\u00fan proyecto Off-Shore en Chile.<\/p>\n\n\n\n<iframe loading=\"lazy\" width=\"560\" height=\"315\" src=\"https:\/\/www.youtube.com\/embed\/b-u2iTwJxBQ?si=doAQb84F3caI2oQw\" title=\"YouTube video player\" frameborder=\"0\" allow=\"accelerometer; autoplay; clipboard-write; encrypted-media; gyroscope; picture-in-picture; web-share\" referrerpolicy=\"strict-origin-when-cross-origin\" allowfullscreen><\/iframe>\n\n\n\n<p>Video: Energ\u00eda E\u00f3lica &#8211; Ministerio de Energ\u00eda<\/p>\n","protected":false},"excerpt":{"rendered":"<p>Dise\u00f1o Para la ubicaci\u00f3n de parques e\u00f3licos \u2013 con aerogeneradores sobre 1,5 MW de potencia \u2013 se recomienda una velocidad media del viento m\u00ednima de 6 m\/s, permitiendo a trav\u00e9s de este par\u00e1metro cuantificar la potencialidad de diferentes lugares. Cabe se\u00f1alar que el viento tiene ligada una variabilidad importante que puede ser tanto diaria como [&hellip;]<\/p>\n","protected":false},"author":7,"featured_media":0,"parent":0,"menu_order":0,"comment_status":"closed","ping_status":"closed","template":"","meta":{"footnotes":""},"class_list":["post-3404","page","type-page","status-publish","hentry"],"_links":{"self":[{"href":"https:\/\/autoconsumo.minenergia.cl\/index.php?rest_route=\/wp\/v2\/pages\/3404","targetHints":{"allow":["GET"]}}],"collection":[{"href":"https:\/\/autoconsumo.minenergia.cl\/index.php?rest_route=\/wp\/v2\/pages"}],"about":[{"href":"https:\/\/autoconsumo.minenergia.cl\/index.php?rest_route=\/wp\/v2\/types\/page"}],"author":[{"embeddable":true,"href":"https:\/\/autoconsumo.minenergia.cl\/index.php?rest_route=\/wp\/v2\/users\/7"}],"replies":[{"embeddable":true,"href":"https:\/\/autoconsumo.minenergia.cl\/index.php?rest_route=%2Fwp%2Fv2%2Fcomments&post=3404"}],"version-history":[{"count":3,"href":"https:\/\/autoconsumo.minenergia.cl\/index.php?rest_route=\/wp\/v2\/pages\/3404\/revisions"}],"predecessor-version":[{"id":3795,"href":"https:\/\/autoconsumo.minenergia.cl\/index.php?rest_route=\/wp\/v2\/pages\/3404\/revisions\/3795"}],"wp:attachment":[{"href":"https:\/\/autoconsumo.minenergia.cl\/index.php?rest_route=%2Fwp%2Fv2%2Fmedia&parent=3404"}],"curies":[{"name":"wp","href":"https:\/\/api.w.org\/{rel}","templated":true}]}}