{"id":3406,"date":"2024-12-11T13:47:24","date_gmt":"2024-12-11T13:47:24","guid":{"rendered":"https:\/\/autoconsumo.minenergia.cl\/?page_id=3406"},"modified":"2024-12-17T14:46:46","modified_gmt":"2024-12-17T14:46:46","slug":"8-aerogenerador","status":"publish","type":"page","link":"https:\/\/autoconsumo.minenergia.cl\/?page_id=3406","title":{"rendered":"8. Aerogenerador"},"content":{"rendered":"\n<h2 class=\"wp-block-heading\">\u00bfQu\u00e9 es un aerogenerador?<\/h2>\n\n\n\n<iframe loading=\"lazy\" width=\"560\" height=\"315\" src=\"https:\/\/www.youtube.com\/embed\/cFrVgHGVZvw?si=k5Z5485v8pC52rMf\" title=\"YouTube video player\" frameborder=\"0\" allow=\"accelerometer; autoplay; clipboard-write; encrypted-media; gyroscope; picture-in-picture; web-share\" referrerpolicy=\"strict-origin-when-cross-origin\" allowfullscreen><\/iframe>\n\n\n\n<h2 class=\"wp-block-heading\">Claves de un aerogenerador<\/h2>\n\n\n\n<ul class=\"wp-block-list\">\n<li>Tecnolog\u00eda consolidada a gran escala, con numerosos proyectos de gran escala en Chile.<\/li>\n\n\n\n<li>Existen tambi\u00e9n algunos proyectos de peque\u00f1a escala, pero son menores, requieren una cosntante y compleja mantenci\u00f3n de sus componentes mec\u00e1nicos.<\/li>\n\n\n\n<li>Es necesario conocer las caracter\u00edsticas del viento en la zona de emplazamiento (velocidad, variabilidad, turbulencia).<\/li>\n<\/ul>\n\n\n\n<h2 class=\"wp-block-heading\">Aplicaciones<\/h2>\n\n\n\n<ul class=\"wp-block-list\">\n<li>Autoconsumo de energ\u00eda el\u00e9ctrica para iluminaci\u00f3n, climatizaci\u00f3n, entre otros.<\/li>\n\n\n\n<li>Energ\u00eda mec\u00e1nica en uso directo (bombeo de agua, molinos).<\/li>\n\n\n\n<li>Dar acceso a electricidad en zonas aisladas (sin red el\u00e9ctrica).<\/li>\n\n\n\n<li>Posibilidad de vender los excedentes de electricidad generada a la red de distribuci\u00f3n.<\/li>\n<\/ul>\n\n\n\n<h2 class=\"wp-block-heading\">Aspectos Generales<\/h2>\n\n\n\n<p>La energ\u00eda e\u00f3lica es una fuente de energ\u00eda renovable que utiliza la energ\u00eda cin\u00e9tica de las masas de aire que se desplazan (el viento) para hacer girar las aspas de una turbina e\u00f3lica o aerogenerador, permitiendo que la energ\u00eda mec\u00e1nica de rotaci\u00f3n se transforme en electricidad mediante un generador.<\/p>\n\n\n\n<p>La energ\u00eda e\u00f3lica puede ser aprovechada en parques e\u00f3licos para la generaci\u00f3n de energ\u00eda el\u00e9ctrica e inyecci\u00f3n al sistema el\u00e9ctrico, as\u00ed como tambi\u00e9n puede ser aprovechada de forma individual para autoconsumo, inyectando excedentes a la red, o en sistemas aislados.<\/p>\n\n\n\n<figure class=\"wp-block-image size-full is-resized\"><img loading=\"lazy\" decoding=\"async\" width=\"625\" height=\"484\" src=\"https:\/\/autoconsumo.minenergia.cl\/wp-content\/uploads\/2024\/12\/image-7.png\" alt=\"\" class=\"wp-image-3378\" style=\"width:262px;height:auto\" srcset=\"https:\/\/autoconsumo.minenergia.cl\/wp-content\/uploads\/2024\/12\/image-7.png 625w, https:\/\/autoconsumo.minenergia.cl\/wp-content\/uploads\/2024\/12\/image-7-300x232.png 300w\" sizes=\"auto, (max-width: 625px) 100vw, 625px\" \/><\/figure>\n\n\n\n<p>Imagen: Sistema de generaci\u00f3n para electrificaci\u00f3n en Islas Desertores. Fuente: Divisi\u00f3n de Acceso y Desarrollo Social, Ministerio de Energ\u00eda.<\/p>\n\n\n\n<p>Los parques e\u00f3licos se han consolidado en el mercado el\u00e9ctrico chileno, alcanzado madurez y competitividad. Existe un mercado maduro con variados proveedores y desarrolladores de proyectos. Adem\u00e1s de los parques e\u00f3licos conectados a la red, existe un creciente n\u00famero de aerogeneradores de peque\u00f1a escala instalados en sistemas aislados y tambi\u00e9n aero bombas que llevan d\u00e9cadas funcionando en diferentes zonas del pa\u00eds.<\/p>\n\n\n\n<p>En el caso de sistemas aislados (off grid), las turbinas e\u00f3licas proveen energ\u00eda aut\u00f3nomamente, como por ejemplo para el autoconsumo en un hogar sin conexi\u00f3n a un sistema el\u00e9ctrico o bien pueden ser parte de sistemas aislados h\u00edbridos, los que utilizan m\u00e1s de una tecnolog\u00eda para abastecer el consumo.<\/p>\n\n\n\n<p><img loading=\"lazy\" decoding=\"async\" src=\"https:\/\/autoconsumo.minenergia.cl\/wp-content\/uploads\/2017\/10\/Sistema-conectado-a-la-red.png\" alt=\"\" width=\"559\" height=\"293\" srcset=\"https:\/\/autoconsumo.minenergia.cl\/wp-content\/uploads\/2017\/10\/Sistema-conectado-a-la-red.png 559w, https:\/\/autoconsumo.minenergia.cl\/wp-content\/uploads\/2017\/10\/Sistema-conectado-a-la-red-300x157.png 300w\"><br><strong>Figura: Sistema conectado a la red.<br><\/strong><strong>Fuente: Modificado desde &nbsp;Wind Exchange, U.S. Department of Energy.&nbsp;<a href=\"https:\/\/windexchange.energy.gov\/small-wind-guidebook\">Small Wind Guidebook.<\/a><\/strong><\/p>\n\n\n\n<p><img loading=\"lazy\" decoding=\"async\" src=\"https:\/\/autoconsumo.minenergia.cl\/wp-content\/uploads\/2017\/10\/Sistema-hibrido-aislado.png\" alt=\"\" width=\"549\" height=\"362\" srcset=\"https:\/\/autoconsumo.minenergia.cl\/wp-content\/uploads\/2017\/10\/Sistema-hibrido-aislado.png 549w, https:\/\/autoconsumo.minenergia.cl\/wp-content\/uploads\/2017\/10\/Sistema-hibrido-aislado-300x198.png 300w, https:\/\/autoconsumo.minenergia.cl\/wp-content\/uploads\/2017\/10\/Sistema-hibrido-aislado-320x210.png 320w\"><br><strong>Figura: Sistema h\u00edbrido aislado.<br><\/strong><strong>Fuente: Modificado desde Wind Exchange, U.S. Department of Energy.&nbsp;<a href=\"https:\/\/windexchange.energy.gov\/small-wind-guidebook\">Small Wind Guidebook.<\/a><\/strong><\/p>\n\n\n\n<p>Desde la antig\u00fcedad se ha aprovechado la energ\u00eda e\u00f3lica directamente como&nbsp; energ\u00eda mec\u00e1nica en sistemas como bombeo de aguas subterr\u00e1neas. En Chile, por ejemplo, se ha utilizado para bombeo de aguas en las salitreras y molienda de mineral, y para bombeo de agua y molienda de granos.<\/p>\n\n\n\n<p>En Villa Alemana, regi\u00f3n de Valpara\u00edso, se lleg\u00f3 a tener 330 molinos previos a la llegada del agua potable a la zona (m\u00e1s informaci\u00f3n&nbsp;<a href=\"http:\/\/www.plataformaurbana.cl\/archive\/2016\/02\/14\/buscan-preservar-los-caracteristicos-molinos-de-viento-de-villa-alemana\/\" target=\"_blank\" rel=\"noreferrer noopener\">aqu\u00ed<\/a>). Si bien actualmente existe comercializaci\u00f3n de estos equipos, han sido desplazados por el bombeo el\u00e9ctrico y motobombas.<\/p>\n\n\n\n<p><img loading=\"lazy\" decoding=\"async\" src=\"https:\/\/autoconsumo.minenergia.cl\/wp-content\/uploads\/2017\/10\/Molino-de-viento-para-bombeo-de-agua-en-Villa-Alemana-1.jpg\" alt=\"\" width=\"341\" height=\"366\" srcset=\"https:\/\/autoconsumo.minenergia.cl\/wp-content\/uploads\/2017\/10\/Molino-de-viento-para-bombeo-de-agua-en-Villa-Alemana-1.jpg 481w, https:\/\/autoconsumo.minenergia.cl\/wp-content\/uploads\/2017\/10\/Molino-de-viento-para-bombeo-de-agua-en-Villa-Alemana-1-280x300.jpg 280w\"><br><strong>Imagen: Molino de viento para bombeo de agua en Villa Alemana.<br><\/strong><strong>Fuente:&nbsp;<a href=\"http:\/\/www.soychile.cl\/Valparaiso\/Sociedad\/2016\/02\/02\/373379\/Molinos-de-viento-de-Villa-Alemana-busca-reconocimiento-como-monumento-nacional.aspx\">Soy Chile<\/a><\/strong><\/p>\n","protected":false},"excerpt":{"rendered":"<p>\u00bfQu\u00e9 es un aerogenerador? Claves de un aerogenerador Aplicaciones Aspectos Generales La energ\u00eda e\u00f3lica es una fuente de energ\u00eda renovable que utiliza la energ\u00eda cin\u00e9tica de las masas de aire que se desplazan (el viento) para hacer girar las aspas de una turbina e\u00f3lica o aerogenerador, permitiendo que la energ\u00eda mec\u00e1nica de rotaci\u00f3n se transforme [&hellip;]<\/p>\n","protected":false},"author":7,"featured_media":0,"parent":0,"menu_order":0,"comment_status":"closed","ping_status":"closed","template":"","meta":{"footnotes":""},"class_list":["post-3406","page","type-page","status-publish","hentry"],"_links":{"self":[{"href":"https:\/\/autoconsumo.minenergia.cl\/index.php?rest_route=\/wp\/v2\/pages\/3406","targetHints":{"allow":["GET"]}}],"collection":[{"href":"https:\/\/autoconsumo.minenergia.cl\/index.php?rest_route=\/wp\/v2\/pages"}],"about":[{"href":"https:\/\/autoconsumo.minenergia.cl\/index.php?rest_route=\/wp\/v2\/types\/page"}],"author":[{"embeddable":true,"href":"https:\/\/autoconsumo.minenergia.cl\/index.php?rest_route=\/wp\/v2\/users\/7"}],"replies":[{"embeddable":true,"href":"https:\/\/autoconsumo.minenergia.cl\/index.php?rest_route=%2Fwp%2Fv2%2Fcomments&post=3406"}],"version-history":[{"count":7,"href":"https:\/\/autoconsumo.minenergia.cl\/index.php?rest_route=\/wp\/v2\/pages\/3406\/revisions"}],"predecessor-version":[{"id":3841,"href":"https:\/\/autoconsumo.minenergia.cl\/index.php?rest_route=\/wp\/v2\/pages\/3406\/revisions\/3841"}],"wp:attachment":[{"href":"https:\/\/autoconsumo.minenergia.cl\/index.php?rest_route=%2Fwp%2Fv2%2Fmedia&parent=3406"}],"curies":[{"name":"wp","href":"https:\/\/api.w.org\/{rel}","templated":true}]}}