{"id":3414,"date":"2024-12-06T19:09:12","date_gmt":"2024-12-06T19:09:12","guid":{"rendered":"https:\/\/autoconsumo.minenergia.cl\/?page_id=3414"},"modified":"2024-12-19T18:50:18","modified_gmt":"2024-12-19T18:50:18","slug":"4-3-normativa","status":"publish","type":"page","link":"https:\/\/autoconsumo.minenergia.cl\/?page_id=3414","title":{"rendered":"4.3 Normativa \u2013 Geotermia"},"content":{"rendered":"\n<h2 class=\"wp-block-heading\"><strong>Bombas de calor<\/strong><\/h2>\n\n\n\n<ul class=\"wp-block-list\">\n<li><a href=\"https:\/\/www.chileatiende.gob.cl\/fichas\/2287-concesion-de-geotermia-ley-n-19-657\" target=\"_blank\" rel=\"noreferrer noopener\">Ley N\u00ba 19.657 sobre Concesiones Geotermicas<\/a>. Permite solicitar una concesi\u00f3n de energ\u00eda geot\u00e9rmica y participar en una licitaci\u00f3n p\u00fablica para el otorgamiento de tal concesi\u00f3n. El Ministerio de Energ\u00eda otorga concesiones de exploraci\u00f3n o explotaci\u00f3n de energ\u00eda geot\u00e9rmica, ya sea tramitando solicitudes directas o a trav\u00e9s de llamados a licitaci\u00f3n p\u00fablica. <a href=\"https:\/\/atencionciudadana.minenergia.cl\/tramites\/informacion\/4\" target=\"_blank\" rel=\"noreferrer noopener\">Obtenga m\u00e1s informaci\u00f3n.<\/a><\/li>\n\n\n\n<li>Decreto Supremo N\u00b0 38, de 2011, del Ministerio de Medio Ambiente, que establece norma<br>de emisi\u00f3n de ruidos generados por fuentes que indica, elaborada a partir de la revisi\u00f3n del<br>Decreto N\u00b0 146, 1997, del Ministerio Secretar\u00eda General de la Presidencia, durante las etapas<br>de implementaci\u00f3n y operaci\u00f3n del Proyecto.<\/li>\n\n\n\n<li>Decreto Supremo N\u00b0 40, de 1969, del Ministerio del Trabajo y Previsi\u00f3n Social, que aprueba<br>reglamento sobre prevenci\u00f3n de riesgos profesionales.<\/li>\n<\/ul>\n","protected":false},"excerpt":{"rendered":"<p>Bombas de calor<\/p>\n","protected":false},"author":7,"featured_media":0,"parent":0,"menu_order":0,"comment_status":"closed","ping_status":"closed","template":"","meta":{"footnotes":""},"class_list":["post-3414","page","type-page","status-publish","hentry"],"_links":{"self":[{"href":"https:\/\/autoconsumo.minenergia.cl\/index.php?rest_route=\/wp\/v2\/pages\/3414","targetHints":{"allow":["GET"]}}],"collection":[{"href":"https:\/\/autoconsumo.minenergia.cl\/index.php?rest_route=\/wp\/v2\/pages"}],"about":[{"href":"https:\/\/autoconsumo.minenergia.cl\/index.php?rest_route=\/wp\/v2\/types\/page"}],"author":[{"embeddable":true,"href":"https:\/\/autoconsumo.minenergia.cl\/index.php?rest_route=\/wp\/v2\/users\/7"}],"replies":[{"embeddable":true,"href":"https:\/\/autoconsumo.minenergia.cl\/index.php?rest_route=%2Fwp%2Fv2%2Fcomments&post=3414"}],"version-history":[{"count":5,"href":"https:\/\/autoconsumo.minenergia.cl\/index.php?rest_route=\/wp\/v2\/pages\/3414\/revisions"}],"predecessor-version":[{"id":3928,"href":"https:\/\/autoconsumo.minenergia.cl\/index.php?rest_route=\/wp\/v2\/pages\/3414\/revisions\/3928"}],"wp:attachment":[{"href":"https:\/\/autoconsumo.minenergia.cl\/index.php?rest_route=%2Fwp%2Fv2%2Fmedia&parent=3414"}],"curies":[{"name":"wp","href":"https:\/\/api.w.org\/{rel}","templated":true}]}}