{"id":3416,"date":"2024-12-06T19:10:11","date_gmt":"2024-12-06T19:10:11","guid":{"rendered":"https:\/\/autoconsumo.minenergia.cl\/?page_id=3416"},"modified":"2024-12-16T19:14:11","modified_gmt":"2024-12-16T19:14:11","slug":"4-4-iniciativas-relacionadas","status":"publish","type":"page","link":"https:\/\/autoconsumo.minenergia.cl\/?page_id=3416","title":{"rendered":"4.4 Iniciativas relacionadas\u00a0\u2013 Geotermia"},"content":{"rendered":"\n<h3 class=\"wp-block-heading\">Programa para el uso directo de la geotermia<\/h3>\n\n\n\n<p>Este es un programa que lidera el Ministerio de Energ\u00eda a trav\u00e9s de la Unidad de Geotermia y Calefacci\u00f3n Distrital de la Divisi\u00f3n de Energ\u00edas Sostenibles. Cuenta con el apoyo t\u00e9cnico del Banco Mundial, financiado por el Clean Technology Fund.<\/p>\n\n\n\n<p>El programa tiene por objetivo incentivar y dar a conocer el uso de aplicaciones de uso directo geot\u00e9rmicas para autoconsumo, intentando contribuir a la remoci\u00f3n de las barreras t\u00e9cnicas, econ\u00f3micas y regulatorias que suelen enfrentar las tecnolog\u00edas al entrar a un mercado, y as\u00ed ayudar a posicionarlas como una alternativa energ\u00e9tica para requerimientos t\u00e9rmicos.<\/p>\n\n\n\n<h3 class=\"wp-block-heading\">Estado de la tecnolog\u00eda en Chile<\/h3>\n\n\n\n<p>A lo largo del pa\u00eds existen numerosas manifestaciones de aguas termales que son empleadas con usos recreacionales de manera formal e informal. Estas han permitido visibilizar de manera sencilla y tangible el uso de las aplicaciones de uso directo de geotermia.<\/p>\n\n\n\n<p>Sin embargo, otra de las aplicaciones que mantiene un crecimiento y desarrollo de mercado sostenido, son las bombas de calor geot\u00e9rmicas, que de acuerdo a estudios realizados, al menos existir\u00edan 6,9 MWt de capacidad instalada al 2016 en el pa\u00eds y una industria local compuesta por m\u00e1s de 38 actores\/empresas que &nbsp;prestan uno o m\u00e1s servicios asociados a esta tecnolog\u00eda.<\/p>\n\n\n\n<p>En siguiente informe se presenta el estado del arte de la tecnolog\u00eda y un Cat\u00e1logo de Proveedores e Instaladores en Chile. Descarga el documento&nbsp;<a href=\"http:\/\/dataset.cne.cl\/Energia_Abierta\/Estudios\/Minerg\/Quien_es_Quien%20en%20Sistemas%20geot%C3%A9rmicos%20con%20bombas%20de%20calor_2016.pdf\" target=\"_blank\" rel=\"noreferrer noopener\">aqu\u00ed.<\/a><\/p>\n\n\n\n<figure class=\"wp-block-image is-resized\"><a href=\"http:\/\/dataset.cne.cl\/Energia_Abierta\/Estudios\/Minerg\/Quien_es_Quien%20en%20Sistemas%20geot%C3%A9rmicos%20con%20bombas%20de%20calor_2016.pdf\" target=\"_blank\" rel=\"noreferrer noopener\"><img loading=\"lazy\" decoding=\"async\" width=\"635\" height=\"832\" src=\"https:\/\/autoconsumo.minenergia.cl\/wp-content\/uploads\/2017\/10\/documento-bombas-de-calor.png\" alt=\"\" class=\"wp-image-940\" style=\"width:222px;height:auto\" srcset=\"https:\/\/autoconsumo.minenergia.cl\/wp-content\/uploads\/2017\/10\/documento-bombas-de-calor.png 635w, https:\/\/autoconsumo.minenergia.cl\/wp-content\/uploads\/2017\/10\/documento-bombas-de-calor-229x300.png 229w\" sizes=\"auto, (max-width: 635px) 100vw, 635px\" \/><\/a><\/figure>\n\n\n\n<p><\/p>\n","protected":false},"excerpt":{"rendered":"<p>Programa para el uso directo de la geotermia Este es un programa que lidera el Ministerio de Energ\u00eda a trav\u00e9s de la Unidad de Geotermia y Calefacci\u00f3n Distrital de la Divisi\u00f3n de Energ\u00edas Sostenibles. Cuenta con el apoyo t\u00e9cnico del Banco Mundial, financiado por el Clean Technology Fund. El programa tiene por objetivo incentivar y [&hellip;]<\/p>\n","protected":false},"author":7,"featured_media":0,"parent":0,"menu_order":0,"comment_status":"closed","ping_status":"closed","template":"","meta":{"footnotes":""},"class_list":["post-3416","page","type-page","status-publish","hentry"],"_links":{"self":[{"href":"https:\/\/autoconsumo.minenergia.cl\/index.php?rest_route=\/wp\/v2\/pages\/3416","targetHints":{"allow":["GET"]}}],"collection":[{"href":"https:\/\/autoconsumo.minenergia.cl\/index.php?rest_route=\/wp\/v2\/pages"}],"about":[{"href":"https:\/\/autoconsumo.minenergia.cl\/index.php?rest_route=\/wp\/v2\/types\/page"}],"author":[{"embeddable":true,"href":"https:\/\/autoconsumo.minenergia.cl\/index.php?rest_route=\/wp\/v2\/users\/7"}],"replies":[{"embeddable":true,"href":"https:\/\/autoconsumo.minenergia.cl\/index.php?rest_route=%2Fwp%2Fv2%2Fcomments&post=3416"}],"version-history":[{"count":2,"href":"https:\/\/autoconsumo.minenergia.cl\/index.php?rest_route=\/wp\/v2\/pages\/3416\/revisions"}],"predecessor-version":[{"id":3786,"href":"https:\/\/autoconsumo.minenergia.cl\/index.php?rest_route=\/wp\/v2\/pages\/3416\/revisions\/3786"}],"wp:attachment":[{"href":"https:\/\/autoconsumo.minenergia.cl\/index.php?rest_route=%2Fwp%2Fv2%2Fmedia&parent=3416"}],"curies":[{"name":"wp","href":"https:\/\/api.w.org\/{rel}","templated":true}]}}