{"id":3418,"date":"2024-12-11T12:58:27","date_gmt":"2024-12-11T12:58:27","guid":{"rendered":"https:\/\/autoconsumo.minenergia.cl\/?page_id=3418"},"modified":"2024-12-11T17:26:32","modified_gmt":"2024-12-11T17:26:32","slug":"5-caldera-de-biomasa","status":"publish","type":"page","link":"https:\/\/autoconsumo.minenergia.cl\/?page_id=3418","title":{"rendered":"5. Caldera de biomasa"},"content":{"rendered":"\n<h2 class=\"wp-block-heading\">\u00bfQu\u00e9 son las calderas de biomasa?<\/h2>\n\n\n\n<p>Una caldera es un equipo donde la biomasa se combustiona en presencia de ox\u00edgeno y como resultado se genera vapor o agua caliente a presiones mayores a la atmosf\u00e9rica. Se trata generalmente de equipos de potencias mayores a 100 kWt que se emplean en aplicaciones industriales que requieren transferir calor y energ\u00eda mediante un fluido.&nbsp; Esta secci\u00f3n se centra en este tipo de aplicaciones, no en las calderas o estufas domiciliarias.<\/p>\n\n\n\n<h3 class=\"wp-block-heading\">Claves de una caldera de biomasa<\/h3>\n\n\n\n<ul class=\"wp-block-list\">\n<li>Tecnolog\u00eda consolidada en el mundo y en Chile, con eficiencias en torno al 90%.<\/li>\n\n\n\n<li>Existen m\u00e1s de 70 proveedores de equipos (calderas\/quemadores) de autoconsumo industrial y biocombustibles (pellets\/astillas\/biomasa triturada) en Chile, con una gran diversidad de marcas comerciales, precios, modalidades y eficiencias.<\/li>\n\n\n\n<li>El suministro, la log\u00edstica de abastecimiento y las caracter\u00edsticas de la biomasa (humedad e impurezas) definen una buena operaci\u00f3n.<\/li>\n\n\n\n<li>Existen proyectos operando con modelo de financiamiento Esco.<\/li>\n\n\n\n<li>Dependiendo de las horas de trabajo puede haber ahorros importantes al reemplazar combustibles f\u00f3siles con biomasa.<\/li>\n<\/ul>\n\n\n\n<h3 class=\"wp-block-heading\">Aplicaciones<\/h3>\n\n\n\n<ul class=\"wp-block-list\">\n<li>Autoconsumo de energ\u00eda t\u00e9rmica para procesos industriales o semi industriales.<\/li>\n\n\n\n<li>Autoconsumo de energ\u00eda t\u00e9rmica residencial individual o en redes distritales (calor y ACS)<\/li>\n\n\n\n<li>Tambi\u00e9n se puede generar electricidad y cogeneraci\u00f3n.<\/li>\n<\/ul>\n\n\n\n<p>La versatilidad de las calderas, el tipo de parrilla de combusti\u00f3n (fija o m\u00f3vil) y su nivel de automatizaci\u00f3n definen en gran medida su precio, pudiendo ser relevantes los costos asociados a los lugares de acopio de la biomasa.<\/p>\n\n\n\n<p>En Chile existen proyectos peque\u00f1os y medianos de obtenci\u00f3n de energ\u00eda t\u00e9rmica a partir de la biomasa (calderas y quemadores de pellet en peque\u00f1as industrias), como tambi\u00e9n grandes proyectos de generaci\u00f3n de energ\u00eda el\u00e9ctrica con biomasa para autoconsumo y venta de excedentes a la red, ligados a la industria del papel y la celulosa.<\/p>\n\n\n\n<p>El <a href=\"https:\/\/calefactores.mma.gob.cl\/\" target=\"_blank\" rel=\"noreferrer noopener\">programa de recambio de calefactores<\/a> implementado por el Ministerio de Medio Ambiente, tiene como objetivo reducir las emisiones de contaminantes generadas por la combusti\u00f3n residencial a le\u00f1a. Por medio de este programa, los beneficiarios pueden acceder a un nuevo calefactor siempre y cuando hagan entrega de su antiguo calefactor y\/o cocina, el cual debe estar instalado y en uso en la vivienda.<\/p>\n\n\n\n<p>El <a href=\"https:\/\/www.agenciase.org\/lenamasseca\/\" target=\"_blank\" rel=\"noreferrer noopener\">Programa Le\u00f1a M\u00e1s Seca<\/a> es un fondo financiado por el Ministerio de Energ\u00eda y ejecutado por la Agencia de Sostenibilidad Energ\u00e9tica y que tiene como objetivo aumentar la oferta de le\u00f1a seca en las regiones de O\u2019Higgins, Maule, \u00d1uble, Biob\u00edo, La Araucan\u00eda, Los R\u00edos, Los Lagos y Ays\u00e9n a trav\u00e9s del financiamiento de proyectos de inversi\u00f3n de infraestructura, maquinaria y equipamiento que permita habilitar las capacidades de producci\u00f3n de le\u00f1a de calidad.<\/p>\n\n\n\n<h3 class=\"wp-block-heading\">Aspectos generales de la biomasa<\/h3>\n\n\n\n<p>En esta secci\u00f3n nos referiremos a la biomasa utilizada como combustible en aplicaciones de mediano y gran tama\u00f1o, dejando de lado la le\u00f1a que se utiliza principalmente en aplicaciones peque\u00f1as de uso residencial.<\/p>\n\n\n\n<p><strong>Claves de la Biomasa<\/strong><\/p>\n\n\n\n<ul class=\"wp-block-list\">\n<li>La biomasa es una fuente almacenable y transportable de energ\u00eda.<\/li>\n\n\n\n<li>Representa sobre el 26% de la oferta total de energ\u00eda primaria en Chile, seg\u00fan el Balance Nacional de Energ\u00eda publicado en 2023.<\/li>\n\n\n\n<li>Es una alternativa de energ\u00eda renovable para autoconsumo de electricidad y\/o calor, en reemplazo de combustibles f\u00f3siles.<\/li>\n\n\n\n<li>Otorga un suministro continuo de energ\u00eda, con factor de planta similar al de fuentes f\u00f3siles.<\/li>\n\n\n\n<li>Hay distintos tipos biomasas, siendo las principales en Chile las astillas, la biomasa triturada (de residuos forestales) y el pellet.<\/li>\n<\/ul>\n\n\n\n<p>La biomasa puede transformarse en energ\u00eda \u00fatil de muchas maneras, pero la combusti\u00f3n en calderas de biomasa es la m\u00e1s com\u00fan y frecuente. Otras tecnolog\u00edas tales como la pirolisis y la gasificaci\u00f3n se encuentran en etapa pre-comercial.<\/p>\n\n\n\n<p>La combusti\u00f3n de la biomasa permite obtener energ\u00eda t\u00e9rmica para usos residenciales e industriales, generar electricidad o hacer co-generaci\u00f3n. La biomasa puede ser pretratada f\u00edsica y qu\u00edmicamente con el objeto de aumentar la eficiencia de la combusti\u00f3n y reducir los costos de transporte y acopio (por ejemplo, a trav\u00e9s del secado).<\/p>\n\n\n\n<p>Una de las formas de pretratamiento de la biomasa es su transformaci\u00f3n en pellets, cuyo uso en Chile ha crecido en los \u00faltimos a\u00f1os, sobre todo en aplicaciones peque\u00f1as para el sector residencial. Las otras dos formas m\u00e1s comunes de biomasa en Chile para aplicaciones de mediana y gran escala (&gt; 150 kW) son las astillas y la biomasa triturada.<\/p>\n\n\n\n<h3 class=\"wp-block-heading\"><strong>Caracter\u00edsticas de biocombustibles s\u00f3lidos<\/strong><\/h3>\n\n\n\n<figure class=\"wp-block-image\"><img loading=\"lazy\" decoding=\"async\" width=\"1075\" height=\"390\" src=\"https:\/\/autoconsumo.minenergia.cl\/wp-content\/uploads\/2017\/08\/tabla1.jpg\" alt=\"\" class=\"wp-image-1134\" srcset=\"https:\/\/autoconsumo.minenergia.cl\/wp-content\/uploads\/2017\/08\/tabla1.jpg 1075w, https:\/\/autoconsumo.minenergia.cl\/wp-content\/uploads\/2017\/08\/tabla1-300x109.jpg 300w, https:\/\/autoconsumo.minenergia.cl\/wp-content\/uploads\/2017\/08\/tabla1-768x279.jpg 768w, https:\/\/autoconsumo.minenergia.cl\/wp-content\/uploads\/2017\/08\/tabla1-1024x371.jpg 1024w, https:\/\/autoconsumo.minenergia.cl\/wp-content\/uploads\/2017\/08\/tabla1-660x239.jpg 660w\" sizes=\"auto, (max-width: 1075px) 100vw, 1075px\" \/><\/figure>\n\n\n\n<p><strong>Fuente: Sylvae para GIZ y Ministerio de Energ\u00eda, 2017.<\/strong><\/p>\n","protected":false},"excerpt":{"rendered":"<p>\u00bfQu\u00e9 son las calderas de biomasa? Una caldera es un equipo donde la biomasa se combustiona en presencia de ox\u00edgeno y como resultado se genera vapor o agua caliente a presiones mayores a la atmosf\u00e9rica. Se trata generalmente de equipos de potencias mayores a 100 kWt que se emplean en aplicaciones industriales que requieren transferir [&hellip;]<\/p>\n","protected":false},"author":7,"featured_media":0,"parent":0,"menu_order":0,"comment_status":"closed","ping_status":"closed","template":"","meta":{"footnotes":""},"class_list":["post-3418","page","type-page","status-publish","hentry"],"_links":{"self":[{"href":"https:\/\/autoconsumo.minenergia.cl\/index.php?rest_route=\/wp\/v2\/pages\/3418","targetHints":{"allow":["GET"]}}],"collection":[{"href":"https:\/\/autoconsumo.minenergia.cl\/index.php?rest_route=\/wp\/v2\/pages"}],"about":[{"href":"https:\/\/autoconsumo.minenergia.cl\/index.php?rest_route=\/wp\/v2\/types\/page"}],"author":[{"embeddable":true,"href":"https:\/\/autoconsumo.minenergia.cl\/index.php?rest_route=\/wp\/v2\/users\/7"}],"replies":[{"embeddable":true,"href":"https:\/\/autoconsumo.minenergia.cl\/index.php?rest_route=%2Fwp%2Fv2%2Fcomments&post=3418"}],"version-history":[{"count":6,"href":"https:\/\/autoconsumo.minenergia.cl\/index.php?rest_route=\/wp\/v2\/pages\/3418\/revisions"}],"predecessor-version":[{"id":3591,"href":"https:\/\/autoconsumo.minenergia.cl\/index.php?rest_route=\/wp\/v2\/pages\/3418\/revisions\/3591"}],"wp:attachment":[{"href":"https:\/\/autoconsumo.minenergia.cl\/index.php?rest_route=%2Fwp%2Fv2%2Fmedia&parent=3418"}],"curies":[{"name":"wp","href":"https:\/\/api.w.org\/{rel}","templated":true}]}}