{"id":3423,"date":"2024-12-11T13:00:41","date_gmt":"2024-12-11T13:00:41","guid":{"rendered":"https:\/\/autoconsumo.minenergia.cl\/?page_id=3423"},"modified":"2024-12-16T19:02:54","modified_gmt":"2024-12-16T19:02:54","slug":"5-2-materiales-y-herramientas-de-interes","status":"publish","type":"page","link":"https:\/\/autoconsumo.minenergia.cl\/?page_id=3423","title":{"rendered":"5.2 Materiales y herramientas de inter\u00e9s &#8211; Caldera de biomasa"},"content":{"rendered":"\n<h2 class=\"wp-block-heading\">Calculadora de Biomasa<\/h2>\n\n\n\n<figure class=\"wp-block-image\"><a href=\"https:\/\/autoconsumo.minenergia.cl\/?p=2011\" target=\"_blank\" rel=\"noreferrer noopener\"><img loading=\"lazy\" decoding=\"async\" width=\"943\" height=\"579\" src=\"https:\/\/autoconsumo.minenergia.cl\/wp-content\/uploads\/2018\/05\/calculadora-de-biomasa.jpg\" alt=\"\" class=\"wp-image-2007\" srcset=\"https:\/\/autoconsumo.minenergia.cl\/wp-content\/uploads\/2018\/05\/calculadora-de-biomasa.jpg 943w, https:\/\/autoconsumo.minenergia.cl\/wp-content\/uploads\/2018\/05\/calculadora-de-biomasa-300x184.jpg 300w, https:\/\/autoconsumo.minenergia.cl\/wp-content\/uploads\/2018\/05\/calculadora-de-biomasa-768x472.jpg 768w, https:\/\/autoconsumo.minenergia.cl\/wp-content\/uploads\/2018\/05\/calculadora-de-biomasa-660x405.jpg 660w\" sizes=\"auto, (max-width: 943px) 100vw, 943px\" \/><\/a><\/figure>\n\n\n\n<hr class=\"wp-block-separator has-alpha-channel-opacity\"\/>\n\n\n\n<h2 class=\"wp-block-heading\">Buscador de Normas de Bioenerg\u00eda<\/h2>\n\n\n\n<p>A continuaci\u00f3n podr\u00e1 ingresar al Buscador de Normas de Bioenerg\u00eda, elaborado por el Ministerio de Energ\u00eda.<\/p>\n\n\n\n<figure class=\"wp-block-image\"><a href=\"https:\/\/autoconsumo.minenergia.cl\/?page_id=2270\" target=\"_blank\" rel=\"noreferrer noopener\"><img loading=\"lazy\" decoding=\"async\" width=\"381\" height=\"100\" src=\"https:\/\/autoconsumo.minenergia.cl\/wp-content\/uploads\/2018\/07\/bannerBuscador_recortado_pequeno.png\" alt=\"\" class=\"wp-image-2402\" srcset=\"https:\/\/autoconsumo.minenergia.cl\/wp-content\/uploads\/2018\/07\/bannerBuscador_recortado_pequeno.png 381w, https:\/\/autoconsumo.minenergia.cl\/wp-content\/uploads\/2018\/07\/bannerBuscador_recortado_pequeno-300x79.png 300w\" sizes=\"auto, (max-width: 381px) 100vw, 381px\" \/><\/a><\/figure>\n\n\n\n<p>El Buscador contiene una sistematizaci\u00f3n del marco legal actualmente vigente para la bioenerg\u00eda, abord\u00e1ndola desde el punto de vista de la regulaci\u00f3n del combustible, de las tecnolog\u00edas de generaci\u00f3n, de los sistemas de transporte y distribuci\u00f3n u otros aspectos tales como el tratamiento tributario. &nbsp;<\/p>\n\n\n\n<p><strong>Incorpora:<\/strong><\/p>\n\n\n\n<ul class=\"wp-block-list\">\n<li><strong>Marco legal aplicable al Biog\u00e1s, Biometano y subproductos<\/strong><\/li>\n\n\n\n<li><strong>Marco legal aplicable a la biomasa<\/strong><\/li>\n\n\n\n<li><strong>Marco legal aplicable a biocombustibles l\u00edquidos (etanol y biodiesel)<\/strong><\/li>\n<\/ul>\n\n\n\n<p>Nota: El buscador no incorpora el marco legal relativo a la tramitaci\u00f3n ambiental de los proyectos.<\/p>\n\n\n\n<p><\/p>\n\n\n\n<h2 class=\"wp-block-heading\">Fact Sheet Biomasa<\/h2>\n\n\n\n<figure class=\"wp-block-image is-resized\"><a href=\"https:\/\/autoconsumo.minenergia.cl\/wp-content\/uploads\/2017\/08\/Factsheet_Biomasa_NAMA_Final.pdf\" target=\"_blank\" rel=\"noreferrer noopener\"><img loading=\"lazy\" decoding=\"async\" width=\"580\" height=\"829\" src=\"https:\/\/autoconsumo.minenergia.cl\/wp-content\/uploads\/2017\/08\/fact-sheet-biomasa.jpg\" alt=\"\" class=\"wp-image-1651\" style=\"width:206px;height:auto\" srcset=\"https:\/\/autoconsumo.minenergia.cl\/wp-content\/uploads\/2017\/08\/fact-sheet-biomasa.jpg 580w, https:\/\/autoconsumo.minenergia.cl\/wp-content\/uploads\/2017\/08\/fact-sheet-biomasa-210x300.jpg 210w\" sizes=\"auto, (max-width: 580px) 100vw, 580px\" \/><\/a><\/figure>\n\n\n\n<h2 class=\"wp-block-heading\">Gu\u00eda Calderas y Quemadores a Biomasa para Autoconsumo<\/h2>\n\n\n\n<figure class=\"wp-block-image is-resized\"><img loading=\"lazy\" decoding=\"async\" width=\"457\" height=\"628\" src=\"https:\/\/autoconsumo.minenergia.cl\/wp-content\/uploads\/2018\/03\/guia-calderas-biomasa.jpg\" alt=\"\" class=\"wp-image-1903\" style=\"width:198px;height:auto\" srcset=\"https:\/\/autoconsumo.minenergia.cl\/wp-content\/uploads\/2018\/03\/guia-calderas-biomasa.jpg 457w, https:\/\/autoconsumo.minenergia.cl\/wp-content\/uploads\/2018\/03\/guia-calderas-biomasa-218x300.jpg 218w\" sizes=\"auto, (max-width: 457px) 100vw, 457px\" \/><\/figure>\n\n\n\n<h3 class=\"wp-block-heading\">Referencias<\/h3>\n\n\n\n<ul class=\"wp-block-list\">\n<li>John O\u2019Ryan Surveyors para CIFES, 2016. Estudio de caracterizaci\u00f3n del mercado de biomasa como fuente de energ\u00eda t\u00e9rmica entre las regiones de O\u00b4higgins y Aysen. Descargar&nbsp;<a href=\"http:\/\/energiaabierta.cl\/estudios\" target=\"_blank\" rel=\"noreferrer noopener\">aqu\u00ed<\/a>.<\/li>\n\n\n\n<li>Ren\u00e9 Carmona y Alvaro Urz\u00faa, 2013. Caracterizaci\u00f3n de la biomasa le\u00f1osa con fines energ\u00e9ticos disponible en Chile. Descargar&nbsp;<a href=\"http:\/\/www.libros.uchile.cl\/files\/presses\/1\/monographs\/398\/submission\/proof\/files\/assets\/basic-html\/index.html#1\" target=\"_blank\" rel=\"noreferrer noopener\">aqu\u00ed<\/a>.<\/li>\n\n\n\n<li>Jos\u00e9 Bertrand y Eduardo Morales para CNE y GIZ, 2008. Potencial de biomasa forestal: potencial de generaci\u00f3n de energ\u00eda por residuos del manejo forestal en Chile. Descargar&nbsp;<a href=\"http:\/\/www.energia.gob.cl\/content\/potencial-de-biomasa-forestal\" target=\"_blank\" rel=\"noreferrer noopener\">aqu\u00ed<\/a>.<\/li>\n\n\n\n<li>INFOR para CNE y GIZ, 2007. Disponibilidad de residuos madereros: residuos de la industria primaria de la madera, disponibilidad para uso energ\u00e9tico. Descargar&nbsp;<a href=\"http:\/\/energiaabierta.cl\/estudios\" target=\"_blank\" rel=\"noreferrer noopener\">aqu\u00ed<\/a><\/li>\n\n\n\n<li>Sylvae para GIZ y Ministerio de Energ\u00eda, 2017. Calderas y Quemadores a Biomasa para Autoconsumo.<\/li>\n<\/ul>\n","protected":false},"excerpt":{"rendered":"<p>Calculadora de Biomasa Buscador de Normas de Bioenerg\u00eda A continuaci\u00f3n podr\u00e1 ingresar al Buscador de Normas de Bioenerg\u00eda, elaborado por el Ministerio de Energ\u00eda. El Buscador contiene una sistematizaci\u00f3n del marco legal actualmente vigente para la bioenerg\u00eda, abord\u00e1ndola desde el punto de vista de la regulaci\u00f3n del combustible, de las tecnolog\u00edas de generaci\u00f3n, de los [&hellip;]<\/p>\n","protected":false},"author":7,"featured_media":0,"parent":0,"menu_order":0,"comment_status":"closed","ping_status":"closed","template":"","meta":{"footnotes":""},"class_list":["post-3423","page","type-page","status-publish","hentry"],"_links":{"self":[{"href":"https:\/\/autoconsumo.minenergia.cl\/index.php?rest_route=\/wp\/v2\/pages\/3423","targetHints":{"allow":["GET"]}}],"collection":[{"href":"https:\/\/autoconsumo.minenergia.cl\/index.php?rest_route=\/wp\/v2\/pages"}],"about":[{"href":"https:\/\/autoconsumo.minenergia.cl\/index.php?rest_route=\/wp\/v2\/types\/page"}],"author":[{"embeddable":true,"href":"https:\/\/autoconsumo.minenergia.cl\/index.php?rest_route=\/wp\/v2\/users\/7"}],"replies":[{"embeddable":true,"href":"https:\/\/autoconsumo.minenergia.cl\/index.php?rest_route=%2Fwp%2Fv2%2Fcomments&post=3423"}],"version-history":[{"count":2,"href":"https:\/\/autoconsumo.minenergia.cl\/index.php?rest_route=\/wp\/v2\/pages\/3423\/revisions"}],"predecessor-version":[{"id":3771,"href":"https:\/\/autoconsumo.minenergia.cl\/index.php?rest_route=\/wp\/v2\/pages\/3423\/revisions\/3771"}],"wp:attachment":[{"href":"https:\/\/autoconsumo.minenergia.cl\/index.php?rest_route=%2Fwp%2Fv2%2Fmedia&parent=3423"}],"curies":[{"name":"wp","href":"https:\/\/api.w.org\/{rel}","templated":true}]}}