{"id":3428,"date":"2024-12-11T13:07:22","date_gmt":"2024-12-11T13:07:22","guid":{"rendered":"https:\/\/autoconsumo.minenergia.cl\/?page_id=3428"},"modified":"2024-12-11T18:00:21","modified_gmt":"2024-12-11T18:00:21","slug":"6-biodigestor","status":"publish","type":"page","link":"https:\/\/autoconsumo.minenergia.cl\/?page_id=3428","title":{"rendered":"6. Biodigestor"},"content":{"rendered":"\n<h2 class=\"wp-block-heading\">\u00bfQu\u00e9 es un biodigestor?<\/h2>\n\n\n\n<iframe loading=\"lazy\" width=\"560\" height=\"315\" src=\"https:\/\/www.youtube.com\/embed\/G5bZEdZ5Cdw?si=TwtqJlu4hOvHMdIJ\" title=\"YouTube video player\" frameborder=\"0\" allow=\"accelerometer; autoplay; clipboard-write; encrypted-media; gyroscope; picture-in-picture; web-share\" referrerpolicy=\"strict-origin-when-cross-origin\" allowfullscreen><\/iframe>\n\n\n\n<h2 class=\"wp-block-heading\">Claves de un Biodigestor<\/h2>\n\n\n\n<ul class=\"wp-block-list\">\n<li>Tecnolog\u00eda consolidada en el mundo, y en desarrollo en Chile.<\/li>\n\n\n\n<li>El prop\u00f3sito principal es ambiental y sanitario, debido a que los biodigestores tratan residuos.<\/li>\n\n\n\n<li>Se dise\u00f1an a medida, seg\u00fan el tipo y cantidad de residuos org\u00e1nicos disponibles para degradar.<\/li>\n\n\n\n<li>La operaci\u00f3n necesita personal capacitado.<\/li>\n\n\n\n<li>Debe acogerse al nuevo Reglamento de Seguridad de Instalaciones de Biog\u00e1s.<\/li>\n<\/ul>\n\n\n\n<h2 class=\"wp-block-heading\">Aplicaciones<\/h2>\n\n\n\n<ul class=\"wp-block-list\">\n<li>Autoconsumo de energ\u00eda t\u00e9rmica para agua caliente sanitaria, cocci\u00f3n, calefacci\u00f3n y calor de proceso, entre otros.<\/li>\n\n\n\n<li>Inyecci\u00f3n de biometano a red de gas natural.<\/li>\n\n\n\n<li>Uso como combustible vehicular.<\/li>\n\n\n\n<li>Sistemas con generadores a gas para autoconsumo de energ\u00eda el\u00e9ctrica y en cogeneraci\u00f3n (a mediana y gran escala).<\/li>\n\n\n\n<li>Dar acceso a energ\u00eda t\u00e9rmica y el\u00e9ctrica en zonas aisladas (con residuos org\u00e1nicos disponibles).<\/li>\n\n\n\n<li>Posibilidad de vender los excedentes de electricidad generada a la red de distribuci\u00f3n.<\/li>\n<\/ul>\n\n\n\n<h2 class=\"wp-block-heading\">Aspectos Generales<\/h2>\n\n\n\n<p>El biog\u00e1s es un gas combustible que proviene de la descomposici\u00f3n de desechos org\u00e1nicos gracias bacterias que los utilizan para alimentarse. Como resultado de la descomposici\u00f3n que realizan las bacterias, se produce gas metano, que corresponde qu\u00edmicamente al mismo combustible que conocemos comercialmente como gas natural y un fertilizante org\u00e1nico llamado digestato. Todo este proceso ocurre en ausencia de ox\u00edgeno, generalmente en un equipo llamado reactor, biodigestor o digestor anaer\u00f3bico.<\/p>\n\n\n\n<p>Los desechos o residuos org\u00e1nicos que sirven para producir biog\u00e1s pueden ser de todo tipo, como esti\u00e9rcol de animales, purines, basura org\u00e1nica vegetal y animal de mercados, mataderos, lodos de plantas de tratamiento de aguas servidas domiciliarias, residuos de cocina y procesos de transformaci\u00f3n alimentaria (suero de leche, industria vitivin\u00edcola, cervecera, etc.).<\/p>\n\n\n\n<p>Los compontes principales del biog\u00e1s son metano (CH4) y di\u00f3xido de carbono (CO2), con presencia menor de otros gases como nitr\u00f3geno, ox\u00edgeno, \u00e1cido sulfh\u00eddrico y otros. Mientras mayor sea la cantidad de metano, mayor ser\u00e1 el poder calor\u00edfico o el potencial energ\u00e9tico del biog\u00e1s.<\/p>\n\n\n\n<h2 class=\"wp-block-heading\">Impacto Ambiental y Usos<\/h2>\n\n\n\n<p>El metano es un Gas de Efecto Invernadero (GEI) que tiene una alta incidencia en el calentamiento global (23 veces mayor al de una mol\u00e9cula de di\u00f3xido de carbono). Por lo tanto, capturar y utilizar directamente el biog\u00e1s para cocinar, calefaccionar o generar electricidad contribuye a mitigar el efecto invernadero derivado de la descomposici\u00f3n de los residuos.<\/p>\n\n\n\n<p>El biog\u00e1s se puede combustionar para generar electricidad y calor, o se puede purificar en un mayor grado para obtener biometano, un gas similar al gas natural y que tiene las mismas aplicaciones. El biometano se puede inyectar en las redes de distribuci\u00f3n de gas o se puede comprimir para ser usado como biocombustible en veh\u00edculos de transporte.<\/p>\n\n\n\n<p>Un biodigestor es un contenedor en el cual se produce la degradaci\u00f3n anaer\u00f3bica de la materia org\u00e1nica, conocido tambi\u00e9n como digestor, reactor o fermentador.<\/p>\n\n\n\n<p><\/p>\n","protected":false},"excerpt":{"rendered":"<p>\u00bfQu\u00e9 es un biodigestor? Claves de un Biodigestor Aplicaciones Aspectos Generales El biog\u00e1s es un gas combustible que proviene de la descomposici\u00f3n de desechos org\u00e1nicos gracias bacterias que los utilizan para alimentarse. Como resultado de la descomposici\u00f3n que realizan las bacterias, se produce gas metano, que corresponde qu\u00edmicamente al mismo combustible que conocemos comercialmente como [&hellip;]<\/p>\n","protected":false},"author":7,"featured_media":0,"parent":0,"menu_order":0,"comment_status":"closed","ping_status":"closed","template":"","meta":{"footnotes":""},"class_list":["post-3428","page","type-page","status-publish","hentry"],"_links":{"self":[{"href":"https:\/\/autoconsumo.minenergia.cl\/index.php?rest_route=\/wp\/v2\/pages\/3428","targetHints":{"allow":["GET"]}}],"collection":[{"href":"https:\/\/autoconsumo.minenergia.cl\/index.php?rest_route=\/wp\/v2\/pages"}],"about":[{"href":"https:\/\/autoconsumo.minenergia.cl\/index.php?rest_route=\/wp\/v2\/types\/page"}],"author":[{"embeddable":true,"href":"https:\/\/autoconsumo.minenergia.cl\/index.php?rest_route=\/wp\/v2\/users\/7"}],"replies":[{"embeddable":true,"href":"https:\/\/autoconsumo.minenergia.cl\/index.php?rest_route=%2Fwp%2Fv2%2Fcomments&post=3428"}],"version-history":[{"count":6,"href":"https:\/\/autoconsumo.minenergia.cl\/index.php?rest_route=\/wp\/v2\/pages\/3428\/revisions"}],"predecessor-version":[{"id":3609,"href":"https:\/\/autoconsumo.minenergia.cl\/index.php?rest_route=\/wp\/v2\/pages\/3428\/revisions\/3609"}],"wp:attachment":[{"href":"https:\/\/autoconsumo.minenergia.cl\/index.php?rest_route=%2Fwp%2Fv2%2Fmedia&parent=3428"}],"curies":[{"name":"wp","href":"https:\/\/api.w.org\/{rel}","templated":true}]}}