{"id":3430,"date":"2024-12-11T13:16:46","date_gmt":"2024-12-11T13:16:46","guid":{"rendered":"https:\/\/autoconsumo.minenergia.cl\/?page_id=3430"},"modified":"2024-12-16T19:15:44","modified_gmt":"2024-12-16T19:15:44","slug":"6-1-aspectos-tecnicos-economicos","status":"publish","type":"page","link":"https:\/\/autoconsumo.minenergia.cl\/?page_id=3430","title":{"rendered":"6.1 Aspectos t\u00e9cnicos econ\u00f3micos \u2013 Biodigestor"},"content":{"rendered":"\n<iframe loading=\"lazy\" width=\"560\" height=\"315\" src=\"https:\/\/www.youtube.com\/embed\/EnU9ZwwHELg?si=yvabfhGdINzo5wtn\" title=\"YouTube video player\" frameborder=\"0\" allow=\"accelerometer; autoplay; clipboard-write; encrypted-media; gyroscope; picture-in-picture; web-share\" referrerpolicy=\"strict-origin-when-cross-origin\" allowfullscreen><\/iframe>\n\n\n\n<p>Video: Biogas &#8211; Ministerio de Energ\u00eda<\/p>\n\n\n\n<h3 class=\"wp-block-heading\">Dise\u00f1o de un biodigestor<\/h3>\n\n\n\n<p>Para el dise\u00f1o de una planta de biog\u00e1s debe tenerse en cuenta fundamentalmente el tipo de sustrato disponible y sus cantidades, as\u00ed como su producci\u00f3n a lo largo del a\u00f1o y variaci\u00f3n estacional.<\/p>\n\n\n\n<p>En general, mientras m\u00e1s uniforme y homog\u00e9neo sea el tipo de sustrato empleado, mayor ser\u00e1 la seguridad en la estabilidad del proceso. Por otra parte, el tipo de sustrato determinar\u00e1 el tipo de equipamiento que deber\u00e1 tener la planta de biog\u00e1s (por ejemplo, unidad alimentadora de material fibroso, estanque de mezcla, etc.). Adem\u00e1s, con la finalidad de mitigar la emisi\u00f3n de olores producto de la degradaci\u00f3n de la biomasa no digerida, se recomienda un dise\u00f1o y operaci\u00f3n de la planta que garantice tiempos de residencia largos, mayores de 30 d\u00edas, a fin de obtener un alto grado de abatimiento de la materia org\u00e1nica y, por ende, de estabilizaci\u00f3n del digestato.<\/p>\n\n\n\n<figure class=\"wp-block-image is-resized\"><a href=\"http:\/\/www.minenergia.cl\/biogaslechero\/wp-content\/uploads\/2015\/12\/guiaplanificacionproyectosbiogasweb.pdf\" target=\"_blank\" rel=\"noreferrer noopener\"><img loading=\"lazy\" decoding=\"async\" width=\"526\" height=\"652\" src=\"https:\/\/autoconsumo.minenergia.cl\/wp-content\/uploads\/2017\/08\/Guia-de-planificacion-para-proyectos-de-biogas-en-Chile.png\" alt=\"\" class=\"wp-image-958\" style=\"width:182px;height:auto\" srcset=\"https:\/\/autoconsumo.minenergia.cl\/wp-content\/uploads\/2017\/08\/Guia-de-planificacion-para-proyectos-de-biogas-en-Chile.png 526w, https:\/\/autoconsumo.minenergia.cl\/wp-content\/uploads\/2017\/08\/Guia-de-planificacion-para-proyectos-de-biogas-en-Chile-242x300.png 242w\" sizes=\"auto, (max-width: 526px) 100vw, 526px\" \/><\/a><\/figure>\n\n\n\n<p>Para mayor informaci\u00f3n, descargar la Gu\u00eda de planificaci\u00f3n para proyectos de biog\u00e1s en Chile&nbsp;<a href=\"http:\/\/www.minenergia.cl\/biogaslechero\/wp-content\/uploads\/2015\/12\/guiaplanificacionproyectosbiogasweb.pdf\" target=\"_blank\" rel=\"noreferrer noopener\">aqu\u00ed<\/a>.<\/p>\n\n\n\n<h3 class=\"wp-block-heading\"><strong>Costos<\/strong><\/h3>\n\n\n\n<p>Es dif\u00edcil hacer una generalizaci\u00f3n respecto de los costos de inversi\u00f3n y operaci\u00f3n de una planta de biog\u00e1s, porque va a depender principalmente:<\/p>\n\n\n\n<ul class=\"wp-block-list\">\n<li>Del objetivo principal para el cual se construye la planta (tratamiento de Riles para cumplir con la normativa ambiental, versus producci\u00f3n de energ\u00eda para venta o autoconsumo);<\/li>\n\n\n\n<li>Del contenido de materia org\u00e1nica del sustrato disponible; y<\/li>\n\n\n\n<li>Del energ\u00e9tico consumido en la actividad donde se emplaza, en caso que el biog\u00e1s se use para autoconsumo de energ\u00eda, entre otros factores.<\/li>\n<\/ul>\n\n\n\n<p>Estos proyectos muestran econom\u00edas de escala muy marcadas, as\u00ed, para plantas de tama\u00f1os iguales o superiores a 1 MW los valores de inversi\u00f3n inicial fluct\u00faan en torno a los USD 5000 a USD 7000\/ kWe, los que pueden llegar a ser del doble o m\u00e1s en el caso de plantas menores a los 100 kWe.<\/p>\n\n\n\n<p>Las posibles fuentes de ingresos (venta o ahorros generados por autoconsumo) asociados a un proyecto de biog\u00e1s, corresponden a:<\/p>\n\n\n\n<ul class=\"wp-block-list\">\n<li>Ingresos por venta de excedentes de energ\u00eda el\u00e9ctrica y potencia el\u00e9ctrica.<\/li>\n\n\n\n<li>Ahorro por uso de energ\u00eda t\u00e9rmica y\/o el\u00e9ctrica (sustituci\u00f3n de otros combustibles).<\/li>\n\n\n\n<li>Ahorro por tratamiento y disposici\u00f3n de residuos.<\/li>\n<\/ul>\n\n\n\n<p>Una planta de biog\u00e1s representa costos de operaci\u00f3n m\u00e1s elevados que otras tecnolog\u00edas renovables como la fotovoltaica o la micro hidro, debido a que se trata de procesos biol\u00f3gicos que requieren de un perfil de operario m\u00e1s especializado. Por otro lado, dependiendo de la tecnolog\u00eda empleada, estas plantas pueden llegar a requerir labores de mantenci\u00f3n que impliquen limpieza de reactores, reemplazo de membranas, de filtros y otros.<\/p>\n\n\n\n<h3 class=\"wp-block-heading\">Tipos de biodigestores<\/h3>\n\n\n\n<h3 class=\"wp-block-heading\"><img loading=\"lazy\" decoding=\"async\" src=\"https:\/\/autoconsumo.minenergia.cl\/wp-content\/uploads\/2017\/06\/esquema-planta-de-biogas.png\" alt=\"\" width=\"843\" height=\"443\" srcset=\"https:\/\/autoconsumo.minenergia.cl\/wp-content\/uploads\/2017\/06\/esquema-planta-de-biogas.png 1103w, https:\/\/autoconsumo.minenergia.cl\/wp-content\/uploads\/2017\/06\/esquema-planta-de-biogas-300x157.png 300w, https:\/\/autoconsumo.minenergia.cl\/wp-content\/uploads\/2017\/06\/esquema-planta-de-biogas-768x403.png 768w, https:\/\/autoconsumo.minenergia.cl\/wp-content\/uploads\/2017\/06\/esquema-planta-de-biogas-1024x538.png 1024w, https:\/\/autoconsumo.minenergia.cl\/wp-content\/uploads\/2017\/06\/esquema-planta-de-biogas-660x346.png 660w\"><br><strong>Figura: Esquema de una planta de biog\u00e1s.<br><\/strong><strong>Fuente: Ministerio de Energ\u00eda y GIZ, 2012.<\/strong><\/h3>\n\n\n\n<p><strong>&nbsp;<\/strong>Los principales componentes de una planta de biog\u00e1s son:<\/p>\n\n\n\n<ul class=\"wp-block-list\">\n<li><strong>Sistema de manejo de sustratos<\/strong>, que incluye los sistemas de recepci\u00f3n y almacenamiento, y los sistemas para alimentar al biodigestor.<\/li>\n\n\n\n<li><strong>Biodigestor o reactor,<\/strong>&nbsp;es el componente principal de la planta, existiendo diversos tipos y configuraciones posibles que van desde una simple laguna cubierta hasta reactores con sistemas de calefacci\u00f3n, agitaci\u00f3n del sustrato y almacenamiento del biog\u00e1s producido.<\/li>\n\n\n\n<li><strong>Almacenamiento de biog\u00e1s o gas\u00f3metro<\/strong>, el cual puede ser integrado al reactor o externo.<\/li>\n\n\n\n<li><strong>Utilizaci\u00f3n del biog\u00e1s<\/strong>, el cual incluye el sistema de purificaci\u00f3n del biog\u00e1s para eliminar componentes indeseados como el \u00e1cido sulfh\u00eddrico, y el sistema de aprovechamiento energ\u00e9tico que puede ser una caldera, un motor o una turbina.<\/li>\n\n\n\n<li><strong>Sistema de almacenamiento del digestato,&nbsp;<\/strong>el cual es utilizado generalmente como abono, por sus propiedades fertilizantes y\/o de mejorador de suelos.<\/li>\n<\/ul>\n\n\n\n<p>Hay muchas configuraciones posibles de biodigestores, pero las m\u00e1s frecuentes en Chile son las siguientes:<\/p>\n\n\n\n<h3 class=\"wp-block-heading\"><strong>Biodigestor de Mezcla Completa<\/strong><\/h3>\n\n\n<div class=\"wp-block-image\">\n<figure class=\"aligncenter\"><img loading=\"lazy\" decoding=\"async\" width=\"219\" height=\"133\" src=\"https:\/\/autoconsumo.minenergia.cl\/wp-content\/uploads\/2017\/08\/Biodigestor-de-Mezcla-Completa.png\" alt=\"\" class=\"wp-image-953\"\/><\/figure><\/div>\n\n\n<p><strong>Figura: Esquema de reactor de mezcla completa.<br><\/strong><strong>Fuente: Ministerio de Energ\u00eda y GIZ, 2012.<\/strong><\/p>\n\n\n\n<p>Los biodigestores de mezcla completa son los m\u00e1s utilizados para residuos org\u00e1nicos en la agroindustria. Son por lo general estanques circulares herm\u00e9ticos de acero u hormig\u00f3n armado, en los que el sustrato es mezclado de manera regular, no violenta, mediante agitadores. Se utilizan para sustratos bombeables con contenido de s\u00f3lidos medios\/bajos como purines y aguas residuales de alto contenido org\u00e1nico.<\/p>\n\n\n\n<h3 class=\"wp-block-heading\"><strong>Biodigestor de Flujo Pist\u00f3n<\/strong><\/h3>\n\n\n<div class=\"wp-block-image\">\n<figure class=\"aligncenter\"><img loading=\"lazy\" decoding=\"async\" width=\"270\" height=\"136\" src=\"https:\/\/autoconsumo.minenergia.cl\/wp-content\/uploads\/2017\/08\/Biodigestor-de-Flujo-Piston.png\" alt=\"\" class=\"wp-image-954\"\/><\/figure><\/div>\n\n\n<p><strong>Figura: Esquema de flujo pist\u00f3n.<br><\/strong><strong>Fuente: Ministerio de Energ\u00eda y GIZ, 2012.<\/strong><\/p>\n\n\n\n<p><strong>&nbsp;<\/strong>Los biodigestores de flujo pist\u00f3n son los que se utilizan para sustratos con contenido de s\u00f3lidos medios a medios\/altos, como esti\u00e9rcoles de porcino y bovino, residuos agroindustriales con alto contenido de fibra y la fracci\u00f3n org\u00e1nica de residuos s\u00f3lidos domiciliarios. Son por lo general estanques horizontales de concreto, con cubiertas dobles o sencillas de geomembrana para acumular el biog\u00e1s. Se denominan de flujo pist\u00f3n, pues el sustrato que ingresa es empujado en forma de pist\u00f3n o tap\u00f3n por el sustrato que va ingresando posteriormente.<\/p>\n\n\n\n<h3 class=\"wp-block-heading\"><strong>Biodigestor de Laguna Cubierta<\/strong><\/h3>\n\n\n<div class=\"wp-block-image\">\n<figure class=\"aligncenter\"><img loading=\"lazy\" decoding=\"async\" width=\"587\" height=\"209\" src=\"https:\/\/autoconsumo.minenergia.cl\/wp-content\/uploads\/2017\/08\/Biodigestor-de-Laguna-Cubierta.png\" alt=\"\" class=\"wp-image-955\" srcset=\"https:\/\/autoconsumo.minenergia.cl\/wp-content\/uploads\/2017\/08\/Biodigestor-de-Laguna-Cubierta.png 587w, https:\/\/autoconsumo.minenergia.cl\/wp-content\/uploads\/2017\/08\/Biodigestor-de-Laguna-Cubierta-300x107.png 300w\" sizes=\"auto, (max-width: 587px) 100vw, 587px\" \/><\/figure><\/div>\n\n\n<p><strong>Figura: Esquema de sistema de laguna cubierta.<br><\/strong><strong>Fuente: Ministerio de Energ\u00eda y GIZ, 2012.<\/strong><\/p>\n\n\n\n<p>Los biodigestores de laguna cubierta son los m\u00e1s simples, utilizados generalmente para purines de la industria bovina. Son lagunas o piscinas profundas impermeabilizadas y recubiertas de forma herm\u00e9tica con geomembrana de diferentes pl\u00e1sticos, y no utilizan ni calefacci\u00f3n ni agitaci\u00f3n.<\/p>\n\n\n\n<h3 class=\"wp-block-heading\"><strong>Rellenos Sanitarios y Plantas de Tratamiento de Aguas Servidas<\/strong><\/h3>\n\n\n\n<p>Tambi\u00e9n es com\u00fan la generaci\u00f3n de biog\u00e1s en rellenos sanitarios (instalaciones de disposici\u00f3n de residuos domiciliarios), donde la digesti\u00f3n anaer\u00f3bica ocurre naturalmente y en plantas de tratamiento de aguas servidas, donde es posible generar biog\u00e1s a partir de la digesti\u00f3n anaer\u00f3bica de los lodos de tratamiento de las aguas.<\/p>\n\n\n\n<p><\/p>\n","protected":false},"excerpt":{"rendered":"<p>Video: Biogas &#8211; Ministerio de Energ\u00eda Dise\u00f1o de un biodigestor Para el dise\u00f1o de una planta de biog\u00e1s debe tenerse en cuenta fundamentalmente el tipo de sustrato disponible y sus cantidades, as\u00ed como su producci\u00f3n a lo largo del a\u00f1o y variaci\u00f3n estacional. En general, mientras m\u00e1s uniforme y homog\u00e9neo sea el tipo de sustrato [&hellip;]<\/p>\n","protected":false},"author":7,"featured_media":0,"parent":0,"menu_order":0,"comment_status":"closed","ping_status":"closed","template":"","meta":{"footnotes":""},"class_list":["post-3430","page","type-page","status-publish","hentry"],"_links":{"self":[{"href":"https:\/\/autoconsumo.minenergia.cl\/index.php?rest_route=\/wp\/v2\/pages\/3430","targetHints":{"allow":["GET"]}}],"collection":[{"href":"https:\/\/autoconsumo.minenergia.cl\/index.php?rest_route=\/wp\/v2\/pages"}],"about":[{"href":"https:\/\/autoconsumo.minenergia.cl\/index.php?rest_route=\/wp\/v2\/types\/page"}],"author":[{"embeddable":true,"href":"https:\/\/autoconsumo.minenergia.cl\/index.php?rest_route=\/wp\/v2\/users\/7"}],"replies":[{"embeddable":true,"href":"https:\/\/autoconsumo.minenergia.cl\/index.php?rest_route=%2Fwp%2Fv2%2Fcomments&post=3430"}],"version-history":[{"count":5,"href":"https:\/\/autoconsumo.minenergia.cl\/index.php?rest_route=\/wp\/v2\/pages\/3430\/revisions"}],"predecessor-version":[{"id":3789,"href":"https:\/\/autoconsumo.minenergia.cl\/index.php?rest_route=\/wp\/v2\/pages\/3430\/revisions\/3789"}],"wp:attachment":[{"href":"https:\/\/autoconsumo.minenergia.cl\/index.php?rest_route=%2Fwp%2Fv2%2Fmedia&parent=3430"}],"curies":[{"name":"wp","href":"https:\/\/api.w.org\/{rel}","templated":true}]}}