{"id":3436,"date":"2024-12-11T13:17:40","date_gmt":"2024-12-11T13:17:40","guid":{"rendered":"https:\/\/autoconsumo.minenergia.cl\/?page_id=3436"},"modified":"2024-12-16T19:03:27","modified_gmt":"2024-12-16T19:03:27","slug":"6-2-materiales-y-herramientas-de-interes","status":"publish","type":"page","link":"https:\/\/autoconsumo.minenergia.cl\/?page_id=3436","title":{"rendered":"6.2 Materiales y herramientas de inter\u00e9s &#8211; Biodigestor"},"content":{"rendered":"\n<h2 class=\"wp-block-heading\">Registro de Plantas de Biog\u00e1s<\/h2>\n\n\n\n<p>El registro de plantas de Biog\u00e1s es una base de datos que es elaborada y actualizada por la Superintendencia de Electricidad y Combustibles (SEC), de acuerdo con la Ley N\u00ba 20.999, de 2017, que modific\u00f3 el Decreto con Fuerza de Ley N\u00ba 1, de 1978, del Ministerio de Miner\u00eda. Esta ley se\u00f1ala que es la SEC el organismo responsable de establecer y mantener un registro de inscripci\u00f3n de las instalaciones que sirvan para la producci\u00f3n, importaci\u00f3n, refinaci\u00f3n, transporte, distribuci\u00f3n, almacenamiento, abastecimiento, regasificaci\u00f3n o comercializaci\u00f3n de biog\u00e1s.<\/p>\n\n\n\n<p>Es importante mencionar que la Resoluci\u00f3n Exenta N\u00ba 22.337, de fecha 7 de febrero de 2018, de la SEC, establece el Procedimiento para el Registro y Cierre de Plantas de Biog\u00e1s. Dicha resoluci\u00f3n indica que \u201cEl propietario de la planta de biog\u00e1s, por medio de un instalador de gas clase 4, en adelante \u201cdeclarante\u201d, podr\u00e1 iniciar el tr\u00e1mite de registro de una planta de Biog\u00e1s en cualquier oficina de la Superintendencia de Electricidad y Combustibles (SEC).\u201d<\/p>\n\n\n\n<p><a href=\"https:\/\/autoconsumo.minenergia.cl\/wp-content\/uploads\/2017\/08\/Registro-Plantas-Bioga%CC%81s-web_MARZO-2020.pdf\" target=\"_blank\" rel=\"noreferrer noopener\">Descargar el Registro Plantas de Biog\u00e1s marzo 2020<\/a><\/p>\n\n\n\n<h2 class=\"wp-block-heading\">Referencias bibliogr\u00e1fica<\/h2>\n\n\n\n<ul class=\"wp-block-list\">\n<li>Biblioteca del Proyecto Biog\u00e1s Lechero. Ingresar&nbsp;<a href=\"http:\/\/www.minenergia.cl\/biogaslechero\/?page_id=98\" target=\"_blank\" rel=\"noreferrer noopener\">aqu\u00ed.<\/a><\/li>\n\n\n\n<li>Ministerio de Energ\u00eda y GIZ, 2012. Gu\u00eda de planificaci\u00f3n para proyectos de biog\u00e1s en Chile. Descargar&nbsp;<a href=\"http:\/\/www.minenergia.cl\/biogaslechero\/wp-content\/uploads\/2015\/12\/guiaplanificacionproyectosbiogasweb.pdf\" target=\"_blank\" rel=\"noreferrer noopener\">aqu\u00ed.<\/a><\/li>\n<\/ul>\n\n\n\n<p><\/p>\n","protected":false},"excerpt":{"rendered":"<p>Registro de Plantas de Biog\u00e1s El registro de plantas de Biog\u00e1s es una base de datos que es elaborada y actualizada por la Superintendencia de Electricidad y Combustibles (SEC), de acuerdo con la Ley N\u00ba 20.999, de 2017, que modific\u00f3 el Decreto con Fuerza de Ley N\u00ba 1, de 1978, del Ministerio de Miner\u00eda. Esta [&hellip;]<\/p>\n","protected":false},"author":7,"featured_media":0,"parent":0,"menu_order":0,"comment_status":"closed","ping_status":"closed","template":"","meta":{"footnotes":""},"class_list":["post-3436","page","type-page","status-publish","hentry"],"_links":{"self":[{"href":"https:\/\/autoconsumo.minenergia.cl\/index.php?rest_route=\/wp\/v2\/pages\/3436","targetHints":{"allow":["GET"]}}],"collection":[{"href":"https:\/\/autoconsumo.minenergia.cl\/index.php?rest_route=\/wp\/v2\/pages"}],"about":[{"href":"https:\/\/autoconsumo.minenergia.cl\/index.php?rest_route=\/wp\/v2\/types\/page"}],"author":[{"embeddable":true,"href":"https:\/\/autoconsumo.minenergia.cl\/index.php?rest_route=\/wp\/v2\/users\/7"}],"replies":[{"embeddable":true,"href":"https:\/\/autoconsumo.minenergia.cl\/index.php?rest_route=%2Fwp%2Fv2%2Fcomments&post=3436"}],"version-history":[{"count":2,"href":"https:\/\/autoconsumo.minenergia.cl\/index.php?rest_route=\/wp\/v2\/pages\/3436\/revisions"}],"predecessor-version":[{"id":3772,"href":"https:\/\/autoconsumo.minenergia.cl\/index.php?rest_route=\/wp\/v2\/pages\/3436\/revisions\/3772"}],"wp:attachment":[{"href":"https:\/\/autoconsumo.minenergia.cl\/index.php?rest_route=%2Fwp%2Fv2%2Fmedia&parent=3436"}],"curies":[{"name":"wp","href":"https:\/\/api.w.org\/{rel}","templated":true}]}}