{"id":3438,"date":"2024-12-11T13:24:13","date_gmt":"2024-12-11T13:24:13","guid":{"rendered":"https:\/\/autoconsumo.minenergia.cl\/?page_id=3438"},"modified":"2024-12-17T15:30:58","modified_gmt":"2024-12-17T15:30:58","slug":"6-3-normativa","status":"publish","type":"page","link":"https:\/\/autoconsumo.minenergia.cl\/?page_id=3438","title":{"rendered":"6.3 Normativa \u2013 Biodigestor"},"content":{"rendered":"\n<h2 class=\"wp-block-heading\">Buscador de Normas de Bioenerg\u00eda<\/h2>\n\n\n\n<p>A continuaci\u00f3n podr\u00e1 ingresar al Buscador de Normas de Bioenerg\u00eda, elaborado por el Ministerio de Energ\u00eda.<\/p>\n\n\n\n<figure class=\"wp-block-image\"><a href=\"https:\/\/autoconsumo.minenergia.cl\/?page_id=2270\" target=\"_blank\" rel=\"noreferrer noopener\"><img loading=\"lazy\" decoding=\"async\" width=\"381\" height=\"100\" src=\"https:\/\/autoconsumo.minenergia.cl\/wp-content\/uploads\/2018\/07\/bannerBuscador_recortado_pequeno.png\" alt=\"\" class=\"wp-image-2402\" srcset=\"https:\/\/autoconsumo.minenergia.cl\/wp-content\/uploads\/2018\/07\/bannerBuscador_recortado_pequeno.png 381w, https:\/\/autoconsumo.minenergia.cl\/wp-content\/uploads\/2018\/07\/bannerBuscador_recortado_pequeno-300x79.png 300w\" sizes=\"auto, (max-width: 381px) 100vw, 381px\" \/><\/a><\/figure>\n\n\n\n<p>El Buscador contiene una sistematizaci\u00f3n del marco legal actualmente vigente para la bioenerg\u00eda, abord\u00e1ndola desde el punto de vista de la regulaci\u00f3n del combustible, de las tecnolog\u00edas de generaci\u00f3n, de los sistemas de transporte y distribuci\u00f3n u otros aspectos tales como el tratamiento tributario. &nbsp;<\/p>\n\n\n\n<p><strong>Incorpora:<\/strong><\/p>\n\n\n\n<ul class=\"wp-block-list\">\n<li><strong>Marco legal aplicable al Biog\u00e1s, Biometano y subproductos<\/strong><\/li>\n\n\n\n<li><strong>Marco legal aplicable a la biomasa<\/strong><\/li>\n\n\n\n<li><strong>Marco legal aplicable a biocombustibles l\u00edquidos (etanol y biodiesel)<\/strong><\/li>\n<\/ul>\n\n\n\n<p>Nota: El buscador no incorpora el marco legal relativo a la tramitaci\u00f3n ambiental de los proyectos.<\/p>\n\n\n\n<h2 class=\"wp-block-heading\">Normativa para plantas de biogas<\/h2>\n\n\n\n<ul class=\"wp-block-list\">\n<li>Lo relativo a proyectos de generaci\u00f3n distribuida, si corresponde.<\/li>\n\n\n\n<li>Normativa de emisiones a la atm\u00f3sfera, incluyendo los planes de descontaminaci\u00f3n atmosf\u00e9rica que les apliquen. Informaci\u00f3n disponible en el enlace web:<br><a href=\"http:\/\/planesynormas.mma.gob.cl\/login\/index.php.\">http:\/\/planesynormas.mma.gob.cl\/login\/index.php.<\/a><\/li>\n\n\n\n<li>Decreto Supremo N\u00b0 38 \/2011, del Ministerio de Medio Ambiente, que establece norma de emisi\u00f3n de ruidos generados por fuentes que indica, durante las etapas de implementaci\u00f3n y operaci\u00f3n del proyecto.<\/li>\n\n\n\n<li>Decreto Supremo N\u00b0119\/2016, del Ministerio de Energ\u00eda, que aprueba Reglamento de seguridad de las plantas de biog\u00e1s e introduce modificaciones al reglamento de instaladores de gas.<\/li>\n\n\n\n<li>Resoluci\u00f3n Exenta N\u00b022.337\/2018 de la SEC, Establece procedimiento para el registro y cierre de plantas de biog\u00e1s. Informaci\u00f3n disponible en el enlace web: <a href=\"https:\/\/www.sec.cl\/generacion-ciudadana-te4\/biogas\/.\">https:\/\/www.sec.cl\/generacion-ciudadana-te4\/biogas\/.<\/a><\/li>\n\n\n\n<li>Para el uso del digestato o material digerido como fertilizante, se debe asegurar el cumplimiento de la normativa sanitaria vigente. A su vez, la disposici\u00f3n del digestato generado, tanto l\u00edquido como s\u00f3lido, deber\u00e1 ser eliminado de acuerdo con la normativa de residuos industriales y aguas residuales, cuando corresponda.<\/li>\n<\/ul>\n\n\n\n<p>Puedes revisar la pagina de <strong><a href=\"https:\/\/www.sec.cl\/gda\/biogas\/\" target=\"_blank\" rel=\"noreferrer noopener\">BIOGAS la SEC<\/a><\/strong>, en donde encontrar\u00e1s mayor informaci\u00f3n <\/p>\n\n\n\n<p><\/p>\n","protected":false},"excerpt":{"rendered":"<p>Buscador de Normas de Bioenerg\u00eda A continuaci\u00f3n podr\u00e1 ingresar al Buscador de Normas de Bioenerg\u00eda, elaborado por el Ministerio de Energ\u00eda. El Buscador contiene una sistematizaci\u00f3n del marco legal actualmente vigente para la bioenerg\u00eda, abord\u00e1ndola desde el punto de vista de la regulaci\u00f3n del combustible, de las tecnolog\u00edas de generaci\u00f3n, de los sistemas de transporte [&hellip;]<\/p>\n","protected":false},"author":7,"featured_media":0,"parent":0,"menu_order":0,"comment_status":"closed","ping_status":"closed","template":"","meta":{"footnotes":""},"class_list":["post-3438","page","type-page","status-publish","hentry"],"_links":{"self":[{"href":"https:\/\/autoconsumo.minenergia.cl\/index.php?rest_route=\/wp\/v2\/pages\/3438","targetHints":{"allow":["GET"]}}],"collection":[{"href":"https:\/\/autoconsumo.minenergia.cl\/index.php?rest_route=\/wp\/v2\/pages"}],"about":[{"href":"https:\/\/autoconsumo.minenergia.cl\/index.php?rest_route=\/wp\/v2\/types\/page"}],"author":[{"embeddable":true,"href":"https:\/\/autoconsumo.minenergia.cl\/index.php?rest_route=\/wp\/v2\/users\/7"}],"replies":[{"embeddable":true,"href":"https:\/\/autoconsumo.minenergia.cl\/index.php?rest_route=%2Fwp%2Fv2%2Fcomments&post=3438"}],"version-history":[{"count":4,"href":"https:\/\/autoconsumo.minenergia.cl\/index.php?rest_route=\/wp\/v2\/pages\/3438\/revisions"}],"predecessor-version":[{"id":3856,"href":"https:\/\/autoconsumo.minenergia.cl\/index.php?rest_route=\/wp\/v2\/pages\/3438\/revisions\/3856"}],"wp:attachment":[{"href":"https:\/\/autoconsumo.minenergia.cl\/index.php?rest_route=%2Fwp%2Fv2%2Fmedia&parent=3438"}],"curies":[{"name":"wp","href":"https:\/\/api.w.org\/{rel}","templated":true}]}}