{"id":3444,"date":"2024-12-11T13:36:51","date_gmt":"2024-12-11T13:36:51","guid":{"rendered":"https:\/\/autoconsumo.minenergia.cl\/?page_id=3444"},"modified":"2024-12-11T14:21:37","modified_gmt":"2024-12-11T14:21:37","slug":"7-microhidro","status":"publish","type":"page","link":"https:\/\/autoconsumo.minenergia.cl\/?page_id=3444","title":{"rendered":"7. Microhidro"},"content":{"rendered":"\n<h2 class=\"wp-block-heading\">\u00bfQu\u00e9 es una microhidro?<\/h2>\n\n\n\n<iframe loading=\"lazy\" width=\"560\" height=\"315\" src=\"https:\/\/www.youtube.com\/embed\/bTEj1h3il48?si=dPFwTMNpQfzM1UzN\" title=\"YouTube video player\" frameborder=\"0\" allow=\"accelerometer; autoplay; clipboard-write; encrypted-media; gyroscope; picture-in-picture; web-share\" referrerpolicy=\"strict-origin-when-cross-origin\" allowfullscreen><\/iframe>\n\n\n\n<h3 class=\"wp-block-heading\"><strong>Claves de las microhidro<\/strong><\/h3>\n\n\n\n<ul class=\"wp-block-list\">\n<li>Tecnolog\u00eda de larga data, con gran potencial en Chile.<\/li>\n\n\n\n<li>Requiere de tres elementos b\u00e1sicos: carga bruta, caudal relativamente constante y una turbina.<\/li>\n\n\n\n<li>Es un sistema relativamente sencillo de operar.<\/li>\n\n\n\n<li>Observa buenos rendimientos (factor de planta).<\/li>\n\n\n\n<li>Es adaptable a obras de riego ya existentes.<\/li>\n<\/ul>\n\n\n\n<h3 class=\"wp-block-heading\"><strong>Aplicaciones<\/strong><\/h3>\n\n\n\n<ul class=\"wp-block-list\">\n<li>Autoconsumo de energ\u00eda el\u00e9ctrica a peque\u00f1a escala para iluminaci\u00f3n, climatizaci\u00f3n, entre otros.<\/li>\n\n\n\n<li>Dar acceso a energ\u00eda el\u00e9ctrica en zonas aisladas.<\/li>\n\n\n\n<li>Posibilidad de vender los excedentes de electricidad generada a la red de distribuci\u00f3n.<\/li>\n<\/ul>\n\n\n\n<h2 class=\"wp-block-heading\">Aspectos Generales<\/h2>\n\n\n\n<p>La energ\u00eda hidr\u00e1ulica es un tipo de energ\u00eda renovable que utiliza agua para generar energ\u00eda el\u00e9ctrica. El paso de un volumen de agua desde una cota superior a una cota inferior se traduce en un cambio de energ\u00eda potencial. Este cambio de energ\u00eda se convierte primero en energ\u00eda mec\u00e1nica en una turbina y luego en energ\u00eda el\u00e9ctrica por medio de un generador el\u00e9ctrico (CNR-CNE, 2008).<\/p>\n\n\n\n<p>En t\u00e9rminos generales, mientras mayor sea el caudal (cantidad de agua) y mayor sea la altura o desnivel con respecto al punto de devoluci\u00f3n del caudal, mayor ser\u00e1 la energ\u00eda que podr\u00e1 generar una central hidroel\u00e9ctrica.<\/p>\n\n\n\n<p>La potencia de una central hidroel\u00e9ctrica se mide en kW o MW y la energ\u00eda generada en kWh, MWh o GWh. En el caso de las micro hidro la potencia tiene magnitudes de hasta 300 kW.<\/p>\n","protected":false},"excerpt":{"rendered":"<p>\u00bfQu\u00e9 es una microhidro? Claves de las microhidro Aplicaciones Aspectos Generales La energ\u00eda hidr\u00e1ulica es un tipo de energ\u00eda renovable que utiliza agua para generar energ\u00eda el\u00e9ctrica. El paso de un volumen de agua desde una cota superior a una cota inferior se traduce en un cambio de energ\u00eda potencial. Este cambio de energ\u00eda se [&hellip;]<\/p>\n","protected":false},"author":7,"featured_media":0,"parent":0,"menu_order":0,"comment_status":"closed","ping_status":"closed","template":"","meta":{"footnotes":""},"class_list":["post-3444","page","type-page","status-publish","hentry"],"_links":{"self":[{"href":"https:\/\/autoconsumo.minenergia.cl\/index.php?rest_route=\/wp\/v2\/pages\/3444","targetHints":{"allow":["GET"]}}],"collection":[{"href":"https:\/\/autoconsumo.minenergia.cl\/index.php?rest_route=\/wp\/v2\/pages"}],"about":[{"href":"https:\/\/autoconsumo.minenergia.cl\/index.php?rest_route=\/wp\/v2\/types\/page"}],"author":[{"embeddable":true,"href":"https:\/\/autoconsumo.minenergia.cl\/index.php?rest_route=\/wp\/v2\/users\/7"}],"replies":[{"embeddable":true,"href":"https:\/\/autoconsumo.minenergia.cl\/index.php?rest_route=%2Fwp%2Fv2%2Fcomments&post=3444"}],"version-history":[{"count":3,"href":"https:\/\/autoconsumo.minenergia.cl\/index.php?rest_route=\/wp\/v2\/pages\/3444\/revisions"}],"predecessor-version":[{"id":3566,"href":"https:\/\/autoconsumo.minenergia.cl\/index.php?rest_route=\/wp\/v2\/pages\/3444\/revisions\/3566"}],"wp:attachment":[{"href":"https:\/\/autoconsumo.minenergia.cl\/index.php?rest_route=%2Fwp%2Fv2%2Fmedia&parent=3444"}],"curies":[{"name":"wp","href":"https:\/\/api.w.org\/{rel}","templated":true}]}}