{"id":3450,"date":"2024-12-16T20:08:41","date_gmt":"2024-12-16T20:08:41","guid":{"rendered":"https:\/\/autoconsumo.minenergia.cl\/?page_id=3450"},"modified":"2024-12-17T15:33:39","modified_gmt":"2024-12-17T15:33:39","slug":"7-2-materiales-y-herramientas-de-interes-minihidro","status":"publish","type":"page","link":"https:\/\/autoconsumo.minenergia.cl\/?page_id=3450","title":{"rendered":"7.2 Materiales y herramientas de inter\u00e9s &#8211; Minihidro"},"content":{"rendered":"\n<p>El <a href=\"https:\/\/eh.exploradorenergia.cl\/\" target=\"_blank\" rel=\"noreferrer noopener\"><strong>Explorador Hidrolectrico del Ministerio de Energ\u00eda<\/strong> <\/a>es una herramienta que describe el sector hidroel\u00e9ctrico chileno y su potencialidad. Este sitio presenta datos de Centrales Operativas, Proyectos evaluados ambientalmente, <a href=\"https:\/\/eh.exploradorenergia.cl\/potencial\/\" data-type=\"page\" data-id=\"3450\" target=\"_blank\" rel=\"noreferrer noopener\">Potencial Hidroel\u00e9ctrico<\/a> y <a href=\"https:\/\/eh.exploradorenergia.cl\/daa\/\" target=\"_blank\" rel=\"noreferrer noopener\">Derechos de Aprovechamiento de Aguas Consuntivos (DAAC) y No Consuntivos (DAANC).\u00a0<\/a><\/p>\n\n\n\n<h3 class=\"wp-block-heading\"><strong>Referencias Bibliogr\u00e1ficas<\/strong><\/h3>\n\n\n\n<p><strong>Ficha t\u00e9cnica tecnolog\u00eda minihidroel\u00e9ctrica<\/strong>. Ficha descriptiva elaborada por el Ministerio de Energ\u00eda y GIZ. <a href=\"https:\/\/www.cnr.gob.cl\/temas-transversales\/energias-renovables-en-riego\/minihidro\/#flipbook-df_16155\/1\/\" target=\"_blank\" rel=\"noreferrer noopener\"><strong>Descargar aqu\u00ed.<\/strong><\/a><\/p>\n\n\n\n<p><strong>Tr\u00edptico de Microcentrales Hidroel\u00e9ctricas en obras de riego<\/strong>. Bolet\u00edn con informaci\u00f3n general de la tecnolog\u00eda. <a href=\"https:\/\/www.cnr.gob.cl\/temas-transversales\/energias-renovables-en-riego\/minihidro\/#flipbook-df_16155\/1\/\" target=\"_blank\" rel=\"noreferrer noopener\"><strong>Descargar aqu\u00ed.<\/strong><\/a><\/p>\n\n\n\n<p>CNR-CNE. 2008. Centrales hidroel\u00e9ctricas asociadas a obras de riego. Manual para organizaciones de usuarios de aguas. Comisi\u00f3n Nacional de Riego-Comisi\u00f3n Nacional de Energ\u00eda. Santiago, Chile. 54p.&nbsp;<a href=\"http:\/\/documentos.dga.cl\/RGO5124.pdf\" target=\"_blank\" rel=\"noreferrer noopener\">Descargar aqu\u00ed.<\/a><\/p>\n\n\n\n<p>Gho, J. 2015. Manual para la presentaci\u00f3n de proyectos de riego con fuentes de energ\u00edas renovables no convencionales \u2013 Microhidros, a los concursos de la Ley 18.450. Ministerio de Energ\u00eda-Comisi\u00f3n nacional de Riego. Santiago, Chile. 233p.&nbsp;<a href=\"http:\/\/www.cnr.gob.cl\/Home\/Microcentrales%20Hidroelctricas%20Manuales\/Manual%20Proyectos%20de%20Riego%20con%20ERNC-Microhidros%20a%20concursos%20Ley%2018.450%20versi%C3%B3n%202.pdf\" target=\"_blank\" rel=\"noreferrer noopener\">Descargar aqu\u00ed.<\/a><\/p>\n\n\n\n<p>Gho, J. 2016. Caracterizaci\u00f3n del mercado de tecnolog\u00edas para microgeneraci\u00f3n hidroel\u00e9ctrica. Ministerio de Energ\u00eda-Comisi\u00f3n nacional de Riego. Santiago, Chile. 121p.&nbsp;<a href=\"http:\/\/www.cnr.gob.cl\/Home\/Microcentrales%20Hidroelctricas%20Manuales\/Informe%20Estudio%20Mercado%20Microhidro%20-%20v11.0%20(12.05.2016).pdf\" target=\"_blank\" rel=\"noreferrer noopener\">Descargar aqu\u00ed.<\/a><\/p>\n\n\n\n<p>Enertec SpA, 2016. Presentaci\u00f3n de Microcentrales Hidroel\u00e9ctricas, Temuco, 29 de marzo de 2016.&nbsp;&nbsp;<a href=\"http:\/\/www.cnr.gob.cl\/Home\/Microcentrales%20Hidroelctricas%20Manuales\/Microcentrales%20Hidroel%C3%A9ctricas%20-%20Taller%20Microhidro.pdf\" target=\"_blank\" rel=\"noreferrer noopener\">Descargar aqu\u00ed.<\/a><\/p>\n\n\n\n<p><\/p>\n\n\n\n<div class=\"wp-block-group is-nowrap is-layout-flex wp-container-core-group-is-layout-ad2f72ca wp-block-group-is-layout-flex\">\n<p><\/p>\n<\/div>\n\n\n\n<p><\/p>\n","protected":false},"excerpt":{"rendered":"<p>El Explorador Hidrolectrico del Ministerio de Energ\u00eda es una herramienta que describe el sector hidroel\u00e9ctrico chileno y su potencialidad. Este sitio presenta datos de Centrales Operativas, Proyectos evaluados ambientalmente, Potencial Hidroel\u00e9ctrico y Derechos de Aprovechamiento de Aguas Consuntivos (DAAC) y No Consuntivos (DAANC).\u00a0 Referencias Bibliogr\u00e1ficas Ficha t\u00e9cnica tecnolog\u00eda minihidroel\u00e9ctrica. Ficha descriptiva elaborada por el Ministerio [&hellip;]<\/p>\n","protected":false},"author":7,"featured_media":0,"parent":0,"menu_order":0,"comment_status":"closed","ping_status":"closed","template":"","meta":{"footnotes":""},"class_list":["post-3450","page","type-page","status-publish","hentry"],"_links":{"self":[{"href":"https:\/\/autoconsumo.minenergia.cl\/index.php?rest_route=\/wp\/v2\/pages\/3450","targetHints":{"allow":["GET"]}}],"collection":[{"href":"https:\/\/autoconsumo.minenergia.cl\/index.php?rest_route=\/wp\/v2\/pages"}],"about":[{"href":"https:\/\/autoconsumo.minenergia.cl\/index.php?rest_route=\/wp\/v2\/types\/page"}],"author":[{"embeddable":true,"href":"https:\/\/autoconsumo.minenergia.cl\/index.php?rest_route=\/wp\/v2\/users\/7"}],"replies":[{"embeddable":true,"href":"https:\/\/autoconsumo.minenergia.cl\/index.php?rest_route=%2Fwp%2Fv2%2Fcomments&post=3450"}],"version-history":[{"count":5,"href":"https:\/\/autoconsumo.minenergia.cl\/index.php?rest_route=\/wp\/v2\/pages\/3450\/revisions"}],"predecessor-version":[{"id":3858,"href":"https:\/\/autoconsumo.minenergia.cl\/index.php?rest_route=\/wp\/v2\/pages\/3450\/revisions\/3858"}],"wp:attachment":[{"href":"https:\/\/autoconsumo.minenergia.cl\/index.php?rest_route=%2Fwp%2Fv2%2Fmedia&parent=3450"}],"curies":[{"name":"wp","href":"https:\/\/api.w.org\/{rel}","templated":true}]}}