{"id":3452,"date":"2024-12-11T13:41:48","date_gmt":"2024-12-11T13:41:48","guid":{"rendered":"https:\/\/autoconsumo.minenergia.cl\/?page_id=3452"},"modified":"2024-12-16T19:18:32","modified_gmt":"2024-12-16T19:18:32","slug":"7-3-normativa","status":"publish","type":"page","link":"https:\/\/autoconsumo.minenergia.cl\/?page_id=3452","title":{"rendered":"7.3 Normativa \u2013 Minihidro"},"content":{"rendered":"\n<p>La Instrucci\u00f3n T\u00e9cnica RGR N\u00ba 04\/2020 de la Superintendencia de Electricidad y Combustibles, acota los requerimientos que se deben observar para el dise\u00f1o, ejecuci\u00f3n, inspecci\u00f3n y mantenci\u00f3n de las instalaciones el\u00e9ctricas de centrales de micro y pico hidroel\u00e9ctricas que se comunican a la SEC para ser conectadas a la red de distribuci\u00f3n, con el fin de entregar un servicio eficiente y de salvaguardar la seguridad de las personas que las operan o hacen uso de ellas, as\u00ed como la integridad f\u00edsica y operacional de la red de distribuci\u00f3n el\u00e9ctrica. Descargar la Instrucci\u00f3n T\u00e9cnica RGR N\u00ba 04\/2020&nbsp;<a href=\"https:\/\/www.sec.cl\/sitio-web\/wp-content\/uploads\/2022\/12\/RGR-N%C2%B004-2020-v1.pdf\" target=\"_blank\" rel=\"noreferrer noopener\">aqu\u00ed<\/a>.<\/p>\n\n\n\n<p>En el caso de las centrales hidroel\u00e9ctricas para autoconsumo con una potencia instalada menor o igual a 300 kW, se podr\u00e1 configurar el sistema en modo isla (off-grid) o se podr\u00e1 conectar a la red el\u00e9ctrica (on-grid). Esta \u00faltima configuraci\u00f3n podr\u00e1 inyectar sus excedentes de energ\u00eda a la red si se acoge a la Ley 20.571 de Generaci\u00f3n Distribuida.<\/p>\n\n\n\n<p>Para el desarrollo de proyectos microhidro, se debe acreditar la tenencia de derechos de aprovechamientos de aguas involucrados para generaci\u00f3n hidroel\u00e9ctrica para autoconsumo, junto con evaluar e identificar aquellos permisos sectoriales pertinentes y se\u00f1alados en el C\u00f3digo de Aguas (<a href=\"https:\/\/www.leychile.cl\/Navegar?idNorma=5605\" target=\"_blank\" rel=\"noreferrer noopener\">ver aqu\u00ed<\/a>). Con respecto a los principales permisos que aplicar\u00edan a este tipo de proyectos, se encuentran: las Modificaciones de Cauces, Construcci\u00f3n de Ciertas Obras Hidr\u00e1ulicas, Construcci\u00f3n de Bocatomas y Traslado de Derechos de Aprovechamiento de Aguas.<\/p>\n\n\n\n<p>Desde el punto de vista de las instituciones con competencia en el \u00e1mbito normativo para este tipo de proyectos, se pueden se\u00f1alar a la Direcci\u00f3n General de Aguas (<a href=\"https:\/\/dga.mop.gob.cl\/Paginas\/default.aspx\">DGA<\/a>),&nbsp; y la Superintendencia de Electricidad y Combustibles (<a href=\"https:\/\/www.sec.cl\/\">SEC<\/a>), entre otros.<\/p>\n\n\n\n<p>Con relaci\u00f3n a las instituciones que poseen instrumentos o mecanismos para fomentar directamente el desarrollo de microcentrales hidroel\u00e9ctricas asociados a proyectos de riego, destacan los concursos especiales que ha implementado la Comisi\u00f3n Nacional de Riego (<a href=\"https:\/\/www.cnr.gob.cl\/\">CNR<\/a>)&nbsp; a trav\u00e9s de la Ley 18.450, de fomento al riego y drenaje.<\/p>\n\n\n\n<p><strong>Normativa Centrales mini hidroel\u00e9ctricas:<\/strong><\/p>\n\n\n\n<ul class=\"wp-block-list\">\n<li>Lo relativo a proyectos de generaci\u00f3n distribuida, si corresponde.<\/li>\n\n\n\n<li>T\u00edtulos vigentes de derechos de agua regularizados e inscritos en el Conservador de Bienes<br>Ra\u00edces respetivo y tener resueltos todos los permisos sectoriales y evaluaci\u00f3n ambiental si<br>fuese pertinente.<\/li>\n\n\n\n<li>Decreto Supremo N\u00b0 38 \/2011, del Ministerio de Medio Ambiente, que establece norma de<br>emisi\u00f3n de ruidos generados por fuentes que indica, durante las etapas de implementaci\u00f3n<br>y operaci\u00f3n del proyecto.<\/li>\n<\/ul>\n","protected":false},"excerpt":{"rendered":"<p>La Instrucci\u00f3n T\u00e9cnica RGR N\u00ba 04\/2020 de la Superintendencia de Electricidad y Combustibles, acota los requerimientos que se deben observar para el dise\u00f1o, ejecuci\u00f3n, inspecci\u00f3n y mantenci\u00f3n de las instalaciones el\u00e9ctricas de centrales de micro y pico hidroel\u00e9ctricas que se comunican a la SEC para ser conectadas a la red de distribuci\u00f3n, con el fin [&hellip;]<\/p>\n","protected":false},"author":7,"featured_media":0,"parent":0,"menu_order":0,"comment_status":"closed","ping_status":"closed","template":"","meta":{"footnotes":""},"class_list":["post-3452","page","type-page","status-publish","hentry"],"_links":{"self":[{"href":"https:\/\/autoconsumo.minenergia.cl\/index.php?rest_route=\/wp\/v2\/pages\/3452","targetHints":{"allow":["GET"]}}],"collection":[{"href":"https:\/\/autoconsumo.minenergia.cl\/index.php?rest_route=\/wp\/v2\/pages"}],"about":[{"href":"https:\/\/autoconsumo.minenergia.cl\/index.php?rest_route=\/wp\/v2\/types\/page"}],"author":[{"embeddable":true,"href":"https:\/\/autoconsumo.minenergia.cl\/index.php?rest_route=\/wp\/v2\/users\/7"}],"replies":[{"embeddable":true,"href":"https:\/\/autoconsumo.minenergia.cl\/index.php?rest_route=%2Fwp%2Fv2%2Fcomments&post=3452"}],"version-history":[{"count":2,"href":"https:\/\/autoconsumo.minenergia.cl\/index.php?rest_route=\/wp\/v2\/pages\/3452\/revisions"}],"predecessor-version":[{"id":3793,"href":"https:\/\/autoconsumo.minenergia.cl\/index.php?rest_route=\/wp\/v2\/pages\/3452\/revisions\/3793"}],"wp:attachment":[{"href":"https:\/\/autoconsumo.minenergia.cl\/index.php?rest_route=%2Fwp%2Fv2%2Fmedia&parent=3452"}],"curies":[{"name":"wp","href":"https:\/\/api.w.org\/{rel}","templated":true}]}}