{"id":3455,"date":"2024-12-11T13:42:40","date_gmt":"2024-12-11T13:42:40","guid":{"rendered":"https:\/\/autoconsumo.minenergia.cl\/?page_id=3455"},"modified":"2024-12-16T19:19:36","modified_gmt":"2024-12-16T19:19:36","slug":"7-4-iniciativas-relacionadas","status":"publish","type":"page","link":"https:\/\/autoconsumo.minenergia.cl\/?page_id=3455","title":{"rendered":"7.4 Iniciativas relacionadas\u00a0\u2013 Minihidro"},"content":{"rendered":"\n<p>El Ministerio de Energ\u00eda a trav\u00e9s de la Divisi\u00f3n Energ\u00edas Sostenibles, ha ejecutado programas de trabajo de corto y mediano plazo, junto a los organismos dependientes del Ministerio de Agricultura, tanto con la&nbsp;<strong>Comisi\u00f3n Nacional de Riego<\/strong>&nbsp;(CNR) y el&nbsp;<strong>Instituto de Desarrollo Agropecuario<\/strong>&nbsp;(INDAP), para promover, implementar y consolidar la inclusi\u00f3n de energ\u00edas renovables que beneficien a peque\u00f1os productores agr\u00edcolas, sus organizaciones y pueblos originarios.<\/p>\n\n\n\n<p>Con ello se pretende fortalecer las capacidades institucionales, sus instrumentos y el desarrollo sustentable de la agricultura, a trav\u00e9s de los beneficios que otorgan tanto la Ley de Fomento al Riego, como la Ley de Generaci\u00f3n Distribuida.<\/p>\n\n\n\n<p>Para informaci\u00f3n sobre el Programa&nbsp;Peque\u00f1a Agricultura con foco en&nbsp;Microhidro,&nbsp;ingrese&nbsp;<a href=\"https:\/\/autoconsumo.minenergia.cl\/?page_id=627\">aqu\u00ed.&nbsp;<\/a><\/p>\n\n\n\n<p><\/p>\n","protected":false},"excerpt":{"rendered":"<p>El Ministerio de Energ\u00eda a trav\u00e9s de la Divisi\u00f3n Energ\u00edas Sostenibles, ha ejecutado programas de trabajo de corto y mediano plazo, junto a los organismos dependientes del Ministerio de Agricultura, tanto con la&nbsp;Comisi\u00f3n Nacional de Riego&nbsp;(CNR) y el&nbsp;Instituto de Desarrollo Agropecuario&nbsp;(INDAP), para promover, implementar y consolidar la inclusi\u00f3n de energ\u00edas renovables que beneficien a peque\u00f1os [&hellip;]<\/p>\n","protected":false},"author":7,"featured_media":0,"parent":0,"menu_order":0,"comment_status":"closed","ping_status":"closed","template":"","meta":{"footnotes":""},"class_list":["post-3455","page","type-page","status-publish","hentry"],"_links":{"self":[{"href":"https:\/\/autoconsumo.minenergia.cl\/index.php?rest_route=\/wp\/v2\/pages\/3455","targetHints":{"allow":["GET"]}}],"collection":[{"href":"https:\/\/autoconsumo.minenergia.cl\/index.php?rest_route=\/wp\/v2\/pages"}],"about":[{"href":"https:\/\/autoconsumo.minenergia.cl\/index.php?rest_route=\/wp\/v2\/types\/page"}],"author":[{"embeddable":true,"href":"https:\/\/autoconsumo.minenergia.cl\/index.php?rest_route=\/wp\/v2\/users\/7"}],"replies":[{"embeddable":true,"href":"https:\/\/autoconsumo.minenergia.cl\/index.php?rest_route=%2Fwp%2Fv2%2Fcomments&post=3455"}],"version-history":[{"count":3,"href":"https:\/\/autoconsumo.minenergia.cl\/index.php?rest_route=\/wp\/v2\/pages\/3455\/revisions"}],"predecessor-version":[{"id":3794,"href":"https:\/\/autoconsumo.minenergia.cl\/index.php?rest_route=\/wp\/v2\/pages\/3455\/revisions\/3794"}],"wp:attachment":[{"href":"https:\/\/autoconsumo.minenergia.cl\/index.php?rest_route=%2Fwp%2Fv2%2Fmedia&parent=3455"}],"curies":[{"name":"wp","href":"https:\/\/api.w.org\/{rel}","templated":true}]}}