{"id":3660,"date":"2024-12-16T15:37:05","date_gmt":"2024-12-16T15:37:05","guid":{"rendered":"https:\/\/autoconsumo.minenergia.cl\/?page_id=3660"},"modified":"2024-12-17T12:50:11","modified_gmt":"2024-12-17T12:50:11","slug":"0-tipos-de-autoconsumo","status":"publish","type":"page","link":"https:\/\/autoconsumo.minenergia.cl\/?page_id=3660","title":{"rendered":"Tipos de Autoconsumo"},"content":{"rendered":"\n<figure class=\"wp-block-image size-large is-resized\"><img loading=\"lazy\" decoding=\"async\" width=\"1024\" height=\"368\" src=\"https:\/\/autoconsumo.minenergia.cl\/wp-content\/uploads\/2024\/12\/image-13-1024x368.png\" alt=\"\" class=\"wp-image-3661\" style=\"width:840px;height:auto\" srcset=\"https:\/\/autoconsumo.minenergia.cl\/wp-content\/uploads\/2024\/12\/image-13-1024x368.png 1024w, https:\/\/autoconsumo.minenergia.cl\/wp-content\/uploads\/2024\/12\/image-13-300x108.png 300w, https:\/\/autoconsumo.minenergia.cl\/wp-content\/uploads\/2024\/12\/image-13-768x276.png 768w, https:\/\/autoconsumo.minenergia.cl\/wp-content\/uploads\/2024\/12\/image-13-1536x552.png 1536w, https:\/\/autoconsumo.minenergia.cl\/wp-content\/uploads\/2024\/12\/image-13-660x237.png 660w, https:\/\/autoconsumo.minenergia.cl\/wp-content\/uploads\/2024\/12\/image-13.png 2000w\" sizes=\"auto, (max-width: 1024px) 100vw, 1024px\" \/><\/figure>\n\n\n\n<p><strong><em>Figura: Tipos de Autoconsumo<\/em><\/strong><\/p>\n\n\n\n<p>En el caso de <strong>generaci\u00f3n el\u00e9ctrica<\/strong>, los proyectos para autoconsumo tienen el potencial de inyectar excedentes a la red de distribuci\u00f3n, acogi\u00e9ndose a la normativa que corresponda, dependiendo de las caracter\u00edsticas del sistema y el tipo de cliente.<\/p>\n\n\n\n<p>Sin embargo, tambi\u00e9n existen proyectos de autoconsumo que no inyectan electricidad (excedentes) a la red de distribuci\u00f3n. Ya sea porque est\u00e1n aislados de la red debido al distanciamiento geogr\u00e1fico&nbsp;o porque la generaci\u00f3n de electricidad es mucho menor que el consumo y no alcanzan en ning\u00fan instante a tener excedentes. En&nbsp;el caso de proyectos de autoconsumo aislados, la&nbsp;energ\u00eda debe ser consumida en el mismo instante que se genera o almacenada en bater\u00edas.<\/p>\n\n\n\n<p>Existen tres formas para conectar proyectos de energ\u00edas renovables para el autoconsumo a la red el\u00e9ctrica: <\/p>\n\n\n\n<ul class=\"wp-block-list\">\n<li><strong>sistemas sin inyecci\u00f3n a la red<\/strong> (Decreto 8\/2020, pliego t\u00e9cnico normativo RIC N\u00aa9\/2021: Sistemas de Autogeneraci\u00f3n),<\/li>\n\n\n\n<li><strong>sistemas con inyecci\u00f3n a la red sin fines comerciales<\/strong> (Art. 149 bis y siguientes de la LGSE) y<\/li>\n\n\n\n<li><strong>sistemas con inyecci\u00f3n a la red con fines comerciales o PMGD<\/strong> (Art, 149 de la LGSE).<\/li>\n<\/ul>\n\n\n\n<p>Cada una otorga derechos y deberes, los que deben ser evaluados para seleccionar el marco regulatorio que m\u00e1s se ajuste al tipo de proyecto que se desea implementar.<\/p>\n\n\n\n<iframe loading=\"lazy\" width=\"560\" height=\"315\" src=\"https:\/\/www.youtube.com\/embed\/xU21CxnnvW8?si=QajiBfE2ruaxqaiA\" title=\"YouTube video player\" frameborder=\"0\" allow=\"accelerometer; autoplay; clipboard-write; encrypted-media; gyroscope; picture-in-picture; web-share\" referrerpolicy=\"strict-origin-when-cross-origin\" allowfullscreen><\/iframe>\n\n\n\n<p>Video: Tipos de autoconsumo con energ\u00edas renovables &#8211; Ministerio de Energ\u00eda<\/p>\n\n\n\n<p><\/p>\n","protected":false},"excerpt":{"rendered":"<p>Figura: Tipos de Autoconsumo En el caso de generaci\u00f3n el\u00e9ctrica, los proyectos para autoconsumo tienen el potencial de inyectar excedentes a la red de distribuci\u00f3n, acogi\u00e9ndose a la normativa que corresponda, dependiendo de las caracter\u00edsticas del sistema y el tipo de cliente. Sin embargo, tambi\u00e9n existen proyectos de autoconsumo que no inyectan electricidad (excedentes) a [&hellip;]<\/p>\n","protected":false},"author":7,"featured_media":0,"parent":0,"menu_order":0,"comment_status":"closed","ping_status":"closed","template":"","meta":{"footnotes":""},"class_list":["post-3660","page","type-page","status-publish","hentry"],"_links":{"self":[{"href":"https:\/\/autoconsumo.minenergia.cl\/index.php?rest_route=\/wp\/v2\/pages\/3660","targetHints":{"allow":["GET"]}}],"collection":[{"href":"https:\/\/autoconsumo.minenergia.cl\/index.php?rest_route=\/wp\/v2\/pages"}],"about":[{"href":"https:\/\/autoconsumo.minenergia.cl\/index.php?rest_route=\/wp\/v2\/types\/page"}],"author":[{"embeddable":true,"href":"https:\/\/autoconsumo.minenergia.cl\/index.php?rest_route=\/wp\/v2\/users\/7"}],"replies":[{"embeddable":true,"href":"https:\/\/autoconsumo.minenergia.cl\/index.php?rest_route=%2Fwp%2Fv2%2Fcomments&post=3660"}],"version-history":[{"count":9,"href":"https:\/\/autoconsumo.minenergia.cl\/index.php?rest_route=\/wp\/v2\/pages\/3660\/revisions"}],"predecessor-version":[{"id":3830,"href":"https:\/\/autoconsumo.minenergia.cl\/index.php?rest_route=\/wp\/v2\/pages\/3660\/revisions\/3830"}],"wp:attachment":[{"href":"https:\/\/autoconsumo.minenergia.cl\/index.php?rest_route=%2Fwp%2Fv2%2Fmedia&parent=3660"}],"curies":[{"name":"wp","href":"https:\/\/api.w.org\/{rel}","templated":true}]}}