{"id":3666,"date":"2024-12-16T15:41:38","date_gmt":"2024-12-16T15:41:38","guid":{"rendered":"https:\/\/autoconsumo.minenergia.cl\/?page_id=3666"},"modified":"2024-12-17T12:57:57","modified_gmt":"2024-12-17T12:57:57","slug":"autocunsumo-sin-inyeccion-a-la-red","status":"publish","type":"page","link":"https:\/\/autoconsumo.minenergia.cl\/?page_id=3666","title":{"rendered":"Autoconsumo sin inyecci\u00f3n a la red"},"content":{"rendered":"\n<iframe loading=\"lazy\" width=\"560\" height=\"315\" src=\"https:\/\/www.youtube.com\/embed\/JpDPdOAVVrQ?si=XRlGOqSQPiZkr5Gc\" title=\"YouTube video player\" frameborder=\"0\" allow=\"accelerometer; autoplay; clipboard-write; encrypted-media; gyroscope; picture-in-picture; web-share\" referrerpolicy=\"strict-origin-when-cross-origin\" allowfullscreen><\/iframe>\n\n\n\n<p>Video: Energ\u00edas Renovables para Autoconsumo | Sin Inyecci\u00f3n a la Red &#8211; Ministerio de Energ\u00eda<\/p>\n\n\n\n<p>Los sistemas de energ\u00edas renovables sin inyecci\u00f3n, tanto conectados a la red como aislados, deben acogerse a lo que indica el <a href=\"https:\/\/www.sec.cl\/reglamento-de-seguridad-de-las-instalaciones-de-consumo-de-energia-electrica-decreto-08\/\" target=\"_blank\" rel=\"noreferrer noopener\">Decreto Supremo N\u00b0 8, de 2020<\/a>, del Ministerio de Energ\u00eda, que aprueba Reglamento de seguridad de las instalaciones de consumo de energ\u00eda el\u00e9ctrica, Ex NCH El\u00e9ctrica N\u00b04. Deben ser declarados ante la SEC por un instalador el\u00e9ctrico autorizado mediante el llamado \u201cTramite el\u00e9ctrico N\u00b01 o TE1\u201d.<\/p>\n\n\n<h5><strong>Sistemas sin inyecci\u00f3n &#8211; conectados a la red<\/strong><\/h5>\n\n\n<p><strong>Los sistemas sin inyecci\u00f3n conectados a la red<\/strong>, son aquellos que se encuentran conectados a un empalme que recibe suministro el\u00e9ctrico desde la red, pero que no inyectan energ\u00eda a la misma. Para lograr esto, la norma exige que se instale un&nbsp;<strong>rel\u00e9 de potencia inversa<\/strong>, que corresponde a un dispositivo que es capaz de detectar el flujo de potencia el\u00e9ctrica desde el generador hacia la red y desconectarlo de la red cuando esto suceda. Este dispositivo permite asegurar que el sistema nunca inyectar\u00e1 energ\u00eda a la red.<\/p>\n\n\n\n<p>Este tipo de proyectos tiene sentido&nbsp;cuando la demanda el\u00e9ctrica de un inmueble es muy superior a la capacidad de generaci\u00f3n del sistema de energ\u00eda renovable, por lo que la energ\u00eda que se espera que \u00e9ste inyecte&nbsp; a la red sea muy m\u00ednima. El dimensionamiento del tama\u00f1o del sistema depender\u00e1 de la demanda&nbsp; de energ\u00eda, el recurso energ\u00e9tico disponible, entre otros. Adem\u00e1s, este tipo de proyectos no tiene la restricci\u00f3n de capacidad instalada de hasta 300 kW a la que est\u00e1n sujetos los sistemas acogidos a la ley 20.571 (Net-Billing). Deben acogerse a lo indicado en <a href=\"https:\/\/www.sec.cl\/sitio-web\/wp-content\/uploads\/2021\/01\/RIC-N09-Sistemas-de-autogeneracion.pdf\" target=\"_blank\" rel=\"noreferrer noopener\">Pliego t\u00e9cnico normativo RIC  N\u00b009\/2021<\/a>:&nbsp;Sistemas de autogeneraci\u00f3n, y al la <a href=\"https:\/\/www.sec.cl\/sitio-web\/wp-content\/uploads\/2021\/05\/ITG-RIC-N9.1-2021.pdf\" target=\"_blank\" rel=\"noreferrer noopener\">Instrucci\u00f3n T\u00e9cnica RGR N\u00b006\/2021<\/a>: Dise\u00f1o y ejecuci\u00f3n de instalaciones de sistemas de almacenamiento de energ\u00eda a trav\u00e9s de bater\u00edas en instalaciones el\u00e9ctricas, si corresponde.<\/p>\n\n\n\n<figure class=\"wp-block-image size-large\"><img loading=\"lazy\" decoding=\"async\" width=\"1024\" height=\"768\" src=\"https:\/\/autoconsumo.minenergia.cl\/wp-content\/uploads\/2024\/12\/V-Isla-de-Pascua-364.-Bodega-GV-1024x768.jpg\" alt=\"\" class=\"wp-image-3832\" srcset=\"https:\/\/autoconsumo.minenergia.cl\/wp-content\/uploads\/2024\/12\/V-Isla-de-Pascua-364.-Bodega-GV-1024x768.jpg 1024w, https:\/\/autoconsumo.minenergia.cl\/wp-content\/uploads\/2024\/12\/V-Isla-de-Pascua-364.-Bodega-GV-300x225.jpg 300w, https:\/\/autoconsumo.minenergia.cl\/wp-content\/uploads\/2024\/12\/V-Isla-de-Pascua-364.-Bodega-GV-768x576.jpg 768w, https:\/\/autoconsumo.minenergia.cl\/wp-content\/uploads\/2024\/12\/V-Isla-de-Pascua-364.-Bodega-GV-1536x1152.jpg 1536w, https:\/\/autoconsumo.minenergia.cl\/wp-content\/uploads\/2024\/12\/V-Isla-de-Pascua-364.-Bodega-GV-2048x1536.jpg 2048w, https:\/\/autoconsumo.minenergia.cl\/wp-content\/uploads\/2024\/12\/V-Isla-de-Pascua-364.-Bodega-GV-660x495.jpg 660w\" sizes=\"auto, (max-width: 1024px) 100vw, 1024px\" \/><\/figure>\n\n\n<p>Imagen: Imagen: Proyecto solar fotovoltaico 45 kW potencia instalada y 48 kW de bater\u00edas, empresa de comercio en Isla de Pascua \u2013 Regi\u00f3n de Valpara\u00edso.<\/p>\n<h5><strong>Sistemas sin inyecci\u00f3n &#8211; aislados<\/strong><\/h5>\n\n\n<p><strong>Los sistemas sin inyecci\u00f3n aislados<\/strong>, al no estar conectados a la red, no requieren del rel\u00e9 de potencia inversa. Este tipo de proyecto es atractivo en zonas donde no existe suministro el\u00e9ctrico y se requiere elaborar una soluci\u00f3n de generaci\u00f3n distribuida. Este tipo de proyectos, al igual que cualquier instalaci\u00f3n el\u00e9ctrica en Chile, debe ser declarado ante la Superintendencia de Electricidad y Combustibles.<\/p>\n\n\n\n<p>La normativa a considerar es la <a href=\"https:\/\/www.sec.cl\/sitio-web\/wp-content\/uploads\/2021\/05\/REX-6669-ITG-RIC-9.1-2021.pdf\" target=\"_blank\" rel=\"noreferrer noopener\">Instrucci\u00f3n T\u00e9cnica General RIC N\u00b09.1\/2021<\/a>: Dise\u00f1o y ejecuci\u00f3n de las instalaciones fotovoltaicas aisladas de las redes de distribuci\u00f3n, y la <a href=\"https:\/\/www.sec.cl\/sitio-web\/wp-content\/uploads\/2021\/05\/ITG-RIC-N9.1-2021.pdf\" target=\"_blank\" rel=\"noreferrer noopener\">Instrucci\u00f3n T\u00e9cnica RGR N\u00b006\/2021<\/a>: Dise\u00f1o y ejecuci\u00f3n de instalaciones de sistemas de almacenamiento de energ\u00eda a trav\u00e9s de bater\u00edas en instalaciones el\u00e9ctricas. <\/p>\n\n\n\n<p><img decoding=\"async\" src=\"https:\/\/autoconsumo.minenergia.cl\/wp-content\/uploads\/2017\/09\/PA_011-1-300x164.jpg\" alt=\"\" style=\"width: 500px;\"><br>Imagen: Sistema solar fotovoltaico para riego, Comunidad Ind\u00edgena Alto Azapa<\/p>\n\n\n\n<p><img decoding=\"async\" src=\"https:\/\/autoconsumo.minenergia.cl\/wp-content\/uploads\/2017\/09\/PA_027_01-300x196.jpg\" alt=\"\" style=\"width: 500px;\"><br>Imagen:\u00a0Microcentral hidroel\u00e9ctrica Menentu\u00e9<\/p>\n","protected":false},"excerpt":{"rendered":"<p>Video: Energ\u00edas Renovables para Autoconsumo | Sin Inyecci\u00f3n a la Red &#8211; Ministerio de Energ\u00eda Los sistemas de energ\u00edas renovables sin inyecci\u00f3n, tanto conectados a la red como aislados, deben acogerse a lo que indica el Decreto Supremo N\u00b0 8, de 2020, del Ministerio de Energ\u00eda, que aprueba Reglamento de seguridad de las instalaciones de [&hellip;]<\/p>\n","protected":false},"author":7,"featured_media":0,"parent":0,"menu_order":0,"comment_status":"closed","ping_status":"closed","template":"","meta":{"footnotes":""},"class_list":["post-3666","page","type-page","status-publish","hentry"],"_links":{"self":[{"href":"https:\/\/autoconsumo.minenergia.cl\/index.php?rest_route=\/wp\/v2\/pages\/3666","targetHints":{"allow":["GET"]}}],"collection":[{"href":"https:\/\/autoconsumo.minenergia.cl\/index.php?rest_route=\/wp\/v2\/pages"}],"about":[{"href":"https:\/\/autoconsumo.minenergia.cl\/index.php?rest_route=\/wp\/v2\/types\/page"}],"author":[{"embeddable":true,"href":"https:\/\/autoconsumo.minenergia.cl\/index.php?rest_route=\/wp\/v2\/users\/7"}],"replies":[{"embeddable":true,"href":"https:\/\/autoconsumo.minenergia.cl\/index.php?rest_route=%2Fwp%2Fv2%2Fcomments&post=3666"}],"version-history":[{"count":13,"href":"https:\/\/autoconsumo.minenergia.cl\/index.php?rest_route=\/wp\/v2\/pages\/3666\/revisions"}],"predecessor-version":[{"id":3835,"href":"https:\/\/autoconsumo.minenergia.cl\/index.php?rest_route=\/wp\/v2\/pages\/3666\/revisions\/3835"}],"wp:attachment":[{"href":"https:\/\/autoconsumo.minenergia.cl\/index.php?rest_route=%2Fwp%2Fv2%2Fmedia&parent=3666"}],"curies":[{"name":"wp","href":"https:\/\/api.w.org\/{rel}","templated":true}]}}