{"id":3671,"date":"2024-12-16T15:53:17","date_gmt":"2024-12-16T15:53:17","guid":{"rendered":"https:\/\/autoconsumo.minenergia.cl\/?page_id=3671"},"modified":"2024-12-17T14:28:26","modified_gmt":"2024-12-17T14:28:26","slug":"pequeno-medio-de-generacion-distribuida-pmgd","status":"publish","type":"page","link":"https:\/\/autoconsumo.minenergia.cl\/?page_id=3671","title":{"rendered":"PMGD"},"content":{"rendered":"<h5>Peque\u00f1o Medio de Generaci\u00f3n Distribuida &#8211; PMGD<\/h5>\n\n\n<iframe loading=\"lazy\" width=\"560\" height=\"315\" src=\"https:\/\/www.youtube.com\/embed\/py2FL6vY2bs?si=zaIFdLACE3cfD7ne\" title=\"YouTube video player\" frameborder=\"0\" allow=\"accelerometer; autoplay; clipboard-write; encrypted-media; gyroscope; picture-in-picture; web-share\" referrerpolicy=\"strict-origin-when-cross-origin\" allowfullscreen><\/iframe>\n\n\n\n<p>Video: Energ\u00edas Renovables para Autoconsumo | Peque\u00f1os Medios de Generaci\u00f3n Distribuida &#8211; Ministerio de Energ\u00eda<\/p>\n\n\n\n<p>Los <strong>PMGD, o Peque\u00f1os Medios de Generaci\u00f3n Distribuida<\/strong>, son sistemas de potencia instalada de hasta 9 MW conectados a la red de distribuci\u00f3n, que pueden inyectar sus excedentes o bien inyectar toda la energ\u00eda que generan a la red.<\/p>\n\n\n\n<p>En este caso se debe ajustar a lo establecido en el <a href=\"https:\/\/www.sec.cl\/sitio-web\/descargar\/460\/pmgd\/27131\/dec_88_2019_0.pdf\" target=\"_blank\" rel=\"noreferrer noopener\">Decreto Supremo N\u00b0 88\/2020<\/a>, del Ministerio de Energ\u00eda, que aprueba el Reglamento para medios de generaci\u00f3n de peque\u00f1a escala y la <a href=\"https:\/\/www.sec.cl\/sitio-web\/wp-content\/uploads\/2019\/10\/NTCO-PMGD-Julio-2019.pdf\" target=\"_blank\" rel=\"noreferrer noopener\">Norma t\u00e9cnica de conexi\u00f3n y operaci\u00f3n de PMGD<\/a>. Aplica para cualquier tipo de consumidor (regulado o libre) y para cualquier tipo de medio de generaci\u00f3n de energ\u00eda.<\/p>\n\n\n\n<p>Hasta los 1,5 MW existe un procedimiento de conexi\u00f3n a la red abreviado. La energ\u00eda inyectada se vende a empresas de generaci\u00f3n el\u00e9ctrica a costo marginal (horario) o a precio estabilizado (precio de nudo).<\/p>\n\n\n\n<p><img decoding=\"async\" src=\"https:\/\/autoconsumo.minenergia.cl\/wp-content\/uploads\/2017\/07\/PA_029_01-300x216.jpg\" alt=\"\" style=\"width: 500px;\"><br>Imagen:\u00a0Microcentral hidroel\u00e9ctrica Dosal<\/p>\n\n\n\n<p><img decoding=\"async\" src=\"https:\/\/autoconsumo.minenergia.cl\/wp-content\/uploads\/2017\/07\/PA_006_1-300x225.jpg\" alt=\"\" style=\"width: 500px;\"><br>Imagen:\u00a0Planta de Biog\u00e1s Molina, Vi\u00f1a Pan Pedro<\/p>\n\n\n\n<p>Para m\u00e1s informaci\u00f3n ingresar a la web de la\u00a0Superintendencia de Electricidad y Combustibles &#8211; PMGD\u00a0<a href=\"https:\/\/www.sec.cl\/pequenos-medios-de-generacion\/\" target=\"_blank\" rel=\"noreferrer noopener\">aqu\u00ed.<\/a><\/p>\n\n\n\n<p><\/p>\n","protected":false},"excerpt":{"rendered":"<p>Peque\u00f1o Medio de Generaci\u00f3n Distribuida &#8211; PMGD Video: Energ\u00edas Renovables para Autoconsumo | Peque\u00f1os Medios de Generaci\u00f3n Distribuida &#8211; Ministerio de Energ\u00eda Los PMGD, o Peque\u00f1os Medios de Generaci\u00f3n Distribuida, son sistemas de potencia instalada de hasta 9 MW conectados a la red de distribuci\u00f3n, que pueden inyectar sus excedentes o bien inyectar toda la [&hellip;]<\/p>\n","protected":false},"author":7,"featured_media":0,"parent":0,"menu_order":0,"comment_status":"closed","ping_status":"closed","template":"","meta":{"footnotes":""},"class_list":["post-3671","page","type-page","status-publish","hentry"],"_links":{"self":[{"href":"https:\/\/autoconsumo.minenergia.cl\/index.php?rest_route=\/wp\/v2\/pages\/3671","targetHints":{"allow":["GET"]}}],"collection":[{"href":"https:\/\/autoconsumo.minenergia.cl\/index.php?rest_route=\/wp\/v2\/pages"}],"about":[{"href":"https:\/\/autoconsumo.minenergia.cl\/index.php?rest_route=\/wp\/v2\/types\/page"}],"author":[{"embeddable":true,"href":"https:\/\/autoconsumo.minenergia.cl\/index.php?rest_route=\/wp\/v2\/users\/7"}],"replies":[{"embeddable":true,"href":"https:\/\/autoconsumo.minenergia.cl\/index.php?rest_route=%2Fwp%2Fv2%2Fcomments&post=3671"}],"version-history":[{"count":10,"href":"https:\/\/autoconsumo.minenergia.cl\/index.php?rest_route=\/wp\/v2\/pages\/3671\/revisions"}],"predecessor-version":[{"id":3840,"href":"https:\/\/autoconsumo.minenergia.cl\/index.php?rest_route=\/wp\/v2\/pages\/3671\/revisions\/3840"}],"wp:attachment":[{"href":"https:\/\/autoconsumo.minenergia.cl\/index.php?rest_route=%2Fwp%2Fv2%2Fmedia&parent=3671"}],"curies":[{"name":"wp","href":"https:\/\/api.w.org\/{rel}","templated":true}]}}