{"id":3673,"date":"2024-12-16T15:54:28","date_gmt":"2024-12-16T15:54:28","guid":{"rendered":"https:\/\/autoconsumo.minenergia.cl\/?page_id=3673"},"modified":"2024-12-16T18:08:42","modified_gmt":"2024-12-16T18:08:42","slug":"energia-termica","status":"publish","type":"page","link":"https:\/\/autoconsumo.minenergia.cl\/?page_id=3673","title":{"rendered":"Energ\u00eda T\u00e9rmica"},"content":{"rendered":"\n<h3 class=\"wp-block-heading\">Energ\u00eda t\u00e9rmica con energ\u00edas renovables<\/h3>\n\n\n\n<iframe loading=\"lazy\" width=\"560\" height=\"315\" src=\"https:\/\/www.youtube.com\/embed\/An1HlictpdU?si=iyMZCLg2G2ewiFzj\" title=\"YouTube video player\" frameborder=\"0\" allow=\"accelerometer; autoplay; clipboard-write; encrypted-media; gyroscope; picture-in-picture; web-share\" referrerpolicy=\"strict-origin-when-cross-origin\" allowfullscreen><\/iframe>\n\n\n\n<p>Video: Energ\u00edas Renovables para Autoconsumo | Energ\u00eda T\u00e9rmica &#8211; Ministerio de Energ\u00eda<\/p>\n\n\n\n<p>Un usuario puede producir la energ\u00eda t\u00e9rmica que necesita para climatizaci\u00f3n, agua caliente o calor de proceso, en sus mismas dependencias a partir de energ\u00edas renovables.<\/p>\n\n\n\n<p>Hasta ahora, la energ\u00eda renovable desempe\u00f1a un papel relativamente menor en la generaci\u00f3n de energ\u00eda t\u00e9rmica, a excepci\u00f3n del uso ineficiente de la le\u00f1a para calefacci\u00f3n y cocina. Sin embargo, existe una gama de tecnolog\u00edas renovables que pueden contribuir a las necesidades de energ\u00eda t\u00e9rmica y que bajo las condiciones adecuadas, pueden ser competitivas con las fuentes de combustibles f\u00f3siles, como son los sistemas solares t\u00e9rmicos, las bombas de calor (aerot\u00e9rmicas y geot\u00e9rmicas), las calderas a biomasa, los biodigestores, entre otros.<\/p>\n\n\n\n<p><img decoding=\"async\" src=\"https:\/\/autoconsumo.minenergia.cl\/wp-content\/uploads\/2017\/07\/PA_022_03-300x169.jpg\" alt=\"\" style=\"width: 500px;\"><br><strong>Imagen: Sistemas solares t\u00e9rmicos en Conjunto Habitacional las Dunas \u2013 Programa de Reconstrucci\u00f3n.<\/strong><\/p>\n\n\n\n<p><img decoding=\"async\" src=\"https:\/\/autoconsumo.minenergia.cl\/wp-content\/uploads\/2017\/07\/PA_024_2-300x244.jpg\" alt=\"\" style=\"width: 500px;\"><br><strong>Imagen:\u00a0Bomba de calor geot\u00e9rmica para climatizaci\u00f3n de invernadero<\/strong>.<br><\/p>\n","protected":false},"excerpt":{"rendered":"<p>Energ\u00eda t\u00e9rmica con energ\u00edas renovables Video: Energ\u00edas Renovables para Autoconsumo | Energ\u00eda T\u00e9rmica &#8211; Ministerio de Energ\u00eda Un usuario puede producir la energ\u00eda t\u00e9rmica que necesita para climatizaci\u00f3n, agua caliente o calor de proceso, en sus mismas dependencias a partir de energ\u00edas renovables. Hasta ahora, la energ\u00eda renovable desempe\u00f1a un papel relativamente menor en la [&hellip;]<\/p>\n","protected":false},"author":7,"featured_media":0,"parent":0,"menu_order":0,"comment_status":"closed","ping_status":"closed","template":"","meta":{"footnotes":""},"class_list":["post-3673","page","type-page","status-publish","hentry"],"_links":{"self":[{"href":"https:\/\/autoconsumo.minenergia.cl\/index.php?rest_route=\/wp\/v2\/pages\/3673","targetHints":{"allow":["GET"]}}],"collection":[{"href":"https:\/\/autoconsumo.minenergia.cl\/index.php?rest_route=\/wp\/v2\/pages"}],"about":[{"href":"https:\/\/autoconsumo.minenergia.cl\/index.php?rest_route=\/wp\/v2\/types\/page"}],"author":[{"embeddable":true,"href":"https:\/\/autoconsumo.minenergia.cl\/index.php?rest_route=\/wp\/v2\/users\/7"}],"replies":[{"embeddable":true,"href":"https:\/\/autoconsumo.minenergia.cl\/index.php?rest_route=%2Fwp%2Fv2%2Fcomments&post=3673"}],"version-history":[{"count":6,"href":"https:\/\/autoconsumo.minenergia.cl\/index.php?rest_route=\/wp\/v2\/pages\/3673\/revisions"}],"predecessor-version":[{"id":3746,"href":"https:\/\/autoconsumo.minenergia.cl\/index.php?rest_route=\/wp\/v2\/pages\/3673\/revisions\/3746"}],"wp:attachment":[{"href":"https:\/\/autoconsumo.minenergia.cl\/index.php?rest_route=%2Fwp%2Fv2%2Fmedia&parent=3673"}],"curies":[{"name":"wp","href":"https:\/\/api.w.org\/{rel}","templated":true}]}}