{"id":55,"date":"2017-06-27T20:46:57","date_gmt":"2017-06-27T20:46:57","guid":{"rendered":"http:\/\/localhost\/autoconsumo\/?page_id=55"},"modified":"2024-12-16T22:23:45","modified_gmt":"2024-12-16T22:23:45","slug":"que-debo-saber","status":"publish","type":"page","link":"https:\/\/autoconsumo.minenergia.cl\/?page_id=55","title":{"rendered":"\u00bfQu\u00e9 es el Autoconsumo?"},"content":{"rendered":"<p>El autoconsumo (energ\u00e9tico) es la capacidad de un consumidor de <strong>generar toda o parte de la energ\u00eda necesaria para satisfacer la demanda el\u00e9ctrica o t\u00e9rmica que requiere<\/strong>, sea en una casa, un negocio, una industria, en la agricultura, o cualquier otra infraestructura.<\/p>\n<p>Los proyectos de autoconsumo generan la energ\u00eda (el\u00e9ctrica o t\u00e9rmica) en el mismo lugar f\u00edsico donde se utiliza, con el fin de abastecer los consumos de energ\u00eda de procesos productivos o servicios propios del giro de una empresa o las necesidades domiciliarias de una familia.<\/p>\n<p>El Ministerio de Energ\u00eda se encuentra impulsando el autoconsumo con el objeto de disminuir los costos de la energ\u00eda, aprovechar los recursos energ\u00e9ticos renovables propios, reducir emisiones de gases efecto invernadero y as\u00ed contribuir a la competitividad comercial e industrial.<\/p>\n<h3>\u00bfCu\u00e1les son los beneficios de generar su propia energ\u00eda renovable?<\/h3>\n<ul>\n<li><strong>Reducir tus costos de energ\u00eda<\/strong> y disminuir el impacto de las alzas de la tarifa el\u00e9ctrica.<\/li>\n<li><strong>Reducir tus emisiones de CO<sub>2<\/sub> <\/strong>utilizando una fuente de energ\u00eda m\u00e1s limpia.<\/li>\n<li><strong>Aumentar tu competitividad<\/strong> y acceder a mercados m\u00e1s exigentes.<\/li>\n<\/ul>\n<h5 style=\"padding-left: 160px;\">El autoconsumo ya es una realidad accesible y rentable, que no s\u00f3lo beneficia a quien utiliza energ\u00eda renovable, sino que tambi\u00e9n contribuye a la gran meta de Chile: ser un pa\u00eds carbono neutral al 2050<\/h5>\n<ul>\n<li>Aplicaciones cada vez m\u00e1s competitivas respecto de suministro tradicional, en particular sistemas solares fotovoltaicos. La inversi\u00f3n se recupera en poco tiempo (en promedio de 3 a 4 a\u00f1os).<\/li>\n<li>Los proyectos pueden ser implementados en empresas de <strong>distintos sectores productivos, en todo el territorio nacional.<\/strong><\/li>\n<li>Intenso desarrollo internacional.<\/li>\n<\/ul>\n\n\n<figure class=\"wp-block-image size-full\"><img loading=\"lazy\" decoding=\"async\" width=\"921\" height=\"518\" src=\"https:\/\/autoconsumo.minenergia.cl\/wp-content\/uploads\/2024\/12\/image-14.png\" alt=\"\" class=\"wp-image-3681\" srcset=\"https:\/\/autoconsumo.minenergia.cl\/wp-content\/uploads\/2024\/12\/image-14.png 921w, https:\/\/autoconsumo.minenergia.cl\/wp-content\/uploads\/2024\/12\/image-14-300x169.png 300w, https:\/\/autoconsumo.minenergia.cl\/wp-content\/uploads\/2024\/12\/image-14-768x432.png 768w, https:\/\/autoconsumo.minenergia.cl\/wp-content\/uploads\/2024\/12\/image-14-660x371.png 660w\" sizes=\"auto, (max-width: 921px) 100vw, 921px\" \/><\/figure>\n\n\n\n<p>Imagen: Proyecto solar fotovoltaico 9,9 kW potencia instalada y 7,2 kW de bater\u00edas, empresa de turismo en Pichilemu \u2013 Regi\u00f3n de O\u2019Higgins.<\/p>\n\n\n\n<p><\/p>\n","protected":false},"excerpt":{"rendered":"<p>El autoconsumo (energ\u00e9tico) es la capacidad de un consumidor de generar toda o parte de la energ\u00eda necesaria para satisfacer la demanda el\u00e9ctrica o t\u00e9rmica que requiere, sea en una casa, un negocio, una industria, en la agricultura, o cualquier otra infraestructura. Los proyectos de autoconsumo generan la energ\u00eda (el\u00e9ctrica o t\u00e9rmica) en el mismo [&hellip;]<\/p>\n","protected":false},"author":3,"featured_media":0,"parent":0,"menu_order":0,"comment_status":"closed","ping_status":"closed","template":"","meta":{"footnotes":""},"class_list":["post-55","page","type-page","status-publish","hentry"],"_links":{"self":[{"href":"https:\/\/autoconsumo.minenergia.cl\/index.php?rest_route=\/wp\/v2\/pages\/55","targetHints":{"allow":["GET"]}}],"collection":[{"href":"https:\/\/autoconsumo.minenergia.cl\/index.php?rest_route=\/wp\/v2\/pages"}],"about":[{"href":"https:\/\/autoconsumo.minenergia.cl\/index.php?rest_route=\/wp\/v2\/types\/page"}],"author":[{"embeddable":true,"href":"https:\/\/autoconsumo.minenergia.cl\/index.php?rest_route=\/wp\/v2\/users\/3"}],"replies":[{"embeddable":true,"href":"https:\/\/autoconsumo.minenergia.cl\/index.php?rest_route=%2Fwp%2Fv2%2Fcomments&post=55"}],"version-history":[{"count":52,"href":"https:\/\/autoconsumo.minenergia.cl\/index.php?rest_route=\/wp\/v2\/pages\/55\/revisions"}],"predecessor-version":[{"id":3805,"href":"https:\/\/autoconsumo.minenergia.cl\/index.php?rest_route=\/wp\/v2\/pages\/55\/revisions\/3805"}],"wp:attachment":[{"href":"https:\/\/autoconsumo.minenergia.cl\/index.php?rest_route=%2Fwp%2Fv2%2Fmedia&parent=55"}],"curies":[{"name":"wp","href":"https:\/\/api.w.org\/{rel}","templated":true}]}}