{"id":560,"date":"2017-08-22T20:05:33","date_gmt":"2017-08-22T20:05:33","guid":{"rendered":"http:\/\/localhost\/autoconsumo\/?page_id=560"},"modified":"2017-12-04T15:47:41","modified_gmt":"2017-12-04T15:47:41","slug":"tipos-de-calderas","status":"publish","type":"page","link":"https:\/\/autoconsumo.minenergia.cl\/?page_id=560","title":{"rendered":"Tipos de Calderas"},"content":{"rendered":"<p>La combusti\u00f3n directa en una caldera es la forma m\u00e1s com\u00fan para la obtenci\u00f3n de energ\u00eda a partir de la biomasa.<\/p>\n<p>En aplicaciones industriales, son dos las tecnolog\u00edas principalmente utilizadas: la combusti\u00f3n en calderas de lecho fijo y en lecho fluidizado.<\/p>\n<p><img loading=\"lazy\" decoding=\"async\" class=\"alignnone size-full wp-image-1141\" src=\"https:\/\/autoconsumo.minenergia.cl\/wp-content\/uploads\/2017\/08\/imagen1.jpg\" alt=\"\" width=\"575\" height=\"240\" srcset=\"https:\/\/autoconsumo.minenergia.cl\/wp-content\/uploads\/2017\/08\/imagen1.jpg 575w, https:\/\/autoconsumo.minenergia.cl\/wp-content\/uploads\/2017\/08\/imagen1-300x125.jpg 300w\" sizes=\"auto, (max-width: 575px) 100vw, 575px\" \/><\/p>\n<p><em><strong>Fuente: Energie aus Biomasse. Grundlagen, Techniken und Verfahren<\/strong><\/em><\/p>\n<ul>\n<li><strong>Combusti\u00f3n en calderas de lecho fijo<\/strong>: la combusti\u00f3n ocurre en una parrilla, produciendo un flujo de gases calientes que se usan para generar vapor, siendo las cenizas removidas continuamente durante la combusti\u00f3n.<\/li>\n<li><strong>Combusti\u00f3n en calderas de lecho fluidizado (FBC<\/strong>): el combustible es suspendido por una o varias corrientes de aire inyectadas durante la combusti\u00f3n. Esta tecnolog\u00eda es m\u00e1s vers\u00e1til, al permitir quemar una amplia gama de combustibles con altos niveles de humedad (m\u00e1s de 50%), presentan menores emisiones (NO<sub>X<\/sub>, SO<sub>X<\/sub> y CO<sub>2<\/sub>) y es en general m\u00e1s eficiente.<\/li>\n<\/ul>\n<p>El vapor producido en las calderas es inyectado en turbinas de vapor las que transforman el calor en energ\u00eda mec\u00e1nica que a su vez sirve para generar electricidad.<\/p>\n<p>Para aplicaciones de autoconsumo de mediana escala (Pymes), las calderas pueden clasificarse en base a los siguientes criterios:<\/p>\n<h3>Calderas seg\u00fan el combustible utilizado<\/h3>\n<p><img loading=\"lazy\" decoding=\"async\" class=\"alignnone  wp-image-1142\" src=\"https:\/\/autoconsumo.minenergia.cl\/wp-content\/uploads\/2017\/08\/caldera-segun-el-combustible.jpg\" alt=\"\" width=\"702\" height=\"236\" srcset=\"https:\/\/autoconsumo.minenergia.cl\/wp-content\/uploads\/2017\/08\/caldera-segun-el-combustible.jpg 1199w, https:\/\/autoconsumo.minenergia.cl\/wp-content\/uploads\/2017\/08\/caldera-segun-el-combustible-300x101.jpg 300w, https:\/\/autoconsumo.minenergia.cl\/wp-content\/uploads\/2017\/08\/caldera-segun-el-combustible-768x258.jpg 768w, https:\/\/autoconsumo.minenergia.cl\/wp-content\/uploads\/2017\/08\/caldera-segun-el-combustible-1024x344.jpg 1024w, https:\/\/autoconsumo.minenergia.cl\/wp-content\/uploads\/2017\/08\/caldera-segun-el-combustible-660x222.jpg 660w\" sizes=\"auto, (max-width: 702px) 100vw, 702px\" \/><\/p>\n<h3>Calderas seg\u00fan el sistema de combusti\u00f3n<\/h3>\n<p><img loading=\"lazy\" decoding=\"async\" class=\"alignnone  wp-image-1143\" src=\"https:\/\/autoconsumo.minenergia.cl\/wp-content\/uploads\/2017\/08\/caldera-segun-el-sistema.jpg\" alt=\"\" width=\"703\" height=\"194\" srcset=\"https:\/\/autoconsumo.minenergia.cl\/wp-content\/uploads\/2017\/08\/caldera-segun-el-sistema.jpg 1199w, https:\/\/autoconsumo.minenergia.cl\/wp-content\/uploads\/2017\/08\/caldera-segun-el-sistema-300x83.jpg 300w, https:\/\/autoconsumo.minenergia.cl\/wp-content\/uploads\/2017\/08\/caldera-segun-el-sistema-768x212.jpg 768w, https:\/\/autoconsumo.minenergia.cl\/wp-content\/uploads\/2017\/08\/caldera-segun-el-sistema-1024x283.jpg 1024w, https:\/\/autoconsumo.minenergia.cl\/wp-content\/uploads\/2017\/08\/caldera-segun-el-sistema-660x182.jpg 660w\" sizes=\"auto, (max-width: 703px) 100vw, 703px\" \/><\/p>\n<h3>Calderas seg\u00fan nivel de automatizaci\u00f3n<\/h3>\n<p><img loading=\"lazy\" decoding=\"async\" class=\"alignnone  wp-image-1144\" src=\"https:\/\/autoconsumo.minenergia.cl\/wp-content\/uploads\/2017\/08\/caldera-segun-nivel-de-automatizacion.jpg\" alt=\"\" width=\"701\" height=\"131\" srcset=\"https:\/\/autoconsumo.minenergia.cl\/wp-content\/uploads\/2017\/08\/caldera-segun-nivel-de-automatizacion.jpg 1199w, https:\/\/autoconsumo.minenergia.cl\/wp-content\/uploads\/2017\/08\/caldera-segun-nivel-de-automatizacion-300x56.jpg 300w, https:\/\/autoconsumo.minenergia.cl\/wp-content\/uploads\/2017\/08\/caldera-segun-nivel-de-automatizacion-768x143.jpg 768w, https:\/\/autoconsumo.minenergia.cl\/wp-content\/uploads\/2017\/08\/caldera-segun-nivel-de-automatizacion-1024x191.jpg 1024w, https:\/\/autoconsumo.minenergia.cl\/wp-content\/uploads\/2017\/08\/caldera-segun-nivel-de-automatizacion-660x123.jpg 660w\" sizes=\"auto, (max-width: 701px) 100vw, 701px\" \/><\/p>\n","protected":false},"excerpt":{"rendered":"<p>La combusti\u00f3n directa en una caldera es la forma m\u00e1s com\u00fan para la obtenci\u00f3n de energ\u00eda a partir de la biomasa. En aplicaciones industriales, son dos las tecnolog\u00edas principalmente utilizadas: la combusti\u00f3n en calderas de lecho fijo y en lecho fluidizado. Fuente: Energie aus Biomasse. Grundlagen, Techniken und Verfahren Combusti\u00f3n en calderas de lecho fijo: [&hellip;]<\/p>\n","protected":false},"author":3,"featured_media":0,"parent":78,"menu_order":0,"comment_status":"closed","ping_status":"closed","template":"","meta":{"footnotes":""},"class_list":["post-560","page","type-page","status-publish","hentry"],"_links":{"self":[{"href":"https:\/\/autoconsumo.minenergia.cl\/index.php?rest_route=\/wp\/v2\/pages\/560","targetHints":{"allow":["GET"]}}],"collection":[{"href":"https:\/\/autoconsumo.minenergia.cl\/index.php?rest_route=\/wp\/v2\/pages"}],"about":[{"href":"https:\/\/autoconsumo.minenergia.cl\/index.php?rest_route=\/wp\/v2\/types\/page"}],"author":[{"embeddable":true,"href":"https:\/\/autoconsumo.minenergia.cl\/index.php?rest_route=\/wp\/v2\/users\/3"}],"replies":[{"embeddable":true,"href":"https:\/\/autoconsumo.minenergia.cl\/index.php?rest_route=%2Fwp%2Fv2%2Fcomments&post=560"}],"version-history":[{"count":3,"href":"https:\/\/autoconsumo.minenergia.cl\/index.php?rest_route=\/wp\/v2\/pages\/560\/revisions"}],"predecessor-version":[{"id":1317,"href":"https:\/\/autoconsumo.minenergia.cl\/index.php?rest_route=\/wp\/v2\/pages\/560\/revisions\/1317"}],"up":[{"embeddable":true,"href":"https:\/\/autoconsumo.minenergia.cl\/index.php?rest_route=\/wp\/v2\/pages\/78"}],"wp:attachment":[{"href":"https:\/\/autoconsumo.minenergia.cl\/index.php?rest_route=%2Fwp%2Fv2%2Fmedia&parent=560"}],"curies":[{"name":"wp","href":"https:\/\/api.w.org\/{rel}","templated":true}]}}