{"id":57,"date":"2017-06-27T20:47:47","date_gmt":"2017-06-27T20:47:47","guid":{"rendered":"http:\/\/localhost\/autoconsumo\/?page_id=57"},"modified":"2024-12-12T20:06:16","modified_gmt":"2024-12-12T20:06:16","slug":"tipos-de-autoconsumo","status":"publish","type":"page","link":"https:\/\/autoconsumo.minenergia.cl\/?page_id=57","title":{"rendered":"Tipos de Autoconsumo"},"content":{"rendered":"<p><strong><em><img loading=\"lazy\" decoding=\"async\" class=\"alignnone size-full wp-image-1405\" src=\"https:\/\/autoconsumo.minenergia.cl\/wp-content\/uploads\/2017\/06\/Banner-Autoconsumo-1912.png\" alt=\"\" width=\"2000\" height=\"719\" srcset=\"https:\/\/autoconsumo.minenergia.cl\/wp-content\/uploads\/2017\/06\/Banner-Autoconsumo-1912.png 2000w, https:\/\/autoconsumo.minenergia.cl\/wp-content\/uploads\/2017\/06\/Banner-Autoconsumo-1912-300x108.png 300w, https:\/\/autoconsumo.minenergia.cl\/wp-content\/uploads\/2017\/06\/Banner-Autoconsumo-1912-768x276.png 768w, https:\/\/autoconsumo.minenergia.cl\/wp-content\/uploads\/2017\/06\/Banner-Autoconsumo-1912-1024x368.png 1024w, https:\/\/autoconsumo.minenergia.cl\/wp-content\/uploads\/2017\/06\/Banner-Autoconsumo-1912-660x237.png 660w\" sizes=\"auto, (max-width: 2000px) 100vw, 2000px\" \/>Figura: Tipos de Autoconsumo<\/em><\/strong><\/p>\n<p>En el caso de <strong>generaci\u00f3n el\u00e9ctrica<\/strong>, los proyectos para autoconsumo tienen el potencial de inyectar excedentes a la red de distribuci\u00f3n, acogi\u00e9ndose a la normativa que corresponda, dependiendo de las caracter\u00edsticas del sistema y el tipo de cliente.<\/p>\n<p>Sin embargo, tambi\u00e9n existen proyectos de autoconsumo que no inyectan electricidad (excedentes) a la red de distribuci\u00f3n.Ya sea porque est\u00e1n aislados de la red debido al distanciamiento geogr\u00e1fico\u00a0o porque la generaci\u00f3n de electricidad es mucho menor que el consumo y no alcanzan en ning\u00fan instante a tener excedentes. En\u00a0el caso de proyectos de autoconsumo aislados, la\u00a0energ\u00eda debe ser consumida en el mismo instante que se genera o almacenada en bater\u00edas.<\/p>\n<p>Existen tres formas para conectar proyectos de energ\u00edas renovables para el autoconsumo a la red el\u00e9ctrica: <strong>sistemas sin inyecci\u00f3n a la red<\/strong> (Decreto 8\/2019, pliego t\u00e9cnico normativo RIC N\u00aa9: Sistemas de Autogeneraci\u00f3n), <strong>sistemas con inyecci\u00f3n a la red sin fines comerciales<\/strong> (Art. 149 bis y siguientes de la LGSE) y <strong>sistemas con inyecci\u00f3n a la red con fines comerciales o PMGD<\/strong> (Art, 149 de la LGSE). Cada una otorga derechos y deberes, los que deben ser evaluados para seleccionar el marco regulatorio que m\u00e1s se ajuste al tipo de proyecto que se desea implementar.<\/p>\n<p>https:\/\/youtu.be\/xU21CxnnvW8<\/p>\n<p>\u00a0<\/p>\n\n\n<p><\/p>\n","protected":false},"excerpt":{"rendered":"<p>Figura: Tipos de Autoconsumo En el caso de generaci\u00f3n el\u00e9ctrica, los proyectos para autoconsumo tienen el potencial de inyectar excedentes a la red de distribuci\u00f3n, acogi\u00e9ndose a la normativa que corresponda, dependiendo de las caracter\u00edsticas del sistema y el tipo de cliente. Sin embargo, tambi\u00e9n existen proyectos de autoconsumo que no inyectan electricidad (excedentes) a [&hellip;]<\/p>\n","protected":false},"author":3,"featured_media":0,"parent":0,"menu_order":0,"comment_status":"closed","ping_status":"closed","template":"page-tipo_de_autoconsumo.php","meta":{"footnotes":""},"class_list":["post-57","page","type-page","status-publish","hentry"],"_links":{"self":[{"href":"https:\/\/autoconsumo.minenergia.cl\/index.php?rest_route=\/wp\/v2\/pages\/57","targetHints":{"allow":["GET"]}}],"collection":[{"href":"https:\/\/autoconsumo.minenergia.cl\/index.php?rest_route=\/wp\/v2\/pages"}],"about":[{"href":"https:\/\/autoconsumo.minenergia.cl\/index.php?rest_route=\/wp\/v2\/types\/page"}],"author":[{"embeddable":true,"href":"https:\/\/autoconsumo.minenergia.cl\/index.php?rest_route=\/wp\/v2\/users\/3"}],"replies":[{"embeddable":true,"href":"https:\/\/autoconsumo.minenergia.cl\/index.php?rest_route=%2Fwp%2Fv2%2Fcomments&post=57"}],"version-history":[{"count":23,"href":"https:\/\/autoconsumo.minenergia.cl\/index.php?rest_route=\/wp\/v2\/pages\/57\/revisions"}],"predecessor-version":[{"id":3662,"href":"https:\/\/autoconsumo.minenergia.cl\/index.php?rest_route=\/wp\/v2\/pages\/57\/revisions\/3662"}],"wp:attachment":[{"href":"https:\/\/autoconsumo.minenergia.cl\/index.php?rest_route=%2Fwp%2Fv2%2Fmedia&parent=57"}],"curies":[{"name":"wp","href":"https:\/\/api.w.org\/{rel}","templated":true}]}}