{"id":61,"date":"2017-06-27T20:48:44","date_gmt":"2017-06-27T20:48:44","guid":{"rendered":"http:\/\/localhost\/autoconsumo\/?page_id=61"},"modified":"2024-12-17T15:14:13","modified_gmt":"2024-12-17T15:14:13","slug":"cual-tecnologia-es-la-mas-apropiada","status":"publish","type":"page","link":"https:\/\/autoconsumo.minenergia.cl\/?page_id=61","title":{"rendered":"Usos y Tecnolog\u00edas"},"content":{"rendered":"<h3>Tecnolog\u00edas limpias para autoconsumo<\/h3>\n<p>La transici\u00f3n energ\u00e9tica est\u00e1 viviendo un segundo tiempo donde es fundamental utilizar todas las tecnolog\u00edas y aplicaciones que tenemos disponibles para avanzar de forma acelerada, aprovechando al m\u00e1ximo los recursos renovables que tenemos en nuestro pa\u00eds.<\/p>\n<h5><strong>\u00bfSabes qu\u00e9 tecnolog\u00edas limpias puedes utilizar para autoconsumo energ\u00e9tico?<\/strong><\/h5>\n<p style=\"padding-left: 80px;\"><strong>Proyectos el\u00e9ctricos: <\/strong>Se basan en la generaci\u00f3n de electricidad, t\u00edpicamente a trav\u00e9s de <strong>sistemas solares fotovoltaicos.<\/strong> Esta electricidad puede alimentar equipos y maquinarias, reduciendo la dependencia de la red el\u00e9ctrica, entre otros beneficios.<\/p>\n<p style=\"padding-left: 80px;\"><strong>Proyectos t\u00e9rmicos: <\/strong>Se enfocan en generar calor o fr\u00edo mediante fuentes de energ\u00eda renovable, con <strong>paneles solares t\u00e9rmicos o bombas de calor<\/strong>, entre otros. Son ideales para industrias que necesitan calor o fr\u00edo en sus procesos y climatizaci\u00f3n.<\/p>\n<h5><strong>\u00a1Importante! \u2026<\/strong>Antes de decidir es fundamental:<\/h5>\n<ul>\n<li>No olvides la importancia de avanzar en implementar <strong>medidas de eficiencia energ\u00e9tica y gesti\u00f3n de energ\u00eda en tus procesos.<\/strong><\/li>\n<li>Identificar <strong>qu\u00e9 tipo (t\u00e9rmica o el\u00e9ctrica) y cu\u00e1nta energ\u00eda<\/strong> requiere tu empresa. Para ello, se debe identificar cu\u00e1les son los usos de la energ\u00eda (agua caliente sanitaria, refrigeraci\u00f3n, calefacci\u00f3n, iluminaci\u00f3n, procesos de calor, fuerza, otros).<\/li>\n<li>Recopilar la <strong>informaci\u00f3n de tu consumo anual de energ\u00eda <\/strong>(boletas o facturas).<\/li>\n<li>Conocer la <strong>disponibilidad de los recursos energ\u00e9ticos<\/strong> del lugar donde se realizar\u00e1 el proyecto de autoconsumo.<\/li>\n<\/ul>\n<h5>\u00a0<\/h5>\n<h5><strong>\u00bfC\u00f3mo puedo conocer la disponibilidad del recurso energ\u00e9tico?<\/strong><\/h5>\n<p style=\"text-align: justify;\">El <strong>Ministerio de Energ\u00eda\u00a0<\/strong>ha puesto a disposici\u00f3n del p\u00fablico diferentes herramientas en l\u00ednea y de tipo geogr\u00e1ficas denominadas \u201c<a href=\"https:\/\/exploradores.minenergia.cl\/\" target=\"_blank\" rel=\"noopener\">Exploradores<\/a>\u201d, los cuales han sido dise\u00f1ados como\u00a0herramientas destinadas realizar una evaluaci\u00f3n preliminar del potencial energ\u00e9tico sobre cualquier sitio definido por el usuario, aunque no sustituye mediciones en terreno.<\/p>\n<p>Si quires calcular de forma r\u00e1pida el <strong>ahorro que podr\u00edas obtener al instalar un sistema solar fotovoltaico<\/strong> y conectarlo a la red, de acuerdo a la Ley de Generaci\u00f3n Distribuida, ingresa a las<strong><a href=\"https:\/\/calculadora-ahorro.web.app\/#\/\" target=\"_blank\" rel=\"noopener\"> CALCULADORA B\u00c1SICA<\/a> <\/strong>o a la <strong><a href=\"https:\/\/solar.minenergia.cl\/calculadora\" target=\"_blank\" rel=\"noopener\">CALCULADORA AVANZADA<\/a>.<\/strong><\/p>\n<p>Si quieres hacer <strong>an\u00e1lisis con mayor detalle, para sistemas solares fotovoltaicos o t\u00e9rmicos<\/strong>, puedes ingresar al <strong style=\"color: initial;\">Explorador de Energ\u00eda Solar<\/strong> <a href=\"https:\/\/solar.minenergia.cl\/inicio\" target=\"_blank\" rel=\"noopener\">aqu\u00ed.<\/a> Para proyectos en el sector agr\u00edcola puedes ingresar al <strong>Explorador AgroSolar <\/strong><a href=\"https:\/\/agrosolar.exploradorenergia.cl\/\" target=\"_blank\" rel=\"noopener\">aqu\u00ed.<\/a><\/p>\n<p>Para otras tecnolog\u00edas, puedes utilizar las siguientes herramientas:\u00a0<\/p>\n<ul>\n<li>Ingresa al <strong>Explorador de Bombas de Calor Geotermicas<\/strong> <a href=\"https:\/\/bc-geotermica.minenergia.cl\/inicio\" target=\"_blank\" rel=\"noopener\">aqu\u00ed.<\/a><\/li>\n<li>Ingresa a la <strong>Plataforma Climatiza tu Hogar <\/strong><a href=\"https:\/\/climatiza.exploradorenergia.cl\/home\" target=\"_blank\" rel=\"noopener\">aqu\u00ed. <\/a>Podr\u00e1s evaluar alternativas de climatizaci\u00f3n para viviendas u oficinas.\u00a0<\/li>\n<\/ul>\n<h5>\u00a0<\/h5>\n<h5><strong>Te recomendamos cotizar con varios proveedores: <\/strong><\/h5>\n<p><strong>Cotiza con varios proveedores y verifica sus referencias. <\/strong>Consulta por la atenci\u00f3n posterior a la venta e instalaci\u00f3n y solicita garant\u00eda del sistema instalado.<\/p>\n<ul>\n<li><a href=\"http:\/\/www.sec.cl\/gda\/proveedores-e-instaladores\" target=\"_blank\" rel=\"noopener\">Registro de instaladores y empresas proveedoras<\/a> de la Superintendencia de Electricidad y Combustibles (SEC)<\/li>\n<li><a href=\"https:\/\/www.registroenergetico.cl\/\" target=\"_blank\" rel=\"noopener\">Registro de Consultores<\/a> de la Agencia de Sostenibilidad Energ\u00e9tica<\/li>\n<\/ul>\n<h5>\u00a0<\/h5>\n<h5 style=\"text-align: center;\"><strong>\u00a1OJO! &#8211; Se requiere que tanto el equipamiento, como el instalador el\u00e9ctrico que ejecute y tramite la conexi\u00f3n del proyecto, est\u00e9n autorizados por la SEC.<\/strong><\/h5>\n<h3>\u00a0<\/h3>\n<h3>Usos y Tecnolog\u00edas<\/h3>\n<h5>Alternativas para el autoconsumo el\u00e9ctrico<\/h5>\n<ul>\n<li><strong>Paneles solares fotovoltaicos:\u00a0<\/strong>Utilizan la energ\u00eda del sol para generar electricidad. Es una opci\u00f3n muy popular para empresas y hogares, ya que permite reducir los costos de energ\u00eda y recuperar la inversi\u00f3n r\u00e1pidamente.<\/li>\n<li><strong>Sistemas de almacenamiento:\u00a0<\/strong>Almacenan la electricidad generada por fuentes renovables (como la solar) en bater\u00edas, para su uso posterior cuando el recurso no est\u00e1 disponible, como en la noche.<\/li>\n<li><strong style=\"color: revert; font-size: revert;\">Sistemas h\u00edbridos:\u00a0<\/strong><span style=\"color: revert; font-size: revert; font-weight: revert;\">Combinan varias fuentes de generaci\u00f3n, junto con almacenamiento, para optimizar el uso de energ\u00eda renovable, garantizando un suministro constante y confiable de electricidad.<\/span><\/li>\n<\/ul>\n<h5>Alternativas para el autoconsumo t\u00e9rmico<\/h5>\n<ul>\n<li><strong>Paneles solares t\u00e9rmicos: <\/strong>Utilizan la energ\u00eda solar para calentar agua o aire. Son ampliamente utilizados en aplicaciones como calefacci\u00f3n y producci\u00f3n de agua caliente sanitaria, temperar piscinas, o en procesos industriales que requieren calor a baja o media temperatura, como en la industria alimentaria o textil.<\/li>\n<li><strong>Bombas de calor:\u00a0<\/strong>Aprovechan la energ\u00eda t\u00e9rmica del aire, agua o tierra para generar calor o fr\u00edo de manera eficiente. Se usan principalmente en sistemas de climatizaci\u00f3n, en casas y edificios, tanto para calefacci\u00f3n como para refrigeraci\u00f3n, as\u00ed como en procesos industriales que demandan fr\u00edo y calor a bajas o medias temperaturas, entre otras aplicaciones.<\/li>\n<li><strong>Calderas de biomasa: \u00a0<\/strong>Requieren desechos org\u00e1nicos como fuente de combustible para generar calor (como pellets, astillas de madera, o residuos agr\u00edcolas). Son ideales para industrias con altos requerimientos de calor, como en la agroindustria.<\/li>\n<li><strong>Sistemas de cogeneraci\u00f3n:\u00a0<\/strong>Producen electricidad y calor simult\u00e1neamente con una alta eficiencia, a partir de una \u00fanica fuente de combustible, tales como gas natural, gas licuado de petr\u00f3leo y biomasa. Son \u00fatiles en diversos sectores industriales donde se necesite tanto electricidad como calor en sus procesos productivos a lo largo de todo el a\u00f1o, como el agroindustrial y de papel y celulosa.<\/li>\n<\/ul>\n<p><img loading=\"lazy\" decoding=\"async\" class=\"wp-image-1183 aligncenter\" src=\"https:\/\/autoconsumo.minenergia.cl\/wp-content\/uploads\/2017\/06\/Tecnologias-disponibles-para-autoconsumo.jpg\" alt=\"\" width=\"480\" height=\"413\" srcset=\"https:\/\/autoconsumo.minenergia.cl\/wp-content\/uploads\/2017\/06\/Tecnologias-disponibles-para-autoconsumo.jpg 844w, https:\/\/autoconsumo.minenergia.cl\/wp-content\/uploads\/2017\/06\/Tecnologias-disponibles-para-autoconsumo-300x258.jpg 300w, https:\/\/autoconsumo.minenergia.cl\/wp-content\/uploads\/2017\/06\/Tecnologias-disponibles-para-autoconsumo-768x660.jpg 768w, https:\/\/autoconsumo.minenergia.cl\/wp-content\/uploads\/2017\/06\/Tecnologias-disponibles-para-autoconsumo-660x567.jpg 660w\" sizes=\"auto, (max-width: 480px) 100vw, 480px\" \/><\/p>\n<p><span style=\"font-size: 10pt;\"><strong>Figura: Tecnolog\u00edas disponibles para autoconsumo de energ\u00eda el\u00e9ctrica y t\u00e9rmica.<\/strong><\/span><\/p>\n<h5 style=\"text-align: center;\"><strong>No olvides la importancia de avanzar en implementar medidas de eficiencia energ\u00e9tica y <\/strong><strong>gesti\u00f3n de energ\u00eda en tus procesos.<\/strong><\/h5>\n\n\n<iframe loading=\"lazy\" width=\"560\" height=\"315\" src=\"https:\/\/www.youtube.com\/embed\/OHD_c07dfRE?si=vK53COLUdKIf21l_\" title=\"YouTube video player\" frameborder=\"0\" allow=\"accelerometer; autoplay; clipboard-write; encrypted-media; gyroscope; picture-in-picture; web-share\" referrerpolicy=\"strict-origin-when-cross-origin\" allowfullscreen><\/iframe>\n\n\n\n<p>Video: Eficiencia Energ\u00e9tica &#8211; Ministerio de Energ\u00eda<\/p>\n","protected":false},"excerpt":{"rendered":"<p>Tecnolog\u00edas limpias para autoconsumo La transici\u00f3n energ\u00e9tica est\u00e1 viviendo un segundo tiempo donde es fundamental utilizar todas las tecnolog\u00edas y aplicaciones que tenemos disponibles para avanzar de forma acelerada, aprovechando al m\u00e1ximo los recursos renovables que tenemos en nuestro pa\u00eds. \u00bfSabes qu\u00e9 tecnolog\u00edas limpias puedes utilizar para autoconsumo energ\u00e9tico? Proyectos el\u00e9ctricos: Se basan en la [&hellip;]<\/p>\n","protected":false},"author":3,"featured_media":0,"parent":0,"menu_order":0,"comment_status":"closed","ping_status":"closed","template":"page-que_energia_necesito.php","meta":{"footnotes":""},"class_list":["post-61","page","type-page","status-publish","hentry"],"_links":{"self":[{"href":"https:\/\/autoconsumo.minenergia.cl\/index.php?rest_route=\/wp\/v2\/pages\/61","targetHints":{"allow":["GET"]}}],"collection":[{"href":"https:\/\/autoconsumo.minenergia.cl\/index.php?rest_route=\/wp\/v2\/pages"}],"about":[{"href":"https:\/\/autoconsumo.minenergia.cl\/index.php?rest_route=\/wp\/v2\/types\/page"}],"author":[{"embeddable":true,"href":"https:\/\/autoconsumo.minenergia.cl\/index.php?rest_route=\/wp\/v2\/users\/3"}],"replies":[{"embeddable":true,"href":"https:\/\/autoconsumo.minenergia.cl\/index.php?rest_route=%2Fwp%2Fv2%2Fcomments&post=61"}],"version-history":[{"count":109,"href":"https:\/\/autoconsumo.minenergia.cl\/index.php?rest_route=\/wp\/v2\/pages\/61\/revisions"}],"predecessor-version":[{"id":3848,"href":"https:\/\/autoconsumo.minenergia.cl\/index.php?rest_route=\/wp\/v2\/pages\/61\/revisions\/3848"}],"wp:attachment":[{"href":"https:\/\/autoconsumo.minenergia.cl\/index.php?rest_route=%2Fwp%2Fv2%2Fmedia&parent=61"}],"curies":[{"name":"wp","href":"https:\/\/api.w.org\/{rel}","templated":true}]}}