{"id":629,"date":"2017-08-24T12:44:16","date_gmt":"2017-08-24T12:44:16","guid":{"rendered":"http:\/\/localhost\/autoconsumo\/?page_id=629"},"modified":"2020-09-15T18:48:29","modified_gmt":"2020-09-15T18:48:29","slug":"nama-de-autoconsumo","status":"publish","type":"page","link":"https:\/\/autoconsumo.minenergia.cl\/?page_id=629","title":{"rendered":"Nama de Autoconsumo"},"content":{"rendered":"<p><img loading=\"lazy\" decoding=\"async\" class=\"alignnone size-full wp-image-2460\" src=\"https:\/\/autoconsumo.minenergia.cl\/wp-content\/uploads\/2017\/08\/nama-GIZ.jpg\" alt=\"\" width=\"1164\" height=\"174\" srcset=\"https:\/\/autoconsumo.minenergia.cl\/wp-content\/uploads\/2017\/08\/nama-GIZ.jpg 1164w, https:\/\/autoconsumo.minenergia.cl\/wp-content\/uploads\/2017\/08\/nama-GIZ-300x45.jpg 300w, https:\/\/autoconsumo.minenergia.cl\/wp-content\/uploads\/2017\/08\/nama-GIZ-768x115.jpg 768w, https:\/\/autoconsumo.minenergia.cl\/wp-content\/uploads\/2017\/08\/nama-GIZ-1024x153.jpg 1024w, https:\/\/autoconsumo.minenergia.cl\/wp-content\/uploads\/2017\/08\/nama-GIZ-660x99.jpg 660w\" sizes=\"auto, (max-width: 1164px) 100vw, 1164px\" \/><\/p>\n<p>El proyecto Nama: Energ\u00edas Renovables para Autoconsumo, es un proyecto que lidera el Ministerio de Energ\u00eda, cuyo objetivo es promover la incorporaci\u00f3n de sistemas de generaci\u00f3n en base energ\u00edas renovables para el autoabastecimiento en Chile, creando condiciones financieras y t\u00e9cnicas adecuadas para etapas tempranas de desarrollo de esta industria emergente.<\/p>\n<p>Su implementaci\u00f3n se divide en una Componente\u00a0T\u00e9cnica y una Componente\u00a0Financiera.<\/p>\n<h4>Componente T\u00e9cnica<\/h4>\n<p style=\"text-align: left;\">La Componente T\u00e9cnica est\u00e1 a cargo de la cooperaci\u00f3n alemana a trav\u00e9s de GIZ. Proporcionar\u00e1 apoyo para el desarrollo de proyectos de autoconsumo a trav\u00e9s de capacitaci\u00f3n y desarrollo de capacidades, difusi\u00f3n y sensibilizaci\u00f3n, implementaci\u00f3n de una mesa de ayuda t\u00e9cnica (Help desk) y la implementaci\u00f3n de una plataforma de monitoreo, reporte y verificaci\u00f3n.<\/p>\n<p style=\"text-align: left; padding-left: 30px;\"><img loading=\"lazy\" decoding=\"async\" class=\"alignnone wp-image-1824\" src=\"https:\/\/autoconsumo.minenergia.cl\/wp-content\/uploads\/2017\/08\/gizlogo-unternehmen-de-rgb-300.jpg\" alt=\"\" width=\"252\" height=\"105\" srcset=\"https:\/\/autoconsumo.minenergia.cl\/wp-content\/uploads\/2017\/08\/gizlogo-unternehmen-de-rgb-300.jpg 7087w, https:\/\/autoconsumo.minenergia.cl\/wp-content\/uploads\/2017\/08\/gizlogo-unternehmen-de-rgb-300-300x125.jpg 300w, https:\/\/autoconsumo.minenergia.cl\/wp-content\/uploads\/2017\/08\/gizlogo-unternehmen-de-rgb-300-768x320.jpg 768w, https:\/\/autoconsumo.minenergia.cl\/wp-content\/uploads\/2017\/08\/gizlogo-unternehmen-de-rgb-300-1024x427.jpg 1024w, https:\/\/autoconsumo.minenergia.cl\/wp-content\/uploads\/2017\/08\/gizlogo-unternehmen-de-rgb-300-660x275.jpg 660w\" sizes=\"auto, (max-width: 252px) 100vw, 252px\" \/>\u00a0\u00a0 \u00a0 \u00a0\u00a0 \u00a0<img loading=\"lazy\" decoding=\"async\" class=\"alignnone wp-image-1835\" src=\"https:\/\/autoconsumo.minenergia.cl\/wp-content\/uploads\/2017\/08\/logo_nama-facility_rgb.jpg\" alt=\"\" width=\"291\" height=\"83\" srcset=\"https:\/\/autoconsumo.minenergia.cl\/wp-content\/uploads\/2017\/08\/logo_nama-facility_rgb.jpg 827w, https:\/\/autoconsumo.minenergia.cl\/wp-content\/uploads\/2017\/08\/logo_nama-facility_rgb-300x86.jpg 300w, https:\/\/autoconsumo.minenergia.cl\/wp-content\/uploads\/2017\/08\/logo_nama-facility_rgb-768x219.jpg 768w, https:\/\/autoconsumo.minenergia.cl\/wp-content\/uploads\/2017\/08\/logo_nama-facility_rgb-660x188.jpg 660w\" sizes=\"auto, (max-width: 291px) 100vw, 291px\" \/><br \/>\n<img loading=\"lazy\" decoding=\"async\" class=\"alignnone wp-image-1827\" src=\"https:\/\/autoconsumo.minenergia.cl\/wp-content\/uploads\/2017\/08\/BMUB.jpg\" alt=\"\" width=\"244\" height=\"118\" srcset=\"https:\/\/autoconsumo.minenergia.cl\/wp-content\/uploads\/2017\/08\/BMUB.jpg 1373w, https:\/\/autoconsumo.minenergia.cl\/wp-content\/uploads\/2017\/08\/BMUB-300x145.jpg 300w, https:\/\/autoconsumo.minenergia.cl\/wp-content\/uploads\/2017\/08\/BMUB-768x371.jpg 768w, https:\/\/autoconsumo.minenergia.cl\/wp-content\/uploads\/2017\/08\/BMUB-1024x494.jpg 1024w, https:\/\/autoconsumo.minenergia.cl\/wp-content\/uploads\/2017\/08\/BMUB-660x319.jpg 660w\" sizes=\"auto, (max-width: 244px) 100vw, 244px\" \/>\u00a0 \u00a0 \u00a0 \u00a0<img loading=\"lazy\" decoding=\"async\" class=\"alignnone wp-image-1825\" src=\"https:\/\/autoconsumo.minenergia.cl\/wp-content\/uploads\/2017\/08\/DBEIS_Departmental_Logo.png\" alt=\"\" width=\"178\" height=\"95\" \/>\u00a0 \u00a0 \u00a0 \u00a0 \u00a0 \u00a0 \u00a0 \u00a0 \u00a0 \u00a0\u00a0<img loading=\"lazy\" decoding=\"async\" class=\"alignnone wp-image-1826\" src=\"https:\/\/autoconsumo.minenergia.cl\/wp-content\/uploads\/2017\/08\/Comision_Europea_logo.svg_.png\" alt=\"\" width=\"165\" height=\"114\" srcset=\"https:\/\/autoconsumo.minenergia.cl\/wp-content\/uploads\/2017\/08\/Comision_Europea_logo.svg_.png 1200w, https:\/\/autoconsumo.minenergia.cl\/wp-content\/uploads\/2017\/08\/Comision_Europea_logo.svg_-300x207.png 300w, https:\/\/autoconsumo.minenergia.cl\/wp-content\/uploads\/2017\/08\/Comision_Europea_logo.svg_-768x529.png 768w, https:\/\/autoconsumo.minenergia.cl\/wp-content\/uploads\/2017\/08\/Comision_Europea_logo.svg_-1024x706.png 1024w, https:\/\/autoconsumo.minenergia.cl\/wp-content\/uploads\/2017\/08\/Comision_Europea_logo.svg_-660x455.png 660w\" sizes=\"auto, (max-width: 165px) 100vw, 165px\" \/><\/p>\n<p style=\"text-align: left;\">Para mayor informaci\u00f3n ingrese al\u00a0<a href=\"https:\/\/www.4echile.cl\/nama-energias-renovables-para-autoconsumo\/\">Programa de Energ\u00edas Renovables y Eficiencia Energ\u00e9tica en Chile \u2013 Nama de Autoconsumo.<\/a><\/p>\n<h4>Componente Financiera<\/h4>\n<p>La Componente Financiera est\u00e1 a cargo del KFW (Banco Alem\u00e1n de Desarrollo) junto con CORFO, la cual facilitar\u00e1 la creaci\u00f3n de instrumentos financieros.<\/p>\n","protected":false},"excerpt":{"rendered":"<p>El proyecto Nama: Energ\u00edas Renovables para Autoconsumo, es un proyecto que lidera el Ministerio de Energ\u00eda, cuyo objetivo es promover la incorporaci\u00f3n de sistemas de generaci\u00f3n en base energ\u00edas renovables para el autoabastecimiento en Chile, creando condiciones financieras y t\u00e9cnicas adecuadas para etapas tempranas de desarrollo de esta industria emergente. Su implementaci\u00f3n se divide en [&hellip;]<\/p>\n","protected":false},"author":3,"featured_media":0,"parent":625,"menu_order":0,"comment_status":"closed","ping_status":"closed","template":"","meta":{"footnotes":""},"class_list":["post-629","page","type-page","status-publish","hentry"],"_links":{"self":[{"href":"https:\/\/autoconsumo.minenergia.cl\/index.php?rest_route=\/wp\/v2\/pages\/629","targetHints":{"allow":["GET"]}}],"collection":[{"href":"https:\/\/autoconsumo.minenergia.cl\/index.php?rest_route=\/wp\/v2\/pages"}],"about":[{"href":"https:\/\/autoconsumo.minenergia.cl\/index.php?rest_route=\/wp\/v2\/types\/page"}],"author":[{"embeddable":true,"href":"https:\/\/autoconsumo.minenergia.cl\/index.php?rest_route=\/wp\/v2\/users\/3"}],"replies":[{"embeddable":true,"href":"https:\/\/autoconsumo.minenergia.cl\/index.php?rest_route=%2Fwp%2Fv2%2Fcomments&post=629"}],"version-history":[{"count":18,"href":"https:\/\/autoconsumo.minenergia.cl\/index.php?rest_route=\/wp\/v2\/pages\/629\/revisions"}],"predecessor-version":[{"id":3287,"href":"https:\/\/autoconsumo.minenergia.cl\/index.php?rest_route=\/wp\/v2\/pages\/629\/revisions\/3287"}],"up":[{"embeddable":true,"href":"https:\/\/autoconsumo.minenergia.cl\/index.php?rest_route=\/wp\/v2\/pages\/625"}],"wp:attachment":[{"href":"https:\/\/autoconsumo.minenergia.cl\/index.php?rest_route=%2Fwp%2Fv2%2Fmedia&parent=629"}],"curies":[{"name":"wp","href":"https:\/\/api.w.org\/{rel}","templated":true}]}}