{"id":633,"date":"2017-08-24T12:44:53","date_gmt":"2017-08-24T12:44:53","guid":{"rendered":"http:\/\/localhost\/autoconsumo\/?page_id=633"},"modified":"2017-12-26T18:01:54","modified_gmt":"2017-12-26T18:01:54","slug":"smart-energy-concept","status":"publish","type":"page","link":"https:\/\/autoconsumo.minenergia.cl\/?page_id=633","title":{"rendered":"Smart Energy Concept"},"content":{"rendered":"<p>El proyecto Smart Energy Concepts es una iniciativa de la C\u00e1mara Chileno-Alemana de Comercio e Industria (CAMCHAL) que se ejecuta en colaboraci\u00f3n con la Agencia Chilena de Eficiencia Energ\u00e9tica (AChEE). Smart Energy Concepts es financiado por la Iniciativa Internacional de Protecci\u00f3n del Clima &#8211; IKI (Internationale KlimaschutzInitiative), programa del Ministerio del Medio Ambiente Alem\u00e1n para el financiamiento de proyectos de mitigaci\u00f3n del cambio clim\u00e1tico en pa\u00edses en desarrollo econ\u00f3mico.<\/p>\n<p>El proyecto busca aumentar la competitividad del sector agroalimentario reduciendo sus emisiones de CO2. Se fomenta la capacidad de las empresas de implementar medidas de Eficiencia Energ\u00e9tica y en segunda derivada de integrar Energ\u00edas Renovables en sus procesos productivos.<\/p>\n<p>Para mayor informaci\u00f3n: <a href=\"http:\/\/www.agrificiente.cl\/\" target=\"_blank\" rel=\"noopener noreferrer\">Smart Energy Concept<\/a><\/p>\n","protected":false},"excerpt":{"rendered":"<p>El proyecto Smart Energy Concepts es una iniciativa de la C\u00e1mara Chileno-Alemana de Comercio e Industria (CAMCHAL) que se ejecuta en colaboraci\u00f3n con la Agencia Chilena de Eficiencia Energ\u00e9tica (AChEE). Smart Energy Concepts es financiado por la Iniciativa Internacional de Protecci\u00f3n del Clima &#8211; IKI (Internationale KlimaschutzInitiative), programa del Ministerio del Medio Ambiente Alem\u00e1n para [&hellip;]<\/p>\n","protected":false},"author":3,"featured_media":0,"parent":625,"menu_order":0,"comment_status":"closed","ping_status":"closed","template":"","meta":{"footnotes":""},"class_list":["post-633","page","type-page","status-publish","hentry"],"_links":{"self":[{"href":"https:\/\/autoconsumo.minenergia.cl\/index.php?rest_route=\/wp\/v2\/pages\/633","targetHints":{"allow":["GET"]}}],"collection":[{"href":"https:\/\/autoconsumo.minenergia.cl\/index.php?rest_route=\/wp\/v2\/pages"}],"about":[{"href":"https:\/\/autoconsumo.minenergia.cl\/index.php?rest_route=\/wp\/v2\/types\/page"}],"author":[{"embeddable":true,"href":"https:\/\/autoconsumo.minenergia.cl\/index.php?rest_route=\/wp\/v2\/users\/3"}],"replies":[{"embeddable":true,"href":"https:\/\/autoconsumo.minenergia.cl\/index.php?rest_route=%2Fwp%2Fv2%2Fcomments&post=633"}],"version-history":[{"count":2,"href":"https:\/\/autoconsumo.minenergia.cl\/index.php?rest_route=\/wp\/v2\/pages\/633\/revisions"}],"predecessor-version":[{"id":666,"href":"https:\/\/autoconsumo.minenergia.cl\/index.php?rest_route=\/wp\/v2\/pages\/633\/revisions\/666"}],"up":[{"embeddable":true,"href":"https:\/\/autoconsumo.minenergia.cl\/index.php?rest_route=\/wp\/v2\/pages\/625"}],"wp:attachment":[{"href":"https:\/\/autoconsumo.minenergia.cl\/index.php?rest_route=%2Fwp%2Fv2%2Fmedia&parent=633"}],"curies":[{"name":"wp","href":"https:\/\/api.w.org\/{rel}","templated":true}]}}