{"id":70,"date":"2017-06-27T20:51:26","date_gmt":"2017-06-27T20:51:26","guid":{"rendered":"http:\/\/localhost\/autoconsumo\/?page_id=70"},"modified":"2024-10-14T13:49:42","modified_gmt":"2024-10-14T13:49:42","slug":"sistemas-solares-termicos","status":"publish","type":"page","link":"https:\/\/autoconsumo.minenergia.cl\/?page_id=70","title":{"rendered":"Sistema Solar T\u00e9rmico"},"content":{"rendered":"<p><!-- Inicio del bloque: Embedded de YouTube --><\/p>\n<div style=\"position: relative; width: 100%; padding-bottom: 56.25%; margin-bottom: 20px;\"><iframe style=\"position: absolute; top: 0; left: 0; width: 100%; height: 100%;\" src=\"https:\/\/www.youtube.com\/embed\/jO8HBDaok5I?si=AhNXuaED7sqT-vcJ\" frameborder=\"0\" allowfullscreen=\"allowfullscreen\"><br \/>\n<\/iframe><\/div>\n<p><!-- Fin del bloque: Embedded de YouTube --><br \/>\n<!-- Inicio del bloque: Aspectos Generales --><\/p>\n<div style=\"background-color: #f0f0f0; padding: 10px; margin-bottom: 15px;\">\n<h2 style=\"color: #333; font-size: 18px; margin-top: 0;\">Aspectos Generales<\/h2>\n<p style=\"font-size: 14px; line-height: 1.5;\">Un sistema solar t\u00e9rmico (SST) es un sistema capaz de captar la energ\u00eda del sol y transferirla a un fluido para calentarlo y luego almacenarlo para su posterior consumo.<\/p>\n<p style=\"font-size: 14px; line-height: 1.5;\">La energ\u00eda t\u00e9rmica que se produce a partir de un SST se puede utilizar de diversas maneras, siendo el uso m\u00e1s com\u00fan la generaci\u00f3n de agua caliente sanitaria en forma directa. Sin embargo, la energ\u00eda t\u00e9rmica tambi\u00e9n se puede utilizar en sistemas combinados de agua caliente, calefacci\u00f3n de recintos y calentamiento de piscinas, as\u00ed como sistemas de calefacci\u00f3n distrital de gran escala y aplicaciones industriales, pudiendo disminuir el consumo de combustibles f\u00f3siles y\/o de electricidad.<\/p>\n<p style=\"font-size: 14px; line-height: 1.5;\">En Chile en los \u00faltimos a\u00f1os se ha visto un crecimiento importante del mercado solar t\u00e9rmico, principalmente ligado al sector residencial para consumo de agua caliente sanitaria. A\u00fan se aprecia una baja inserci\u00f3n de estas tecnolog\u00edas para calefacci\u00f3n, as\u00ed como para procesos t\u00e9rmicos de la industria productiva.<\/p>\n<p style=\"font-size: 14px; line-height: 1.5;\">El mayor y \u00faltimo desarrollo se ha dado en la industria minera, observ\u00e1ndose un alto potencial y elevada factibilidad t\u00e9cnico-econ\u00f3mica de los proyectos.<\/p>\n<\/div>\n<div style=\"background-color: #e0f2f1; padding: 10px; margin-bottom: 15px;\">\n<h2 style=\"color: #00796b; font-size: 18px; margin-top: 0;\">Claves de un sistema solar t\u00e9rmico<\/h2>\n<ul style=\"list-style-type: disc; padding-left: 20px; margin: 0;\">\n<li style=\"margin-bottom: 5px;\">Tecnolog\u00eda consolidada, con proyectos en Chile ligados principalmente al sector residencial, y desarrollos en la industria minera.<\/li>\n<li style=\"margin-bottom: 5px;\">Hay m\u00e1s de 90.000 viviendas beneficiadas con SST mediante instrumentos de fomento (a septiembre de 2017).<\/li>\n<li style=\"margin-bottom: 5px;\">Son rentables, con plazos medianos de recuperaci\u00f3n de la inversi\u00f3n.<\/li>\n<\/ul>\n<\/div>\n<div style=\"background-color: #e1f5fe; padding: 10px;\">\n<h2 style=\"color: #0277bd; font-size: 18px; margin-top: 0;\">Aplicaciones<\/h2>\n<ul style=\"list-style-type: disc; padding-left: 20px; margin: 0;\">\n<li style=\"margin-bottom: 5px;\">Autoconsumo de energ\u00eda t\u00e9rmica para agua caliente sanitaria, calefacci\u00f3n de recintos y piscinas, calor para procesos industriales (secado, limpieza, esterilizaci\u00f3n, cocci\u00f3n, etc.), entre otros.<\/li>\n<\/ul>\n<\/div>\n<p><!-- Fin del bloque: Aplicaciones --><\/p>\n","protected":false},"excerpt":{"rendered":"<p>Aspectos Generales Un sistema solar t\u00e9rmico (SST) es un sistema capaz de captar la energ\u00eda del sol y transferirla a un fluido para calentarlo y luego almacenarlo para su posterior consumo. La energ\u00eda t\u00e9rmica que se produce a partir de un SST se puede utilizar de diversas maneras, siendo el uso m\u00e1s com\u00fan la generaci\u00f3n [&hellip;]<\/p>\n","protected":false},"author":3,"featured_media":0,"parent":66,"menu_order":0,"comment_status":"closed","ping_status":"closed","template":"page-sst.php","meta":{"footnotes":""},"class_list":["post-70","page","type-page","status-publish","hentry"],"_links":{"self":[{"href":"https:\/\/autoconsumo.minenergia.cl\/index.php?rest_route=\/wp\/v2\/pages\/70","targetHints":{"allow":["GET"]}}],"collection":[{"href":"https:\/\/autoconsumo.minenergia.cl\/index.php?rest_route=\/wp\/v2\/pages"}],"about":[{"href":"https:\/\/autoconsumo.minenergia.cl\/index.php?rest_route=\/wp\/v2\/types\/page"}],"author":[{"embeddable":true,"href":"https:\/\/autoconsumo.minenergia.cl\/index.php?rest_route=\/wp\/v2\/users\/3"}],"replies":[{"embeddable":true,"href":"https:\/\/autoconsumo.minenergia.cl\/index.php?rest_route=%2Fwp%2Fv2%2Fcomments&post=70"}],"version-history":[{"count":7,"href":"https:\/\/autoconsumo.minenergia.cl\/index.php?rest_route=\/wp\/v2\/pages\/70\/revisions"}],"predecessor-version":[{"id":3188,"href":"https:\/\/autoconsumo.minenergia.cl\/index.php?rest_route=\/wp\/v2\/pages\/70\/revisions\/3188"}],"up":[{"embeddable":true,"href":"https:\/\/autoconsumo.minenergia.cl\/index.php?rest_route=\/wp\/v2\/pages\/66"}],"wp:attachment":[{"href":"https:\/\/autoconsumo.minenergia.cl\/index.php?rest_route=%2Fwp%2Fv2%2Fmedia&parent=70"}],"curies":[{"name":"wp","href":"https:\/\/api.w.org\/{rel}","templated":true}]}}