{"id":700,"date":"2017-08-25T15:38:49","date_gmt":"2017-08-25T15:38:49","guid":{"rendered":"http:\/\/localhost\/autoconsumo\/?page_id=700"},"modified":"2017-12-04T15:25:33","modified_gmt":"2017-12-04T15:25:33","slug":"eficiencia-energetica","status":"publish","type":"page","link":"https:\/\/autoconsumo.minenergia.cl\/?page_id=700","title":{"rendered":"Eficiencia Energ\u00e9tica"},"content":{"rendered":"<h3>\u00bfQu\u00e9 es la Eficiencia Energ\u00e9tica?<\/h3>\n<p>La eficiencia energ\u00e9tica se puede entender de diversas formas: es usar bien la energ\u00eda, es ahorrar energ\u00eda sin perder en calidad de vida o en calidad de producci\u00f3n y tambi\u00e9n es la optimizaci\u00f3n de la relaci\u00f3n entre la cantidad de energ\u00eda consumida y los productos y servicios finales obtenidos.<\/p>\n<h3>Beneficios de la Eficiencia Energ\u00e9tica<\/h3>\n<p>La implementaci\u00f3n de medidas de eficiencia energ\u00e9tica genera diversos beneficios, entre los cuales se destacan:<\/p>\n<p><img loading=\"lazy\" decoding=\"async\" class=\"alignnone size-full wp-image-918\" src=\"https:\/\/autoconsumo.minenergia.cl\/wp-content\/uploads\/2017\/08\/eficiencia-energetica.png\" alt=\"\" width=\"478\" height=\"503\" srcset=\"https:\/\/autoconsumo.minenergia.cl\/wp-content\/uploads\/2017\/08\/eficiencia-energetica.png 478w, https:\/\/autoconsumo.minenergia.cl\/wp-content\/uploads\/2017\/08\/eficiencia-energetica-285x300.png 285w\" sizes=\"auto, (max-width: 478px) 100vw, 478px\" \/><\/p>\n<h3>\u00bfQuieres aprender m\u00e1s de Eficiencia Energ\u00e9tica?<\/h3>\n<p>Visita los siguientes sitios:<\/p>\n<p><strong>Agencia Chilena de Eficiencia Energ\u00e9tica:<\/strong> La Agencia Chilena de Eficiencia Energ\u00e9tica es una fundaci\u00f3n. Nuestra misi\u00f3n es promover, fortalecer y consolidar el uso eficiente de la energ\u00eda articulando a los actores relevantes, a nivel nacional e internacional, e implementando iniciativas p\u00fablico privadas en los distintos sectores de consumo energ\u00e9tico, contribuyendo al desarrollo competitivo y sustentable del pa\u00eds.<\/p>\n<p><a href=\"https:\/\/www.acee.cl\/\" target=\"_blank\" rel=\"noopener noreferrer\"><img loading=\"lazy\" decoding=\"async\" class=\"alignnone size-full wp-image-919\" src=\"https:\/\/autoconsumo.minenergia.cl\/wp-content\/uploads\/2017\/08\/ACHEE-01_small.png\" alt=\"\" width=\"330\" height=\"152\" srcset=\"https:\/\/autoconsumo.minenergia.cl\/wp-content\/uploads\/2017\/08\/ACHEE-01_small.png 330w, https:\/\/autoconsumo.minenergia.cl\/wp-content\/uploads\/2017\/08\/ACHEE-01_small-300x138.png 300w\" sizes=\"auto, (max-width: 330px) 100vw, 330px\" \/><\/a><\/p>\n<p><strong>Gestiona Energ\u00eda<\/strong>: es una iniciativa del Ministerio de\u00a0Energ\u00eda\u00a0que tiene como objetivo hacer un buen uso de las fuentes energ\u00e9ticas en el sector p\u00fablico y privado, contribuyendo de esta forma al desarrollo sustentable del pa\u00eds.<\/p>\n<p><a href=\"http:\/\/www.gestionaenergia.cl\/\" target=\"_blank\" rel=\"noopener noreferrer\"><img loading=\"lazy\" decoding=\"async\" class=\"alignnone size-full wp-image-920\" src=\"https:\/\/autoconsumo.minenergia.cl\/wp-content\/uploads\/2017\/08\/logo.png\" alt=\"\" width=\"306\" height=\"118\" srcset=\"https:\/\/autoconsumo.minenergia.cl\/wp-content\/uploads\/2017\/08\/logo.png 306w, https:\/\/autoconsumo.minenergia.cl\/wp-content\/uploads\/2017\/08\/logo-300x116.png 300w\" sizes=\"auto, (max-width: 306px) 100vw, 306px\" \/><\/a><\/p>\n","protected":false},"excerpt":{"rendered":"<p>\u00bfQu\u00e9 es la Eficiencia Energ\u00e9tica? La eficiencia energ\u00e9tica se puede entender de diversas formas: es usar bien la energ\u00eda, es ahorrar energ\u00eda sin perder en calidad de vida o en calidad de producci\u00f3n y tambi\u00e9n es la optimizaci\u00f3n de la relaci\u00f3n entre la cantidad de energ\u00eda consumida y los productos y servicios finales obtenidos. Beneficios [&hellip;]<\/p>\n","protected":false},"author":3,"featured_media":0,"parent":0,"menu_order":0,"comment_status":"closed","ping_status":"closed","template":"","meta":{"footnotes":""},"class_list":["post-700","page","type-page","status-publish","hentry"],"_links":{"self":[{"href":"https:\/\/autoconsumo.minenergia.cl\/index.php?rest_route=\/wp\/v2\/pages\/700","targetHints":{"allow":["GET"]}}],"collection":[{"href":"https:\/\/autoconsumo.minenergia.cl\/index.php?rest_route=\/wp\/v2\/pages"}],"about":[{"href":"https:\/\/autoconsumo.minenergia.cl\/index.php?rest_route=\/wp\/v2\/types\/page"}],"author":[{"embeddable":true,"href":"https:\/\/autoconsumo.minenergia.cl\/index.php?rest_route=\/wp\/v2\/users\/3"}],"replies":[{"embeddable":true,"href":"https:\/\/autoconsumo.minenergia.cl\/index.php?rest_route=%2Fwp%2Fv2%2Fcomments&post=700"}],"version-history":[{"count":4,"href":"https:\/\/autoconsumo.minenergia.cl\/index.php?rest_route=\/wp\/v2\/pages\/700\/revisions"}],"predecessor-version":[{"id":1289,"href":"https:\/\/autoconsumo.minenergia.cl\/index.php?rest_route=\/wp\/v2\/pages\/700\/revisions\/1289"}],"wp:attachment":[{"href":"https:\/\/autoconsumo.minenergia.cl\/index.php?rest_route=%2Fwp%2Fv2%2Fmedia&parent=700"}],"curies":[{"name":"wp","href":"https:\/\/api.w.org\/{rel}","templated":true}]}}