{"id":758,"date":"2017-09-05T13:09:16","date_gmt":"2017-09-05T13:09:16","guid":{"rendered":"http:\/\/localhost\/autoconsumo\/?page_id=758"},"modified":"2017-12-04T15:35:26","modified_gmt":"2017-12-04T15:35:26","slug":"programa-de-energizacion-rural-y-social","status":"publish","type":"page","link":"https:\/\/autoconsumo.minenergia.cl\/?page_id=758","title":{"rendered":"Programa de Energizaci\u00f3n Rural y Social"},"content":{"rendered":"<p><img loading=\"lazy\" decoding=\"async\" class=\"alignnone wp-image-761\" src=\"https:\/\/autoconsumo.minenergia.cl\/wp-content\/uploads\/2017\/09\/portada_p.png\" alt=\"\" width=\"769\" height=\"211\" srcset=\"https:\/\/autoconsumo.minenergia.cl\/wp-content\/uploads\/2017\/09\/portada_p.png 1280w, https:\/\/autoconsumo.minenergia.cl\/wp-content\/uploads\/2017\/09\/portada_p-300x82.png 300w, https:\/\/autoconsumo.minenergia.cl\/wp-content\/uploads\/2017\/09\/portada_p-768x211.png 768w, https:\/\/autoconsumo.minenergia.cl\/wp-content\/uploads\/2017\/09\/portada_p-1024x281.png 1024w, https:\/\/autoconsumo.minenergia.cl\/wp-content\/uploads\/2017\/09\/portada_p-660x181.png 660w\" sizes=\"auto, (max-width: 769px) 100vw, 769px\" \/><\/p>\n<p><span style=\"font-family: arial, helvetica, sans-serif;\">El Programa de Energizaci\u00f3n Rural y Social (PERyS) es un programa del Ministerio de Energ\u00eda que busca contribuir al\u00a0acceso y mejoramiento del suministro el\u00e9ctrico rural de manera equitativa, eficiente y sostenible, apoyando el proceso de descentralizaci\u00f3n en la toma de decisiones y en la formulaci\u00f3n de proyectos vinculados a la energizaci\u00f3n rural, capacitando a las unidades t\u00e9cnicas locales y transfiriendo las experiencias exitosas en el pa\u00eds. Asimismo, busca fomentar y difundir\u00a0soluciones con energ\u00edas renovables, generar condiciones para la investigaci\u00f3n, desarrollo e innovaci\u00f3n, y desarrollar el marco legislativo, normativo y de fomento para el acceso y mejoramiento del suministro energ\u00e9tico rural y social.<\/span><\/p>\n<p><span style=\"font-family: arial, helvetica, sans-serif;\">El PERyS, iniciado el a\u00f1o 2008, es un programa coordinado con otros organismos del Estado, como los Gobiernos Regionales, Municipios, Ministerios y Servicios Nacionales. Su accionar se divide en\u00a0tres metas\u00a0o l\u00edneas de acci\u00f3n:<\/span><\/p>\n<p><span style=\"font-family: arial, helvetica, sans-serif;\">\u00b7\u00a0\u00a0\u00a0\u00a0\u00a0\u00a0\u00a0\u00a0 Electrificaci\u00f3n de Escuelas y Postas Rurales<\/span><\/p>\n<p><span style=\"font-family: arial, helvetica, sans-serif;\">\u00b7\u00a0\u00a0\u00a0\u00a0\u00a0\u00a0\u00a0\u00a0 Proyectos Demostrativos de Aplicaci\u00f3n de Energ\u00edas Renovables<\/span><\/p>\n<p><span style=\"font-family: arial, helvetica, sans-serif;\">\u00b7\u00a0\u00a0\u00a0\u00a0\u00a0\u00a0\u00a0\u00a0 Transferencia Tecnol\u00f3gica y Formaci\u00f3n de Capital Humano para Desarrollo de Soluciones con Energ\u00edas Renovables a Peque\u00f1a Escala<\/span><\/p>\n<p><span style=\"font-family: arial, helvetica, sans-serif;\">Para m\u00e1s informaci\u00f3n visite:<\/span><\/p>\n<p><span style=\"font-family: arial, helvetica, sans-serif;\"><a href=\"http:\/\/www.energia.gob.cl\/programa-de-energizacion-rural-y-social-perys\" target=\"_blank\" rel=\"noopener noreferrer\">Secci\u00f3n del PERyS en la web del Ministerio de Energ\u00eda<\/a><\/span><\/p>\n<p><span style=\"font-family: arial, helvetica, sans-serif;\"><a href=\"http:\/\/proyectosdaee.minenergia.cl\/index.php\" target=\"_blank\" rel=\"noopener noreferrer\">Mini-sitio web con las fichas de proyectos y estudios del PERyS<\/a><\/span><\/p>\n","protected":false},"excerpt":{"rendered":"<p>El Programa de Energizaci\u00f3n Rural y Social (PERyS) es un programa del Ministerio de Energ\u00eda que busca contribuir al\u00a0acceso y mejoramiento del suministro el\u00e9ctrico rural de manera equitativa, eficiente y sostenible, apoyando el proceso de descentralizaci\u00f3n en la toma de decisiones y en la formulaci\u00f3n de proyectos vinculados a la energizaci\u00f3n rural, capacitando a las [&hellip;]<\/p>\n","protected":false},"author":3,"featured_media":0,"parent":625,"menu_order":0,"comment_status":"closed","ping_status":"closed","template":"","meta":{"footnotes":""},"class_list":["post-758","page","type-page","status-publish","hentry"],"_links":{"self":[{"href":"https:\/\/autoconsumo.minenergia.cl\/index.php?rest_route=\/wp\/v2\/pages\/758","targetHints":{"allow":["GET"]}}],"collection":[{"href":"https:\/\/autoconsumo.minenergia.cl\/index.php?rest_route=\/wp\/v2\/pages"}],"about":[{"href":"https:\/\/autoconsumo.minenergia.cl\/index.php?rest_route=\/wp\/v2\/types\/page"}],"author":[{"embeddable":true,"href":"https:\/\/autoconsumo.minenergia.cl\/index.php?rest_route=\/wp\/v2\/users\/3"}],"replies":[{"embeddable":true,"href":"https:\/\/autoconsumo.minenergia.cl\/index.php?rest_route=%2Fwp%2Fv2%2Fcomments&post=758"}],"version-history":[{"count":4,"href":"https:\/\/autoconsumo.minenergia.cl\/index.php?rest_route=\/wp\/v2\/pages\/758\/revisions"}],"predecessor-version":[{"id":1294,"href":"https:\/\/autoconsumo.minenergia.cl\/index.php?rest_route=\/wp\/v2\/pages\/758\/revisions\/1294"}],"up":[{"embeddable":true,"href":"https:\/\/autoconsumo.minenergia.cl\/index.php?rest_route=\/wp\/v2\/pages\/625"}],"wp:attachment":[{"href":"https:\/\/autoconsumo.minenergia.cl\/index.php?rest_route=%2Fwp%2Fv2%2Fmedia&parent=758"}],"curies":[{"name":"wp","href":"https:\/\/api.w.org\/{rel}","templated":true}]}}