{"id":780,"date":"2017-09-06T15:26:08","date_gmt":"2017-09-06T15:26:08","guid":{"rendered":"http:\/\/localhost\/autoconsumo\/?page_id=780"},"modified":"2024-12-11T20:08:25","modified_gmt":"2024-12-11T20:08:25","slug":"estrategia-de-autoconsumo-2","status":"publish","type":"page","link":"https:\/\/autoconsumo.minenergia.cl\/?page_id=780","title":{"rendered":"Estrategia de Autoconsumo"},"content":{"rendered":"<p><img loading=\"lazy\" decoding=\"async\" class=\"wp-image-781 aligncenter\" src=\"https:\/\/autoconsumo.minenergia.cl\/wp-content\/uploads\/2017\/09\/imagen01.png\" alt=\"\" width=\"465\" height=\"456\" srcset=\"https:\/\/autoconsumo.minenergia.cl\/wp-content\/uploads\/2017\/09\/imagen01.png 662w, https:\/\/autoconsumo.minenergia.cl\/wp-content\/uploads\/2017\/09\/imagen01-300x294.png 300w, https:\/\/autoconsumo.minenergia.cl\/wp-content\/uploads\/2017\/09\/imagen01-660x647.png 660w\" sizes=\"auto, (max-width: 465px) 100vw, 465px\" \/><\/p>\n<p>El <strong>Ministerio de Energ\u00eda<\/strong> ha implementando una estrategia dirigida a reducir las barreras regulatorias, de gesti\u00f3n y conocimiento que presenta el mercado del autoconsumo, con el objeto de desplegar todos sus beneficios entre los potenciales usuarios. El desaf\u00edo es crear las condiciones para un desarrollo eficiente y sano del mercado de autoconsumo, sin distorsiones que puedan tener impactos no deseados. La estrategia tiene cuatro ejes principales:<\/p>\n<h3>Regulaci\u00f3n<\/h3>\n<p>En el \u00e1mbito regulatorio, se public\u00f3 en octubre de 2014 el <a href=\"http:\/\/www.sec.cl\/pls\/portal\/docs\/PAGE\/SECNORMATIVA\/ELECTRICIDAD_NET_METERING\/D_71_DO.PDF\">Reglamento de la Ley 20.571<\/a>, que permite a los clientes regulados inyectar y remunerar los excedentes de electricidad generados con energ\u00edas renovables a la red de distribuci\u00f3n. Adem\u00e1s se han publicado las normas t\u00e9cnicas e instructivos de la SEC, y m\u00e1s de 6 procedimientos regulatorios.<\/p>\n<p>Dado el seguimiento y evaluaci\u00f3n peri\u00f3dica al desempe\u00f1o del marco regulatorio que ha realizado la SEC y el Ministerio de Energ\u00eda en sus primeros a\u00f1os de implementaci\u00f3n, en enero de 2017 se public\u00f3 una actualizaci\u00f3n del Reglamento, focalizada principalmente en la simplificaci\u00f3n de la tramitaci\u00f3n y tramitaci\u00f3n conjunta de proyectos inmobiliarios.<\/p>\n<h3>Fiscalizaci\u00f3n<\/h3>\n<p>En cuanto a fiscalizaci\u00f3n, en noviembre de 2014 se implement\u00f3 una unidad especializada en generaci\u00f3n distribuida en la SEC, financiada por el Ministerio de Energ\u00eda. El equipo de la SEC fiscaliz\u00f3 la totalidad de los edificios acogidos a la Ley 20.571 al a\u00f1o 2016, de manera de mejorar los est\u00e1ndares de instalaci\u00f3n, regularizar las instalaciones, as\u00ed como capacitar a los instaladores el\u00e9ctricos en la pr\u00e1ctica. Actualmente se ha sistematizado el trabajo, permitiendo la tramitaci\u00f3n de todo el proceso y documentaci\u00f3n, a trav\u00e9s de una plataforma on-line.<\/p>\n<p>En una tarea conjunta, el Ministerio de Energ\u00eda y la SEC han realizado numerosos talleres de capacitaci\u00f3n entre Arica y Concepci\u00f3n orientados a instaladores el\u00e9ctricos, con el objeto de instruir sobre el marco regulatorio y aspectos t\u00e9cnicos de las instalaciones, donde se muestran, por ejemplo, los errores que ya se est\u00e1n detectando.<\/p>\n<h3>Fomento a la Oferta<\/h3>\n<p>Para el fomento a la oferta, el Ministerio de Energ\u00eda dise\u00f1\u00f3 y opera el <a href=\"http:\/\/www.minenergia.cl\/techossolares\/\">Programa de Techos Solares P\u00fablicos<\/a>, que tuvo como objetivo contribuir a la maduraci\u00f3n del mercado a trav\u00e9s de la adquisici\u00f3n e instalaci\u00f3n de sistemas fotovoltaicos en edificios p\u00fablicos. Su implementaci\u00f3n permiti\u00f3 identificar proveedores, reducir los costos de los sistemas y apoyar el dise\u00f1o regulatorio.<\/p>\n<h3>Fomento a la Demanda<\/h3>\n<p>El fomento a la demanda viene dado por el desarrollo de dos l\u00edneas de acci\u00f3n:<\/p>\n<h4><span style=\"font-size: 12pt;\"><strong>Reducci\u00f3n de asimetr\u00edas de informaci\u00f3n<\/strong><\/span><\/h4>\n<p>Este esfuerzo se ha focalizado en difundir y poner a disposici\u00f3n de los potenciales clientes la mejor y mayor informaci\u00f3n posible. Entre esta informaci\u00f3n, se cuenta con toda la experiencia del Programa de Techos solares P\u00fablicos, con sus publicaciones y resultados obtenidos sobre exigencias t\u00e9cnicas, proveedores y precios, adem\u00e1s de la adaptaci\u00f3n del\u00a0<a href=\"http:\/\/www.minenergia.cl\/exploradorsolar\/\">Explorador Solar<\/a>\u00a0para el c\u00e1lculo de sistemas fotovoltaicos para autoconsumo. De la misma forma, se han realizado talleres de difusi\u00f3n para industrias de diversos sectores econ\u00f3micos como el agroindustrial, retail, panader\u00edas, qu\u00edmica, metalmec\u00e1nico, recauchaje, envases y embalajes, imprentas, inmobiliario y hoteler\u00eda, entre otros. Adem\u00e1s se han desarrollado perfiles de proyectos solares fotovoltaicos, que permitir\u00e1n tomar decisiones m\u00e1s informadas a la hora de adquirir estos sistemas.<\/p>\n<h4><span style=\"font-size: 12pt;\"><strong>Desarrollo de instrumentos de financiamiento<\/strong><\/span><\/h4>\n<p>El Ministerio de Energ\u00eda trabaj\u00f3 junto a CORFO en la elaboraci\u00f3n de un cr\u00e9dito para proyectos de autoconsumo con ERNC en el marco del \u201cContrato de Pr\u00e9stamo y de Ejecuci\u00f3n del Programa Energ\u00edas Renovables y Eficiencia Energ\u00e9tica: L\u00ednea de Refinanciamiento Fase 1\u201d celebrado por el Estado de Chile y la KfW. Inicialmente el pr\u00e9stamo del gobierno Alem\u00e1n estaba dirigido para el refinanciamiento de cr\u00e9ditos a proyectos de generaci\u00f3n ERNC de gran escala, lo cual fue ampliado para incluir proyectos de autoconsumo. El Cr\u00e9dito CORFO ERNC est\u00e1 disponible para la banca desde abril de 2016.<\/p>\n<p>De la misma manera, se propuso un trabajo conjunto a Banco Estado con el objetivo de disponer de un instrumento financiero acorde para proyectos de autoconsumo. Esta labor ha visto sus frutos con la concreci\u00f3n de los primeros cr\u00e9ditos para proyectos de autoconsumo de energ\u00edas renovables y eficiencia energ\u00e9tica por parte de\u00a0<a href=\"https:\/\/autoconsumo.minenergia.cl\/?page_id=220\" target=\"_blank\" rel=\"noopener noreferrer\">Banco Estado para micro y peque\u00f1a empresa<\/a>.<\/p>\n<p>Paralelamente se ha estado trabajando para estimular la\u00a0adopci\u00f3n del modelo <a href=\"https:\/\/autoconsumo.minenergia.cl\/?page_id=222\">ESCO<\/a> como opci\u00f3n de financiamiento para proyectos fotovoltaicos, tanto en el sector p\u00fablico como privado y se implement\u00f3 el\u00a0<a href=\"https:\/\/autoconsumo.minenergia.cl\/?page_id=226\">Buscador de Financiamiento<\/a>, una herramienta que permite identificar los cofinanciamientos disponibles por parte de los servicios p\u00fablicos, que pueden ser utilizados en proyectos de autoconsumo con energ\u00edas renovables.<\/p>\n","protected":false},"excerpt":{"rendered":"<p>El Ministerio de Energ\u00eda ha implementando una estrategia dirigida a reducir las barreras regulatorias, de gesti\u00f3n y conocimiento que presenta el mercado del autoconsumo, con el objeto de desplegar todos sus beneficios entre los potenciales usuarios. El desaf\u00edo es crear las condiciones para un desarrollo eficiente y sano del mercado de autoconsumo, sin distorsiones que [&hellip;]<\/p>\n","protected":false},"author":3,"featured_media":0,"parent":0,"menu_order":0,"comment_status":"closed","ping_status":"closed","template":"","meta":{"footnotes":""},"class_list":["post-780","page","type-page","status-publish","hentry"],"_links":{"self":[{"href":"https:\/\/autoconsumo.minenergia.cl\/index.php?rest_route=\/wp\/v2\/pages\/780","targetHints":{"allow":["GET"]}}],"collection":[{"href":"https:\/\/autoconsumo.minenergia.cl\/index.php?rest_route=\/wp\/v2\/pages"}],"about":[{"href":"https:\/\/autoconsumo.minenergia.cl\/index.php?rest_route=\/wp\/v2\/types\/page"}],"author":[{"embeddable":true,"href":"https:\/\/autoconsumo.minenergia.cl\/index.php?rest_route=\/wp\/v2\/users\/3"}],"replies":[{"embeddable":true,"href":"https:\/\/autoconsumo.minenergia.cl\/index.php?rest_route=%2Fwp%2Fv2%2Fcomments&post=780"}],"version-history":[{"count":14,"href":"https:\/\/autoconsumo.minenergia.cl\/index.php?rest_route=\/wp\/v2\/pages\/780\/revisions"}],"predecessor-version":[{"id":3639,"href":"https:\/\/autoconsumo.minenergia.cl\/index.php?rest_route=\/wp\/v2\/pages\/780\/revisions\/3639"}],"wp:attachment":[{"href":"https:\/\/autoconsumo.minenergia.cl\/index.php?rest_route=%2Fwp%2Fv2%2Fmedia&parent=780"}],"curies":[{"name":"wp","href":"https:\/\/api.w.org\/{rel}","templated":true}]}}