{"id":793,"date":"2017-09-14T18:59:44","date_gmt":"2017-09-14T18:59:44","guid":{"rendered":"http:\/\/localhost\/autoconsumo\/?page_id=793"},"modified":"2018-07-24T21:23:23","modified_gmt":"2018-07-24T21:23:23","slug":"autoconsumo-sin-inyeccion-a-la-red","status":"publish","type":"page","link":"https:\/\/autoconsumo.minenergia.cl\/?page_id=793","title":{"rendered":"Sin inyecci\u00f3n a la red"},"content":{"rendered":"<p><iframe loading=\"lazy\" title=\"Energ\u00edas Renovables para Autoconsumo | Sin Inyecci\u00f3n a la Red\" width=\"500\" height=\"281\" src=\"https:\/\/www.youtube.com\/embed\/JpDPdOAVVrQ?feature=oembed\" frameborder=\"0\" allow=\"accelerometer; autoplay; clipboard-write; encrypted-media; gyroscope; picture-in-picture; web-share\" referrerpolicy=\"strict-origin-when-cross-origin\" allowfullscreen><\/iframe><\/p>\n<p>Los sistemas de energ\u00edas renovables sin inyecci\u00f3n, tanto conectados a la red como aislados, deben acogerse a lo que indica la Norma El\u00e9ctrica N\u00b04 del 2003. Deben ser declarados ante la SEC por un instalador el\u00e9ctrico autorizado mediante el llamado \u201cTramite el\u00e9ctrico N\u00b01 o TE1\u201d.<\/p>\n<p><strong>Los sistemas sin inyecci\u00f3n conectados a la red<\/strong>, son aquellos que se encuentran conectados a un empalme que recibe suministro el\u00e9ctrico desde la red, pero que no inyectan energ\u00eda a la misma. Para lograr esto, la norma exige que se instale un <strong>rel\u00e9 de potencia inversa<\/strong>, que corresponde a un dispositivo que es capaz de detectar el flujo de potencia el\u00e9ctrica desde el generador hacia la red y desconectarlo de la red cuando esto suceda. Este dispositivo permite asegurar que el sistema nunca inyectar\u00e1 energ\u00eda a la red.<\/p>\n<p>Este tipo de proyectos tiene sentido\u00a0cuando la demanda el\u00e9ctrica de un inmueble es muy superior a la capacidad de generaci\u00f3n del sistema de energ\u00eda renovable, por lo que la energ\u00eda que se espera que \u00e9ste inyecte\u00a0 a la red sea muy m\u00ednima. El dimensionamiento del tama\u00f1o del sistema depender\u00e1 de la demanda\u00a0 de energ\u00eda, el recurso energ\u00e9tico disponible, entre otros. Adem\u00e1s, este tipo de proyectos no tiene la restricci\u00f3n de capacidad instalada de\u00a0 hasta 100 kW a la que est\u00e1n sujetos los sistemas acogidos a la ley 20.571 (Net-Billing).<\/p>\n<p><strong>Los sistemas sin inyecci\u00f3n aislados<\/strong>, al no estar conectados a la red, no requieren del rel\u00e9 de potencia inversa. Este tipo de proyecto es atractivo en zonas donde no existe suministro el\u00e9ctrico y se requiere elaborar una soluci\u00f3n de generaci\u00f3n distribuida. Este tipo de proyectos, al igual que cualquier instalaci\u00f3n el\u00e9ctrica en Chile, debe ser declarado ante la Superintendencia de Electricidad y Combustibles.<\/p>\n<p>Toda esta normativa est\u00e1 siendo actualmente revisada por la Superintendencia, por lo que se debe estar atento a los cambios que puedan surgir. Esta informaci\u00f3n fue elaborada con la regulaci\u00f3n vigente a septiembre del 2017.<\/p>\n<p><img loading=\"lazy\" decoding=\"async\" class=\"alignnone size-medium wp-image-1783\" src=\"https:\/\/autoconsumo.minenergia.cl\/wp-content\/uploads\/2017\/09\/PA_011-1-300x164.jpg\" alt=\"\" width=\"300\" height=\"164\" srcset=\"https:\/\/autoconsumo.minenergia.cl\/wp-content\/uploads\/2017\/09\/PA_011-1-300x164.jpg 300w, https:\/\/autoconsumo.minenergia.cl\/wp-content\/uploads\/2017\/09\/PA_011-1-768x419.jpg 768w, https:\/\/autoconsumo.minenergia.cl\/wp-content\/uploads\/2017\/09\/PA_011-1-1024x558.jpg 1024w, https:\/\/autoconsumo.minenergia.cl\/wp-content\/uploads\/2017\/09\/PA_011-1-660x360.jpg 660w, https:\/\/autoconsumo.minenergia.cl\/wp-content\/uploads\/2017\/09\/PA_011-1.jpg 1313w\" sizes=\"auto, (max-width: 300px) 100vw, 300px\" \/><br \/>\nImagen: Sistema solar fotovoltaico para riego, Comunidad Ind\u00edgena Alto Azapa<\/p>\n<p><img loading=\"lazy\" decoding=\"async\" class=\"alignnone size-medium wp-image-1784\" src=\"https:\/\/autoconsumo.minenergia.cl\/wp-content\/uploads\/2017\/09\/PA_027_01-300x196.jpg\" alt=\"\" width=\"300\" height=\"196\" srcset=\"https:\/\/autoconsumo.minenergia.cl\/wp-content\/uploads\/2017\/09\/PA_027_01-300x196.jpg 300w, https:\/\/autoconsumo.minenergia.cl\/wp-content\/uploads\/2017\/09\/PA_027_01-768x502.jpg 768w, https:\/\/autoconsumo.minenergia.cl\/wp-content\/uploads\/2017\/09\/PA_027_01-1024x670.jpg 1024w, https:\/\/autoconsumo.minenergia.cl\/wp-content\/uploads\/2017\/09\/PA_027_01-320x210.jpg 320w, https:\/\/autoconsumo.minenergia.cl\/wp-content\/uploads\/2017\/09\/PA_027_01-660x432.jpg 660w, https:\/\/autoconsumo.minenergia.cl\/wp-content\/uploads\/2017\/09\/PA_027_01.jpg 1411w\" sizes=\"auto, (max-width: 300px) 100vw, 300px\" \/><br \/>\nImagen:\u00a0Microcentral hidroel\u00e9ctrica Menentu\u00e9<\/p>\n<h4><span style=\"color: #000000;\">Ingresar a la\u00a0Declaraci\u00f3n de Instalaci\u00f3n El\u00e9ctrica Interior<\/span>\u00a0<a href=\"http:\/\/www.sec.cl\/portal\/page?_pageid=33,3473615&amp;_dad=portal&amp;_schema=PORTAL\">aqu\u00ed<\/a><\/h4>\n","protected":false},"excerpt":{"rendered":"<p>Los sistemas de energ\u00edas renovables sin inyecci\u00f3n, tanto conectados a la red como aislados, deben acogerse a lo que indica la Norma El\u00e9ctrica N\u00b04 del 2003. Deben ser declarados ante la SEC por un instalador el\u00e9ctrico autorizado mediante el llamado \u201cTramite el\u00e9ctrico N\u00b01 o TE1\u201d. Los sistemas sin inyecci\u00f3n conectados a la red, son aquellos [&hellip;]<\/p>\n","protected":false},"author":3,"featured_media":0,"parent":0,"menu_order":0,"comment_status":"closed","ping_status":"closed","template":"","meta":{"footnotes":""},"class_list":["post-793","page","type-page","status-publish","hentry"],"_links":{"self":[{"href":"https:\/\/autoconsumo.minenergia.cl\/index.php?rest_route=\/wp\/v2\/pages\/793","targetHints":{"allow":["GET"]}}],"collection":[{"href":"https:\/\/autoconsumo.minenergia.cl\/index.php?rest_route=\/wp\/v2\/pages"}],"about":[{"href":"https:\/\/autoconsumo.minenergia.cl\/index.php?rest_route=\/wp\/v2\/types\/page"}],"author":[{"embeddable":true,"href":"https:\/\/autoconsumo.minenergia.cl\/index.php?rest_route=\/wp\/v2\/users\/3"}],"replies":[{"embeddable":true,"href":"https:\/\/autoconsumo.minenergia.cl\/index.php?rest_route=%2Fwp%2Fv2%2Fcomments&post=793"}],"version-history":[{"count":13,"href":"https:\/\/autoconsumo.minenergia.cl\/index.php?rest_route=\/wp\/v2\/pages\/793\/revisions"}],"predecessor-version":[{"id":2480,"href":"https:\/\/autoconsumo.minenergia.cl\/index.php?rest_route=\/wp\/v2\/pages\/793\/revisions\/2480"}],"wp:attachment":[{"href":"https:\/\/autoconsumo.minenergia.cl\/index.php?rest_route=%2Fwp%2Fv2%2Fmedia&parent=793"}],"curies":[{"name":"wp","href":"https:\/\/api.w.org\/{rel}","templated":true}]}}